{"id":1030,"date":"2018-12-20T09:11:59","date_gmt":"2018-12-20T15:11:59","guid":{"rendered":"https:\/\/wpsheeteditor.com\/es\/?page_id=1030"},"modified":"2021-04-17T12:53:43","modified_gmt":"2021-04-17T18:53:43","slug":"edd-downloads-spreadsheet","status":"publish","type":"page","link":"https:\/\/wpsheeteditor.com\/es\/changelog\/edd-downloads-spreadsheet\/","title":{"rendered":"Changelog &#8211; Editor Masivo EDD"},"content":{"rendered":"<pre><span>= V 1.0.38 - 2021-03-12 =<\/span><span><\/span><span>\r\n* Actualizado a CORE v2.24.2<\/span><span><\/span>\r\n<span><\/span>\r\n<span><\/span><span>\r\n= V 1.0.37 - 2021-02-24 =<\/span><span><\/span><span>\r\n* Actualizado a CORE v2.24.1<\/span><span><\/span>\r\n<span><\/span>\r\n<span><\/span><span>\r\n= V 1.0.36 - 2021-02-10 =<\/span><span><\/span><span>\r\n* Actualizado a CORE v2.24.0<\/span><span><\/span>\r\n<span><\/span>\r\n<span><\/span><span>\r\n= V 1.0.35 - 2020-12-19 =<\/span><span><\/span><span>\r\n* Actualizado a CORE v2.23.0<\/span><span><\/span>\r\n<span><\/span>\r\n<span><\/span><span>\r\n= V 1.0.34 - 2020-11-21 =<\/span><span><\/span><span>\r\n* Actualizado a CORE v2.22.0<\/span><span><\/span>\r\n<span><\/span>\r\n<span><\/span><span>\r\n= V 1.0.33 - 2020-10-22 =<\/span><span><\/span><span>\r\n* Actualizado a CORE v2.21.3<\/span><span><\/span>\r\n<span><\/span>\r\n<span><\/span><span>\r\n= V 1.0.32 - 2020-10-11 =<\/span><span><\/span><span>\r\n* Actualizado a CORE v2.21.2<\/span><span><\/span>\r\n<span><\/span>\r\n<span><\/span><span>\r\n= V 1.0.31 - 2020-10-07 =<\/span><span><\/span><span>\r\n* Actualizado a CORE v2.21.1<\/span><span><\/span>\r\n<span><\/span>\r\n<span><\/span><span>\r\n= V 1.0.30 - 2020-10-07 =<\/span><span><\/span><span>\r\n* Actualizado a CORE v2.21.0<\/span><span><\/span>\r\n<span><\/span>\r\n<span><\/span><span>\r\n= V 1.0.29 - 2020-09-08 =<\/span><span><\/span><span>\r\n* Actualizado a CORE v2.20.3<\/span><span><\/span>\r\n<span><\/span>\r\n<span><\/span><span>\r\n= V 1.0.28 - 2020-07-22 =<\/span><span><\/span><span>\r\n* Actualizado a CORE v2.20.2<\/span><span><\/span>\r\n<span><\/span>\r\n<span><\/span><span>\r\n= V 1.0.27 - 2020-06-26 =<\/span><span><\/span><span>\r\n* Actualizado a CORE v2.20.1<\/span><span><\/span>\r\n<span><\/span>\r\n<span><\/span><span>\r\n= V 1.0.26 - 2020-05-20 =<\/span><span><\/span><span>\r\n* Actualizado a CORE v2.20.0<\/span><span><\/span>\r\n<span><\/span>\r\n<span><\/span><span>\r\n= V 1.0.25 - 2020-04-20 =<\/span><span><\/span><span>\r\n* Actualizado a CORE v2.19.0<\/span><span><\/span>\r\n<span><\/span>\r\n<span><\/span><span>\r\n= V 1.0.24 - 2020-03-17 =<\/span><span><\/span><span>\r\n* Actualizado a CORE v2.18.1<\/span><span><\/span>\r\n<span><\/span>\r\n<span><\/span><span>\r\n= V 1.0.23 - 2020-03-16 =<\/span><span><\/span><span>\r\n* Actualizado a CORE v2.18.0<\/span><span><\/span>\r\n<span><\/span>\r\n<span><\/span><span>\r\n= V 1.0.22 - 2020-02-19 =<\/span><span><\/span><span>\r\n* Actualizado a CORE v2.17.0<\/span><span><\/span>\r\n<span><\/span>\r\n<span><\/span><span>\r\n= V 1.0.21 - 2020-01-13 =<\/span><span><\/span><span>\r\n* Actualizado a CORE v2.16.0<\/span><span><\/span>\r\n<span><\/span>\r\n<span><\/span><span>\r\n= V 1.0.20 - 2019-11-24 =<\/span><span><\/span><span>\r\n* Actualizado a CORE v2.15.4<\/span><span><\/span>\r\n<span><\/span>\r\n<span><\/span><span>\r\n= V 1.0.19 - 2019-11-18 =<\/span><span><\/span><span>\r\n* Actualizado a CORE v2.15.3<\/span><span><\/span>\r\n<span><\/span>\r\n<span><\/span><span>\r\n= V 1.0.17.1 - 2019-10-18 =<\/span><span><\/span><span>\r\n* CAMBIO - EDD - Se agreg\u00f3 soporte para la extensi\u00f3n de marca de agua: https:\/\/codecanyon.net\/item\/easy-digital-downloads-download-image-watermark\/16064112<\/span><span><\/span>\r\n<span><\/span><span>\r\n= V 1.0.16 - 2019-10-01 =<\/span><span><\/span><span>\r\n* Actualizado a CORE v2.15.0<\/span><span><\/span>\r\n<span><\/span>\r\n<span><\/span><span>\r\n------ V 1.0.15 - 2019-09-06 ------<\/span><span><\/span><span>\r\nActualizado a CORE v2.14.0<\/span><span><\/span>\r\n<span><\/span><span>\r\n------ V 1.0.14 - 2019-08-11 ------<\/span><span><\/span><span>\r\nActualizado a CORE v2.13.1<\/span><span><\/span>\r\n<span><\/span><span>\r\n------ V 1.0.13 - 2019-08-08 ------<\/span><span><\/span><span>\r\nActualizado a CORE v2.13.0<\/span><span><\/span>\r\n<span><\/span><span>\r\n------ V 1.0.12 - 2019-07-02 ------<\/span><span><\/span><span>\r\nActualizado a CORE v2.12.0<\/span><span><\/span>\r\n<span><\/span><span>\r\n------ V 1.0.11 - 2019-05-28 ------<\/span><span><\/span><span>\r\nActualizado a CORE v2.11.3<\/span><span><\/span>\r\n<span><\/span><span>\r\n------ V 1.0.10 - 2019-05-27 ------<\/span><span><\/span><span>\r\nActualizado a CORE v2.11.2<\/span><span><\/span>\r\n<span><\/span><span>\r\n------ V 1.0.9 - 2019-04-23 ------<\/span><span><\/span><span>\r\nActualizado a CORE v2.11.1<\/span><span><\/span>\r\n<span><\/span><span>\r\n------ V 1.0.8 - 2019-04-17 ------<\/span><span><\/span><span>\r\nActualizado a CORE v2.11.0<\/span><span><\/span><span>\r\nCORRECCI\u00d3N - EDD: muestra los archivos en orden normal en la hoja, independientemente del \u00edndice utilizado por EDD (EDD usa \u00edndices incorrectos algunas veces)<\/span><span><\/span><span>\r\nCORRECCI\u00d3N - EDD - vemos columnas para el \u00edndice de archivo 0, deber\u00eda comenzar con el \u00edndice 1<\/span><span><\/span><span>\r\nCORRECCI\u00d3N - EDD Premium - La p\u00e1gina de configuraci\u00f3n de la hoja de c\u00e1lculo tiene el tipo de publicaci\u00f3n EDD deshabilitado y solicita una actualizaci\u00f3n<\/span><span><\/span>\r\n<span><\/span><span>\r\n------ V 1.0.7 - 2019-03-01 ------<\/span><span><\/span><span>\r\nActualizado a CORE v2.10.0<\/span><span><\/span><span>\r\nActualizado a freemius v2.2.4.<\/span><span><\/span>\r\n<span><\/span><span>\r\n------ V 1.0.6 - 2019-02-13 ------<\/span><span><\/span><span>\r\nActualizado a CORE v2.9.2<\/span><span><\/span>\r\n<span><\/span><span>\r\n------ V 1.0.5 - 2019-02-05 ------<\/span><span><\/span><span>\r\nActualizado a CORE v2.9.0.<\/span><span><\/span><span>\r\nCORRECCI\u00d3N - EDD - No guard\u00f3 la condici\u00f3n predeterminada al guardar archivos<\/span><span><\/span>\r\n<span><\/span><span>\r\n------ V 1.0.4 - 2019-01-21 ------<\/span><span><\/span><span>\r\nActualizado a CORE v2.8.2<\/span><span><\/span>\r\n<span><\/span><span>\r\n------ V 1.0.3 - 2019-01-18 ------<\/span><span><\/span><span>\r\nActualizado a CORE v2.8.1<\/span><span><\/span>\r\n<span><\/span><span>\r\n------ V 1.0.2 - 2019-01-16 ------<\/span><span><\/span><span>\r\nNUEVO - Se agreg\u00f3 soporte para la extensi\u00f3n EDD All Plugins.<\/span><span><\/span><span>\r\nNUEVO: soporte agregado para la extensi\u00f3n de comisiones EDD.<\/span><span><\/span><span>\r\nSoporte agregado para CORE v2.8.0<\/span><span><\/span>\r\n<span><\/span><span>\r\n------ V 1.0.1 - 2018-12-21 ------<\/span><span><\/span><span>\r\nCorrecci\u00f3n de errores.<\/span><span><\/span>\r\n<span><\/span><span>\r\n------ V 1.0.0 - 2018-12-20 ------<\/span><span><\/span><span>\r\nVersi\u00f3n inicial.<\/span><\/pre>\n","protected":false},"excerpt":{"rendered":"<p>= V 1.0.38 &#8211; 2021-03-12 = * Actualizado a CORE v2.24.2 = V 1.0.37 &#8211; 2021-02-24 = * Actualizado a CORE v2.24.1 = V 1.0.36 &#8211; 2021-02-10 = * Actualizado a CORE v2.24.0 = V 1.0.35 &#8211; 2020-12-19 = * Actualizado a CORE v2.23.0 = V 1.0.34 &#8211; 2020-11-21 = * Actualizado a CORE v2.22.0 [&hellip;]<\/p>\n","protected":false},"author":1,"featured_media":0,"parent":492,"menu_order":0,"comment_status":"closed","ping_status":"closed","template":"","meta":{"_acf_changed":false,"_custom_body_class":"","_custom_post_class":"","footnotes":"","_links_to":"","_links_to_target":""},"class_list":["post-1030","page","type-page","status-publish","hentry","entry"],"acf":[],"yoast_head":"<!-- This site is optimized with the Yoast SEO plugin v26.8 - https:\/\/yoast.com\/product\/yoast-seo-wordpress\/ -->\n<title>Changelog - Editor Masivo EDD - WP Sheet Editor en Espa\u00f1ol<\/title>\n<meta name=\"robots\" content=\"index, follow, max-snippet:-1, max-image-preview:large, max-video-preview:-1\" \/>\n<link rel=\"canonical\" href=\"https:\/\/wpsheeteditor.com\/es\/changelog\/edd-downloads-spreadsheet\/\" \/>\n<meta property=\"og:locale\" content=\"es_ES\" \/>\n<meta property=\"og:type\" content=\"article\" \/>\n<meta property=\"og:title\" content=\"Changelog - Editor Masivo EDD - WP Sheet Editor en Espa\u00f1ol\" \/>\n<meta property=\"og:description\" content=\"= V 1.0.38 - 2021-03-12 = * Actualizado a CORE v2.24.2 = V 1.0.37 - 2021-02-24 = * Actualizado a CORE v2.24.1 = V 1.0.36 - 2021-02-10 = * Actualizado a CORE v2.24.0 = V 1.0.35 - 2020-12-19 = * Actualizado a CORE v2.23.0 = V 1.0.34 - 2020-11-21 = * Actualizado a CORE v2.22.0 [&hellip;]\" \/>\n<meta property=\"og:url\" content=\"https:\/\/wpsheeteditor.com\/es\/changelog\/edd-downloads-spreadsheet\/\" \/>\n<meta property=\"og:site_name\" content=\"WP Sheet Editor en Espa\u00f1ol\" \/>\n<meta property=\"article:modified_time\" content=\"2021-04-17T18:53:43+00:00\" \/>\n<meta name=\"twitter:card\" content=\"summary_large_image\" \/>\n<meta name=\"twitter:label1\" content=\"Tiempo de lectura\" \/>\n\t<meta name=\"twitter:data1\" content=\"2 minutos\" \/>\n<script type=\"application\/ld+json\" class=\"yoast-schema-graph\">{\"@context\":\"https:\/\/schema.org\",\"@graph\":[{\"@type\":\"WebPage\",\"@id\":\"https:\/\/wpsheeteditor.com\/es\/changelog\/edd-downloads-spreadsheet\/\",\"url\":\"https:\/\/wpsheeteditor.com\/es\/changelog\/edd-downloads-spreadsheet\/\",\"name\":\"Changelog - Editor Masivo EDD - WP Sheet Editor en Espa\u00f1ol\",\"isPartOf\":{\"@id\":\"https:\/\/wpsheeteditor.com\/es\/#website\"},\"datePublished\":\"2018-12-20T15:11:59+00:00\",\"dateModified\":\"2021-04-17T18:53:43+00:00\",\"breadcrumb\":{\"@id\":\"https:\/\/wpsheeteditor.com\/es\/changelog\/edd-downloads-spreadsheet\/#breadcrumb\"},\"inLanguage\":\"es\",\"potentialAction\":[{\"@type\":\"ReadAction\",\"target\":[\"https:\/\/wpsheeteditor.com\/es\/changelog\/edd-downloads-spreadsheet\/\"]}]},{\"@type\":\"BreadcrumbList\",\"@id\":\"https:\/\/wpsheeteditor.com\/es\/changelog\/edd-downloads-spreadsheet\/#breadcrumb\",\"itemListElement\":[{\"@type\":\"ListItem\",\"position\":1,\"name\":\"Home\",\"item\":\"https:\/\/wpsheeteditor.com\/es\/\"},{\"@type\":\"ListItem\",\"position\":2,\"name\":\"Changelog\",\"item\":\"https:\/\/wpsheeteditor.com\/es\/changelog\/\"},{\"@type\":\"ListItem\",\"position\":3,\"name\":\"Changelog &#8211; Editor Masivo EDD\"}]},{\"@type\":\"WebSite\",\"@id\":\"https:\/\/wpsheeteditor.com\/es\/#website\",\"url\":\"https:\/\/wpsheeteditor.com\/es\/\",\"name\":\"WP Sheet Editor en Espa\u00f1ol\",\"description\":\"Edita miles de posts y p\u00e1ginas r\u00e1pidamente\",\"publisher\":{\"@id\":\"https:\/\/wpsheeteditor.com\/es\/#organization\"},\"potentialAction\":[{\"@type\":\"SearchAction\",\"target\":{\"@type\":\"EntryPoint\",\"urlTemplate\":\"https:\/\/wpsheeteditor.com\/es\/?s={search_term_string}\"},\"query-input\":{\"@type\":\"PropertyValueSpecification\",\"valueRequired\":true,\"valueName\":\"search_term_string\"}}],\"inLanguage\":\"es\"},{\"@type\":\"Organization\",\"@id\":\"https:\/\/wpsheeteditor.com\/es\/#organization\",\"name\":\"WP Sheet Editor\",\"url\":\"https:\/\/wpsheeteditor.com\/es\/\",\"logo\":{\"@type\":\"ImageObject\",\"inLanguage\":\"es\",\"@id\":\"https:\/\/wpsheeteditor.com\/es\/#\/schema\/logo\/image\/\",\"url\":\"https:\/\/media.wpsheeteditor.com\/wp-content\/uploads\/sites\/3\/2016\/06\/26203459\/logo-248x102.png\",\"contentUrl\":\"https:\/\/media.wpsheeteditor.com\/wp-content\/uploads\/sites\/3\/2016\/06\/26203459\/logo-248x102.png\",\"width\":248,\"height\":102,\"caption\":\"WP Sheet Editor\"},\"image\":{\"@id\":\"https:\/\/wpsheeteditor.com\/es\/#\/schema\/logo\/image\/\"}}]}<\/script>\n<!-- \/ Yoast SEO plugin. -->","yoast_head_json":{"title":"Changelog - Editor Masivo EDD - WP Sheet Editor en Espa\u00f1ol","robots":{"index":"index","follow":"follow","max-snippet":"max-snippet:-1","max-image-preview":"max-image-preview:large","max-video-preview":"max-video-preview:-1"},"canonical":"https:\/\/wpsheeteditor.com\/es\/changelog\/edd-downloads-spreadsheet\/","og_locale":"es_ES","og_type":"article","og_title":"Changelog - Editor Masivo EDD - WP Sheet Editor en Espa\u00f1ol","og_description":"= V 1.0.38 - 2021-03-12 = * Actualizado a CORE v2.24.2 = V 1.0.37 - 2021-02-24 = * Actualizado a CORE v2.24.1 = V 1.0.36 - 2021-02-10 = * Actualizado a CORE v2.24.0 = V 1.0.35 - 2020-12-19 = * Actualizado a CORE v2.23.0 = V 1.0.34 - 2020-11-21 = * Actualizado a CORE v2.22.0 [&hellip;]","og_url":"https:\/\/wpsheeteditor.com\/es\/changelog\/edd-downloads-spreadsheet\/","og_site_name":"WP Sheet Editor en Espa\u00f1ol","article_modified_time":"2021-04-17T18:53:43+00:00","twitter_card":"summary_large_image","twitter_misc":{"Tiempo de lectura":"2 minutos"},"schema":{"@context":"https:\/\/schema.org","@graph":[{"@type":"WebPage","@id":"https:\/\/wpsheeteditor.com\/es\/changelog\/edd-downloads-spreadsheet\/","url":"https:\/\/wpsheeteditor.com\/es\/changelog\/edd-downloads-spreadsheet\/","name":"Changelog - Editor Masivo EDD - WP Sheet Editor en Espa\u00f1ol","isPartOf":{"@id":"https:\/\/wpsheeteditor.com\/es\/#website"},"datePublished":"2018-12-20T15:11:59+00:00","dateModified":"2021-04-17T18:53:43+00:00","breadcrumb":{"@id":"https:\/\/wpsheeteditor.com\/es\/changelog\/edd-downloads-spreadsheet\/#breadcrumb"},"inLanguage":"es","potentialAction":[{"@type":"ReadAction","target":["https:\/\/wpsheeteditor.com\/es\/changelog\/edd-downloads-spreadsheet\/"]}]},{"@type":"BreadcrumbList","@id":"https:\/\/wpsheeteditor.com\/es\/changelog\/edd-downloads-spreadsheet\/#breadcrumb","itemListElement":[{"@type":"ListItem","position":1,"name":"Home","item":"https:\/\/wpsheeteditor.com\/es\/"},{"@type":"ListItem","position":2,"name":"Changelog","item":"https:\/\/wpsheeteditor.com\/es\/changelog\/"},{"@type":"ListItem","position":3,"name":"Changelog &#8211; Editor Masivo EDD"}]},{"@type":"WebSite","@id":"https:\/\/wpsheeteditor.com\/es\/#website","url":"https:\/\/wpsheeteditor.com\/es\/","name":"WP Sheet Editor en Espa\u00f1ol","description":"Edita miles de posts y p\u00e1ginas r\u00e1pidamente","publisher":{"@id":"https:\/\/wpsheeteditor.com\/es\/#organization"},"potentialAction":[{"@type":"SearchAction","target":{"@type":"EntryPoint","urlTemplate":"https:\/\/wpsheeteditor.com\/es\/?s={search_term_string}"},"query-input":{"@type":"PropertyValueSpecification","valueRequired":true,"valueName":"search_term_string"}}],"inLanguage":"es"},{"@type":"Organization","@id":"https:\/\/wpsheeteditor.com\/es\/#organization","name":"WP Sheet Editor","url":"https:\/\/wpsheeteditor.com\/es\/","logo":{"@type":"ImageObject","inLanguage":"es","@id":"https:\/\/wpsheeteditor.com\/es\/#\/schema\/logo\/image\/","url":"https:\/\/media.wpsheeteditor.com\/wp-content\/uploads\/sites\/3\/2016\/06\/26203459\/logo-248x102.png","contentUrl":"https:\/\/media.wpsheeteditor.com\/wp-content\/uploads\/sites\/3\/2016\/06\/26203459\/logo-248x102.png","width":248,"height":102,"caption":"WP Sheet Editor"},"image":{"@id":"https:\/\/wpsheeteditor.com\/es\/#\/schema\/logo\/image\/"}}]}},"_links":{"self":[{"href":"https:\/\/wpsheeteditor.com\/es\/wp-json\/wp\/v2\/pages\/1030","targetHints":{"allow":["GET"]}}],"collection":[{"href":"https:\/\/wpsheeteditor.com\/es\/wp-json\/wp\/v2\/pages"}],"about":[{"href":"https:\/\/wpsheeteditor.com\/es\/wp-json\/wp\/v2\/types\/page"}],"author":[{"embeddable":true,"href":"https:\/\/wpsheeteditor.com\/es\/wp-json\/wp\/v2\/users\/1"}],"replies":[{"embeddable":true,"href":"https:\/\/wpsheeteditor.com\/es\/wp-json\/wp\/v2\/comments?post=1030"}],"version-history":[{"count":4,"href":"https:\/\/wpsheeteditor.com\/es\/wp-json\/wp\/v2\/pages\/1030\/revisions"}],"predecessor-version":[{"id":12116,"href":"https:\/\/wpsheeteditor.com\/es\/wp-json\/wp\/v2\/pages\/1030\/revisions\/12116"}],"up":[{"embeddable":true,"href":"https:\/\/wpsheeteditor.com\/es\/wp-json\/wp\/v2\/pages\/492"}],"wp:attachment":[{"href":"https:\/\/wpsheeteditor.com\/es\/wp-json\/wp\/v2\/media?parent=1030"}],"curies":[{"name":"wp","href":"https:\/\/api.w.org\/{rel}","templated":true}]}}