{"id":12111,"date":"2021-04-17T12:51:08","date_gmt":"2021-04-17T18:51:08","guid":{"rendered":"https:\/\/wpsheeteditor.com\/es\/?page_id=12111"},"modified":"2021-04-17T13:25:56","modified_gmt":"2021-04-17T19:25:56","slug":"changelog-editor-masivo-biblioteca-wordpress","status":"publish","type":"page","link":"https:\/\/wpsheeteditor.com\/es\/changelog\/changelog-editor-masivo-biblioteca-wordpress\/","title":{"rendered":"Changelog &#8211; Editor Masivo Biblioteca WordPress"},"content":{"rendered":"<pre><span> V 1.9.0 - 2021-03-12 =<\/span><span><\/span><span>\r\n* NUEVO - MEDIOS - Agrega m\u00e1s columnas<\/span><span><\/span>\r\n<span><\/span>\r\n<span><\/span><span>\r\n= V 1.8.1 - 24\/02\/2021 =<\/span><span><\/span><span>\r\n* Actualizado a CORE v2.24.1<\/span><span><\/span>\r\n<span><\/span>\r\n<span><\/span><span>\r\n= V 1.8.0 - 10\/02\/2021 =<\/span><span><\/span><span>\r\n* NUEVO - MEDIOS - Agrega etiquetas m\u00e1s din\u00e1micas<\/span><span><\/span><span>\r\n* CAMBIO - MEDIOS - Mejora la importaci\u00f3n<\/span><span><\/span><span>\r\n* CAMBIO - MEDIOS - Mejoras de rendimiento<\/span><span><\/span>\r\n<span><\/span>\r\n<span><\/span><span>\r\n= V 1.7.0 - 2020-12-19 =<\/span><span><\/span><span>\r\n* NUEVO - MEDIOS - Mejora el proceso de importaci\u00f3n<\/span><span><\/span><span>\r\n* CAMBIO - MEDIOS - Mejora el manejo de columnas<\/span><span><\/span>\r\n<span><\/span>\r\n<span><\/span><span>\r\n= V 1.6.8 - 21\/11\/2020 =<\/span><span><\/span><span>\r\n* Actualizado a CORE v2.22.0<\/span><span><\/span>\r\n<span><\/span>\r\n<span><\/span><span>\r\n= V 1.6.7 - 2020-10-22 =<\/span><span><\/span><span>\r\n* Actualizado a CORE v2.21.3<\/span><span><\/span>\r\n<span><\/span>\r\n<span><\/span><span>\r\n= V 1.6.6 - 2020-10-11 =<\/span><span><\/span><span>\r\n* Actualizado a CORE v2.21.2<\/span><span><\/span>\r\n<span><\/span>\r\n<span><\/span><span>\r\n= V 1.6.5 - 2020-10-07 =<\/span><span><\/span><span>\r\n* Actualizado a CORE v2.21.1<\/span><span><\/span>\r\n<span><\/span>\r\n<span><\/span><span>\r\n= V 1.6.4 - 2020-10-07 =<\/span><span><\/span><span>\r\n* CAMBIO - MEDIOS - Notifica cuando ocurren algunos errores<\/span><span><\/span><span>\r\n* CAMBIO - MEDIOS - Permitir controlar el rendimiento<\/span><span><\/span>\r\n<span><\/span>\r\n<span><\/span><span>\r\n= V 1.6.3 - 2020-09-08 =<\/span><span><\/span><span>\r\n* CAMBIO - MEDIOS - Mejora el manejo de algunos nombres de archivos<\/span><span><\/span><span>\r\n* CAMBIO - MEDIOS - Agregue soporte para archivos webp<\/span><span><\/span>\r\n<span><\/span>\r\n<span><\/span><span>\r\n= V 1.6.2 - 22-07-2020 =<\/span><span><\/span><span>\r\n* Actualizado a CORE v2.20.2<\/span><span><\/span>\r\n<span><\/span>\r\n<span><\/span><span>\r\n= V 1.6.1 - 2020-06-26 =<\/span><span><\/span><span>\r\n* Actualizado a CORE v2.20.1<\/span><span><\/span>\r\n<span><\/span>\r\n<span><\/span><span>\r\n= V 1.6.0 - 2020-05-20 =<\/span><span><\/span><span>\r\n* NUEVO - MEDIA - Agrega m\u00e1s par\u00e1metros a la herramienta de b\u00fasqueda<\/span><span><\/span><span>\r\n* NUEVO - MEDIA - Agrega un acceso directo al editor de publicaciones cl\u00e1sico<\/span><span><\/span><span>\r\n* NUEVO - MEDIA - Agrega una columna con t\u00e9rminos slugs de la primera taxonom\u00eda jer\u00e1rquica del padre<\/span><span><\/span><span>\r\n* CORRECCI\u00d3N - MEDIA - A veces, la plantilla de p\u00e1gina se pierde al editar nombres de archivos<\/span><span><\/span>\r\n<span><\/span>\r\n<span><\/span><span>\r\n= V 1.5.0 - 2020-04-20 =<\/span><span><\/span><span>\r\n* NUEVO - MEDIOS - IMPORTAR - Flexibiliza la b\u00fasqueda de im\u00e1genes existentes<\/span><span><\/span><span>\r\n* CAMBIO - MEDIOS - Extiende la selecci\u00f3n de campos de archivos existentes para actualizar durante la importaci\u00f3n<\/span><span><\/span><span>\r\n* CAMBIO - MEDIOS - Permitir cambiar el tama\u00f1o de la vista previa<\/span><span><\/span><span>\r\n* CORRECCI\u00d3N - MEDIA - El texto alternativo no se sincroniza a veces<\/span><span><\/span><span>\r\n* CORRECCI\u00d3N - MEDIA - El t\u00edtulo no se sincroniza a veces<\/span><span><\/span>\r\n<span><\/span>\r\n<span><\/span><span>\r\n= V 1.4.2 - 2020-03-17 =<\/span><span><\/span><span>\r\n* Actualizado a CORE v2.18.1<\/span><span><\/span>\r\n<span><\/span>\r\n<span><\/span><span>\r\n= V 1.4.1 - 2020-03-16 =<\/span><span><\/span><span>\r\n* CAMBIO - MEDIOS - Mejora del rendimiento al editar texto alternativo<\/span><span><\/span><span>\r\n* CAMBIO - MEDIOS - Elimina la columna _wp_attached_file<\/span><span><\/span>\r\n<span><\/span>\r\n<span><\/span><span>\r\n= V 1.4.0 - 2020-02-19 =<\/span><span><\/span><span>\r\n* NUEVO - MEDIOS - agregar columna con un bot\u00f3n que enlaza con la publicaci\u00f3n asociada<\/span><span><\/span><span>\r\n* CAMBIO - MEDIOS - Permitir cambiar el nombre de los archivos sin requerir el complemento Phoenix Media Rename.<\/span><span><\/span><span>\r\n* CAMBIO - MEDIOS - Cuando editamos el texto alternativo y el t\u00edtulo, tambi\u00e9n lo aplicamos a las im\u00e1genes existentes en el contenido de la publicaci\u00f3n.<\/span><span><\/span><span>\r\n* CAMBIO - MEDIOS - Herramienta de adjuntar - Hacer que escanee el contenido de las publicaciones<\/span><span><\/span><span>\r\n* CORRECCI\u00d3N - MEDIA - Est\u00e1 deshabilitando los campos de importaci\u00f3n&gt; paso 3 para todos los complementos<\/span><span><\/span>\r\n<span><\/span>\r\n<span><\/span><span>\r\n= V 1.1.0 - 2020-01-13 =<\/span><span><\/span><span>\r\n* NUEVO - PEDIDOS DE WC - Agregar columnas para mostrar la informaci\u00f3n de la factura de Germanized Pro<\/span><span><\/span><span>\r\n* NUEVO - PEDIDOS DE WC - Agregar una columna para cada clase de impuestos aplicada a los pedidos<\/span><span><\/span><span>\r\n* CAMBIO - PEDIDOS WC - La columna del m\u00e9todo de env\u00edo debe ser un men\u00fa desplegable<\/span><span><\/span><span>\r\n* CAMBIO - PEDIDOS DE WC - La columna del m\u00e9todo de pago debe ser un men\u00fa desplegable<\/span><span><\/span><span>\r\n* CAMBIO - PEDIDOS DE WC - La columna \"creado mediante\" debe ser un men\u00fa desplegable<\/span><span><\/span><span>\r\n* CAMBIO - PEDIDOS DE WC - Elimina columnas del sistema como date_completed, date_paid, _billing_address_index, _shipping_address_index, order_version<\/span><span><\/span>\r\n<span><\/span>\r\n<span><\/span><span>\r\n= V 1.0.4 - 2019-11-24 =<\/span><span><\/span><span>\r\n* Actualizado a CORE v2.15.4<\/span><span><\/span>\r\n<span><\/span>\r\n<span><\/span><span>\r\n= V 1.0.3 - 2019-11-18 =<\/span><span><\/span><span>\r\n* Actualizado a CORE v2.15.3<\/span><span><\/span>\r\n<span><\/span>\r\n<span><\/span><span>\r\n= V 1.0.1.1 - 2019-10-18 =<\/span><span><\/span><span>\r\n* Actualizado a CORE v2.15.2<\/span><span><\/span>\r\n<span><\/span><span>\r\n= V 1.2.0 - 2019-10-01 =<\/span><span><\/span><span>\r\n* Actualizado a CORE v2.15.0<\/span><span><\/span>\r\n<span><\/span>\r\n<span><\/span><span>\r\n------ V 1.1.0 - 2019-09-06 ------<\/span><span><\/span><span>\r\nNUEVO - MEDIOS - Permitir mostrar metacolumnas adicionales de la publicaci\u00f3n principal<\/span><span><\/span><span>\r\nActualizado a CORE v2.14.0<\/span><span><\/span>\r\n<span><\/span><span>\r\n------ V 1.0.1 - 2019-08-11 ------<\/span><span><\/span><span>\r\nCORRECCI\u00d3N - MEDIA - Las herramientas de b\u00fasqueda, importaci\u00f3n, exportaci\u00f3n y edici\u00f3n masiva muestran los nombres de columna predeterminados<\/span><span><\/span><span>\r\nActualizado a CORE v2.13.1<\/span><span><\/span>\r\n<span><\/span><span>\r\n------ V 1.0.0 - 2019-08-08 ------<\/span><span><\/span><span>\r\nVersi\u00f3n inicial.<\/span><\/pre>\n","protected":false},"excerpt":{"rendered":"<p>V 1.9.0 &#8211; 2021-03-12 = * NUEVO &#8211; MEDIOS &#8211; Agrega m\u00e1s columnas = V 1.8.1 &#8211; 24\/02\/2021 = * Actualizado a CORE v2.24.1 = V 1.8.0 &#8211; 10\/02\/2021 = * NUEVO &#8211; MEDIOS &#8211; Agrega etiquetas m\u00e1s din\u00e1micas * CAMBIO &#8211; MEDIOS &#8211; Mejora la importaci\u00f3n * CAMBIO &#8211; MEDIOS &#8211; Mejoras de rendimiento [&hellip;]<\/p>\n","protected":false},"author":2,"featured_media":0,"parent":492,"menu_order":0,"comment_status":"closed","ping_status":"closed","template":"","meta":{"_acf_changed":false,"_custom_body_class":"","_custom_post_class":"","footnotes":"","_links_to":"","_links_to_target":""},"class_list":["post-12111","page","type-page","status-publish","hentry","entry"],"acf":[],"yoast_head":"<!-- This site is optimized with the Yoast SEO plugin v26.8 - https:\/\/yoast.com\/product\/yoast-seo-wordpress\/ -->\n<title>Changelog - Editor Masivo Biblioteca WordPress - WP Sheet Editor en Espa\u00f1ol<\/title>\n<meta name=\"robots\" content=\"index, follow, max-snippet:-1, max-image-preview:large, max-video-preview:-1\" \/>\n<link rel=\"canonical\" href=\"https:\/\/wpsheeteditor.com\/es\/changelog\/changelog-editor-masivo-biblioteca-wordpress\/\" \/>\n<meta property=\"og:locale\" content=\"es_ES\" \/>\n<meta property=\"og:type\" content=\"article\" \/>\n<meta property=\"og:title\" content=\"Changelog - Editor Masivo Biblioteca WordPress - WP Sheet Editor en Espa\u00f1ol\" \/>\n<meta property=\"og:description\" content=\"V 1.9.0 - 2021-03-12 = * NUEVO - MEDIOS - Agrega m\u00e1s columnas = V 1.8.1 - 24\/02\/2021 = * Actualizado a CORE v2.24.1 = V 1.8.0 - 10\/02\/2021 = * NUEVO - MEDIOS - Agrega etiquetas m\u00e1s din\u00e1micas * CAMBIO - MEDIOS - Mejora la importaci\u00f3n * CAMBIO - MEDIOS - Mejoras de rendimiento [&hellip;]\" \/>\n<meta property=\"og:url\" content=\"https:\/\/wpsheeteditor.com\/es\/changelog\/changelog-editor-masivo-biblioteca-wordpress\/\" \/>\n<meta property=\"og:site_name\" content=\"WP Sheet Editor en Espa\u00f1ol\" \/>\n<meta property=\"article:modified_time\" content=\"2021-04-17T19:25:56+00:00\" \/>\n<meta name=\"twitter:card\" content=\"summary_large_image\" \/>\n<meta name=\"twitter:label1\" content=\"Tiempo de lectura\" \/>\n\t<meta name=\"twitter:data1\" content=\"3 minutos\" \/>\n<script type=\"application\/ld+json\" class=\"yoast-schema-graph\">{\"@context\":\"https:\/\/schema.org\",\"@graph\":[{\"@type\":\"WebPage\",\"@id\":\"https:\/\/wpsheeteditor.com\/es\/changelog\/changelog-editor-masivo-biblioteca-wordpress\/\",\"url\":\"https:\/\/wpsheeteditor.com\/es\/changelog\/changelog-editor-masivo-biblioteca-wordpress\/\",\"name\":\"Changelog - Editor Masivo Biblioteca WordPress - WP Sheet Editor en Espa\u00f1ol\",\"isPartOf\":{\"@id\":\"https:\/\/wpsheeteditor.com\/es\/#website\"},\"datePublished\":\"2021-04-17T18:51:08+00:00\",\"dateModified\":\"2021-04-17T19:25:56+00:00\",\"breadcrumb\":{\"@id\":\"https:\/\/wpsheeteditor.com\/es\/changelog\/changelog-editor-masivo-biblioteca-wordpress\/#breadcrumb\"},\"inLanguage\":\"es\",\"potentialAction\":[{\"@type\":\"ReadAction\",\"target\":[\"https:\/\/wpsheeteditor.com\/es\/changelog\/changelog-editor-masivo-biblioteca-wordpress\/\"]}]},{\"@type\":\"BreadcrumbList\",\"@id\":\"https:\/\/wpsheeteditor.com\/es\/changelog\/changelog-editor-masivo-biblioteca-wordpress\/#breadcrumb\",\"itemListElement\":[{\"@type\":\"ListItem\",\"position\":1,\"name\":\"Home\",\"item\":\"https:\/\/wpsheeteditor.com\/es\/\"},{\"@type\":\"ListItem\",\"position\":2,\"name\":\"Changelog\",\"item\":\"https:\/\/wpsheeteditor.com\/es\/changelog\/\"},{\"@type\":\"ListItem\",\"position\":3,\"name\":\"Changelog &#8211; Editor Masivo Biblioteca WordPress\"}]},{\"@type\":\"WebSite\",\"@id\":\"https:\/\/wpsheeteditor.com\/es\/#website\",\"url\":\"https:\/\/wpsheeteditor.com\/es\/\",\"name\":\"WP Sheet Editor en Espa\u00f1ol\",\"description\":\"Edita miles de posts y p\u00e1ginas r\u00e1pidamente\",\"publisher\":{\"@id\":\"https:\/\/wpsheeteditor.com\/es\/#organization\"},\"potentialAction\":[{\"@type\":\"SearchAction\",\"target\":{\"@type\":\"EntryPoint\",\"urlTemplate\":\"https:\/\/wpsheeteditor.com\/es\/?s={search_term_string}\"},\"query-input\":{\"@type\":\"PropertyValueSpecification\",\"valueRequired\":true,\"valueName\":\"search_term_string\"}}],\"inLanguage\":\"es\"},{\"@type\":\"Organization\",\"@id\":\"https:\/\/wpsheeteditor.com\/es\/#organization\",\"name\":\"WP Sheet Editor\",\"url\":\"https:\/\/wpsheeteditor.com\/es\/\",\"logo\":{\"@type\":\"ImageObject\",\"inLanguage\":\"es\",\"@id\":\"https:\/\/wpsheeteditor.com\/es\/#\/schema\/logo\/image\/\",\"url\":\"https:\/\/media.wpsheeteditor.com\/wp-content\/uploads\/sites\/3\/2016\/06\/26203459\/logo-248x102.png\",\"contentUrl\":\"https:\/\/media.wpsheeteditor.com\/wp-content\/uploads\/sites\/3\/2016\/06\/26203459\/logo-248x102.png\",\"width\":248,\"height\":102,\"caption\":\"WP Sheet Editor\"},\"image\":{\"@id\":\"https:\/\/wpsheeteditor.com\/es\/#\/schema\/logo\/image\/\"}}]}<\/script>\n<!-- \/ Yoast SEO plugin. -->","yoast_head_json":{"title":"Changelog - Editor Masivo Biblioteca WordPress - WP Sheet Editor en Espa\u00f1ol","robots":{"index":"index","follow":"follow","max-snippet":"max-snippet:-1","max-image-preview":"max-image-preview:large","max-video-preview":"max-video-preview:-1"},"canonical":"https:\/\/wpsheeteditor.com\/es\/changelog\/changelog-editor-masivo-biblioteca-wordpress\/","og_locale":"es_ES","og_type":"article","og_title":"Changelog - Editor Masivo Biblioteca WordPress - WP Sheet Editor en Espa\u00f1ol","og_description":"V 1.9.0 - 2021-03-12 = * NUEVO - MEDIOS - Agrega m\u00e1s columnas = V 1.8.1 - 24\/02\/2021 = * Actualizado a CORE v2.24.1 = V 1.8.0 - 10\/02\/2021 = * NUEVO - MEDIOS - Agrega etiquetas m\u00e1s din\u00e1micas * CAMBIO - MEDIOS - Mejora la importaci\u00f3n * CAMBIO - MEDIOS - Mejoras de rendimiento [&hellip;]","og_url":"https:\/\/wpsheeteditor.com\/es\/changelog\/changelog-editor-masivo-biblioteca-wordpress\/","og_site_name":"WP Sheet Editor en Espa\u00f1ol","article_modified_time":"2021-04-17T19:25:56+00:00","twitter_card":"summary_large_image","twitter_misc":{"Tiempo de lectura":"3 minutos"},"schema":{"@context":"https:\/\/schema.org","@graph":[{"@type":"WebPage","@id":"https:\/\/wpsheeteditor.com\/es\/changelog\/changelog-editor-masivo-biblioteca-wordpress\/","url":"https:\/\/wpsheeteditor.com\/es\/changelog\/changelog-editor-masivo-biblioteca-wordpress\/","name":"Changelog - Editor Masivo Biblioteca WordPress - WP Sheet Editor en Espa\u00f1ol","isPartOf":{"@id":"https:\/\/wpsheeteditor.com\/es\/#website"},"datePublished":"2021-04-17T18:51:08+00:00","dateModified":"2021-04-17T19:25:56+00:00","breadcrumb":{"@id":"https:\/\/wpsheeteditor.com\/es\/changelog\/changelog-editor-masivo-biblioteca-wordpress\/#breadcrumb"},"inLanguage":"es","potentialAction":[{"@type":"ReadAction","target":["https:\/\/wpsheeteditor.com\/es\/changelog\/changelog-editor-masivo-biblioteca-wordpress\/"]}]},{"@type":"BreadcrumbList","@id":"https:\/\/wpsheeteditor.com\/es\/changelog\/changelog-editor-masivo-biblioteca-wordpress\/#breadcrumb","itemListElement":[{"@type":"ListItem","position":1,"name":"Home","item":"https:\/\/wpsheeteditor.com\/es\/"},{"@type":"ListItem","position":2,"name":"Changelog","item":"https:\/\/wpsheeteditor.com\/es\/changelog\/"},{"@type":"ListItem","position":3,"name":"Changelog &#8211; Editor Masivo Biblioteca WordPress"}]},{"@type":"WebSite","@id":"https:\/\/wpsheeteditor.com\/es\/#website","url":"https:\/\/wpsheeteditor.com\/es\/","name":"WP Sheet Editor en Espa\u00f1ol","description":"Edita miles de posts y p\u00e1ginas r\u00e1pidamente","publisher":{"@id":"https:\/\/wpsheeteditor.com\/es\/#organization"},"potentialAction":[{"@type":"SearchAction","target":{"@type":"EntryPoint","urlTemplate":"https:\/\/wpsheeteditor.com\/es\/?s={search_term_string}"},"query-input":{"@type":"PropertyValueSpecification","valueRequired":true,"valueName":"search_term_string"}}],"inLanguage":"es"},{"@type":"Organization","@id":"https:\/\/wpsheeteditor.com\/es\/#organization","name":"WP Sheet Editor","url":"https:\/\/wpsheeteditor.com\/es\/","logo":{"@type":"ImageObject","inLanguage":"es","@id":"https:\/\/wpsheeteditor.com\/es\/#\/schema\/logo\/image\/","url":"https:\/\/media.wpsheeteditor.com\/wp-content\/uploads\/sites\/3\/2016\/06\/26203459\/logo-248x102.png","contentUrl":"https:\/\/media.wpsheeteditor.com\/wp-content\/uploads\/sites\/3\/2016\/06\/26203459\/logo-248x102.png","width":248,"height":102,"caption":"WP Sheet Editor"},"image":{"@id":"https:\/\/wpsheeteditor.com\/es\/#\/schema\/logo\/image\/"}}]}},"_links":{"self":[{"href":"https:\/\/wpsheeteditor.com\/es\/wp-json\/wp\/v2\/pages\/12111","targetHints":{"allow":["GET"]}}],"collection":[{"href":"https:\/\/wpsheeteditor.com\/es\/wp-json\/wp\/v2\/pages"}],"about":[{"href":"https:\/\/wpsheeteditor.com\/es\/wp-json\/wp\/v2\/types\/page"}],"author":[{"embeddable":true,"href":"https:\/\/wpsheeteditor.com\/es\/wp-json\/wp\/v2\/users\/2"}],"replies":[{"embeddable":true,"href":"https:\/\/wpsheeteditor.com\/es\/wp-json\/wp\/v2\/comments?post=12111"}],"version-history":[{"count":1,"href":"https:\/\/wpsheeteditor.com\/es\/wp-json\/wp\/v2\/pages\/12111\/revisions"}],"predecessor-version":[{"id":12112,"href":"https:\/\/wpsheeteditor.com\/es\/wp-json\/wp\/v2\/pages\/12111\/revisions\/12112"}],"up":[{"embeddable":true,"href":"https:\/\/wpsheeteditor.com\/es\/wp-json\/wp\/v2\/pages\/492"}],"wp:attachment":[{"href":"https:\/\/wpsheeteditor.com\/es\/wp-json\/wp\/v2\/media?parent=12111"}],"curies":[{"name":"wp","href":"https:\/\/api.w.org\/{rel}","templated":true}]}}