{"id":12131,"date":"2021-04-17T13:31:55","date_gmt":"2021-04-17T19:31:55","guid":{"rendered":"https:\/\/wpsheeteditor.com\/es\/?page_id=12131"},"modified":"2021-04-17T13:31:55","modified_gmt":"2021-04-17T19:31:55","slug":"comments-reviews-spreadsheet","status":"publish","type":"page","link":"https:\/\/wpsheeteditor.com\/es\/changelog\/comments-reviews-spreadsheet\/","title":{"rendered":"Changelog &#8211; Editor Masivo de Comentarios y Rese\u00f1as"},"content":{"rendered":"<pre><span>= V 1.0.18 - 2021-03-12 =<\/span><span><\/span><span>\r\n* Actualizado a CORE v2.24.2<\/span><span><\/span>\r\n<span><\/span>\r\n<span><\/span><span>\r\n= V 1.0.17 - 2021-02-24 =<\/span><span><\/span><span>\r\n* Actualizado a CORE v2.24.1<\/span><span><\/span>\r\n<span><\/span>\r\n<span><\/span><span>\r\n= V 1.0.16 - 2021-02-10 =<\/span><span><\/span><span>\r\n* Actualizado a CORE v2.24.0<\/span><span><\/span>\r\n<span><\/span>\r\n<span><\/span><span>\r\n= V 1.0.15 - 2020-12-19 =<\/span><span><\/span><span>\r\n* Actualizado a CORE v2.23.0<\/span><span><\/span>\r\n<span><\/span>\r\n<span><\/span><span>\r\n= V 1.0.14 - 21\/11\/2020 =<\/span><span><\/span><span>\r\n* Actualizado a CORE v2.22.0<\/span><span><\/span>\r\n<span><\/span>\r\n<span><\/span><span>\r\n= V 1.0.13 - 2020-10-22 =<\/span><span><\/span><span>\r\n* Actualizado a CORE v2.21.3<\/span><span><\/span>\r\n<span><\/span>\r\n<span><\/span><span>\r\n= V 1.0.12 - 2020-10-11 =<\/span><span><\/span><span>\r\n* Actualizado a CORE v2.21.2<\/span><span><\/span>\r\n<span><\/span>\r\n<span><\/span><span>\r\n= V 1.0.11 - 2020-10-07 =<\/span><span><\/span><span>\r\n* Actualizado a CORE v2.21.1<\/span><span><\/span>\r\n<span><\/span>\r\n<span><\/span><span>\r\n= V 1.0.10 - 2020-10-07 =<\/span><span><\/span><span>\r\n* Actualizado a CORE v2.21.0<\/span><span><\/span>\r\n<span><\/span>\r\n<span><\/span><span>\r\n= V 1.0.9 - 2020-09-08 =<\/span><span><\/span><span>\r\n* Actualizado a CORE v2.20.3<\/span><span><\/span>\r\n<span><\/span>\r\n<span><\/span><span>\r\n= V 1.0.8 - 22-07-2020 =<\/span><span><\/span><span>\r\n* Actualizado a CORE v2.20.2<\/span><span><\/span>\r\n<span><\/span>\r\n<span><\/span><span>\r\n= V 1.0.7 - 2020-06-26 =<\/span><span><\/span><span>\r\n* Actualizado a CORE v2.20.1<\/span><span><\/span>\r\n<span><\/span>\r\n<span><\/span><span>\r\n= V 1.0.6 - 2020-05-20 =<\/span><span><\/span><span>\r\n* Actualizado a CORE v2.20.0<\/span><span><\/span>\r\n<span><\/span>\r\n<span><\/span><span>\r\n= V 1.0.5 - 2020-04-20 =<\/span><span><\/span><span>\r\n* Actualizado a CORE v2.19.0<\/span><span><\/span>\r\n<span><\/span>\r\n<span><\/span><span>\r\n= V 1.0.4 - 2020-03-17 =<\/span><span><\/span><span>\r\n* Actualizado a CORE v2.18.1<\/span><span><\/span>\r\n<span><\/span>\r\n<span><\/span><span>\r\n= V 1.0.3 - 2020-03-16 =<\/span><span><\/span><span>\r\n* Actualizado a CORE v2.18.0<\/span><span><\/span>\r\n<span><\/span>\r\n<span><\/span><span>\r\n= V 1.0.2 - 2020-02-19 =<\/span><span><\/span><span>\r\n* Actualizado a CORE v2.17.0<\/span><span><\/span>\r\n<span><\/span>\r\n<span><\/span><span>\r\n= V 1.0.1 - 2020-01-13 =<\/span><span><\/span><span>\r\n* Actualizado a CORE v2.16.0<\/span><span><\/span>\r\n<span><\/span><span>\r\n= V 1.0.0 - 10\/12\/2019 =<\/span><span><\/span><span>\r\n* Versi\u00f3n inicial<\/span><\/pre>\n","protected":false},"excerpt":{"rendered":"<p>= V 1.0.18 &#8211; 2021-03-12 = * Actualizado a CORE v2.24.2 = V 1.0.17 &#8211; 2021-02-24 = * Actualizado a CORE v2.24.1 = V 1.0.16 &#8211; 2021-02-10 = * Actualizado a CORE v2.24.0 = V 1.0.15 &#8211; 2020-12-19 = * Actualizado a CORE v2.23.0 = V 1.0.14 &#8211; 21\/11\/2020 = * Actualizado a CORE v2.22.0 [&hellip;]<\/p>\n","protected":false},"author":2,"featured_media":0,"parent":492,"menu_order":0,"comment_status":"closed","ping_status":"closed","template":"","meta":{"_acf_changed":false,"_custom_body_class":"","_custom_post_class":"","footnotes":"","_links_to":"","_links_to_target":""},"class_list":["post-12131","page","type-page","status-publish","hentry","entry"],"acf":[],"yoast_head":"<!-- This site is optimized with the Yoast SEO plugin v26.8 - https:\/\/yoast.com\/product\/yoast-seo-wordpress\/ -->\n<title>Changelog - Editor Masivo de Comentarios y Rese\u00f1as - WP Sheet Editor en Espa\u00f1ol<\/title>\n<meta name=\"robots\" content=\"index, follow, max-snippet:-1, max-image-preview:large, max-video-preview:-1\" \/>\n<link rel=\"canonical\" href=\"https:\/\/wpsheeteditor.com\/es\/changelog\/comments-reviews-spreadsheet\/\" \/>\n<meta property=\"og:locale\" content=\"es_ES\" \/>\n<meta property=\"og:type\" content=\"article\" \/>\n<meta property=\"og:title\" content=\"Changelog - Editor Masivo de Comentarios y Rese\u00f1as - WP Sheet Editor en Espa\u00f1ol\" \/>\n<meta property=\"og:description\" content=\"= V 1.0.18 - 2021-03-12 = * Actualizado a CORE v2.24.2 = V 1.0.17 - 2021-02-24 = * Actualizado a CORE v2.24.1 = V 1.0.16 - 2021-02-10 = * Actualizado a CORE v2.24.0 = V 1.0.15 - 2020-12-19 = * Actualizado a CORE v2.23.0 = V 1.0.14 - 21\/11\/2020 = * Actualizado a CORE v2.22.0 [&hellip;]\" \/>\n<meta property=\"og:url\" content=\"https:\/\/wpsheeteditor.com\/es\/changelog\/comments-reviews-spreadsheet\/\" \/>\n<meta property=\"og:site_name\" content=\"WP Sheet Editor en Espa\u00f1ol\" \/>\n<meta name=\"twitter:card\" content=\"summary_large_image\" \/>\n<meta name=\"twitter:label1\" content=\"Tiempo de lectura\" \/>\n\t<meta name=\"twitter:data1\" content=\"1 minuto\" \/>\n<script type=\"application\/ld+json\" class=\"yoast-schema-graph\">{\"@context\":\"https:\/\/schema.org\",\"@graph\":[{\"@type\":\"WebPage\",\"@id\":\"https:\/\/wpsheeteditor.com\/es\/changelog\/comments-reviews-spreadsheet\/\",\"url\":\"https:\/\/wpsheeteditor.com\/es\/changelog\/comments-reviews-spreadsheet\/\",\"name\":\"Changelog - Editor Masivo de Comentarios y Rese\u00f1as - WP Sheet Editor en Espa\u00f1ol\",\"isPartOf\":{\"@id\":\"https:\/\/wpsheeteditor.com\/es\/#website\"},\"datePublished\":\"2021-04-17T19:31:55+00:00\",\"breadcrumb\":{\"@id\":\"https:\/\/wpsheeteditor.com\/es\/changelog\/comments-reviews-spreadsheet\/#breadcrumb\"},\"inLanguage\":\"es\",\"potentialAction\":[{\"@type\":\"ReadAction\",\"target\":[\"https:\/\/wpsheeteditor.com\/es\/changelog\/comments-reviews-spreadsheet\/\"]}]},{\"@type\":\"BreadcrumbList\",\"@id\":\"https:\/\/wpsheeteditor.com\/es\/changelog\/comments-reviews-spreadsheet\/#breadcrumb\",\"itemListElement\":[{\"@type\":\"ListItem\",\"position\":1,\"name\":\"Home\",\"item\":\"https:\/\/wpsheeteditor.com\/es\/\"},{\"@type\":\"ListItem\",\"position\":2,\"name\":\"Changelog\",\"item\":\"https:\/\/wpsheeteditor.com\/es\/changelog\/\"},{\"@type\":\"ListItem\",\"position\":3,\"name\":\"Changelog &#8211; Editor Masivo de Comentarios y Rese\u00f1as\"}]},{\"@type\":\"WebSite\",\"@id\":\"https:\/\/wpsheeteditor.com\/es\/#website\",\"url\":\"https:\/\/wpsheeteditor.com\/es\/\",\"name\":\"WP Sheet Editor en Espa\u00f1ol\",\"description\":\"Edita miles de posts y p\u00e1ginas r\u00e1pidamente\",\"publisher\":{\"@id\":\"https:\/\/wpsheeteditor.com\/es\/#organization\"},\"potentialAction\":[{\"@type\":\"SearchAction\",\"target\":{\"@type\":\"EntryPoint\",\"urlTemplate\":\"https:\/\/wpsheeteditor.com\/es\/?s={search_term_string}\"},\"query-input\":{\"@type\":\"PropertyValueSpecification\",\"valueRequired\":true,\"valueName\":\"search_term_string\"}}],\"inLanguage\":\"es\"},{\"@type\":\"Organization\",\"@id\":\"https:\/\/wpsheeteditor.com\/es\/#organization\",\"name\":\"WP Sheet Editor\",\"url\":\"https:\/\/wpsheeteditor.com\/es\/\",\"logo\":{\"@type\":\"ImageObject\",\"inLanguage\":\"es\",\"@id\":\"https:\/\/wpsheeteditor.com\/es\/#\/schema\/logo\/image\/\",\"url\":\"https:\/\/media.wpsheeteditor.com\/wp-content\/uploads\/sites\/3\/2016\/06\/26203459\/logo-248x102.png\",\"contentUrl\":\"https:\/\/media.wpsheeteditor.com\/wp-content\/uploads\/sites\/3\/2016\/06\/26203459\/logo-248x102.png\",\"width\":248,\"height\":102,\"caption\":\"WP Sheet Editor\"},\"image\":{\"@id\":\"https:\/\/wpsheeteditor.com\/es\/#\/schema\/logo\/image\/\"}}]}<\/script>\n<!-- \/ Yoast SEO plugin. -->","yoast_head_json":{"title":"Changelog - Editor Masivo de Comentarios y Rese\u00f1as - WP Sheet Editor en Espa\u00f1ol","robots":{"index":"index","follow":"follow","max-snippet":"max-snippet:-1","max-image-preview":"max-image-preview:large","max-video-preview":"max-video-preview:-1"},"canonical":"https:\/\/wpsheeteditor.com\/es\/changelog\/comments-reviews-spreadsheet\/","og_locale":"es_ES","og_type":"article","og_title":"Changelog - Editor Masivo de Comentarios y Rese\u00f1as - WP Sheet Editor en Espa\u00f1ol","og_description":"= V 1.0.18 - 2021-03-12 = * Actualizado a CORE v2.24.2 = V 1.0.17 - 2021-02-24 = * Actualizado a CORE v2.24.1 = V 1.0.16 - 2021-02-10 = * Actualizado a CORE v2.24.0 = V 1.0.15 - 2020-12-19 = * Actualizado a CORE v2.23.0 = V 1.0.14 - 21\/11\/2020 = * Actualizado a CORE v2.22.0 [&hellip;]","og_url":"https:\/\/wpsheeteditor.com\/es\/changelog\/comments-reviews-spreadsheet\/","og_site_name":"WP Sheet Editor en Espa\u00f1ol","twitter_card":"summary_large_image","twitter_misc":{"Tiempo de lectura":"1 minuto"},"schema":{"@context":"https:\/\/schema.org","@graph":[{"@type":"WebPage","@id":"https:\/\/wpsheeteditor.com\/es\/changelog\/comments-reviews-spreadsheet\/","url":"https:\/\/wpsheeteditor.com\/es\/changelog\/comments-reviews-spreadsheet\/","name":"Changelog - Editor Masivo de Comentarios y Rese\u00f1as - WP Sheet Editor en Espa\u00f1ol","isPartOf":{"@id":"https:\/\/wpsheeteditor.com\/es\/#website"},"datePublished":"2021-04-17T19:31:55+00:00","breadcrumb":{"@id":"https:\/\/wpsheeteditor.com\/es\/changelog\/comments-reviews-spreadsheet\/#breadcrumb"},"inLanguage":"es","potentialAction":[{"@type":"ReadAction","target":["https:\/\/wpsheeteditor.com\/es\/changelog\/comments-reviews-spreadsheet\/"]}]},{"@type":"BreadcrumbList","@id":"https:\/\/wpsheeteditor.com\/es\/changelog\/comments-reviews-spreadsheet\/#breadcrumb","itemListElement":[{"@type":"ListItem","position":1,"name":"Home","item":"https:\/\/wpsheeteditor.com\/es\/"},{"@type":"ListItem","position":2,"name":"Changelog","item":"https:\/\/wpsheeteditor.com\/es\/changelog\/"},{"@type":"ListItem","position":3,"name":"Changelog &#8211; Editor Masivo de Comentarios y Rese\u00f1as"}]},{"@type":"WebSite","@id":"https:\/\/wpsheeteditor.com\/es\/#website","url":"https:\/\/wpsheeteditor.com\/es\/","name":"WP Sheet Editor en Espa\u00f1ol","description":"Edita miles de posts y p\u00e1ginas r\u00e1pidamente","publisher":{"@id":"https:\/\/wpsheeteditor.com\/es\/#organization"},"potentialAction":[{"@type":"SearchAction","target":{"@type":"EntryPoint","urlTemplate":"https:\/\/wpsheeteditor.com\/es\/?s={search_term_string}"},"query-input":{"@type":"PropertyValueSpecification","valueRequired":true,"valueName":"search_term_string"}}],"inLanguage":"es"},{"@type":"Organization","@id":"https:\/\/wpsheeteditor.com\/es\/#organization","name":"WP Sheet Editor","url":"https:\/\/wpsheeteditor.com\/es\/","logo":{"@type":"ImageObject","inLanguage":"es","@id":"https:\/\/wpsheeteditor.com\/es\/#\/schema\/logo\/image\/","url":"https:\/\/media.wpsheeteditor.com\/wp-content\/uploads\/sites\/3\/2016\/06\/26203459\/logo-248x102.png","contentUrl":"https:\/\/media.wpsheeteditor.com\/wp-content\/uploads\/sites\/3\/2016\/06\/26203459\/logo-248x102.png","width":248,"height":102,"caption":"WP Sheet Editor"},"image":{"@id":"https:\/\/wpsheeteditor.com\/es\/#\/schema\/logo\/image\/"}}]}},"_links":{"self":[{"href":"https:\/\/wpsheeteditor.com\/es\/wp-json\/wp\/v2\/pages\/12131","targetHints":{"allow":["GET"]}}],"collection":[{"href":"https:\/\/wpsheeteditor.com\/es\/wp-json\/wp\/v2\/pages"}],"about":[{"href":"https:\/\/wpsheeteditor.com\/es\/wp-json\/wp\/v2\/types\/page"}],"author":[{"embeddable":true,"href":"https:\/\/wpsheeteditor.com\/es\/wp-json\/wp\/v2\/users\/2"}],"replies":[{"embeddable":true,"href":"https:\/\/wpsheeteditor.com\/es\/wp-json\/wp\/v2\/comments?post=12131"}],"version-history":[{"count":1,"href":"https:\/\/wpsheeteditor.com\/es\/wp-json\/wp\/v2\/pages\/12131\/revisions"}],"predecessor-version":[{"id":12132,"href":"https:\/\/wpsheeteditor.com\/es\/wp-json\/wp\/v2\/pages\/12131\/revisions\/12132"}],"up":[{"embeddable":true,"href":"https:\/\/wpsheeteditor.com\/es\/wp-json\/wp\/v2\/pages\/492"}],"wp:attachment":[{"href":"https:\/\/wpsheeteditor.com\/es\/wp-json\/wp\/v2\/media?parent=12131"}],"curies":[{"name":"wp","href":"https:\/\/api.w.org\/{rel}","templated":true}]}}