{"id":12133,"date":"2021-04-17T13:37:15","date_gmt":"2021-04-17T19:37:15","guid":{"rendered":"https:\/\/wpsheeteditor.com\/es\/?page_id=12133"},"modified":"2021-04-17T13:37:15","modified_gmt":"2021-04-17T19:37:15","slug":"woocommerce-orders-spreadsheet","status":"publish","type":"page","link":"https:\/\/wpsheeteditor.com\/es\/changelog\/woocommerce-orders-spreadsheet\/","title":{"rendered":"Changelog &#8211; Editor Masivo de Pedidos WooCommerce"},"content":{"rendered":"<pre><span>= V 1.2.12 - 2021-03-12 =<\/span><span><\/span><span>\r\n* FIX - Pedidos de WC - Peque\u00f1as correcciones de errores<\/span><span><\/span>\r\n<span><\/span>\r\n<span><\/span><span>\r\n= V 1.2.11 - 2021-02-24 =<\/span><span><\/span><span>\r\n* Actualizado a CORE v2.24.1<\/span><span><\/span>\r\n<span><\/span>\r\n<span><\/span><span>\r\n= V 1.2.10 - 10\/02\/2021 =<\/span><span><\/span><span>\r\n* CAMBIO - Pedidos de WC - Mejora las acciones masivas<\/span><span><\/span>\r\n<span><\/span>\r\n<span><\/span><span>\r\n= V 1.2.9 - 19\/12\/2020 =<\/span><span><\/span><span>\r\n* CAMBIO - Pedidos de WC - Mejora el manejo de webhooks<\/span><span><\/span>\r\n<span><\/span>\r\n<span><\/span><span>\r\n= V 1.2.8 - 21\/11\/2020 =<\/span><span><\/span><span>\r\n* CAMBIO - Pedidos de WC - Mejora el manejo de los m\u00e9todos de env\u00edo<\/span><span><\/span><span>\r\n* CAMBIAR - Pedidos de WC - Agregar m\u00e1s columnas<\/span><span><\/span>\r\n<span><\/span>\r\n<span><\/span><span>\r\n= V 1.2.7 - 2020-10-22 =<\/span><span><\/span><span>\r\n* Actualizado a CORE v2.21.3<\/span><span><\/span>\r\n<span><\/span>\r\n<span><\/span><span>\r\n= V 1.2.6 - 2020-10-11 =<\/span><span><\/span><span>\r\n* Actualizado a CORE v2.21.2<\/span><span><\/span>\r\n<span><\/span>\r\n<span><\/span><span>\r\n= V 1.2.5 - 2020-10-07 =<\/span><span><\/span><span>\r\n* Actualizado a CORE v2.21.1<\/span><span><\/span>\r\n<span><\/span>\r\n<span><\/span><span>\r\n= V 1.2.4 - 07-10-2020 =<\/span><span><\/span><span>\r\n* CAMBIAR - Pedidos de WC - Agregar m\u00e1s columnas<\/span><span><\/span>\r\n<span><\/span>\r\n<span><\/span><span>\r\n= V 1.2.3 - 2020-09-08 =<\/span><span><\/span><span>\r\n* CAMBIAR - Pedidos de WC - Agregar m\u00e1s columnas<\/span><span><\/span>\r\n<span><\/span>\r\n<span><\/span><span>\r\n= V 1.2.2 - 22-07-2020 =<\/span><span><\/span><span>\r\n* FIX - Pedidos de WC - A veces, la fecha de suscripci\u00f3n se guarda incorrectamente<\/span><span><\/span>\r\n<span><\/span>\r\n<span><\/span><span>\r\n= V 1.2.1 - 2020-06-26 =<\/span><span><\/span><span>\r\n* Actualizado a CORE v2.20.1<\/span><span><\/span>\r\n<span><\/span>\r\n<span><\/span><span>\r\n= V 1.2.0 - 2020-05-20 =<\/span><span><\/span><span>\r\n* NUEVO - Pedidos WC - Mejora el soporte para pedidos de suscripci\u00f3n<\/span><span><\/span>\r\n<span><\/span>\r\n<span><\/span><span>\r\n= V 1.1.4 - 2020-04-20 =<\/span><span><\/span><span>\r\n* CAMBIO - PEDIDOS DE WC - Mejora las opciones de b\u00fasqueda avanzada<\/span><span><\/span>\r\n<span><\/span>\r\n<span><\/span><span>\r\n= V 1.1.3 - 2020-03-17 =<\/span><span><\/span><span>\r\n* Actualizado a CORE v2.18.1<\/span><span><\/span>\r\n<span><\/span>\r\n<span><\/span><span>\r\n= V 1.1.2 - 2020-03-16 =<\/span><span><\/span><span>\r\n* Actualizado a CORE v2.18.0<\/span><span><\/span>\r\n<span><\/span>\r\n<span><\/span><span>\r\n= V 1.1.1 - 2020-02-19 =<\/span><span><\/span><span>\r\n* Actualizado a CORE v2.17.0<\/span><span><\/span>\r\n<span><\/span>\r\n<span><\/span><span>\r\n= V 1.1.0 - 2020-01-13 =<\/span><span><\/span><span>\r\n* NUEVO - PEDIDOS DE WC - Agregue columnas para mostrar la informaci\u00f3n de la factura de Germanized Pro<\/span><span><\/span><span>\r\n* NUEVO - PEDIDOS DE WC - Agregue una columna para cada clase de impuestos aplicada a los pedidos<\/span><span><\/span><span>\r\n* CAMBIO - PEDIDOS WC - La columna del m\u00e9todo de env\u00edo debe ser un men\u00fa desplegable<\/span><span><\/span><span>\r\n* CAMBIAR - PEDIDOS DE WC - La columna del m\u00e9todo de pago debe ser un men\u00fa desplegable<\/span><span><\/span><span>\r\n* CAMBIAR - PEDIDOS DE WC - La columna \"creado mediante\" debe ser un men\u00fa desplegable<\/span><span><\/span><span>\r\n* CAMBIO - PEDIDOS DE WC - Elimina columnas del sistema como date_completed, date_paid, _billing_address_index, _shipping_address_index, order_version<\/span><span><\/span>\r\n<span><\/span>\r\n<span><\/span><span>\r\n= V 1.0.4 - 2019-11-24 =<\/span><span><\/span><span>\r\n* Actualizado a CORE v2.15.4<\/span><span><\/span>\r\n<span><\/span>\r\n<span><\/span><span>\r\n= V 1.0.3 - 2019-11-18 =<\/span><span><\/span><span>\r\n* Actualizado a CORE v2.15.3<\/span><span><\/span>\r\n<span><\/span>\r\n<span><\/span><span>\r\n= V 1.0.2 - 2019-10-18 =<\/span><span><\/span><span>\r\n* Actualizado a CORE v2.15.2<\/span><span><\/span>\r\n<span><\/span>\r\n<span><\/span><span>\r\n= V 1.0.0 - 2019-10-01 =<\/span><span><\/span><span>\r\n* Versi\u00f3n inicial<\/span><\/pre>\n","protected":false},"excerpt":{"rendered":"<p>= V 1.2.12 &#8211; 2021-03-12 = * FIX &#8211; Pedidos de WC &#8211; Peque\u00f1as correcciones de errores = V 1.2.11 &#8211; 2021-02-24 = * Actualizado a CORE v2.24.1 = V 1.2.10 &#8211; 10\/02\/2021 = * CAMBIO &#8211; Pedidos de WC &#8211; Mejora las acciones masivas = V 1.2.9 &#8211; 19\/12\/2020 = * CAMBIO &#8211; Pedidos [&hellip;]<\/p>\n","protected":false},"author":2,"featured_media":0,"parent":492,"menu_order":0,"comment_status":"closed","ping_status":"closed","template":"","meta":{"_acf_changed":false,"_custom_body_class":"","_custom_post_class":"","footnotes":"","_links_to":"","_links_to_target":""},"class_list":["post-12133","page","type-page","status-publish","hentry","entry"],"acf":[],"yoast_head":"<!-- This site is optimized with the Yoast SEO plugin v26.8 - https:\/\/yoast.com\/product\/yoast-seo-wordpress\/ -->\n<title>Changelog - Editor Masivo de Pedidos WooCommerce - WP Sheet Editor en Espa\u00f1ol<\/title>\n<meta name=\"robots\" content=\"index, follow, max-snippet:-1, max-image-preview:large, max-video-preview:-1\" \/>\n<link rel=\"canonical\" href=\"https:\/\/wpsheeteditor.com\/es\/changelog\/woocommerce-orders-spreadsheet\/\" \/>\n<meta property=\"og:locale\" content=\"es_ES\" \/>\n<meta property=\"og:type\" content=\"article\" \/>\n<meta property=\"og:title\" content=\"Changelog - Editor Masivo de Pedidos WooCommerce - WP Sheet Editor en Espa\u00f1ol\" \/>\n<meta property=\"og:description\" content=\"= V 1.2.12 - 2021-03-12 = * FIX - Pedidos de WC - Peque\u00f1as correcciones de errores = V 1.2.11 - 2021-02-24 = * Actualizado a CORE v2.24.1 = V 1.2.10 - 10\/02\/2021 = * CAMBIO - Pedidos de WC - Mejora las acciones masivas = V 1.2.9 - 19\/12\/2020 = * CAMBIO - Pedidos [&hellip;]\" \/>\n<meta property=\"og:url\" content=\"https:\/\/wpsheeteditor.com\/es\/changelog\/woocommerce-orders-spreadsheet\/\" \/>\n<meta property=\"og:site_name\" content=\"WP Sheet Editor en Espa\u00f1ol\" \/>\n<meta name=\"twitter:card\" content=\"summary_large_image\" \/>\n<meta name=\"twitter:label1\" content=\"Tiempo de lectura\" \/>\n\t<meta name=\"twitter:data1\" content=\"2 minutos\" \/>\n<script type=\"application\/ld+json\" class=\"yoast-schema-graph\">{\"@context\":\"https:\/\/schema.org\",\"@graph\":[{\"@type\":\"WebPage\",\"@id\":\"https:\/\/wpsheeteditor.com\/es\/changelog\/woocommerce-orders-spreadsheet\/\",\"url\":\"https:\/\/wpsheeteditor.com\/es\/changelog\/woocommerce-orders-spreadsheet\/\",\"name\":\"Changelog - Editor Masivo de Pedidos WooCommerce - WP Sheet Editor en Espa\u00f1ol\",\"isPartOf\":{\"@id\":\"https:\/\/wpsheeteditor.com\/es\/#website\"},\"datePublished\":\"2021-04-17T19:37:15+00:00\",\"breadcrumb\":{\"@id\":\"https:\/\/wpsheeteditor.com\/es\/changelog\/woocommerce-orders-spreadsheet\/#breadcrumb\"},\"inLanguage\":\"es\",\"potentialAction\":[{\"@type\":\"ReadAction\",\"target\":[\"https:\/\/wpsheeteditor.com\/es\/changelog\/woocommerce-orders-spreadsheet\/\"]}]},{\"@type\":\"BreadcrumbList\",\"@id\":\"https:\/\/wpsheeteditor.com\/es\/changelog\/woocommerce-orders-spreadsheet\/#breadcrumb\",\"itemListElement\":[{\"@type\":\"ListItem\",\"position\":1,\"name\":\"Home\",\"item\":\"https:\/\/wpsheeteditor.com\/es\/\"},{\"@type\":\"ListItem\",\"position\":2,\"name\":\"Changelog\",\"item\":\"https:\/\/wpsheeteditor.com\/es\/changelog\/\"},{\"@type\":\"ListItem\",\"position\":3,\"name\":\"Changelog &#8211; Editor Masivo de Pedidos WooCommerce\"}]},{\"@type\":\"WebSite\",\"@id\":\"https:\/\/wpsheeteditor.com\/es\/#website\",\"url\":\"https:\/\/wpsheeteditor.com\/es\/\",\"name\":\"WP Sheet Editor en Espa\u00f1ol\",\"description\":\"Edita miles de posts y p\u00e1ginas r\u00e1pidamente\",\"publisher\":{\"@id\":\"https:\/\/wpsheeteditor.com\/es\/#organization\"},\"potentialAction\":[{\"@type\":\"SearchAction\",\"target\":{\"@type\":\"EntryPoint\",\"urlTemplate\":\"https:\/\/wpsheeteditor.com\/es\/?s={search_term_string}\"},\"query-input\":{\"@type\":\"PropertyValueSpecification\",\"valueRequired\":true,\"valueName\":\"search_term_string\"}}],\"inLanguage\":\"es\"},{\"@type\":\"Organization\",\"@id\":\"https:\/\/wpsheeteditor.com\/es\/#organization\",\"name\":\"WP Sheet Editor\",\"url\":\"https:\/\/wpsheeteditor.com\/es\/\",\"logo\":{\"@type\":\"ImageObject\",\"inLanguage\":\"es\",\"@id\":\"https:\/\/wpsheeteditor.com\/es\/#\/schema\/logo\/image\/\",\"url\":\"https:\/\/media.wpsheeteditor.com\/wp-content\/uploads\/sites\/3\/2016\/06\/26203459\/logo-248x102.png\",\"contentUrl\":\"https:\/\/media.wpsheeteditor.com\/wp-content\/uploads\/sites\/3\/2016\/06\/26203459\/logo-248x102.png\",\"width\":248,\"height\":102,\"caption\":\"WP Sheet Editor\"},\"image\":{\"@id\":\"https:\/\/wpsheeteditor.com\/es\/#\/schema\/logo\/image\/\"}}]}<\/script>\n<!-- \/ Yoast SEO plugin. -->","yoast_head_json":{"title":"Changelog - Editor Masivo de Pedidos WooCommerce - WP Sheet Editor en Espa\u00f1ol","robots":{"index":"index","follow":"follow","max-snippet":"max-snippet:-1","max-image-preview":"max-image-preview:large","max-video-preview":"max-video-preview:-1"},"canonical":"https:\/\/wpsheeteditor.com\/es\/changelog\/woocommerce-orders-spreadsheet\/","og_locale":"es_ES","og_type":"article","og_title":"Changelog - Editor Masivo de Pedidos WooCommerce - WP Sheet Editor en Espa\u00f1ol","og_description":"= V 1.2.12 - 2021-03-12 = * FIX - Pedidos de WC - Peque\u00f1as correcciones de errores = V 1.2.11 - 2021-02-24 = * Actualizado a CORE v2.24.1 = V 1.2.10 - 10\/02\/2021 = * CAMBIO - Pedidos de WC - Mejora las acciones masivas = V 1.2.9 - 19\/12\/2020 = * CAMBIO - Pedidos [&hellip;]","og_url":"https:\/\/wpsheeteditor.com\/es\/changelog\/woocommerce-orders-spreadsheet\/","og_site_name":"WP Sheet Editor en Espa\u00f1ol","twitter_card":"summary_large_image","twitter_misc":{"Tiempo de lectura":"2 minutos"},"schema":{"@context":"https:\/\/schema.org","@graph":[{"@type":"WebPage","@id":"https:\/\/wpsheeteditor.com\/es\/changelog\/woocommerce-orders-spreadsheet\/","url":"https:\/\/wpsheeteditor.com\/es\/changelog\/woocommerce-orders-spreadsheet\/","name":"Changelog - Editor Masivo de Pedidos WooCommerce - WP Sheet Editor en Espa\u00f1ol","isPartOf":{"@id":"https:\/\/wpsheeteditor.com\/es\/#website"},"datePublished":"2021-04-17T19:37:15+00:00","breadcrumb":{"@id":"https:\/\/wpsheeteditor.com\/es\/changelog\/woocommerce-orders-spreadsheet\/#breadcrumb"},"inLanguage":"es","potentialAction":[{"@type":"ReadAction","target":["https:\/\/wpsheeteditor.com\/es\/changelog\/woocommerce-orders-spreadsheet\/"]}]},{"@type":"BreadcrumbList","@id":"https:\/\/wpsheeteditor.com\/es\/changelog\/woocommerce-orders-spreadsheet\/#breadcrumb","itemListElement":[{"@type":"ListItem","position":1,"name":"Home","item":"https:\/\/wpsheeteditor.com\/es\/"},{"@type":"ListItem","position":2,"name":"Changelog","item":"https:\/\/wpsheeteditor.com\/es\/changelog\/"},{"@type":"ListItem","position":3,"name":"Changelog &#8211; Editor Masivo de Pedidos WooCommerce"}]},{"@type":"WebSite","@id":"https:\/\/wpsheeteditor.com\/es\/#website","url":"https:\/\/wpsheeteditor.com\/es\/","name":"WP Sheet Editor en Espa\u00f1ol","description":"Edita miles de posts y p\u00e1ginas r\u00e1pidamente","publisher":{"@id":"https:\/\/wpsheeteditor.com\/es\/#organization"},"potentialAction":[{"@type":"SearchAction","target":{"@type":"EntryPoint","urlTemplate":"https:\/\/wpsheeteditor.com\/es\/?s={search_term_string}"},"query-input":{"@type":"PropertyValueSpecification","valueRequired":true,"valueName":"search_term_string"}}],"inLanguage":"es"},{"@type":"Organization","@id":"https:\/\/wpsheeteditor.com\/es\/#organization","name":"WP Sheet Editor","url":"https:\/\/wpsheeteditor.com\/es\/","logo":{"@type":"ImageObject","inLanguage":"es","@id":"https:\/\/wpsheeteditor.com\/es\/#\/schema\/logo\/image\/","url":"https:\/\/media.wpsheeteditor.com\/wp-content\/uploads\/sites\/3\/2016\/06\/26203459\/logo-248x102.png","contentUrl":"https:\/\/media.wpsheeteditor.com\/wp-content\/uploads\/sites\/3\/2016\/06\/26203459\/logo-248x102.png","width":248,"height":102,"caption":"WP Sheet Editor"},"image":{"@id":"https:\/\/wpsheeteditor.com\/es\/#\/schema\/logo\/image\/"}}]}},"_links":{"self":[{"href":"https:\/\/wpsheeteditor.com\/es\/wp-json\/wp\/v2\/pages\/12133","targetHints":{"allow":["GET"]}}],"collection":[{"href":"https:\/\/wpsheeteditor.com\/es\/wp-json\/wp\/v2\/pages"}],"about":[{"href":"https:\/\/wpsheeteditor.com\/es\/wp-json\/wp\/v2\/types\/page"}],"author":[{"embeddable":true,"href":"https:\/\/wpsheeteditor.com\/es\/wp-json\/wp\/v2\/users\/2"}],"replies":[{"embeddable":true,"href":"https:\/\/wpsheeteditor.com\/es\/wp-json\/wp\/v2\/comments?post=12133"}],"version-history":[{"count":2,"href":"https:\/\/wpsheeteditor.com\/es\/wp-json\/wp\/v2\/pages\/12133\/revisions"}],"predecessor-version":[{"id":12135,"href":"https:\/\/wpsheeteditor.com\/es\/wp-json\/wp\/v2\/pages\/12133\/revisions\/12135"}],"up":[{"embeddable":true,"href":"https:\/\/wpsheeteditor.com\/es\/wp-json\/wp\/v2\/pages\/492"}],"wp:attachment":[{"href":"https:\/\/wpsheeteditor.com\/es\/wp-json\/wp\/v2\/media?parent=12133"}],"curies":[{"name":"wp","href":"https:\/\/api.w.org\/{rel}","templated":true}]}}