{"id":2306,"date":"2019-03-06T03:05:33","date_gmt":"2019-03-06T09:05:33","guid":{"rendered":"https:\/\/wpsheeteditor.com\/es\/?page_id=2306"},"modified":"2021-04-17T13:23:28","modified_gmt":"2021-04-17T19:23:28","slug":"givewp-spreadsheet","status":"publish","type":"page","link":"https:\/\/wpsheeteditor.com\/es\/changelog\/givewp-spreadsheet\/","title":{"rendered":"Changelog &#8211; Editor Masivo de Donaciones GiveWP"},"content":{"rendered":"<pre><span>------ V 1.0.2 - 2019-04-23 ------<\/span><span><\/span><span>\r\nActualizado a CORE v2.11.1<\/span><span><\/span>\r\n<span><\/span><span>\r\n------ V 1.0.1 - 2019-04-17 ------<\/span><span><\/span><span>\r\nActualizado a CORE v2.11.0<\/span><span><\/span>\r\n<span><\/span><span>\r\n------ V 1.0.0 - 2019-03-06 ------<\/span><span><\/span><span>\r\nVersi\u00f3n inicial.<\/span><\/pre>\n","protected":false},"excerpt":{"rendered":"<p>&#8212;&#8212; V 1.0.2 &#8211; 2019-04-23 &#8212;&#8212; Actualizado a CORE v2.11.1 &#8212;&#8212; V 1.0.1 &#8211; 2019-04-17 &#8212;&#8212; Actualizado a CORE v2.11.0 &#8212;&#8212; V 1.0.0 &#8211; 2019-03-06 &#8212;&#8212; Versi\u00f3n inicial.<\/p>\n","protected":false},"author":1,"featured_media":0,"parent":492,"menu_order":0,"comment_status":"closed","ping_status":"closed","template":"","meta":{"_acf_changed":false,"_custom_body_class":"","_custom_post_class":"","footnotes":"","_links_to":"","_links_to_target":""},"class_list":["post-2306","page","type-page","status-publish","hentry","entry"],"acf":[],"yoast_head":"<!-- This site is optimized with the Yoast SEO plugin v26.8 - https:\/\/yoast.com\/product\/yoast-seo-wordpress\/ -->\n<title>Changelog - Editor Masivo de Donaciones GiveWP - WP Sheet Editor en Espa\u00f1ol<\/title>\n<meta name=\"robots\" content=\"index, follow, max-snippet:-1, max-image-preview:large, max-video-preview:-1\" \/>\n<link rel=\"canonical\" href=\"https:\/\/wpsheeteditor.com\/es\/changelog\/givewp-spreadsheet\/\" \/>\n<meta property=\"og:locale\" content=\"es_ES\" \/>\n<meta property=\"og:type\" content=\"article\" \/>\n<meta property=\"og:title\" content=\"Changelog - Editor Masivo de Donaciones GiveWP - WP Sheet Editor en Espa\u00f1ol\" \/>\n<meta property=\"og:description\" content=\"------ V 1.0.2 - 2019-04-23 ------ Actualizado a CORE v2.11.1 ------ V 1.0.1 - 2019-04-17 ------ Actualizado a CORE v2.11.0 ------ V 1.0.0 - 2019-03-06 ------ Versi\u00f3n inicial.\" \/>\n<meta property=\"og:url\" content=\"https:\/\/wpsheeteditor.com\/es\/changelog\/givewp-spreadsheet\/\" \/>\n<meta property=\"og:site_name\" content=\"WP Sheet Editor en Espa\u00f1ol\" \/>\n<meta property=\"article:modified_time\" content=\"2021-04-17T19:23:28+00:00\" \/>\n<meta name=\"twitter:card\" content=\"summary_large_image\" \/>\n<meta name=\"twitter:label1\" content=\"Tiempo de lectura\" \/>\n\t<meta name=\"twitter:data1\" content=\"1 minuto\" \/>\n<script type=\"application\/ld+json\" class=\"yoast-schema-graph\">{\"@context\":\"https:\/\/schema.org\",\"@graph\":[{\"@type\":\"WebPage\",\"@id\":\"https:\/\/wpsheeteditor.com\/es\/changelog\/givewp-spreadsheet\/\",\"url\":\"https:\/\/wpsheeteditor.com\/es\/changelog\/givewp-spreadsheet\/\",\"name\":\"Changelog - Editor Masivo de Donaciones GiveWP - WP Sheet Editor en Espa\u00f1ol\",\"isPartOf\":{\"@id\":\"https:\/\/wpsheeteditor.com\/es\/#website\"},\"datePublished\":\"2019-03-06T09:05:33+00:00\",\"dateModified\":\"2021-04-17T19:23:28+00:00\",\"breadcrumb\":{\"@id\":\"https:\/\/wpsheeteditor.com\/es\/changelog\/givewp-spreadsheet\/#breadcrumb\"},\"inLanguage\":\"es\",\"potentialAction\":[{\"@type\":\"ReadAction\",\"target\":[\"https:\/\/wpsheeteditor.com\/es\/changelog\/givewp-spreadsheet\/\"]}]},{\"@type\":\"BreadcrumbList\",\"@id\":\"https:\/\/wpsheeteditor.com\/es\/changelog\/givewp-spreadsheet\/#breadcrumb\",\"itemListElement\":[{\"@type\":\"ListItem\",\"position\":1,\"name\":\"Home\",\"item\":\"https:\/\/wpsheeteditor.com\/es\/\"},{\"@type\":\"ListItem\",\"position\":2,\"name\":\"Changelog\",\"item\":\"https:\/\/wpsheeteditor.com\/es\/changelog\/\"},{\"@type\":\"ListItem\",\"position\":3,\"name\":\"Changelog &#8211; Editor Masivo de Donaciones GiveWP\"}]},{\"@type\":\"WebSite\",\"@id\":\"https:\/\/wpsheeteditor.com\/es\/#website\",\"url\":\"https:\/\/wpsheeteditor.com\/es\/\",\"name\":\"WP Sheet Editor en Espa\u00f1ol\",\"description\":\"Edita miles de posts y p\u00e1ginas r\u00e1pidamente\",\"publisher\":{\"@id\":\"https:\/\/wpsheeteditor.com\/es\/#organization\"},\"potentialAction\":[{\"@type\":\"SearchAction\",\"target\":{\"@type\":\"EntryPoint\",\"urlTemplate\":\"https:\/\/wpsheeteditor.com\/es\/?s={search_term_string}\"},\"query-input\":{\"@type\":\"PropertyValueSpecification\",\"valueRequired\":true,\"valueName\":\"search_term_string\"}}],\"inLanguage\":\"es\"},{\"@type\":\"Organization\",\"@id\":\"https:\/\/wpsheeteditor.com\/es\/#organization\",\"name\":\"WP Sheet Editor\",\"url\":\"https:\/\/wpsheeteditor.com\/es\/\",\"logo\":{\"@type\":\"ImageObject\",\"inLanguage\":\"es\",\"@id\":\"https:\/\/wpsheeteditor.com\/es\/#\/schema\/logo\/image\/\",\"url\":\"https:\/\/media.wpsheeteditor.com\/wp-content\/uploads\/sites\/3\/2016\/06\/26203459\/logo-248x102.png\",\"contentUrl\":\"https:\/\/media.wpsheeteditor.com\/wp-content\/uploads\/sites\/3\/2016\/06\/26203459\/logo-248x102.png\",\"width\":248,\"height\":102,\"caption\":\"WP Sheet Editor\"},\"image\":{\"@id\":\"https:\/\/wpsheeteditor.com\/es\/#\/schema\/logo\/image\/\"}}]}<\/script>\n<!-- \/ Yoast SEO plugin. -->","yoast_head_json":{"title":"Changelog - Editor Masivo de Donaciones GiveWP - WP Sheet Editor en Espa\u00f1ol","robots":{"index":"index","follow":"follow","max-snippet":"max-snippet:-1","max-image-preview":"max-image-preview:large","max-video-preview":"max-video-preview:-1"},"canonical":"https:\/\/wpsheeteditor.com\/es\/changelog\/givewp-spreadsheet\/","og_locale":"es_ES","og_type":"article","og_title":"Changelog - Editor Masivo de Donaciones GiveWP - WP Sheet Editor en Espa\u00f1ol","og_description":"------ V 1.0.2 - 2019-04-23 ------ Actualizado a CORE v2.11.1 ------ V 1.0.1 - 2019-04-17 ------ Actualizado a CORE v2.11.0 ------ V 1.0.0 - 2019-03-06 ------ Versi\u00f3n inicial.","og_url":"https:\/\/wpsheeteditor.com\/es\/changelog\/givewp-spreadsheet\/","og_site_name":"WP Sheet Editor en Espa\u00f1ol","article_modified_time":"2021-04-17T19:23:28+00:00","twitter_card":"summary_large_image","twitter_misc":{"Tiempo de lectura":"1 minuto"},"schema":{"@context":"https:\/\/schema.org","@graph":[{"@type":"WebPage","@id":"https:\/\/wpsheeteditor.com\/es\/changelog\/givewp-spreadsheet\/","url":"https:\/\/wpsheeteditor.com\/es\/changelog\/givewp-spreadsheet\/","name":"Changelog - Editor Masivo de Donaciones GiveWP - WP Sheet Editor en Espa\u00f1ol","isPartOf":{"@id":"https:\/\/wpsheeteditor.com\/es\/#website"},"datePublished":"2019-03-06T09:05:33+00:00","dateModified":"2021-04-17T19:23:28+00:00","breadcrumb":{"@id":"https:\/\/wpsheeteditor.com\/es\/changelog\/givewp-spreadsheet\/#breadcrumb"},"inLanguage":"es","potentialAction":[{"@type":"ReadAction","target":["https:\/\/wpsheeteditor.com\/es\/changelog\/givewp-spreadsheet\/"]}]},{"@type":"BreadcrumbList","@id":"https:\/\/wpsheeteditor.com\/es\/changelog\/givewp-spreadsheet\/#breadcrumb","itemListElement":[{"@type":"ListItem","position":1,"name":"Home","item":"https:\/\/wpsheeteditor.com\/es\/"},{"@type":"ListItem","position":2,"name":"Changelog","item":"https:\/\/wpsheeteditor.com\/es\/changelog\/"},{"@type":"ListItem","position":3,"name":"Changelog &#8211; Editor Masivo de Donaciones GiveWP"}]},{"@type":"WebSite","@id":"https:\/\/wpsheeteditor.com\/es\/#website","url":"https:\/\/wpsheeteditor.com\/es\/","name":"WP Sheet Editor en Espa\u00f1ol","description":"Edita miles de posts y p\u00e1ginas r\u00e1pidamente","publisher":{"@id":"https:\/\/wpsheeteditor.com\/es\/#organization"},"potentialAction":[{"@type":"SearchAction","target":{"@type":"EntryPoint","urlTemplate":"https:\/\/wpsheeteditor.com\/es\/?s={search_term_string}"},"query-input":{"@type":"PropertyValueSpecification","valueRequired":true,"valueName":"search_term_string"}}],"inLanguage":"es"},{"@type":"Organization","@id":"https:\/\/wpsheeteditor.com\/es\/#organization","name":"WP Sheet Editor","url":"https:\/\/wpsheeteditor.com\/es\/","logo":{"@type":"ImageObject","inLanguage":"es","@id":"https:\/\/wpsheeteditor.com\/es\/#\/schema\/logo\/image\/","url":"https:\/\/media.wpsheeteditor.com\/wp-content\/uploads\/sites\/3\/2016\/06\/26203459\/logo-248x102.png","contentUrl":"https:\/\/media.wpsheeteditor.com\/wp-content\/uploads\/sites\/3\/2016\/06\/26203459\/logo-248x102.png","width":248,"height":102,"caption":"WP Sheet Editor"},"image":{"@id":"https:\/\/wpsheeteditor.com\/es\/#\/schema\/logo\/image\/"}}]}},"_links":{"self":[{"href":"https:\/\/wpsheeteditor.com\/es\/wp-json\/wp\/v2\/pages\/2306","targetHints":{"allow":["GET"]}}],"collection":[{"href":"https:\/\/wpsheeteditor.com\/es\/wp-json\/wp\/v2\/pages"}],"about":[{"href":"https:\/\/wpsheeteditor.com\/es\/wp-json\/wp\/v2\/types\/page"}],"author":[{"embeddable":true,"href":"https:\/\/wpsheeteditor.com\/es\/wp-json\/wp\/v2\/users\/1"}],"replies":[{"embeddable":true,"href":"https:\/\/wpsheeteditor.com\/es\/wp-json\/wp\/v2\/comments?post=2306"}],"version-history":[{"count":3,"href":"https:\/\/wpsheeteditor.com\/es\/wp-json\/wp\/v2\/pages\/2306\/revisions"}],"predecessor-version":[{"id":12126,"href":"https:\/\/wpsheeteditor.com\/es\/wp-json\/wp\/v2\/pages\/2306\/revisions\/12126"}],"up":[{"embeddable":true,"href":"https:\/\/wpsheeteditor.com\/es\/wp-json\/wp\/v2\/pages\/492"}],"wp:attachment":[{"href":"https:\/\/wpsheeteditor.com\/es\/wp-json\/wp\/v2\/media?parent=2306"}],"curies":[{"name":"wp","href":"https:\/\/api.w.org\/{rel}","templated":true}]}}