{"id":239,"date":"2016-06-30T12:51:42","date_gmt":"2016-06-30T18:51:42","guid":{"rendered":"https:\/\/wpsheeteditor.com\/es\/?page_id=239"},"modified":"2021-04-13T18:55:28","modified_gmt":"2021-04-14T00:55:28","slug":"afiliados","status":"publish","type":"page","link":"https:\/\/wpsheeteditor.com\/es\/empresa\/afiliados\/","title":{"rendered":"Programa de Afiliados"},"content":{"rendered":"<p>[vc_row][vc_column][vc_column_text]<\/p>\n<p style=\"text-align: center\">WP Sheet Editor es un plugin que te permite administrar tus posts de WordPress f\u00e1cilmente.<\/p>\n<p style=\"text-align: center\">Te da acceso a una hermosa hoja de c\u00e1lculo donde puedes editar toda la informaci\u00f3n de tus posts r\u00e1pidamente movi\u00e9ndote de celda en celda.<\/p>\n<p style=\"text-align: center\">Puedes usar el editor en posts, p\u00e1ginas, productos de WooCommerce, y archivos.<\/p>\n<p>[\/vc_column_text][vc_column_text]<\/p>\n<h2 style=\"text-align: center\"><span style=\"font-weight: 400\">Gana dinero con nuestro plugin<\/span><\/h2>\n<div class=\"content-list-need\">\n<p><span class=\"list-need\" style=\"font-weight: 400\"><span class=\"check\"><img decoding=\"async\" src=\"https:\/\/media.wpsheeteditor.com\/wp-content\/uploads\/sites\/3\/2016\/03\/26203338\/check.png\" alt=\"\" \/>Escribe sobre nuestro plugin en tu blog, medios sociales y bolet\u00edn de noticias<\/span><\/span><\/p>\n<p><span class=\"list-need\" style=\"font-weight: 400\"><span class=\"check\"><img decoding=\"async\" src=\"https:\/\/media.wpsheeteditor.com\/wp-content\/uploads\/sites\/3\/2016\/03\/26203338\/check.png\" alt=\"\" \/>A\u00f1ade nuestros banners a tu blog<\/span><\/span><\/p>\n<p><span class=\"list-need\" style=\"font-weight: 400\"><span class=\"check\"><img decoding=\"async\" src=\"https:\/\/media.wpsheeteditor.com\/wp-content\/uploads\/sites\/3\/2016\/03\/26203338\/check.png\" alt=\"\" \/>Cu\u00e9ntales a tus amigos, lectores, seguidores y clientes sobre nuestro plugin<\/span><\/span><\/p>\n<p><span class=\"list-need\" style=\"font-weight: 400\"><span class=\"check\"><img decoding=\"async\" src=\"https:\/\/media.wpsheeteditor.com\/wp-content\/uploads\/sites\/3\/2016\/03\/26203338\/check.png\" alt=\"\" \/>Gana dinero<\/span><\/span><\/p>\n<\/div>\n<p>[\/vc_column_text][vc_btn title=&#8221;\u00danete a nuestro programa de afiliados&#8221; style=&#8221;custom&#8221; custom_background=&#8221;#1877c6&#8243; custom_text=&#8221;#ffffff&#8221; size=&#8221;lg&#8221; align=&#8221;center&#8221; css_animation=&#8221;appear&#8221; link=&#8221;url:https%3A%2F%2Fwpsheeteditor.com%2Fes%2Fempresa%2Fafiliados%2Funete%2F|||&#8221;][\/vc_column][\/vc_row]<\/p>\n","protected":false},"excerpt":{"rendered":"<p>[vc_row][vc_column][vc_column_text] WP Sheet Editor es un plugin que te permite administrar tus posts de WordPress f\u00e1cilmente. Te da acceso a una hermosa hoja de c\u00e1lculo donde puedes editar toda la informaci\u00f3n de tus posts r\u00e1pidamente movi\u00e9ndote de celda en celda. Puedes usar el editor en posts, p\u00e1ginas, productos de WooCommerce, y archivos. [\/vc_column_text][vc_column_text] Gana dinero [&hellip;]<\/p>\n","protected":false},"author":1,"featured_media":0,"parent":706,"menu_order":0,"comment_status":"closed","ping_status":"closed","template":"","meta":{"_acf_changed":false,"_custom_body_class":"","_custom_post_class":"","footnotes":"","_links_to":"","_links_to_target":""},"class_list":["post-239","page","type-page","status-publish","hentry","entry"],"acf":[],"yoast_head":"<!-- This site is optimized with the Yoast SEO plugin v26.8 - https:\/\/yoast.com\/product\/yoast-seo-wordpress\/ -->\n<title>Programa de Afiliados - WP Sheet Editor en Espa\u00f1ol<\/title>\n<meta name=\"robots\" content=\"index, follow, max-snippet:-1, max-image-preview:large, max-video-preview:-1\" \/>\n<link rel=\"canonical\" href=\"https:\/\/wpsheeteditor.com\/es\/empresa\/afiliados\/\" \/>\n<meta property=\"og:locale\" content=\"es_ES\" \/>\n<meta property=\"og:type\" content=\"article\" \/>\n<meta property=\"og:title\" content=\"Programa de Afiliados - WP Sheet Editor en Espa\u00f1ol\" \/>\n<meta property=\"og:description\" content=\"[vc_row][vc_column][vc_column_text] WP Sheet Editor es un plugin que te permite administrar tus posts de WordPress f\u00e1cilmente. Te da acceso a una hermosa hoja de c\u00e1lculo donde puedes editar toda la informaci\u00f3n de tus posts r\u00e1pidamente movi\u00e9ndote de celda en celda. Puedes usar el editor en posts, p\u00e1ginas, productos de WooCommerce, y archivos. [\/vc_column_text][vc_column_text] Gana dinero [&hellip;]\" \/>\n<meta property=\"og:url\" content=\"https:\/\/wpsheeteditor.com\/es\/empresa\/afiliados\/\" \/>\n<meta property=\"og:site_name\" content=\"WP Sheet Editor en Espa\u00f1ol\" \/>\n<meta property=\"article:modified_time\" content=\"2021-04-14T00:55:28+00:00\" \/>\n<meta property=\"og:image\" content=\"https:\/\/wpsheeteditor.com\/es\/wp-content\/uploads\/sites\/3\/2016\/03\/check.png\" \/>\n<meta name=\"twitter:card\" content=\"summary_large_image\" \/>\n<meta name=\"twitter:label1\" content=\"Tiempo de lectura\" \/>\n\t<meta name=\"twitter:data1\" content=\"2 minutos\" \/>\n<script type=\"application\/ld+json\" class=\"yoast-schema-graph\">{\"@context\":\"https:\/\/schema.org\",\"@graph\":[{\"@type\":\"WebPage\",\"@id\":\"https:\/\/wpsheeteditor.com\/es\/empresa\/afiliados\/\",\"url\":\"https:\/\/wpsheeteditor.com\/es\/empresa\/afiliados\/\",\"name\":\"Programa de Afiliados - WP Sheet Editor en Espa\u00f1ol\",\"isPartOf\":{\"@id\":\"https:\/\/wpsheeteditor.com\/es\/#website\"},\"primaryImageOfPage\":{\"@id\":\"https:\/\/wpsheeteditor.com\/es\/empresa\/afiliados\/#primaryimage\"},\"image\":{\"@id\":\"https:\/\/wpsheeteditor.com\/es\/empresa\/afiliados\/#primaryimage\"},\"thumbnailUrl\":\"https:\/\/wpsheeteditor.com\/es\/wp-content\/uploads\/sites\/3\/2016\/03\/check.png\",\"datePublished\":\"2016-06-30T18:51:42+00:00\",\"dateModified\":\"2021-04-14T00:55:28+00:00\",\"breadcrumb\":{\"@id\":\"https:\/\/wpsheeteditor.com\/es\/empresa\/afiliados\/#breadcrumb\"},\"inLanguage\":\"es\",\"potentialAction\":[{\"@type\":\"ReadAction\",\"target\":[\"https:\/\/wpsheeteditor.com\/es\/empresa\/afiliados\/\"]}]},{\"@type\":\"ImageObject\",\"inLanguage\":\"es\",\"@id\":\"https:\/\/wpsheeteditor.com\/es\/empresa\/afiliados\/#primaryimage\",\"url\":\"https:\/\/media.wpsheeteditor.com\/wp-content\/uploads\/sites\/3\/2016\/03\/26203338\/check.png\",\"contentUrl\":\"https:\/\/media.wpsheeteditor.com\/wp-content\/uploads\/sites\/3\/2016\/03\/26203338\/check.png\",\"width\":34,\"height\":35},{\"@type\":\"BreadcrumbList\",\"@id\":\"https:\/\/wpsheeteditor.com\/es\/empresa\/afiliados\/#breadcrumb\",\"itemListElement\":[{\"@type\":\"ListItem\",\"position\":1,\"name\":\"Home\",\"item\":\"https:\/\/wpsheeteditor.com\/es\/\"},{\"@type\":\"ListItem\",\"position\":2,\"name\":\"Empresa\",\"item\":\"https:\/\/wpsheeteditor.com\/es\/empresa\/\"},{\"@type\":\"ListItem\",\"position\":3,\"name\":\"Programa de Afiliados\"}]},{\"@type\":\"WebSite\",\"@id\":\"https:\/\/wpsheeteditor.com\/es\/#website\",\"url\":\"https:\/\/wpsheeteditor.com\/es\/\",\"name\":\"WP Sheet Editor en Espa\u00f1ol\",\"description\":\"Edita miles de posts y p\u00e1ginas r\u00e1pidamente\",\"publisher\":{\"@id\":\"https:\/\/wpsheeteditor.com\/es\/#organization\"},\"potentialAction\":[{\"@type\":\"SearchAction\",\"target\":{\"@type\":\"EntryPoint\",\"urlTemplate\":\"https:\/\/wpsheeteditor.com\/es\/?s={search_term_string}\"},\"query-input\":{\"@type\":\"PropertyValueSpecification\",\"valueRequired\":true,\"valueName\":\"search_term_string\"}}],\"inLanguage\":\"es\"},{\"@type\":\"Organization\",\"@id\":\"https:\/\/wpsheeteditor.com\/es\/#organization\",\"name\":\"WP Sheet Editor\",\"url\":\"https:\/\/wpsheeteditor.com\/es\/\",\"logo\":{\"@type\":\"ImageObject\",\"inLanguage\":\"es\",\"@id\":\"https:\/\/wpsheeteditor.com\/es\/#\/schema\/logo\/image\/\",\"url\":\"https:\/\/media.wpsheeteditor.com\/wp-content\/uploads\/sites\/3\/2016\/06\/26203459\/logo-248x102.png\",\"contentUrl\":\"https:\/\/media.wpsheeteditor.com\/wp-content\/uploads\/sites\/3\/2016\/06\/26203459\/logo-248x102.png\",\"width\":248,\"height\":102,\"caption\":\"WP Sheet Editor\"},\"image\":{\"@id\":\"https:\/\/wpsheeteditor.com\/es\/#\/schema\/logo\/image\/\"}}]}<\/script>\n<!-- \/ Yoast SEO plugin. -->","yoast_head_json":{"title":"Programa de Afiliados - WP Sheet Editor en Espa\u00f1ol","robots":{"index":"index","follow":"follow","max-snippet":"max-snippet:-1","max-image-preview":"max-image-preview:large","max-video-preview":"max-video-preview:-1"},"canonical":"https:\/\/wpsheeteditor.com\/es\/empresa\/afiliados\/","og_locale":"es_ES","og_type":"article","og_title":"Programa de Afiliados - WP Sheet Editor en Espa\u00f1ol","og_description":"[vc_row][vc_column][vc_column_text] WP Sheet Editor es un plugin que te permite administrar tus posts de WordPress f\u00e1cilmente. Te da acceso a una hermosa hoja de c\u00e1lculo donde puedes editar toda la informaci\u00f3n de tus posts r\u00e1pidamente movi\u00e9ndote de celda en celda. Puedes usar el editor en posts, p\u00e1ginas, productos de WooCommerce, y archivos. [\/vc_column_text][vc_column_text] Gana dinero [&hellip;]","og_url":"https:\/\/wpsheeteditor.com\/es\/empresa\/afiliados\/","og_site_name":"WP Sheet Editor en Espa\u00f1ol","article_modified_time":"2021-04-14T00:55:28+00:00","og_image":[{"url":"https:\/\/wpsheeteditor.com\/es\/wp-content\/uploads\/sites\/3\/2016\/03\/check.png","type":"","width":"","height":""}],"twitter_card":"summary_large_image","twitter_misc":{"Tiempo de lectura":"2 minutos"},"schema":{"@context":"https:\/\/schema.org","@graph":[{"@type":"WebPage","@id":"https:\/\/wpsheeteditor.com\/es\/empresa\/afiliados\/","url":"https:\/\/wpsheeteditor.com\/es\/empresa\/afiliados\/","name":"Programa de Afiliados - WP Sheet Editor en Espa\u00f1ol","isPartOf":{"@id":"https:\/\/wpsheeteditor.com\/es\/#website"},"primaryImageOfPage":{"@id":"https:\/\/wpsheeteditor.com\/es\/empresa\/afiliados\/#primaryimage"},"image":{"@id":"https:\/\/wpsheeteditor.com\/es\/empresa\/afiliados\/#primaryimage"},"thumbnailUrl":"https:\/\/wpsheeteditor.com\/es\/wp-content\/uploads\/sites\/3\/2016\/03\/check.png","datePublished":"2016-06-30T18:51:42+00:00","dateModified":"2021-04-14T00:55:28+00:00","breadcrumb":{"@id":"https:\/\/wpsheeteditor.com\/es\/empresa\/afiliados\/#breadcrumb"},"inLanguage":"es","potentialAction":[{"@type":"ReadAction","target":["https:\/\/wpsheeteditor.com\/es\/empresa\/afiliados\/"]}]},{"@type":"ImageObject","inLanguage":"es","@id":"https:\/\/wpsheeteditor.com\/es\/empresa\/afiliados\/#primaryimage","url":"https:\/\/media.wpsheeteditor.com\/wp-content\/uploads\/sites\/3\/2016\/03\/26203338\/check.png","contentUrl":"https:\/\/media.wpsheeteditor.com\/wp-content\/uploads\/sites\/3\/2016\/03\/26203338\/check.png","width":34,"height":35},{"@type":"BreadcrumbList","@id":"https:\/\/wpsheeteditor.com\/es\/empresa\/afiliados\/#breadcrumb","itemListElement":[{"@type":"ListItem","position":1,"name":"Home","item":"https:\/\/wpsheeteditor.com\/es\/"},{"@type":"ListItem","position":2,"name":"Empresa","item":"https:\/\/wpsheeteditor.com\/es\/empresa\/"},{"@type":"ListItem","position":3,"name":"Programa de Afiliados"}]},{"@type":"WebSite","@id":"https:\/\/wpsheeteditor.com\/es\/#website","url":"https:\/\/wpsheeteditor.com\/es\/","name":"WP Sheet Editor en Espa\u00f1ol","description":"Edita miles de posts y p\u00e1ginas r\u00e1pidamente","publisher":{"@id":"https:\/\/wpsheeteditor.com\/es\/#organization"},"potentialAction":[{"@type":"SearchAction","target":{"@type":"EntryPoint","urlTemplate":"https:\/\/wpsheeteditor.com\/es\/?s={search_term_string}"},"query-input":{"@type":"PropertyValueSpecification","valueRequired":true,"valueName":"search_term_string"}}],"inLanguage":"es"},{"@type":"Organization","@id":"https:\/\/wpsheeteditor.com\/es\/#organization","name":"WP Sheet Editor","url":"https:\/\/wpsheeteditor.com\/es\/","logo":{"@type":"ImageObject","inLanguage":"es","@id":"https:\/\/wpsheeteditor.com\/es\/#\/schema\/logo\/image\/","url":"https:\/\/media.wpsheeteditor.com\/wp-content\/uploads\/sites\/3\/2016\/06\/26203459\/logo-248x102.png","contentUrl":"https:\/\/media.wpsheeteditor.com\/wp-content\/uploads\/sites\/3\/2016\/06\/26203459\/logo-248x102.png","width":248,"height":102,"caption":"WP Sheet Editor"},"image":{"@id":"https:\/\/wpsheeteditor.com\/es\/#\/schema\/logo\/image\/"}}]}},"_links":{"self":[{"href":"https:\/\/wpsheeteditor.com\/es\/wp-json\/wp\/v2\/pages\/239","targetHints":{"allow":["GET"]}}],"collection":[{"href":"https:\/\/wpsheeteditor.com\/es\/wp-json\/wp\/v2\/pages"}],"about":[{"href":"https:\/\/wpsheeteditor.com\/es\/wp-json\/wp\/v2\/types\/page"}],"author":[{"embeddable":true,"href":"https:\/\/wpsheeteditor.com\/es\/wp-json\/wp\/v2\/users\/1"}],"replies":[{"embeddable":true,"href":"https:\/\/wpsheeteditor.com\/es\/wp-json\/wp\/v2\/comments?post=239"}],"version-history":[{"count":4,"href":"https:\/\/wpsheeteditor.com\/es\/wp-json\/wp\/v2\/pages\/239\/revisions"}],"predecessor-version":[{"id":11947,"href":"https:\/\/wpsheeteditor.com\/es\/wp-json\/wp\/v2\/pages\/239\/revisions\/11947"}],"up":[{"embeddable":true,"href":"https:\/\/wpsheeteditor.com\/es\/wp-json\/wp\/v2\/pages\/706"}],"wp:attachment":[{"href":"https:\/\/wpsheeteditor.com\/es\/wp-json\/wp\/v2\/media?parent=239"}],"curies":[{"name":"wp","href":"https:\/\/api.w.org\/{rel}","templated":true}]}}