{"id":297,"date":"2016-07-09T21:15:12","date_gmt":"2016-07-10T03:15:12","guid":{"rendered":"https:\/\/wpsheeteditor.com\/es\/?page_id=297"},"modified":"2019-08-09T13:38:50","modified_gmt":"2019-08-09T19:38:50","slug":"unete","status":"publish","type":"page","link":"https:\/\/wpsheeteditor.com\/es\/empresa\/afiliados\/unete\/","title":{"rendered":"\u00danete a nuestro programa de afiliados"},"content":{"rendered":"<p>Por favor, rellena el siguiente formulario para unirte a nuestro programa de afiliados. Revisaremos tu solicitud lo antes posible.<\/p>\n<div class=\"wpforms-container wpforms-container-full\" id=\"wpforms-5174\"><form id=\"wpforms-form-5174\" class=\"wpforms-validate wpforms-form wpforms-ajax-form\" data-formid=\"5174\" method=\"post\" enctype=\"multipart\/form-data\" action=\"\/es\/wp-json\/wp\/v2\/pages\/297\" data-token=\"648a10e9bc7d3f15cafcfabeda48ad03\" data-token-time=\"1773657775\"><noscript class=\"wpforms-error-noscript\">Por favor, activa JavaScript en tu navegador para completar este formulario.<\/noscript><div class=\"wpforms-field-container\"><div id=\"wpforms-5174-field_1-container\" class=\"wpforms-field wpforms-field-text\" data-field-id=\"1\"><label class=\"wpforms-field-label\" for=\"wpforms-5174-field_1\">Nombre <span class=\"wpforms-required-label\">*<\/span><\/label><input type=\"text\" id=\"wpforms-5174-field_1\" class=\"wpforms-field-medium wpforms-field-required\" name=\"wpforms[fields][1]\" required><\/div><div id=\"wpforms-5174-field_2-container\" class=\"wpforms-field wpforms-field-email\" data-field-id=\"2\"><label class=\"wpforms-field-label\" for=\"wpforms-5174-field_2\">Email <span class=\"wpforms-required-label\">*<\/span><\/label><input type=\"email\" id=\"wpforms-5174-field_2\" class=\"wpforms-field-medium wpforms-field-required\" name=\"wpforms[fields][2]\" spellcheck=\"false\" required><\/div><div id=\"wpforms-5174-field_7-container\" class=\"wpforms-field wpforms-field-checkbox\" data-field-id=\"7\"><label class=\"wpforms-field-label\">\u00bfCu\u00e1les hojas de c\u00e1lculo quieres promover? <span class=\"wpforms-required-label\">*<\/span><\/label><ul id=\"wpforms-5174-field_7\" class=\"wpforms-field-required\"><li class=\"choice-0 depth-1\"><input type=\"checkbox\" id=\"wpforms-5174-field_7_0\" name=\"wpforms[fields][7][]\" value=\"19498\" required ><label class=\"wpforms-field-label-inline\" for=\"wpforms-5174-field_7_0\">Automatiza la gesti\u00f3n de contenido<\/label><\/li><li class=\"choice-1 depth-1\"><input type=\"checkbox\" id=\"wpforms-5174-field_7_1\" name=\"wpforms[fields][7][]\" value=\"1013\" required ><label class=\"wpforms-field-label-inline\" for=\"wpforms-5174-field_7_1\">Descarga todos nuestros plugins<\/label><\/li><li class=\"choice-2 depth-1\"><input type=\"checkbox\" id=\"wpforms-5174-field_7_2\" name=\"wpforms[fields][7][]\" value=\"778\" required ><label class=\"wpforms-field-label-inline\" for=\"wpforms-5174-field_7_2\">Editar Productos WooCommerce en una Tabla u Hoja de C\u00e1lculo<\/label><\/li><li class=\"choice-3 depth-1\"><input type=\"checkbox\" id=\"wpforms-5174-field_7_3\" name=\"wpforms[fields][7][]\" value=\"10709\" required ><label class=\"wpforms-field-label-inline\" for=\"wpforms-5174-field_7_3\">Editor Masivo de Bases de Datos Personalizadas<\/label><\/li><li class=\"choice-4 depth-1\"><input type=\"checkbox\" id=\"wpforms-5174-field_7_4\" name=\"wpforms[fields][7][]\" value=\"3574\" required ><label class=\"wpforms-field-label-inline\" for=\"wpforms-5174-field_7_4\">Editor Masivo de Categor\u00edas, Etiquetas, Atributos, y Taxonom\u00edas<\/label><\/li><li class=\"choice-5 depth-1\"><input type=\"checkbox\" id=\"wpforms-5174-field_7_5\" name=\"wpforms[fields][7][]\" value=\"881\" required ><label class=\"wpforms-field-label-inline\" for=\"wpforms-5174-field_7_5\">Editor Masivo de Clientes WooCommerce<\/label><\/li><li class=\"choice-6 depth-1\"><input type=\"checkbox\" id=\"wpforms-5174-field_7_6\" name=\"wpforms[fields][7][]\" value=\"10695\" required ><label class=\"wpforms-field-label-inline\" for=\"wpforms-5174-field_7_6\">Editor Masivo de Comentarios y Rese\u00f1as WordPress<\/label><\/li><li class=\"choice-7 depth-1\"><input type=\"checkbox\" id=\"wpforms-5174-field_7_7\" name=\"wpforms[fields][7][]\" value=\"978\" required ><label class=\"wpforms-field-label-inline\" for=\"wpforms-5174-field_7_7\">Editor Masivo de Cupones WooCommerce<\/label><\/li><li class=\"choice-8 depth-1\"><input type=\"checkbox\" id=\"wpforms-5174-field_7_8\" name=\"wpforms[fields][7][]\" value=\"1028\" required ><label class=\"wpforms-field-label-inline\" for=\"wpforms-5174-field_7_8\">Editor Masivo de Easy Digital Downloads - WP Sheet Editor<\/label><\/li><li class=\"choice-9 depth-1\"><input type=\"checkbox\" id=\"wpforms-5174-field_7_9\" name=\"wpforms[fields][7][]\" value=\"886\" required ><label class=\"wpforms-field-label-inline\" for=\"wpforms-5174-field_7_9\">Editor Masivo de Entradas, P\u00e1ginas, y Tipos de Posts Personalizados<\/label><\/li><li class=\"choice-10 depth-1\"><input type=\"checkbox\" id=\"wpforms-5174-field_7_10\" name=\"wpforms[fields][7][]\" value=\"10688\" required ><label class=\"wpforms-field-label-inline\" for=\"wpforms-5174-field_7_10\">Editor Masivo de Pedidos WooCommerce<\/label><\/li><li class=\"choice-11 depth-1\"><input type=\"checkbox\" id=\"wpforms-5174-field_7_11\" name=\"wpforms[fields][7][]\" value=\"780\" required ><label class=\"wpforms-field-label-inline\" for=\"wpforms-5174-field_7_11\">Editor Masivo de Usuarios WordPress<\/label><\/li><li class=\"choice-12 depth-1\"><input type=\"checkbox\" id=\"wpforms-5174-field_7_12\" name=\"wpforms[fields][7][]\" value=\"779\" required ><label class=\"wpforms-field-label-inline\" for=\"wpforms-5174-field_7_12\">Editor Masivo Frontend para Aplicaciones<\/label><\/li><li class=\"choice-13 depth-1\"><input type=\"checkbox\" id=\"wpforms-5174-field_7_13\" name=\"wpforms[fields][7][]\" value=\"23570\" required ><label class=\"wpforms-field-label-inline\" for=\"wpforms-5174-field_7_13\">Editor Masivo para Cursos, Lecciones, Cuestionarios<\/label><\/li><li class=\"choice-14 depth-1\"><input type=\"checkbox\" id=\"wpforms-5174-field_7_14\" name=\"wpforms[fields][7][]\" value=\"19637\" required ><label class=\"wpforms-field-label-inline\" for=\"wpforms-5174-field_7_14\">Editor Masivo para GiveWP - Donaciones, Donantes, Formularios<\/label><\/li><li class=\"choice-15 depth-1\"><input type=\"checkbox\" id=\"wpforms-5174-field_7_15\" name=\"wpforms[fields][7][]\" value=\"10678\" required ><label class=\"wpforms-field-label-inline\" for=\"wpforms-5174-field_7_15\">Editor Masivo para Im\u00e1genes y Galer\u00eda de WordPress<\/label><\/li><li class=\"choice-16 depth-1\"><input type=\"checkbox\" id=\"wpforms-5174-field_7_16\" name=\"wpforms[fields][7][]\" value=\"1002\" required ><label class=\"wpforms-field-label-inline\" for=\"wpforms-5174-field_7_16\">Editor Masivo para The Events Calendar - WP Sheet Editor<\/label><\/li><li class=\"choice-17 depth-1\"><input type=\"checkbox\" id=\"wpforms-5174-field_7_17\" name=\"wpforms[fields][7][]\" value=\"19598\" required ><label class=\"wpforms-field-label-inline\" for=\"wpforms-5174-field_7_17\">Sincronizar WordPress con Google Sheets<\/label><\/li><\/ul><\/div><div id=\"wpforms-5174-field_3-container\" class=\"wpforms-field wpforms-field-text\" data-field-id=\"3\"><label class=\"wpforms-field-label\" for=\"wpforms-5174-field_3\">Sitio Web <span class=\"wpforms-required-label\">*<\/span><\/label><input type=\"text\" id=\"wpforms-5174-field_3\" class=\"wpforms-field-medium wpforms-field-required\" name=\"wpforms[fields][3]\" required><\/div><div id=\"wpforms-5174-field_4-container\" class=\"wpforms-field wpforms-field-number\" data-field-id=\"4\"><label class=\"wpforms-field-label\" for=\"wpforms-5174-field_4\">Tama\u00f1o de tu lista de suscriptores<\/label><input type=\"number\" id=\"wpforms-5174-field_4\" class=\"wpforms-field-medium\" name=\"wpforms[fields][4]\" step=\"any\" ><div class=\"wpforms-field-description\">\u00bfTienes una lista de suscriptores por correo?<\/div><\/div><div id=\"wpforms-5174-field_5-container\" class=\"wpforms-field wpforms-field-textarea\" data-field-id=\"5\"><label class=\"wpforms-field-label\" for=\"wpforms-5174-field_5\">\u00bfC\u00f3mo promover\u00e1s el plugin?<\/label><textarea id=\"wpforms-5174-field_5\" class=\"wpforms-field-medium\" name=\"wpforms[fields][5]\" ><\/textarea><\/div><\/div><!-- .wpforms-field-container --><div class=\"wpforms-field wpforms-field-hp\"><label for=\"wpforms-5174-field-hp\" class=\"wpforms-field-label\">Name<\/label><input type=\"text\" name=\"wpforms[hp]\" id=\"wpforms-5174-field-hp\" class=\"wpforms-field-medium\"><\/div><div class=\"wpforms-recaptcha-container wpforms-is-recaptcha wpforms-is-recaptcha-type-v2\" ><div class=\"g-recaptcha\" data-sitekey=\"6Ld8TrIUAAAAAE4mzSxMTYbHSLwtOvkE9Od2OIoN\"><\/div><input type=\"text\" name=\"g-recaptcha-hidden\" class=\"wpforms-recaptcha-hidden\" style=\"position:absolute!important;clip:rect(0,0,0,0)!important;height:1px!important;width:1px!important;border:0!important;overflow:hidden!important;padding:0!important;margin:0!important;\" data-rule-recaptcha=\"1\"><\/div><div class=\"wpforms-submit-container\" ><input type=\"hidden\" name=\"wpforms[id]\" value=\"5174\"><input type=\"hidden\" name=\"page_title\" value=\"\"><input type=\"hidden\" name=\"page_url\" value=\"https:\/\/wpsheeteditor.com\/es\/wp-json\/wp\/v2\/pages\/297\"><input type=\"hidden\" name=\"url_referer\" value=\"\"><button type=\"submit\" name=\"wpforms[submit]\" id=\"wpforms-submit-5174\" class=\"wpforms-submit\" data-alt-text=\"Enviando\" data-submit-text=\"Enviar\" aria-live=\"assertive\" value=\"wpforms-submit\">Enviar<\/button><img decoding=\"async\" src=\"https:\/\/wpsheeteditor.com\/es\/wp-content\/plugins\/wpforms-lite\/assets\/images\/submit-spin.svg\" class=\"wpforms-submit-spinner\" style=\"display: none;\" width=\"26\" height=\"26\" alt=\"Cargando\"><\/div><\/form><\/div>  <!-- .wpforms-container -->\n","protected":false},"excerpt":{"rendered":"<p>Por favor, rellena el siguiente formulario para unirte a nuestro programa de afiliados. Revisaremos tu solicitud lo antes posible.<\/p>\n","protected":false},"author":1,"featured_media":0,"parent":239,"menu_order":0,"comment_status":"closed","ping_status":"closed","template":"","meta":{"_acf_changed":false,"_custom_body_class":"","_custom_post_class":"","footnotes":"","_links_to":"","_links_to_target":""},"class_list":["post-297","page","type-page","status-publish","hentry","entry"],"acf":[],"yoast_head":"<!-- This site is optimized with the Yoast SEO plugin v26.8 - https:\/\/yoast.com\/product\/yoast-seo-wordpress\/ -->\n<title>\u00danete a nuestro programa de afiliados - WP Sheet Editor en Espa\u00f1ol<\/title>\n<meta name=\"robots\" content=\"index, follow, max-snippet:-1, max-image-preview:large, max-video-preview:-1\" \/>\n<link rel=\"canonical\" href=\"https:\/\/wpsheeteditor.com\/es\/empresa\/afiliados\/unete\/\" \/>\n<meta property=\"og:locale\" content=\"es_ES\" \/>\n<meta property=\"og:type\" content=\"article\" \/>\n<meta property=\"og:title\" content=\"\u00danete a nuestro programa de afiliados - WP Sheet Editor en Espa\u00f1ol\" \/>\n<meta property=\"og:description\" content=\"Por favor, rellena el siguiente formulario para unirte a nuestro programa de afiliados. Revisaremos tu solicitud lo antes posible.\" \/>\n<meta property=\"og:url\" content=\"https:\/\/wpsheeteditor.com\/es\/empresa\/afiliados\/unete\/\" \/>\n<meta property=\"og:site_name\" content=\"WP Sheet Editor en Espa\u00f1ol\" \/>\n<meta property=\"article:modified_time\" content=\"2019-08-09T19:38:50+00:00\" \/>\n<meta name=\"twitter:card\" content=\"summary_large_image\" \/>\n<script type=\"application\/ld+json\" class=\"yoast-schema-graph\">{\"@context\":\"https:\/\/schema.org\",\"@graph\":[{\"@type\":\"WebPage\",\"@id\":\"https:\/\/wpsheeteditor.com\/es\/empresa\/afiliados\/unete\/\",\"url\":\"https:\/\/wpsheeteditor.com\/es\/empresa\/afiliados\/unete\/\",\"name\":\"\u00danete a nuestro programa de afiliados - WP Sheet Editor en Espa\u00f1ol\",\"isPartOf\":{\"@id\":\"https:\/\/wpsheeteditor.com\/es\/#website\"},\"datePublished\":\"2016-07-10T03:15:12+00:00\",\"dateModified\":\"2019-08-09T19:38:50+00:00\",\"breadcrumb\":{\"@id\":\"https:\/\/wpsheeteditor.com\/es\/empresa\/afiliados\/unete\/#breadcrumb\"},\"inLanguage\":\"es\",\"potentialAction\":[{\"@type\":\"ReadAction\",\"target\":[\"https:\/\/wpsheeteditor.com\/es\/empresa\/afiliados\/unete\/\"]}]},{\"@type\":\"BreadcrumbList\",\"@id\":\"https:\/\/wpsheeteditor.com\/es\/empresa\/afiliados\/unete\/#breadcrumb\",\"itemListElement\":[{\"@type\":\"ListItem\",\"position\":1,\"name\":\"Home\",\"item\":\"https:\/\/wpsheeteditor.com\/es\/\"},{\"@type\":\"ListItem\",\"position\":2,\"name\":\"Empresa\",\"item\":\"https:\/\/wpsheeteditor.com\/es\/empresa\/\"},{\"@type\":\"ListItem\",\"position\":3,\"name\":\"Programa de Afiliados\",\"item\":\"https:\/\/wpsheeteditor.com\/es\/empresa\/afiliados\/\"},{\"@type\":\"ListItem\",\"position\":4,\"name\":\"\u00danete a nuestro programa de afiliados\"}]},{\"@type\":\"WebSite\",\"@id\":\"https:\/\/wpsheeteditor.com\/es\/#website\",\"url\":\"https:\/\/wpsheeteditor.com\/es\/\",\"name\":\"WP Sheet Editor en Espa\u00f1ol\",\"description\":\"Edita miles de posts y p\u00e1ginas r\u00e1pidamente\",\"publisher\":{\"@id\":\"https:\/\/wpsheeteditor.com\/es\/#organization\"},\"potentialAction\":[{\"@type\":\"SearchAction\",\"target\":{\"@type\":\"EntryPoint\",\"urlTemplate\":\"https:\/\/wpsheeteditor.com\/es\/?s={search_term_string}\"},\"query-input\":{\"@type\":\"PropertyValueSpecification\",\"valueRequired\":true,\"valueName\":\"search_term_string\"}}],\"inLanguage\":\"es\"},{\"@type\":\"Organization\",\"@id\":\"https:\/\/wpsheeteditor.com\/es\/#organization\",\"name\":\"WP Sheet Editor\",\"url\":\"https:\/\/wpsheeteditor.com\/es\/\",\"logo\":{\"@type\":\"ImageObject\",\"inLanguage\":\"es\",\"@id\":\"https:\/\/wpsheeteditor.com\/es\/#\/schema\/logo\/image\/\",\"url\":\"https:\/\/media.wpsheeteditor.com\/wp-content\/uploads\/sites\/3\/2016\/06\/26203459\/logo-248x102.png\",\"contentUrl\":\"https:\/\/media.wpsheeteditor.com\/wp-content\/uploads\/sites\/3\/2016\/06\/26203459\/logo-248x102.png\",\"width\":248,\"height\":102,\"caption\":\"WP Sheet Editor\"},\"image\":{\"@id\":\"https:\/\/wpsheeteditor.com\/es\/#\/schema\/logo\/image\/\"}}]}<\/script>\n<!-- \/ Yoast SEO plugin. -->","yoast_head_json":{"title":"\u00danete a nuestro programa de afiliados - WP Sheet Editor en Espa\u00f1ol","robots":{"index":"index","follow":"follow","max-snippet":"max-snippet:-1","max-image-preview":"max-image-preview:large","max-video-preview":"max-video-preview:-1"},"canonical":"https:\/\/wpsheeteditor.com\/es\/empresa\/afiliados\/unete\/","og_locale":"es_ES","og_type":"article","og_title":"\u00danete a nuestro programa de afiliados - WP Sheet Editor en Espa\u00f1ol","og_description":"Por favor, rellena el siguiente formulario para unirte a nuestro programa de afiliados. Revisaremos tu solicitud lo antes posible.","og_url":"https:\/\/wpsheeteditor.com\/es\/empresa\/afiliados\/unete\/","og_site_name":"WP Sheet Editor en Espa\u00f1ol","article_modified_time":"2019-08-09T19:38:50+00:00","twitter_card":"summary_large_image","schema":{"@context":"https:\/\/schema.org","@graph":[{"@type":"WebPage","@id":"https:\/\/wpsheeteditor.com\/es\/empresa\/afiliados\/unete\/","url":"https:\/\/wpsheeteditor.com\/es\/empresa\/afiliados\/unete\/","name":"\u00danete a nuestro programa de afiliados - WP Sheet Editor en Espa\u00f1ol","isPartOf":{"@id":"https:\/\/wpsheeteditor.com\/es\/#website"},"datePublished":"2016-07-10T03:15:12+00:00","dateModified":"2019-08-09T19:38:50+00:00","breadcrumb":{"@id":"https:\/\/wpsheeteditor.com\/es\/empresa\/afiliados\/unete\/#breadcrumb"},"inLanguage":"es","potentialAction":[{"@type":"ReadAction","target":["https:\/\/wpsheeteditor.com\/es\/empresa\/afiliados\/unete\/"]}]},{"@type":"BreadcrumbList","@id":"https:\/\/wpsheeteditor.com\/es\/empresa\/afiliados\/unete\/#breadcrumb","itemListElement":[{"@type":"ListItem","position":1,"name":"Home","item":"https:\/\/wpsheeteditor.com\/es\/"},{"@type":"ListItem","position":2,"name":"Empresa","item":"https:\/\/wpsheeteditor.com\/es\/empresa\/"},{"@type":"ListItem","position":3,"name":"Programa de Afiliados","item":"https:\/\/wpsheeteditor.com\/es\/empresa\/afiliados\/"},{"@type":"ListItem","position":4,"name":"\u00danete a nuestro programa de afiliados"}]},{"@type":"WebSite","@id":"https:\/\/wpsheeteditor.com\/es\/#website","url":"https:\/\/wpsheeteditor.com\/es\/","name":"WP Sheet Editor en Espa\u00f1ol","description":"Edita miles de posts y p\u00e1ginas r\u00e1pidamente","publisher":{"@id":"https:\/\/wpsheeteditor.com\/es\/#organization"},"potentialAction":[{"@type":"SearchAction","target":{"@type":"EntryPoint","urlTemplate":"https:\/\/wpsheeteditor.com\/es\/?s={search_term_string}"},"query-input":{"@type":"PropertyValueSpecification","valueRequired":true,"valueName":"search_term_string"}}],"inLanguage":"es"},{"@type":"Organization","@id":"https:\/\/wpsheeteditor.com\/es\/#organization","name":"WP Sheet Editor","url":"https:\/\/wpsheeteditor.com\/es\/","logo":{"@type":"ImageObject","inLanguage":"es","@id":"https:\/\/wpsheeteditor.com\/es\/#\/schema\/logo\/image\/","url":"https:\/\/media.wpsheeteditor.com\/wp-content\/uploads\/sites\/3\/2016\/06\/26203459\/logo-248x102.png","contentUrl":"https:\/\/media.wpsheeteditor.com\/wp-content\/uploads\/sites\/3\/2016\/06\/26203459\/logo-248x102.png","width":248,"height":102,"caption":"WP Sheet Editor"},"image":{"@id":"https:\/\/wpsheeteditor.com\/es\/#\/schema\/logo\/image\/"}}]}},"_links":{"self":[{"href":"https:\/\/wpsheeteditor.com\/es\/wp-json\/wp\/v2\/pages\/297","targetHints":{"allow":["GET"]}}],"collection":[{"href":"https:\/\/wpsheeteditor.com\/es\/wp-json\/wp\/v2\/pages"}],"about":[{"href":"https:\/\/wpsheeteditor.com\/es\/wp-json\/wp\/v2\/types\/page"}],"author":[{"embeddable":true,"href":"https:\/\/wpsheeteditor.com\/es\/wp-json\/wp\/v2\/users\/1"}],"replies":[{"embeddable":true,"href":"https:\/\/wpsheeteditor.com\/es\/wp-json\/wp\/v2\/comments?post=297"}],"version-history":[{"count":5,"href":"https:\/\/wpsheeteditor.com\/es\/wp-json\/wp\/v2\/pages\/297\/revisions"}],"predecessor-version":[{"id":5180,"href":"https:\/\/wpsheeteditor.com\/es\/wp-json\/wp\/v2\/pages\/297\/revisions\/5180"}],"up":[{"embeddable":true,"href":"https:\/\/wpsheeteditor.com\/es\/wp-json\/wp\/v2\/pages\/239"}],"wp:attachment":[{"href":"https:\/\/wpsheeteditor.com\/es\/wp-json\/wp\/v2\/media?parent=297"}],"curies":[{"name":"wp","href":"https:\/\/api.w.org\/{rel}","templated":true}]}}