{"id":3547,"date":"2019-04-23T03:03:24","date_gmt":"2019-04-23T09:03:24","guid":{"rendered":"https:\/\/wpsheeteditor.com\/es\/?page_id=3547"},"modified":"2021-04-17T12:52:44","modified_gmt":"2021-04-17T18:52:44","slug":"taxonomy-terms-spreadsheet","status":"publish","type":"page","link":"https:\/\/wpsheeteditor.com\/es\/changelog\/taxonomy-terms-spreadsheet\/","title":{"rendered":"Changelog &#8211; Editor Masivo de Taxonom\u00edas"},"content":{"rendered":"<pre><span>= V 1.5.12 - 2021-03-12 =<\/span><span><\/span><span>\r\n* Actualizado a CORE v2.24.2<\/span><span><\/span>\r\n<span><\/span>\r\n<span><\/span><span>\r\n= V 1.5.11 - 2021-02-24 =<\/span><span><\/span><span>\r\n* Actualizado a CORE v2.24.1<\/span><span><\/span>\r\n<span><\/span>\r\n<span><\/span><span>\r\n= V 1.5.10 - 2021-02-10 =<\/span><span><\/span><span>\r\n* CORRECCI\u00d3N - T\u00c9RMINOS - Las filas desaparecen cuando editamos el estado<\/span><span><\/span>\r\n<span><\/span>\r\n<span><\/span><span>\r\n= V 1.5.9 - 2020-12-19 =<\/span><span><\/span><span>\r\n* CAMBIO - CORE - La b\u00fasqueda de t\u00e9rminos debe mencionar la babosa<\/span><span><\/span>\r\n<span><\/span>\r\n<span><\/span><span>\r\n= V 1.5.8 - 2020-11-21 =<\/span><span><\/span><span>\r\n* CAMBIO - T\u00c9RMINOS - Mejora la importaci\u00f3n jer\u00e1rquica<\/span><span><\/span><span>\r\n* CAMBIO - T\u00c9RMINOS - Maneja m\u00e1s escenarios principales<\/span><span><\/span><span>\r\n* CORRECCI\u00d3N - T\u00c9RMINOS - A veces crea duplicados al importar con una jerarqu\u00eda compleja.<\/span><span><\/span>\r\n<span><\/span>\r\n<span><\/span><span>\r\n= V 1.5.7 - 2020-10-22 =<\/span><span><\/span><span>\r\n* Actualizado a CORE v2.21.3<\/span><span><\/span>\r\n<span><\/span>\r\n<span><\/span><span>\r\n= V 1.5.6 - 2020-10-11 =<\/span><span><\/span><span>\r\n* Actualizado a CORE v2.21.2<\/span><span><\/span>\r\n<span><\/span>\r\n<span><\/span><span>\r\n= V 1.5.5 - 2020-10-07 =<\/span><span><\/span><span>\r\n* Actualizado a CORE v2.21.1<\/span><span><\/span>\r\n<span><\/span>\r\n<span><\/span><span>\r\n= V 1.5.4 - 2020-10-07 =<\/span><span><\/span><span>\r\n* Actualizado a CORE v2.21.0<\/span><span><\/span>\r\n<span><\/span>\r\n<span><\/span><span>\r\n= V 1.5.3 - 2020-09-08 =<\/span><span><\/span><span>\r\n* CAMBIO - T\u00c9RMINOS - Mejore la productividad mientras se fusiona<\/span><span><\/span>\r\n<span><\/span>\r\n<span><\/span><span>\r\n= V 1.5.2 - 22-07-2020 =<\/span><span><\/span><span>\r\n* CORRECCI\u00d3N - T\u00c9RMINOS - Los indexables de SEO m\u00e1s recientes no se reconstruyen cuando se editan en las celdas<\/span><span><\/span>\r\n<span><\/span>\r\n<span><\/span><span>\r\n= V 1.5.1 - 2020-06-26 =<\/span><span><\/span><span>\r\n* CAMBIO - T\u00c9RMINOS - Facilita la importaci\u00f3n de la jerarqu\u00eda completa<\/span><span><\/span><span>\r\n* CAMBIO - T\u00c9RMINOS - Mejora la combinaci\u00f3n<\/span><span><\/span><span>\r\n* CAMBIO - T\u00c9RMINOS - Mejorar la columna de descripci\u00f3n<\/span><span><\/span><span>\r\n* CORRECCI\u00d3N - T\u00c9RMINOS - A veces las f\u00f3rmulas se aplican a un solo t\u00e9rmino<\/span><span><\/span>\r\n<span><\/span>\r\n<span><\/span><span>\r\n= V 1.5.0 - 2020-05-20 =<\/span><span><\/span><span>\r\n* NUEVO - T\u00c9RMINOS - Mejora la edici\u00f3n de atributos de wc<\/span><span><\/span><span>\r\n* CORRECCI\u00d3N - T\u00c9RMINOS - A veces la importaci\u00f3n edita la taxonom\u00eda incorrectamente<\/span><span><\/span>\r\n<span><\/span>\r\n<span><\/span><span>\r\n= V 1.4.0 - 2020-04-20 =<\/span><span><\/span><span>\r\n* NUEVO - T\u00c9RMINOS - Agregar m\u00e1s opciones a la herramienta de combinaci\u00f3n<\/span><span><\/span>\r\n<span><\/span>\r\n<span><\/span><span>\r\n= V 1.3.2 - 2020-03-17 =<\/span><span><\/span><span>\r\n* Actualizado a CORE v2.18.1<\/span><span><\/span>\r\n<span><\/span>\r\n<span><\/span><span>\r\n= V 1.3.1 - 2020-03-16 =<\/span><span><\/span><span>\r\n* CORRECCI\u00d3N - T\u00c9RMINOS - La herramienta de combinaci\u00f3n no procesa todos los elementos a veces<\/span><span><\/span><span>\r\n* CORRECCI\u00d3N - T\u00c9RMINOS - No detecta metacampos si no son utilizados por al menos una publicaci\u00f3n<\/span><span><\/span>\r\n<span><\/span>\r\n<span><\/span><span>\r\n= V 1.3.0 - 2020-02-19 =<\/span><span><\/span><span>\r\n* NUEVO - T\u00c9RMINOS - Agregar la herramienta \"fusionar\" para combinar uno o m\u00e1s t\u00e9rminos<\/span><span><\/span><span>\r\n* CAMBIO - T\u00c9RMINOS: cuando editamos la taxonom\u00eda de t\u00e9rminos de una taxonom\u00eda jer\u00e1rquica a una no jer\u00e1rquica, borramos autom\u00e1ticamente el campo \"principal\" del t\u00e9rmino<\/span><span><\/span><span>\r\n* CAMBIO - T\u00c9RMINOS - permite salvar al padre usando el slug (opcionalmente)<\/span><span><\/span><span>\r\n* CORRECCI\u00d3N - T\u00c9RMINOS - WPML. Cuando editamos la taxonom\u00eda de un t\u00e9rmino, actualizamos el valor en las tablas de traducci\u00f3n.<\/span><span><\/span>\r\n<span><\/span>\r\n<span><\/span><span>\r\n= V 1.2.5 - 2020-01-13 =<\/span><span><\/span><span>\r\n* CORRECCI\u00d3N - T\u00c9RMINOS - Categor\u00edas de productos y etiquetas - La columna de recuento no muestra el n\u00famero real porque WC usa un metacampo en su lugar. As\u00ed que permite ver el metacampo utilizado por WC.<\/span><span><\/span>\r\n<span><\/span>\r\n<span><\/span><span>\r\n= V 1.2.4 - 2019-11-24 =<\/span><span><\/span><span>\r\n* Actualizado a CORE v2.15.4<\/span><span><\/span>\r\n<span><\/span>\r\n<span><\/span><span>\r\n= V 1.2.3 - 2019-11-18 =<\/span><span><\/span><span>\r\n* CAMBIO - T\u00c9RMINOS - Muestra nombres f\u00e1ciles de usar en lugar de caracteres especiales codificados<\/span><span><\/span><span>\r\n* CORRECCI\u00d3N - T\u00c9RMINOS - IMPORTAR - Cuando actualizamos existente por ID, no encuentra el t\u00e9rmino existente para actualizar<\/span><span><\/span><span>\r\n* CORRECCI\u00d3N - T\u00c9RMINOS - Cuando se busca por palabra clave, devuelve resultados vac\u00edos pero el t\u00e9rmino existe<\/span><span><\/span>\r\n<span><\/span>\r\n<span><\/span><span>\r\n= V 1.2.1.1 - 2019-10-18 =<\/span><span><\/span><span>\r\n* Actualizado a CORE v2.15.2<\/span><span><\/span>\r\n<span><\/span><span>\r\n= V 1.2.0 - 2019-10-01 =<\/span><span><\/span><span>\r\n* NUEVO - T\u00c9RMINOS - FILTROS - Opci\u00f3n agregada para buscar por palabra clave principal<\/span><span><\/span><span>\r\n* CORRECCI\u00d3N - T\u00c9RMINOS - YOAST - Error fatal al importar si el t\u00e9rmino no tiene los campos m\u00e1s recientes<\/span><span><\/span><span>\r\n* CORRECCI\u00d3N - T\u00c9RMINOS - F\u00d3RMULAS - No podemos eliminar t\u00e9rminos de forma masiva<\/span><span><\/span>\r\n<span><\/span>\r\n<span><\/span><span>\r\n------ V 1.1.0 - 2019-09-06 ------<\/span><span><\/span><span>\r\nNUEVO - T\u00c9RMINOS - FILTROS - Opci\u00f3n agregada para buscar por palabra clave principal<\/span><span><\/span><span>\r\nCORRECCI\u00d3N - T\u00c9RMINOS - F\u00d3RMULAS - No podemos eliminar t\u00e9rminos de forma masiva<\/span><span><\/span><span>\r\nCORRECCI\u00d3N - T\u00c9RMINOS - J\u00d3VENES - Error fatal al importar si el t\u00e9rmino no tiene los campos m\u00e1s recientes<\/span><span><\/span><span>\r\nActualizado a CORE v2.14.0<\/span><span><\/span>\r\n<span><\/span><span>\r\n------ V 1.0.5 - 2019-08-11 ------<\/span><span><\/span><span>\r\nActualizado a CORE v2.13.1<\/span><span><\/span>\r\n<span><\/span><span>\r\n------ V 1.0.4 - 2019-08-08 ------<\/span><span><\/span><span>\r\nCAMBIO - T\u00c9RMINOS: cargar el men\u00fa desplegable de la celda principal a trav\u00e9s de ajax para que la hoja se cargue m\u00e1s r\u00e1pido<\/span><span><\/span><span>\r\nCORRECCI\u00d3N - T\u00c9RMINOS - EDITOR MASIVO - el men\u00fa desplegable de estado no tiene los valores correctos<\/span><span><\/span><span>\r\nActualizado a CORE v2.13.0<\/span><span><\/span>\r\n<span><\/span><span>\r\n------ V 1.0.3 - 2019-07-02 ------<\/span><span><\/span><span>\r\nActualizado a CORE v2.12.0<\/span><span><\/span>\r\n<span><\/span><span>\r\n------ V 1.0.2 - 2019-05-28 ------<\/span><span><\/span><span>\r\nActualizado a CORE v2.11.3<\/span><span><\/span>\r\n<span><\/span><span>\r\n------ V 1.0.1 - 2019-05-27 ------<\/span><span><\/span><span>\r\nNUEVO - T\u00c9RMINOS DE TAXONOM\u00cdA - Se agregaron botones de acceso r\u00e1pido encima de las listas de t\u00e9rminos<\/span><span><\/span><span>\r\nREVISI\u00d3N - T\u00c9RMINOS - No permitir f\u00f3rmulas SQL para la columna de taxonom\u00eda<\/span><span><\/span><span>\r\nREVISI\u00d3N - T\u00c9RMINOS - La columna de taxonom\u00eda no se guarda<\/span><span><\/span><span>\r\nREVISI\u00d3N - T\u00c9RMINOS - El men\u00fa del editor de hojas wp-admin&gt; wp muestra demasiados elementos, muestra un elemento de men\u00fa para todas las taxonom\u00edas<\/span><span><\/span><span>\r\nCORRECCI\u00d3N- T\u00c9RMINOS: se elimin\u00f3 el m\u00f3dulo de configuraci\u00f3n de la hoja de c\u00e1lculo, ahora enviamos a la p\u00e1gina de bienvenida de t\u00e9rminos que enumera las hojas de taxonom\u00eda con enlaces para abrir porque tienen pocas columnas, por lo que no es necesario configurar columnas como primer paso<\/span><span><\/span><span>\r\nCORRECCI\u00d3N - T\u00c9RMINOS - el enlace del men\u00fa wp-admin&gt; editor de hojas&gt; editar taxonom\u00edas est\u00e1 roto<\/span><span><\/span><span>\r\nActualizado a CORE v2.11.2<\/span><span><\/span>\r\n<span><\/span><span>\r\n------ V 1.0.0 - 2019-04-23 ------<\/span><span><\/span><span>\r\nVersi\u00f3n inicial.<\/span><\/pre>\n","protected":false},"excerpt":{"rendered":"<p>= V 1.5.12 &#8211; 2021-03-12 = * Actualizado a CORE v2.24.2 = V 1.5.11 &#8211; 2021-02-24 = * Actualizado a CORE v2.24.1 = V 1.5.10 &#8211; 2021-02-10 = * CORRECCI\u00d3N &#8211; T\u00c9RMINOS &#8211; Las filas desaparecen cuando editamos el estado = V 1.5.9 &#8211; 2020-12-19 = * CAMBIO &#8211; CORE &#8211; La b\u00fasqueda de t\u00e9rminos [&hellip;]<\/p>\n","protected":false},"author":1,"featured_media":0,"parent":492,"menu_order":0,"comment_status":"closed","ping_status":"closed","template":"","meta":{"_acf_changed":false,"_custom_body_class":"","_custom_post_class":"","footnotes":"","_links_to":"","_links_to_target":""},"class_list":["post-3547","page","type-page","status-publish","hentry","entry"],"acf":[],"yoast_head":"<!-- This site is optimized with the Yoast SEO plugin v26.8 - https:\/\/yoast.com\/product\/yoast-seo-wordpress\/ -->\n<title>Changelog - Editor Masivo de Taxonom\u00edas - WP Sheet Editor en Espa\u00f1ol<\/title>\n<meta name=\"robots\" content=\"index, follow, max-snippet:-1, max-image-preview:large, max-video-preview:-1\" \/>\n<link rel=\"canonical\" href=\"https:\/\/wpsheeteditor.com\/es\/changelog\/taxonomy-terms-spreadsheet\/\" \/>\n<meta property=\"og:locale\" content=\"es_ES\" \/>\n<meta property=\"og:type\" content=\"article\" \/>\n<meta property=\"og:title\" content=\"Changelog - Editor Masivo de Taxonom\u00edas - WP Sheet Editor en Espa\u00f1ol\" \/>\n<meta property=\"og:description\" content=\"= V 1.5.12 - 2021-03-12 = * Actualizado a CORE v2.24.2 = V 1.5.11 - 2021-02-24 = * Actualizado a CORE v2.24.1 = V 1.5.10 - 2021-02-10 = * CORRECCI\u00d3N - T\u00c9RMINOS - Las filas desaparecen cuando editamos el estado = V 1.5.9 - 2020-12-19 = * CAMBIO - CORE - La b\u00fasqueda de t\u00e9rminos [&hellip;]\" \/>\n<meta property=\"og:url\" content=\"https:\/\/wpsheeteditor.com\/es\/changelog\/taxonomy-terms-spreadsheet\/\" \/>\n<meta property=\"og:site_name\" content=\"WP Sheet Editor en Espa\u00f1ol\" \/>\n<meta property=\"article:modified_time\" content=\"2021-04-17T18:52:44+00:00\" \/>\n<meta name=\"twitter:card\" content=\"summary_large_image\" \/>\n<meta name=\"twitter:label1\" content=\"Tiempo de lectura\" \/>\n\t<meta name=\"twitter:data1\" content=\"4 minutos\" \/>\n<script type=\"application\/ld+json\" class=\"yoast-schema-graph\">{\"@context\":\"https:\/\/schema.org\",\"@graph\":[{\"@type\":\"WebPage\",\"@id\":\"https:\/\/wpsheeteditor.com\/es\/changelog\/taxonomy-terms-spreadsheet\/\",\"url\":\"https:\/\/wpsheeteditor.com\/es\/changelog\/taxonomy-terms-spreadsheet\/\",\"name\":\"Changelog - Editor Masivo de Taxonom\u00edas - WP Sheet Editor en Espa\u00f1ol\",\"isPartOf\":{\"@id\":\"https:\/\/wpsheeteditor.com\/es\/#website\"},\"datePublished\":\"2019-04-23T09:03:24+00:00\",\"dateModified\":\"2021-04-17T18:52:44+00:00\",\"breadcrumb\":{\"@id\":\"https:\/\/wpsheeteditor.com\/es\/changelog\/taxonomy-terms-spreadsheet\/#breadcrumb\"},\"inLanguage\":\"es\",\"potentialAction\":[{\"@type\":\"ReadAction\",\"target\":[\"https:\/\/wpsheeteditor.com\/es\/changelog\/taxonomy-terms-spreadsheet\/\"]}]},{\"@type\":\"BreadcrumbList\",\"@id\":\"https:\/\/wpsheeteditor.com\/es\/changelog\/taxonomy-terms-spreadsheet\/#breadcrumb\",\"itemListElement\":[{\"@type\":\"ListItem\",\"position\":1,\"name\":\"Home\",\"item\":\"https:\/\/wpsheeteditor.com\/es\/\"},{\"@type\":\"ListItem\",\"position\":2,\"name\":\"Changelog\",\"item\":\"https:\/\/wpsheeteditor.com\/es\/changelog\/\"},{\"@type\":\"ListItem\",\"position\":3,\"name\":\"Changelog &#8211; Editor Masivo de Taxonom\u00edas\"}]},{\"@type\":\"WebSite\",\"@id\":\"https:\/\/wpsheeteditor.com\/es\/#website\",\"url\":\"https:\/\/wpsheeteditor.com\/es\/\",\"name\":\"WP Sheet Editor en Espa\u00f1ol\",\"description\":\"Edita miles de posts y p\u00e1ginas r\u00e1pidamente\",\"publisher\":{\"@id\":\"https:\/\/wpsheeteditor.com\/es\/#organization\"},\"potentialAction\":[{\"@type\":\"SearchAction\",\"target\":{\"@type\":\"EntryPoint\",\"urlTemplate\":\"https:\/\/wpsheeteditor.com\/es\/?s={search_term_string}\"},\"query-input\":{\"@type\":\"PropertyValueSpecification\",\"valueRequired\":true,\"valueName\":\"search_term_string\"}}],\"inLanguage\":\"es\"},{\"@type\":\"Organization\",\"@id\":\"https:\/\/wpsheeteditor.com\/es\/#organization\",\"name\":\"WP Sheet Editor\",\"url\":\"https:\/\/wpsheeteditor.com\/es\/\",\"logo\":{\"@type\":\"ImageObject\",\"inLanguage\":\"es\",\"@id\":\"https:\/\/wpsheeteditor.com\/es\/#\/schema\/logo\/image\/\",\"url\":\"https:\/\/media.wpsheeteditor.com\/wp-content\/uploads\/sites\/3\/2016\/06\/26203459\/logo-248x102.png\",\"contentUrl\":\"https:\/\/media.wpsheeteditor.com\/wp-content\/uploads\/sites\/3\/2016\/06\/26203459\/logo-248x102.png\",\"width\":248,\"height\":102,\"caption\":\"WP Sheet Editor\"},\"image\":{\"@id\":\"https:\/\/wpsheeteditor.com\/es\/#\/schema\/logo\/image\/\"}}]}<\/script>\n<!-- \/ Yoast SEO plugin. -->","yoast_head_json":{"title":"Changelog - Editor Masivo de Taxonom\u00edas - WP Sheet Editor en Espa\u00f1ol","robots":{"index":"index","follow":"follow","max-snippet":"max-snippet:-1","max-image-preview":"max-image-preview:large","max-video-preview":"max-video-preview:-1"},"canonical":"https:\/\/wpsheeteditor.com\/es\/changelog\/taxonomy-terms-spreadsheet\/","og_locale":"es_ES","og_type":"article","og_title":"Changelog - Editor Masivo de Taxonom\u00edas - WP Sheet Editor en Espa\u00f1ol","og_description":"= V 1.5.12 - 2021-03-12 = * Actualizado a CORE v2.24.2 = V 1.5.11 - 2021-02-24 = * Actualizado a CORE v2.24.1 = V 1.5.10 - 2021-02-10 = * CORRECCI\u00d3N - T\u00c9RMINOS - Las filas desaparecen cuando editamos el estado = V 1.5.9 - 2020-12-19 = * CAMBIO - CORE - La b\u00fasqueda de t\u00e9rminos [&hellip;]","og_url":"https:\/\/wpsheeteditor.com\/es\/changelog\/taxonomy-terms-spreadsheet\/","og_site_name":"WP Sheet Editor en Espa\u00f1ol","article_modified_time":"2021-04-17T18:52:44+00:00","twitter_card":"summary_large_image","twitter_misc":{"Tiempo de lectura":"4 minutos"},"schema":{"@context":"https:\/\/schema.org","@graph":[{"@type":"WebPage","@id":"https:\/\/wpsheeteditor.com\/es\/changelog\/taxonomy-terms-spreadsheet\/","url":"https:\/\/wpsheeteditor.com\/es\/changelog\/taxonomy-terms-spreadsheet\/","name":"Changelog - Editor Masivo de Taxonom\u00edas - WP Sheet Editor en Espa\u00f1ol","isPartOf":{"@id":"https:\/\/wpsheeteditor.com\/es\/#website"},"datePublished":"2019-04-23T09:03:24+00:00","dateModified":"2021-04-17T18:52:44+00:00","breadcrumb":{"@id":"https:\/\/wpsheeteditor.com\/es\/changelog\/taxonomy-terms-spreadsheet\/#breadcrumb"},"inLanguage":"es","potentialAction":[{"@type":"ReadAction","target":["https:\/\/wpsheeteditor.com\/es\/changelog\/taxonomy-terms-spreadsheet\/"]}]},{"@type":"BreadcrumbList","@id":"https:\/\/wpsheeteditor.com\/es\/changelog\/taxonomy-terms-spreadsheet\/#breadcrumb","itemListElement":[{"@type":"ListItem","position":1,"name":"Home","item":"https:\/\/wpsheeteditor.com\/es\/"},{"@type":"ListItem","position":2,"name":"Changelog","item":"https:\/\/wpsheeteditor.com\/es\/changelog\/"},{"@type":"ListItem","position":3,"name":"Changelog &#8211; Editor Masivo de Taxonom\u00edas"}]},{"@type":"WebSite","@id":"https:\/\/wpsheeteditor.com\/es\/#website","url":"https:\/\/wpsheeteditor.com\/es\/","name":"WP Sheet Editor en Espa\u00f1ol","description":"Edita miles de posts y p\u00e1ginas r\u00e1pidamente","publisher":{"@id":"https:\/\/wpsheeteditor.com\/es\/#organization"},"potentialAction":[{"@type":"SearchAction","target":{"@type":"EntryPoint","urlTemplate":"https:\/\/wpsheeteditor.com\/es\/?s={search_term_string}"},"query-input":{"@type":"PropertyValueSpecification","valueRequired":true,"valueName":"search_term_string"}}],"inLanguage":"es"},{"@type":"Organization","@id":"https:\/\/wpsheeteditor.com\/es\/#organization","name":"WP Sheet Editor","url":"https:\/\/wpsheeteditor.com\/es\/","logo":{"@type":"ImageObject","inLanguage":"es","@id":"https:\/\/wpsheeteditor.com\/es\/#\/schema\/logo\/image\/","url":"https:\/\/media.wpsheeteditor.com\/wp-content\/uploads\/sites\/3\/2016\/06\/26203459\/logo-248x102.png","contentUrl":"https:\/\/media.wpsheeteditor.com\/wp-content\/uploads\/sites\/3\/2016\/06\/26203459\/logo-248x102.png","width":248,"height":102,"caption":"WP Sheet Editor"},"image":{"@id":"https:\/\/wpsheeteditor.com\/es\/#\/schema\/logo\/image\/"}}]}},"_links":{"self":[{"href":"https:\/\/wpsheeteditor.com\/es\/wp-json\/wp\/v2\/pages\/3547","targetHints":{"allow":["GET"]}}],"collection":[{"href":"https:\/\/wpsheeteditor.com\/es\/wp-json\/wp\/v2\/pages"}],"about":[{"href":"https:\/\/wpsheeteditor.com\/es\/wp-json\/wp\/v2\/types\/page"}],"author":[{"embeddable":true,"href":"https:\/\/wpsheeteditor.com\/es\/wp-json\/wp\/v2\/users\/1"}],"replies":[{"embeddable":true,"href":"https:\/\/wpsheeteditor.com\/es\/wp-json\/wp\/v2\/comments?post=3547"}],"version-history":[{"count":3,"href":"https:\/\/wpsheeteditor.com\/es\/wp-json\/wp\/v2\/pages\/3547\/revisions"}],"predecessor-version":[{"id":12115,"href":"https:\/\/wpsheeteditor.com\/es\/wp-json\/wp\/v2\/pages\/3547\/revisions\/12115"}],"up":[{"embeddable":true,"href":"https:\/\/wpsheeteditor.com\/es\/wp-json\/wp\/v2\/pages\/492"}],"wp:attachment":[{"href":"https:\/\/wpsheeteditor.com\/es\/wp-json\/wp\/v2\/media?parent=3547"}],"curies":[{"name":"wp","href":"https:\/\/api.w.org\/{rel}","templated":true}]}}