{"id":367,"date":"2016-10-25T02:10:07","date_gmt":"2016-10-25T08:10:07","guid":{"rendered":"https:\/\/wpsheeteditor.com\/es\/?page_id=367"},"modified":"2019-07-02T12:02:30","modified_gmt":"2019-07-02T18:02:30","slug":"encontrar-codigo-compra-codecanyon","status":"publish","type":"page","link":"https:\/\/wpsheeteditor.com\/es\/ayuda\/encontrar-codigo-compra-codecanyon\/","title":{"rendered":"C\u00f3mo Encontrar Mi C\u00f3digo de Compra en CodeCanyon"},"content":{"rendered":"<p>Cuando actives el plugin ver\u00e1s una notificaci\u00f3n pidi\u00e9ndote que introduzcas un c\u00f3digo de compra. Puedes obtener tu c\u00f3digo de compra siguiendo estos pasos:<\/p>\n<p>a) Iniciar sesi\u00f3n en tu cuenta de codecanyon.<\/p>\n<p>b) En el men\u00fa superior ver\u00e1s tu nombre. En ese men\u00fa, haz clic en &#8220;descargas&#8221;.<\/p>\n<p>c) Busca el editor de la hoja del paquete de trabajo en la lista de descargas.<\/p>\n<p>d) Haz clic en &#8220;descargar&#8221; y selecciona &#8220;c\u00f3digo de licencia y c\u00f3digo de compra&#8221;.<\/p>\n<p>e) Se descargar\u00e1 un archivo que contiene el c\u00f3digo de compra. Copia el c\u00f3digo y p\u00e9galo en el formulario de tu sitio de WordPress.<\/p>\n<p><img fetchpriority=\"high\" decoding=\"async\" src=\"https:\/\/media.wpsheeteditor.com\/wp-content\/uploads\/sites\/3\/2016\/10\/26203624\/how-to-get-purchase-code.png\" alt=\"how-to-get-purchase-code\" width=\"800\" height=\"480\" class=\"aligncenter size-full wp-image-368\" srcset=\"https:\/\/media.wpsheeteditor.com\/wp-content\/uploads\/sites\/3\/2016\/10\/26203624\/how-to-get-purchase-code.png 800w, https:\/\/media.wpsheeteditor.com\/wp-content\/uploads\/sites\/3\/2016\/10\/26203624\/how-to-get-purchase-code-300x180.png 300w, https:\/\/media.wpsheeteditor.com\/wp-content\/uploads\/sites\/3\/2016\/10\/26203624\/how-to-get-purchase-code-768x461.png 768w\" sizes=\"(max-width: 800px) 100vw, 800px\" \/><\/p>\n","protected":false},"excerpt":{"rendered":"<p>Cuando actives el plugin ver\u00e1s una notificaci\u00f3n pidi\u00e9ndote que introduzcas un c\u00f3digo de compra. Puedes obtener tu c\u00f3digo de compra siguiendo estos pasos: a) Iniciar sesi\u00f3n en tu cuenta de codecanyon. b) En el men\u00fa superior ver\u00e1s tu nombre. En ese men\u00fa, haz clic en &#8220;descargas&#8221;. c) Busca el editor de la hoja del paquete [&hellip;]<\/p>\n","protected":false},"author":1,"featured_media":0,"parent":177,"menu_order":0,"comment_status":"closed","ping_status":"closed","template":"","meta":{"_acf_changed":false,"_custom_body_class":"","_custom_post_class":"","footnotes":"","_links_to":"","_links_to_target":""},"class_list":["post-367","page","type-page","status-publish","hentry","entry"],"acf":[],"yoast_head":"<!-- This site is optimized with the Yoast SEO plugin v26.8 - https:\/\/yoast.com\/product\/yoast-seo-wordpress\/ -->\n<title>C\u00f3mo Encontrar Mi C\u00f3digo de Compra en CodeCanyon - WP Sheet Editor en Espa\u00f1ol<\/title>\n<meta name=\"robots\" content=\"index, follow, max-snippet:-1, max-image-preview:large, max-video-preview:-1\" \/>\n<link rel=\"canonical\" href=\"https:\/\/wpsheeteditor.com\/es\/ayuda\/encontrar-codigo-compra-codecanyon\/\" \/>\n<meta property=\"og:locale\" content=\"es_ES\" \/>\n<meta property=\"og:type\" content=\"article\" \/>\n<meta property=\"og:title\" content=\"C\u00f3mo Encontrar Mi C\u00f3digo de Compra en CodeCanyon - WP Sheet Editor en Espa\u00f1ol\" \/>\n<meta property=\"og:description\" content=\"Cuando actives el plugin ver\u00e1s una notificaci\u00f3n pidi\u00e9ndote que introduzcas un c\u00f3digo de compra. Puedes obtener tu c\u00f3digo de compra siguiendo estos pasos: a) Iniciar sesi\u00f3n en tu cuenta de codecanyon. b) En el men\u00fa superior ver\u00e1s tu nombre. En ese men\u00fa, haz clic en &#8220;descargas&#8221;. c) Busca el editor de la hoja del paquete [&hellip;]\" \/>\n<meta property=\"og:url\" content=\"https:\/\/wpsheeteditor.com\/es\/ayuda\/encontrar-codigo-compra-codecanyon\/\" \/>\n<meta property=\"og:site_name\" content=\"WP Sheet Editor en Espa\u00f1ol\" \/>\n<meta property=\"article:modified_time\" content=\"2019-07-02T18:02:30+00:00\" \/>\n<meta property=\"og:image\" content=\"https:\/\/wpsheeteditor.com\/es\/wp-content\/uploads\/sites\/3\/2016\/10\/how-to-get-purchase-code.png\" \/>\n<meta name=\"twitter:card\" content=\"summary_large_image\" \/>\n<meta name=\"twitter:label1\" content=\"Tiempo de lectura\" \/>\n\t<meta name=\"twitter:data1\" content=\"1 minuto\" \/>\n<script type=\"application\/ld+json\" class=\"yoast-schema-graph\">{\"@context\":\"https:\/\/schema.org\",\"@graph\":[{\"@type\":\"WebPage\",\"@id\":\"https:\/\/wpsheeteditor.com\/es\/ayuda\/encontrar-codigo-compra-codecanyon\/\",\"url\":\"https:\/\/wpsheeteditor.com\/es\/ayuda\/encontrar-codigo-compra-codecanyon\/\",\"name\":\"C\u00f3mo Encontrar Mi C\u00f3digo de Compra en CodeCanyon - WP Sheet Editor en Espa\u00f1ol\",\"isPartOf\":{\"@id\":\"https:\/\/wpsheeteditor.com\/es\/#website\"},\"primaryImageOfPage\":{\"@id\":\"https:\/\/wpsheeteditor.com\/es\/ayuda\/encontrar-codigo-compra-codecanyon\/#primaryimage\"},\"image\":{\"@id\":\"https:\/\/wpsheeteditor.com\/es\/ayuda\/encontrar-codigo-compra-codecanyon\/#primaryimage\"},\"thumbnailUrl\":\"https:\/\/wpsheeteditor.com\/es\/wp-content\/uploads\/sites\/3\/2016\/10\/how-to-get-purchase-code.png\",\"datePublished\":\"2016-10-25T08:10:07+00:00\",\"dateModified\":\"2019-07-02T18:02:30+00:00\",\"breadcrumb\":{\"@id\":\"https:\/\/wpsheeteditor.com\/es\/ayuda\/encontrar-codigo-compra-codecanyon\/#breadcrumb\"},\"inLanguage\":\"es\",\"potentialAction\":[{\"@type\":\"ReadAction\",\"target\":[\"https:\/\/wpsheeteditor.com\/es\/ayuda\/encontrar-codigo-compra-codecanyon\/\"]}]},{\"@type\":\"ImageObject\",\"inLanguage\":\"es\",\"@id\":\"https:\/\/wpsheeteditor.com\/es\/ayuda\/encontrar-codigo-compra-codecanyon\/#primaryimage\",\"url\":\"https:\/\/media.wpsheeteditor.com\/wp-content\/uploads\/sites\/3\/2016\/10\/26203624\/how-to-get-purchase-code.png\",\"contentUrl\":\"https:\/\/media.wpsheeteditor.com\/wp-content\/uploads\/sites\/3\/2016\/10\/26203624\/how-to-get-purchase-code.png\",\"width\":800,\"height\":480},{\"@type\":\"BreadcrumbList\",\"@id\":\"https:\/\/wpsheeteditor.com\/es\/ayuda\/encontrar-codigo-compra-codecanyon\/#breadcrumb\",\"itemListElement\":[{\"@type\":\"ListItem\",\"position\":1,\"name\":\"Home\",\"item\":\"https:\/\/wpsheeteditor.com\/es\/\"},{\"@type\":\"ListItem\",\"position\":2,\"name\":\"Ayuda\",\"item\":\"https:\/\/wpsheeteditor.com\/es\/ayuda\/\"},{\"@type\":\"ListItem\",\"position\":3,\"name\":\"C\u00f3mo Encontrar Mi C\u00f3digo de Compra en CodeCanyon\"}]},{\"@type\":\"WebSite\",\"@id\":\"https:\/\/wpsheeteditor.com\/es\/#website\",\"url\":\"https:\/\/wpsheeteditor.com\/es\/\",\"name\":\"WP Sheet Editor en Espa\u00f1ol\",\"description\":\"Edita miles de posts y p\u00e1ginas r\u00e1pidamente\",\"publisher\":{\"@id\":\"https:\/\/wpsheeteditor.com\/es\/#organization\"},\"potentialAction\":[{\"@type\":\"SearchAction\",\"target\":{\"@type\":\"EntryPoint\",\"urlTemplate\":\"https:\/\/wpsheeteditor.com\/es\/?s={search_term_string}\"},\"query-input\":{\"@type\":\"PropertyValueSpecification\",\"valueRequired\":true,\"valueName\":\"search_term_string\"}}],\"inLanguage\":\"es\"},{\"@type\":\"Organization\",\"@id\":\"https:\/\/wpsheeteditor.com\/es\/#organization\",\"name\":\"WP Sheet Editor\",\"url\":\"https:\/\/wpsheeteditor.com\/es\/\",\"logo\":{\"@type\":\"ImageObject\",\"inLanguage\":\"es\",\"@id\":\"https:\/\/wpsheeteditor.com\/es\/#\/schema\/logo\/image\/\",\"url\":\"https:\/\/media.wpsheeteditor.com\/wp-content\/uploads\/sites\/3\/2016\/06\/26203459\/logo-248x102.png\",\"contentUrl\":\"https:\/\/media.wpsheeteditor.com\/wp-content\/uploads\/sites\/3\/2016\/06\/26203459\/logo-248x102.png\",\"width\":248,\"height\":102,\"caption\":\"WP Sheet Editor\"},\"image\":{\"@id\":\"https:\/\/wpsheeteditor.com\/es\/#\/schema\/logo\/image\/\"}}]}<\/script>\n<!-- \/ Yoast SEO plugin. -->","yoast_head_json":{"title":"C\u00f3mo Encontrar Mi C\u00f3digo de Compra en CodeCanyon - WP Sheet Editor en Espa\u00f1ol","robots":{"index":"index","follow":"follow","max-snippet":"max-snippet:-1","max-image-preview":"max-image-preview:large","max-video-preview":"max-video-preview:-1"},"canonical":"https:\/\/wpsheeteditor.com\/es\/ayuda\/encontrar-codigo-compra-codecanyon\/","og_locale":"es_ES","og_type":"article","og_title":"C\u00f3mo Encontrar Mi C\u00f3digo de Compra en CodeCanyon - WP Sheet Editor en Espa\u00f1ol","og_description":"Cuando actives el plugin ver\u00e1s una notificaci\u00f3n pidi\u00e9ndote que introduzcas un c\u00f3digo de compra. Puedes obtener tu c\u00f3digo de compra siguiendo estos pasos: a) Iniciar sesi\u00f3n en tu cuenta de codecanyon. b) En el men\u00fa superior ver\u00e1s tu nombre. En ese men\u00fa, haz clic en &#8220;descargas&#8221;. c) Busca el editor de la hoja del paquete [&hellip;]","og_url":"https:\/\/wpsheeteditor.com\/es\/ayuda\/encontrar-codigo-compra-codecanyon\/","og_site_name":"WP Sheet Editor en Espa\u00f1ol","article_modified_time":"2019-07-02T18:02:30+00:00","og_image":[{"url":"https:\/\/wpsheeteditor.com\/es\/wp-content\/uploads\/sites\/3\/2016\/10\/how-to-get-purchase-code.png","type":"","width":"","height":""}],"twitter_card":"summary_large_image","twitter_misc":{"Tiempo de lectura":"1 minuto"},"schema":{"@context":"https:\/\/schema.org","@graph":[{"@type":"WebPage","@id":"https:\/\/wpsheeteditor.com\/es\/ayuda\/encontrar-codigo-compra-codecanyon\/","url":"https:\/\/wpsheeteditor.com\/es\/ayuda\/encontrar-codigo-compra-codecanyon\/","name":"C\u00f3mo Encontrar Mi C\u00f3digo de Compra en CodeCanyon - WP Sheet Editor en Espa\u00f1ol","isPartOf":{"@id":"https:\/\/wpsheeteditor.com\/es\/#website"},"primaryImageOfPage":{"@id":"https:\/\/wpsheeteditor.com\/es\/ayuda\/encontrar-codigo-compra-codecanyon\/#primaryimage"},"image":{"@id":"https:\/\/wpsheeteditor.com\/es\/ayuda\/encontrar-codigo-compra-codecanyon\/#primaryimage"},"thumbnailUrl":"https:\/\/wpsheeteditor.com\/es\/wp-content\/uploads\/sites\/3\/2016\/10\/how-to-get-purchase-code.png","datePublished":"2016-10-25T08:10:07+00:00","dateModified":"2019-07-02T18:02:30+00:00","breadcrumb":{"@id":"https:\/\/wpsheeteditor.com\/es\/ayuda\/encontrar-codigo-compra-codecanyon\/#breadcrumb"},"inLanguage":"es","potentialAction":[{"@type":"ReadAction","target":["https:\/\/wpsheeteditor.com\/es\/ayuda\/encontrar-codigo-compra-codecanyon\/"]}]},{"@type":"ImageObject","inLanguage":"es","@id":"https:\/\/wpsheeteditor.com\/es\/ayuda\/encontrar-codigo-compra-codecanyon\/#primaryimage","url":"https:\/\/media.wpsheeteditor.com\/wp-content\/uploads\/sites\/3\/2016\/10\/26203624\/how-to-get-purchase-code.png","contentUrl":"https:\/\/media.wpsheeteditor.com\/wp-content\/uploads\/sites\/3\/2016\/10\/26203624\/how-to-get-purchase-code.png","width":800,"height":480},{"@type":"BreadcrumbList","@id":"https:\/\/wpsheeteditor.com\/es\/ayuda\/encontrar-codigo-compra-codecanyon\/#breadcrumb","itemListElement":[{"@type":"ListItem","position":1,"name":"Home","item":"https:\/\/wpsheeteditor.com\/es\/"},{"@type":"ListItem","position":2,"name":"Ayuda","item":"https:\/\/wpsheeteditor.com\/es\/ayuda\/"},{"@type":"ListItem","position":3,"name":"C\u00f3mo Encontrar Mi C\u00f3digo de Compra en CodeCanyon"}]},{"@type":"WebSite","@id":"https:\/\/wpsheeteditor.com\/es\/#website","url":"https:\/\/wpsheeteditor.com\/es\/","name":"WP Sheet Editor en Espa\u00f1ol","description":"Edita miles de posts y p\u00e1ginas r\u00e1pidamente","publisher":{"@id":"https:\/\/wpsheeteditor.com\/es\/#organization"},"potentialAction":[{"@type":"SearchAction","target":{"@type":"EntryPoint","urlTemplate":"https:\/\/wpsheeteditor.com\/es\/?s={search_term_string}"},"query-input":{"@type":"PropertyValueSpecification","valueRequired":true,"valueName":"search_term_string"}}],"inLanguage":"es"},{"@type":"Organization","@id":"https:\/\/wpsheeteditor.com\/es\/#organization","name":"WP Sheet Editor","url":"https:\/\/wpsheeteditor.com\/es\/","logo":{"@type":"ImageObject","inLanguage":"es","@id":"https:\/\/wpsheeteditor.com\/es\/#\/schema\/logo\/image\/","url":"https:\/\/media.wpsheeteditor.com\/wp-content\/uploads\/sites\/3\/2016\/06\/26203459\/logo-248x102.png","contentUrl":"https:\/\/media.wpsheeteditor.com\/wp-content\/uploads\/sites\/3\/2016\/06\/26203459\/logo-248x102.png","width":248,"height":102,"caption":"WP Sheet Editor"},"image":{"@id":"https:\/\/wpsheeteditor.com\/es\/#\/schema\/logo\/image\/"}}]}},"_links":{"self":[{"href":"https:\/\/wpsheeteditor.com\/es\/wp-json\/wp\/v2\/pages\/367","targetHints":{"allow":["GET"]}}],"collection":[{"href":"https:\/\/wpsheeteditor.com\/es\/wp-json\/wp\/v2\/pages"}],"about":[{"href":"https:\/\/wpsheeteditor.com\/es\/wp-json\/wp\/v2\/types\/page"}],"author":[{"embeddable":true,"href":"https:\/\/wpsheeteditor.com\/es\/wp-json\/wp\/v2\/users\/1"}],"replies":[{"embeddable":true,"href":"https:\/\/wpsheeteditor.com\/es\/wp-json\/wp\/v2\/comments?post=367"}],"version-history":[{"count":3,"href":"https:\/\/wpsheeteditor.com\/es\/wp-json\/wp\/v2\/pages\/367\/revisions"}],"predecessor-version":[{"id":4846,"href":"https:\/\/wpsheeteditor.com\/es\/wp-json\/wp\/v2\/pages\/367\/revisions\/4846"}],"up":[{"embeddable":true,"href":"https:\/\/wpsheeteditor.com\/es\/wp-json\/wp\/v2\/pages\/177"}],"wp:attachment":[{"href":"https:\/\/wpsheeteditor.com\/es\/wp-json\/wp\/v2\/media?parent=367"}],"curies":[{"name":"wp","href":"https:\/\/api.w.org\/{rel}","templated":true}]}}