{"id":377,"date":"2016-10-25T02:17:15","date_gmt":"2016-10-25T08:17:15","guid":{"rendered":"https:\/\/wpsheeteditor.com\/es\/?page_id=377"},"modified":"2019-07-07T13:43:42","modified_gmt":"2019-07-07T19:43:42","slug":"como-usar-formulas","status":"publish","type":"page","link":"https:\/\/wpsheeteditor.com\/es\/ayuda\/como-usar-formulas\/","title":{"rendered":"C\u00f3mo Usar las F\u00f3rmulas"},"content":{"rendered":"<p>La herramienta de Formulas es muy \u00fatil para hacer ediciones avanzadas en grandes n\u00fameros de posts.<\/p>\n<h2><span class=\"ez-toc-section\" id=\"Sintaxis\"><\/span>Sintaxis<span class=\"ez-toc-section-end\"><\/span><\/h2>\n<p>Tenemos dos tipos de f\u00f3rmulas: REEMPLAZO y MATEM\u00c1TICAS.<\/p>\n<p>La sintaxis es la siguiente (comillas necesarias):<br \/>\n<code>=REPLACE(\"\"Replace this\"\", \"\"with this\"\")<br \/>\n=MATH(\"4 + 3 \u2013 $current_value$\")<\/code><\/p>\n<h2><span class=\"ez-toc-section\" id=\"Etiquetas_dinamicas\"><\/span>Etiquetas din\u00e1micas<span class=\"ez-toc-section-end\"><\/span><\/h2>\n<p>Como puedes ver en la f\u00f3rmula matem\u00e1tica, podemos usar etiquetas para la informaci\u00f3n variable. Tenemos las siguientes etiquetas disponibles:<\/p>\n<ul>\n<li>$current_value$ = el valor actual del campo<\/li>\n<li>$random_number$ = un n\u00famero al azar<\/li>\n<li>$random_letters$ = letras al azar<\/li>\n<li>$current_timestamp$ = marca de tiempo actual<\/li>\n<li>$current_time_friendly$ = hora actual utilizando el formato establecido en las opciones generales de WordPress.<\/li>\n<li>$current_date$ = formato de fecha actual: d-m-a<\/li>\n<li>$column_key$ = Otro campo del mismo post. Cambia &#8220;column_key&#8221; para la columna real. Por ejemplo: $post_title$ , $post_content$ , $post_status$ , $my_custom_field$, etc.<\/li>\n<\/ul>\n<h2><span class=\"ez-toc-section\" id=\"Ejemplos\"><\/span>Ejemplos:<span class=\"ez-toc-section-end\"><\/span><\/h2>\n<ul>\n<li><code>=REPLACE(\"\"bad word\"\", \"\"good word\"\")<\/code><br \/>\nReemplaza una palabra o frase con otra.<\/li>\n<li><code>=REPLACE(\"\"$current_value$\"\", \"\"$current_value$&lt;br\/&gt;Thank you for reading my post!\"\")<\/code><br \/>\nAgrega un mensaje al final del post. Puede ser texto simple o html.<\/li>\n<li><code>=REPLACE(\"\"$current_value$\"\", \"\"Welcome to my site!&lt;br\/&gt;$current_value$\"\")<\/code><br \/>\nAgrega un mensaje al principio del post. Puede ser texto simple o html.<\/li>\n<li><code>=REPLACE(\"\"&lt;img\"\", \"\"Do you like the image below? Share it!&lt;br\/&gt;&lt;img\"\")<\/code><br \/>\nAgrega un mensaje sobre las im\u00e1genes del post pidiendo al usuario que la comparta. Puede ser texto simple o html.<\/li>\n<li><code>=MATH(\"$current_value$ + 10\")<\/code><br \/>\nIncrementa $10 a los precios de los productos.<\/li>\n<li><code>=MATH(\"$current_value$ * 1.1\u00a0\"\")<\/code><br \/>\nIncrementa el 10% a los precios de los productos.<\/li>\n<li><code>=MATH(\"$current_value$ + ( 0.234343898 * 0.1) \u2013 29 \/ 28 \"\")<\/code><br \/>\nUna operaci\u00f3n matem\u00e1tica compleja.<\/li>\n<li><code>=REPLACE(\"\"$current_value$\"\", \"\"$<span>_regular_price<\/span>$\"\")<\/code><br \/>\nAl aplicar la f\u00f3rmula al campo de precio promocional, puedes copiar el valor del precio regular al campo precio del promocional.<\/li>\n<li><code>=REPLACE(\"\"$current_value$\"\", \"\"Posts published by $<span>author<\/span>$ on $date$\"\")<\/code><br \/>\nAl aplicar la f\u00f3rmula al campo &#8220;Categor\u00eda&#8221;, puedes crear categor\u00edas combinando otros campos.<\/li>\n<li><code><span>=REPLACE(\"\"[::regex::]\/^( +)(.+)( +)$\/s\"\", \"\"$2\"\")<\/span><\/code><br \/>\nElimina los espacios al principio y final de los valores. Por ejemplo, elimina los \u00faltimos espacios del contenido del post o de los precios.<\/li>\n<\/ul>\n<h2><span class=\"ez-toc-section\" id=\"Expresiones_Regulares\"><\/span>Expresiones Regulares<span class=\"ez-toc-section-end\"><\/span><\/h2>\n<p>Esto es para usuarios avanzados. La f\u00f3rmula de Reemplazo acepta expresiones regulares (regex). Solamente necesitas introducir el t\u00e9rmino &#8220;Buscar al inicio con <code>[::regex::]<\/code><\/p>\n<p>Ejemplo:<\/p>\n<p><code>=REPLACE(\"\"[::regex::]\/house(.+)\/s\"\", \"\"Car $1\"\")<\/code><\/p>\n<p>Por favor, prueba tus expresiones regulares antes de ejecutarlas, puedes usar esta herramienta en l\u00ednea.<\/p>\n<h2><span class=\"ez-toc-section\" id=\"Notas\"><\/span>Notas<span class=\"ez-toc-section-end\"><\/span><\/h2>\n<ul>\n<li>La f\u00f3rmula matem\u00e1tica debe utilizarse s\u00f3lo en columnas num\u00e9ricas. Por ejemplo, los precios de los productos. Si lo usas en campos de texto, como los t\u00edtulos de los mensajes, obtendr\u00e1s errores porque intentar\u00e1 convertir el texto en un n\u00famero.<\/li>\n<li>La f\u00f3rmula matem\u00e1tica funciona con campos num\u00e9ricos con formato de computadora, no con formato humano. Por ejemplo, 100000.00 est\u00e1 permitido, pero 1,000,000.89 no est\u00e1 permitido (las comas no est\u00e1n permitidas, s\u00f3lo decimales con un punto).<\/li>\n<li>La f\u00f3rmula de reemplazo acepta HTML, pero s\u00f3lo etiquetas y atributos seguros\/simples como enlaces, p\u00e1rrafos e im\u00e1genes. Por ejemplo, se eliminar\u00e1n las etiquetas de gui\u00f3n.<\/li>\n<li>Si usas un texto que contiene html con el atributo &#8221; estilo&#8221;, la f\u00f3rmula de reemplazo puede eliminar el \u00faltimo punto y coma del css, haciendo que el t\u00e9rmino de b\u00fasqueda no coincida.<\/li>\n<li>Si usas un texto que contiene html con atributos usando una sola cita, es decir, class=&#8217;test&#8217;, la f\u00f3rmula de reemplazo podr\u00eda eliminar el atributo. Usa comillas dobles para evitarlo.<\/li>\n<li>La herramienta &#8220;f\u00f3rmulas&#8221; es muy potente y debe utilizarse con cuidado. DEBES hacer una copia de seguridad de tu base de datos antes de ejecutar las f\u00f3rmulas. Si introduces una f\u00f3rmula incorrecta, puedes estropear los datos de tus posts. \u00dasalo najo tu PROPIO RIESGO.<\/li>\n<li>No somos responsables de ninguna p\u00e9rdida de datos o interrupci\u00f3n en tu negocio causada por este plugin.<\/li>\n<\/ul>\n","protected":false},"excerpt":{"rendered":"<p>La herramienta de Formulas es muy \u00fatil para hacer ediciones avanzadas en grandes n\u00fameros de posts. Sintaxis Tenemos dos tipos de f\u00f3rmulas: REEMPLAZO y MATEM\u00c1TICAS. La sintaxis es la siguiente (comillas necesarias): =REPLACE(&#8220;&#8221;Replace this&#8221;&#8221;, &#8220;&#8221;with this&#8221;&#8221;) =MATH(&#8220;4 + 3 \u2013 $current_value$&#8221;) Etiquetas din\u00e1micas Como puedes ver en la f\u00f3rmula matem\u00e1tica, podemos usar etiquetas para la [&hellip;]<\/p>\n","protected":false},"author":1,"featured_media":0,"parent":177,"menu_order":0,"comment_status":"closed","ping_status":"closed","template":"","meta":{"_acf_changed":false,"_custom_body_class":"","_custom_post_class":"","footnotes":"","_links_to":"","_links_to_target":""},"class_list":["post-377","page","type-page","status-publish","hentry","entry"],"acf":[],"yoast_head":"<!-- This site is optimized with the Yoast SEO plugin v26.8 - https:\/\/yoast.com\/product\/yoast-seo-wordpress\/ -->\n<title>C\u00f3mo Usar las F\u00f3rmulas - WP Sheet Editor en Espa\u00f1ol<\/title>\n<meta name=\"robots\" content=\"index, follow, max-snippet:-1, max-image-preview:large, max-video-preview:-1\" \/>\n<link rel=\"canonical\" href=\"https:\/\/wpsheeteditor.com\/es\/ayuda\/como-usar-formulas\/\" \/>\n<meta property=\"og:locale\" content=\"es_ES\" \/>\n<meta property=\"og:type\" content=\"article\" \/>\n<meta property=\"og:title\" content=\"C\u00f3mo Usar las F\u00f3rmulas - WP Sheet Editor en Espa\u00f1ol\" \/>\n<meta property=\"og:description\" content=\"La herramienta de Formulas es muy \u00fatil para hacer ediciones avanzadas en grandes n\u00fameros de posts. Sintaxis Tenemos dos tipos de f\u00f3rmulas: REEMPLAZO y MATEM\u00c1TICAS. La sintaxis es la siguiente (comillas necesarias): =REPLACE(&quot;&quot;Replace this&quot;&quot;, &quot;&quot;with this&quot;&quot;) =MATH(&quot;4 + 3 \u2013 $current_value$&quot;) Etiquetas din\u00e1micas Como puedes ver en la f\u00f3rmula matem\u00e1tica, podemos usar etiquetas para la [&hellip;]\" \/>\n<meta property=\"og:url\" content=\"https:\/\/wpsheeteditor.com\/es\/ayuda\/como-usar-formulas\/\" \/>\n<meta property=\"og:site_name\" content=\"WP Sheet Editor en Espa\u00f1ol\" \/>\n<meta property=\"article:modified_time\" content=\"2019-07-07T19:43:42+00:00\" \/>\n<meta name=\"twitter:card\" content=\"summary_large_image\" \/>\n<meta name=\"twitter:label1\" content=\"Tiempo de lectura\" \/>\n\t<meta name=\"twitter:data1\" content=\"3 minutos\" \/>\n<script type=\"application\/ld+json\" class=\"yoast-schema-graph\">{\"@context\":\"https:\/\/schema.org\",\"@graph\":[{\"@type\":\"WebPage\",\"@id\":\"https:\/\/wpsheeteditor.com\/es\/ayuda\/como-usar-formulas\/\",\"url\":\"https:\/\/wpsheeteditor.com\/es\/ayuda\/como-usar-formulas\/\",\"name\":\"C\u00f3mo Usar las F\u00f3rmulas - WP Sheet Editor en Espa\u00f1ol\",\"isPartOf\":{\"@id\":\"https:\/\/wpsheeteditor.com\/es\/#website\"},\"datePublished\":\"2016-10-25T08:17:15+00:00\",\"dateModified\":\"2019-07-07T19:43:42+00:00\",\"breadcrumb\":{\"@id\":\"https:\/\/wpsheeteditor.com\/es\/ayuda\/como-usar-formulas\/#breadcrumb\"},\"inLanguage\":\"es\",\"potentialAction\":[{\"@type\":\"ReadAction\",\"target\":[\"https:\/\/wpsheeteditor.com\/es\/ayuda\/como-usar-formulas\/\"]}]},{\"@type\":\"BreadcrumbList\",\"@id\":\"https:\/\/wpsheeteditor.com\/es\/ayuda\/como-usar-formulas\/#breadcrumb\",\"itemListElement\":[{\"@type\":\"ListItem\",\"position\":1,\"name\":\"Home\",\"item\":\"https:\/\/wpsheeteditor.com\/es\/\"},{\"@type\":\"ListItem\",\"position\":2,\"name\":\"Ayuda\",\"item\":\"https:\/\/wpsheeteditor.com\/es\/ayuda\/\"},{\"@type\":\"ListItem\",\"position\":3,\"name\":\"C\u00f3mo Usar las F\u00f3rmulas\"}]},{\"@type\":\"WebSite\",\"@id\":\"https:\/\/wpsheeteditor.com\/es\/#website\",\"url\":\"https:\/\/wpsheeteditor.com\/es\/\",\"name\":\"WP Sheet Editor en Espa\u00f1ol\",\"description\":\"Edita miles de posts y p\u00e1ginas r\u00e1pidamente\",\"publisher\":{\"@id\":\"https:\/\/wpsheeteditor.com\/es\/#organization\"},\"potentialAction\":[{\"@type\":\"SearchAction\",\"target\":{\"@type\":\"EntryPoint\",\"urlTemplate\":\"https:\/\/wpsheeteditor.com\/es\/?s={search_term_string}\"},\"query-input\":{\"@type\":\"PropertyValueSpecification\",\"valueRequired\":true,\"valueName\":\"search_term_string\"}}],\"inLanguage\":\"es\"},{\"@type\":\"Organization\",\"@id\":\"https:\/\/wpsheeteditor.com\/es\/#organization\",\"name\":\"WP Sheet Editor\",\"url\":\"https:\/\/wpsheeteditor.com\/es\/\",\"logo\":{\"@type\":\"ImageObject\",\"inLanguage\":\"es\",\"@id\":\"https:\/\/wpsheeteditor.com\/es\/#\/schema\/logo\/image\/\",\"url\":\"https:\/\/media.wpsheeteditor.com\/wp-content\/uploads\/sites\/3\/2016\/06\/26203459\/logo-248x102.png\",\"contentUrl\":\"https:\/\/media.wpsheeteditor.com\/wp-content\/uploads\/sites\/3\/2016\/06\/26203459\/logo-248x102.png\",\"width\":248,\"height\":102,\"caption\":\"WP Sheet Editor\"},\"image\":{\"@id\":\"https:\/\/wpsheeteditor.com\/es\/#\/schema\/logo\/image\/\"}}]}<\/script>\n<!-- \/ Yoast SEO plugin. -->","yoast_head_json":{"title":"C\u00f3mo Usar las F\u00f3rmulas - WP Sheet Editor en Espa\u00f1ol","robots":{"index":"index","follow":"follow","max-snippet":"max-snippet:-1","max-image-preview":"max-image-preview:large","max-video-preview":"max-video-preview:-1"},"canonical":"https:\/\/wpsheeteditor.com\/es\/ayuda\/como-usar-formulas\/","og_locale":"es_ES","og_type":"article","og_title":"C\u00f3mo Usar las F\u00f3rmulas - WP Sheet Editor en Espa\u00f1ol","og_description":"La herramienta de Formulas es muy \u00fatil para hacer ediciones avanzadas en grandes n\u00fameros de posts. Sintaxis Tenemos dos tipos de f\u00f3rmulas: REEMPLAZO y MATEM\u00c1TICAS. La sintaxis es la siguiente (comillas necesarias): =REPLACE(\"\"Replace this\"\", \"\"with this\"\") =MATH(\"4 + 3 \u2013 $current_value$\") Etiquetas din\u00e1micas Como puedes ver en la f\u00f3rmula matem\u00e1tica, podemos usar etiquetas para la [&hellip;]","og_url":"https:\/\/wpsheeteditor.com\/es\/ayuda\/como-usar-formulas\/","og_site_name":"WP Sheet Editor en Espa\u00f1ol","article_modified_time":"2019-07-07T19:43:42+00:00","twitter_card":"summary_large_image","twitter_misc":{"Tiempo de lectura":"3 minutos"},"schema":{"@context":"https:\/\/schema.org","@graph":[{"@type":"WebPage","@id":"https:\/\/wpsheeteditor.com\/es\/ayuda\/como-usar-formulas\/","url":"https:\/\/wpsheeteditor.com\/es\/ayuda\/como-usar-formulas\/","name":"C\u00f3mo Usar las F\u00f3rmulas - WP Sheet Editor en Espa\u00f1ol","isPartOf":{"@id":"https:\/\/wpsheeteditor.com\/es\/#website"},"datePublished":"2016-10-25T08:17:15+00:00","dateModified":"2019-07-07T19:43:42+00:00","breadcrumb":{"@id":"https:\/\/wpsheeteditor.com\/es\/ayuda\/como-usar-formulas\/#breadcrumb"},"inLanguage":"es","potentialAction":[{"@type":"ReadAction","target":["https:\/\/wpsheeteditor.com\/es\/ayuda\/como-usar-formulas\/"]}]},{"@type":"BreadcrumbList","@id":"https:\/\/wpsheeteditor.com\/es\/ayuda\/como-usar-formulas\/#breadcrumb","itemListElement":[{"@type":"ListItem","position":1,"name":"Home","item":"https:\/\/wpsheeteditor.com\/es\/"},{"@type":"ListItem","position":2,"name":"Ayuda","item":"https:\/\/wpsheeteditor.com\/es\/ayuda\/"},{"@type":"ListItem","position":3,"name":"C\u00f3mo Usar las F\u00f3rmulas"}]},{"@type":"WebSite","@id":"https:\/\/wpsheeteditor.com\/es\/#website","url":"https:\/\/wpsheeteditor.com\/es\/","name":"WP Sheet Editor en Espa\u00f1ol","description":"Edita miles de posts y p\u00e1ginas r\u00e1pidamente","publisher":{"@id":"https:\/\/wpsheeteditor.com\/es\/#organization"},"potentialAction":[{"@type":"SearchAction","target":{"@type":"EntryPoint","urlTemplate":"https:\/\/wpsheeteditor.com\/es\/?s={search_term_string}"},"query-input":{"@type":"PropertyValueSpecification","valueRequired":true,"valueName":"search_term_string"}}],"inLanguage":"es"},{"@type":"Organization","@id":"https:\/\/wpsheeteditor.com\/es\/#organization","name":"WP Sheet Editor","url":"https:\/\/wpsheeteditor.com\/es\/","logo":{"@type":"ImageObject","inLanguage":"es","@id":"https:\/\/wpsheeteditor.com\/es\/#\/schema\/logo\/image\/","url":"https:\/\/media.wpsheeteditor.com\/wp-content\/uploads\/sites\/3\/2016\/06\/26203459\/logo-248x102.png","contentUrl":"https:\/\/media.wpsheeteditor.com\/wp-content\/uploads\/sites\/3\/2016\/06\/26203459\/logo-248x102.png","width":248,"height":102,"caption":"WP Sheet Editor"},"image":{"@id":"https:\/\/wpsheeteditor.com\/es\/#\/schema\/logo\/image\/"}}]}},"_links":{"self":[{"href":"https:\/\/wpsheeteditor.com\/es\/wp-json\/wp\/v2\/pages\/377","targetHints":{"allow":["GET"]}}],"collection":[{"href":"https:\/\/wpsheeteditor.com\/es\/wp-json\/wp\/v2\/pages"}],"about":[{"href":"https:\/\/wpsheeteditor.com\/es\/wp-json\/wp\/v2\/types\/page"}],"author":[{"embeddable":true,"href":"https:\/\/wpsheeteditor.com\/es\/wp-json\/wp\/v2\/users\/1"}],"replies":[{"embeddable":true,"href":"https:\/\/wpsheeteditor.com\/es\/wp-json\/wp\/v2\/comments?post=377"}],"version-history":[{"count":15,"href":"https:\/\/wpsheeteditor.com\/es\/wp-json\/wp\/v2\/pages\/377\/revisions"}],"predecessor-version":[{"id":4971,"href":"https:\/\/wpsheeteditor.com\/es\/wp-json\/wp\/v2\/pages\/377\/revisions\/4971"}],"up":[{"embeddable":true,"href":"https:\/\/wpsheeteditor.com\/es\/wp-json\/wp\/v2\/pages\/177"}],"wp:attachment":[{"href":"https:\/\/wpsheeteditor.com\/es\/wp-json\/wp\/v2\/media?parent=377"}],"curies":[{"name":"wp","href":"https:\/\/api.w.org\/{rel}","templated":true}]}}