{"id":387,"date":"2016-10-25T02:46:53","date_gmt":"2016-10-25T08:46:53","guid":{"rendered":"https:\/\/wpsheeteditor.com\/es\/?page_id=387"},"modified":"2021-04-13T18:31:28","modified_gmt":"2021-04-14T00:31:28","slug":"vegacorp","status":"publish","type":"page","link":"https:\/\/wpsheeteditor.com\/es\/legal\/license\/vegacorp\/","title":{"rendered":"Licencia &#8211; VegaCorp"},"content":{"rendered":"<p class=\"license-bubble--below\">Cuando usted completa una compra a trav\u00e9s de nuestro sitio web obtiene una licencia limitada no exclusiva para utilizar el plugin &#8220;WP Sheet Editor&#8221; y otros productos vendidos a trav\u00e9s de nuestro sitio web (<a href=\"https:\/\/wpsheeteditor.com\/es\">https:\/\/wpsheeteditor.com\/es<\/a>) por VegaCorp S.A. de C.V..<\/p>\n<p>Todas las referencias a &#8220;nuestro producto&#8221;, &#8220;WP Sheet Editor&#8221;, &#8220;Sheet Editor&#8221;, o &#8220;nuestro art\u00edculo&#8221; a lo largo de este documento se refieren al producto &#8220;WP Sheet Editor&#8221; vendido a trav\u00e9s de este sitio web.<\/p>\n<p>Proporcionamos 3 licencias diferentes que puede adquirir a trav\u00e9s de nuestro sitio web (Pro, Business y Agency). Todas las licencias comparten algunas condiciones y algunas de ellas tienen sus propias limitaciones. Usted es libre de adquirir la licencia que m\u00e1s le convenga.<\/p>\n<p><strong>Definici\u00f3n:<\/strong> Un Producto Final es una de las siguientes cosas, ambas requieren una aplicaci\u00f3n de habilidad y esfuerzo.<\/p>\n<ul>\n<li>(a) El Producto Final es una implementaci\u00f3n personalizada del producto (WP Sheet Editor). Por ejemplo: nuestro producto es un editor de hojas de c\u00e1lculo y el producto final es un editor de hojas de c\u00e1lculo que tiene m\u00e1s caracter\u00edsticas o permite editar otro tipo de informaci\u00f3n y utiliza el c\u00f3digo de nuestro editor de hojas de c\u00e1lculo total o parcialmente para lograr esas caracter\u00edsticas.<\/li>\n<\/ul>\n<ul>\n<li>(b) Un producto final es una obra que incorpora nuestro producto (WP Sheet Editor) as\u00ed como otras cosas, de modo que tiene un alcance mayor y una naturaleza diferente a la del art\u00edculo. Por ejemplo: nuestro producto es un editor de hojas de c\u00e1lculo y el producto final es un sitio web en el que se ha instalado nuestro producto.<\/li>\n<\/ul>\n<h2><span class=\"ez-toc-section\" id=\"Condiciones_de_la_licencia_Pro\"><\/span>Condiciones de la licencia Pro<span class=\"ez-toc-section-end\"><\/span><\/h2>\n<p>1- Usted tiene licencia para utilizar el producto (WP Sheet Editor) para crear un \u00fanico producto final para usted o para un cliente (una &#8220;\u00fanica aplicaci\u00f3n&#8221;).<\/p>\n<p>Por ejemplo: nuestro producto es un editor de hojas de c\u00e1lculo y est\u00e1 incluido en un producto final, que es un sitio web.<\/p>\n<h2><span class=\"ez-toc-section\" id=\"Condiciones_de_la_licencia_Business\"><\/span>Condiciones de la licencia Business<span class=\"ez-toc-section-end\"><\/span><\/h2>\n<p>1- Usted tiene licencia para utilizar el producto (WP Sheet Editor) para crear hasta 5 productos finales individuales para usted o para un m\u00e1ximo de 5 clientes (un producto final por cliente).<\/p>\n<h2><span class=\"ez-toc-section\" id=\"Condiciones_de_la_licencia_Agency\"><\/span>Condiciones de la licencia Agency<span class=\"ez-toc-section-end\"><\/span><\/h2>\n<p>1- Usted tiene licencia para usar el producto (WP Sheet Editor) para crear hasta 50 Productos Finales individuales para usted o para un m\u00e1ximo de 50 clientes (un producto final por cliente).<\/p>\n<h2><span class=\"ez-toc-section\" id=\"Condiciones_compartidas_entre_todas_las_licencias_disponibles\"><\/span>Condiciones compartidas entre todas las licencias disponibles<span class=\"ez-toc-section-end\"><\/span><\/h2>\n<p>1- Se puede acceder a un Producto Final sin pagar una cuota (no es un producto comercial) y no es un paquete distribuible que incluya nuestro producto (WP Sheet Editor).<\/p>\n<p>2- Usted puede crear para sus clientes el n\u00famero de Productos Finales permitidos por su licencia, y puede transferir ese \u00fanico Producto Final a su cliente por cualquier tarifa. Su cliente obtiene permisos de uso que le permiten utilizar el Producto Final que usted cre\u00f3 para \u00e9l, pero usted es el propietario de la licencia y ser\u00e1 la \u00fanica persona con acceso a nuestro soporte y actualizaciones.<\/p>\n<p>3- Usted puede modificar o manipular nuestro producto. Puede combinar el producto con otras obras y hacer una obra derivada del mismo. Las obras resultantes est\u00e1n sujetas a los t\u00e9rminos de la licencia de nuestro producto que usted compr\u00f3.<\/p>\n<p>Por ejemplo, usted puede comprar el plugin WP Sheet Editor, modificar el esquema de colores y utilizarlo en su sitio web o en el de su cliente. Pero el plugin final seguir\u00e1 estando sujeto a estos t\u00e9rminos y condiciones de licencia. No puede ser distribuido o utilizado en productos comerciales.<\/p>\n<p>4- Usted no puede vender un mismo producto final a m\u00e1s de un cliente, y su cliente no puede vender el producto final a nadie, a menos que est\u00e9 vendiendo todo su negocio, en cuyo caso el nuevo comprador heredar\u00e1 la licencia y deber\u00e1 seguir estas condiciones (Si usted o su cliente quieren vender el producto final varias veces (producto comercial), deben ponerse en contacto con nosotros para obtener una licencia que lo permita).<\/p>\n<p>5- Usted no puede redistribuir el producto como stock, en una herramienta, plataforma, aplicaci\u00f3n, o plantilla, o con archivos fuente. Usted no puede hacer esto con el producto ya sea por s\u00ed solo o en conjunto con otros art\u00edculos, e incluso si usted modifica el art\u00edculo. No puede redistribuir o poner a disposici\u00f3n el art\u00edculo tal cual o con modificaciones superficiales. Estas cosas no est\u00e1n permitidas incluso si la redistribuci\u00f3n es gratuita.<\/p>\n<p>Por ejemplo, no puede comprar el Editor de Hojas WP, modificar el dise\u00f1o, instalarlo en un sitio web y revenderlo como plataforma de gesti\u00f3n de datos.<\/p>\n<p>6- Usted no puede utilizar el producto en cualquier aplicaci\u00f3n que permita a un usuario final personalizar un producto final digital o f\u00edsico a sus necesidades espec\u00edficas, como una aplicaci\u00f3n &#8220;bajo demanda&#8221;, &#8220;a medida&#8221; o &#8220;constr\u00fayalo usted mismo&#8221;.<\/p>\n<p>Ejemplos de aplicaciones &#8220;a la carta&#8221;, &#8220;por encargo&#8221; o &#8220;para hacer uno mismo&#8221;: creadores de sitios web, aplicaciones de presentaci\u00f3n de diapositivas &#8220;para hacer uno mismo&#8221; y generadores de tarjetas electr\u00f3nicas. Necesitar\u00e1 una licencia por cada producto creado por un cliente y cada producto final creado deber\u00e1 cumplir con estos t\u00e9rminos.<\/p>\n<p>7- Aunque usted puede modificar el producto y, por lo tanto, eliminar los componentes no deseados antes de crear su Producto Final \u00fanico, no puede extraer y utilizar un componente \u00fanico de forma independiente.<\/p>\n<p>Por ejemplo: WP Sheet Editor le permite editar las entradas de WordPress utilizando una hermosa hoja de c\u00e1lculo. No puede tomar el c\u00f3digo como una hoja de c\u00e1lculo independiente para editar otro tipo de informaci\u00f3n.<\/p>\n<p>8- Usted no debe permitir que un usuario final (cliente) del Producto Final extraiga el producto y lo utilice por separado del Producto Final.<\/p>\n<p>Por ejemplo, tomar el plugin WP Sheet Editor e instalarlo en otros sitios.<\/p>\n<p>9- El c\u00f3digo del producto (WP Sheet Editor) tiene licencia dividida.<\/p>\n<p>El componente PHP y el HTML renderizado y\/o generado por el PHP (no el HTML generado desde el JavaScript) est\u00e1n cubiertos por la licencia GPL.<\/p>\n<p>El resto de los componentes incluidos por el producto (como el JavaScript, CSS, im\u00e1genes, gr\u00e1ficos, dise\u00f1o, fotos, etc) que fueron desarrollados por VegaCorp S.A. de C.V. est\u00e1n cubiertos por la licencia proporcionada por VegaCorp S.A. de C.V., la cual se especifica en este documento.<\/p>\n<p>El resto de componentes que no est\u00e1n codificados en PHP y HTML, y que no fueron desarrollados por VegaCorp S.A. de C.V. provienen de terceros. La mayor\u00eda de ellos (o todos) son paquetes de c\u00f3digo abierto que pueden ser descargados libremente en la web, otros pueden ser paquetes comerciales para los que VegaCorp S.A. de C.V. ha comprado una licencia para poder incluirlos en un paquete comercial (WP Sheet Editor). Cada uno de estos paquetes tiene su propia licencia.<\/p>\n<p>Estos paquetes est\u00e1n especificados en esta p\u00e1gina incluyendo sus respectivas licencias y fuentes.<\/p>\n<p>10- VegaCorp S.A. de C.V. puede rescindir su(s) licencia(s) si incumple estos t\u00e9rminos. Si esto sucede, usted debe dejar de hacer copias o distribuir el Producto Final hasta que elimine el elemento del mismo, y ya no tendr\u00e1 acceso a nuestro sitio de soporte (wpsheeteditor.com\/es) y a las actualizaciones.<\/p>\n<p>11- VegaCorp S.A. de C.V. conserva la plena propiedad del producto pero le concede la licencia de uso en estos t\u00e9rminos. Esta licencia es entre VegaCorp S.A. de C.V. y usted.<\/p>\n","protected":false},"excerpt":{"rendered":"<p>Cuando usted completa una compra a trav\u00e9s de nuestro sitio web obtiene una licencia limitada no exclusiva para utilizar el plugin &#8220;WP Sheet Editor&#8221; y otros productos vendidos a trav\u00e9s de nuestro sitio web (https:\/\/wpsheeteditor.com\/es) por VegaCorp S.A. de C.V.. Todas las referencias a &#8220;nuestro producto&#8221;, &#8220;WP Sheet Editor&#8221;, &#8220;Sheet Editor&#8221;, o &#8220;nuestro art\u00edculo&#8221; a [&hellip;]<\/p>\n","protected":false},"author":1,"featured_media":0,"parent":202,"menu_order":0,"comment_status":"closed","ping_status":"closed","template":"","meta":{"_acf_changed":false,"_custom_body_class":"","_custom_post_class":"","footnotes":"","_links_to":"","_links_to_target":""},"class_list":["post-387","page","type-page","status-publish","hentry","entry"],"acf":[],"yoast_head":"<!-- This site is optimized with the Yoast SEO plugin v26.8 - https:\/\/yoast.com\/product\/yoast-seo-wordpress\/ -->\n<title>Licencia - VegaCorp - WP Sheet Editor en Espa\u00f1ol<\/title>\n<meta name=\"robots\" content=\"index, follow, max-snippet:-1, max-image-preview:large, max-video-preview:-1\" \/>\n<link rel=\"canonical\" href=\"https:\/\/wpsheeteditor.com\/es\/legal\/license\/vegacorp\/\" \/>\n<meta property=\"og:locale\" content=\"es_ES\" \/>\n<meta property=\"og:type\" content=\"article\" \/>\n<meta property=\"og:title\" content=\"Licencia - VegaCorp - WP Sheet Editor en Espa\u00f1ol\" \/>\n<meta property=\"og:description\" content=\"Cuando usted completa una compra a trav\u00e9s de nuestro sitio web obtiene una licencia limitada no exclusiva para utilizar el plugin &#8220;WP Sheet Editor&#8221; y otros productos vendidos a trav\u00e9s de nuestro sitio web (https:\/\/wpsheeteditor.com\/es) por VegaCorp S.A. de C.V.. Todas las referencias a &#8220;nuestro producto&#8221;, &#8220;WP Sheet Editor&#8221;, &#8220;Sheet Editor&#8221;, o &#8220;nuestro art\u00edculo&#8221; a [&hellip;]\" \/>\n<meta property=\"og:url\" content=\"https:\/\/wpsheeteditor.com\/es\/legal\/license\/vegacorp\/\" \/>\n<meta property=\"og:site_name\" content=\"WP Sheet Editor en Espa\u00f1ol\" \/>\n<meta property=\"article:modified_time\" content=\"2021-04-14T00:31:28+00:00\" \/>\n<meta name=\"twitter:card\" content=\"summary_large_image\" \/>\n<meta name=\"twitter:label1\" content=\"Tiempo de lectura\" \/>\n\t<meta name=\"twitter:data1\" content=\"6 minutos\" \/>\n<script type=\"application\/ld+json\" class=\"yoast-schema-graph\">{\"@context\":\"https:\/\/schema.org\",\"@graph\":[{\"@type\":\"WebPage\",\"@id\":\"https:\/\/wpsheeteditor.com\/es\/legal\/license\/vegacorp\/\",\"url\":\"https:\/\/wpsheeteditor.com\/es\/legal\/license\/vegacorp\/\",\"name\":\"Licencia - VegaCorp - WP Sheet Editor en Espa\u00f1ol\",\"isPartOf\":{\"@id\":\"https:\/\/wpsheeteditor.com\/es\/#website\"},\"datePublished\":\"2016-10-25T08:46:53+00:00\",\"dateModified\":\"2021-04-14T00:31:28+00:00\",\"breadcrumb\":{\"@id\":\"https:\/\/wpsheeteditor.com\/es\/legal\/license\/vegacorp\/#breadcrumb\"},\"inLanguage\":\"es\",\"potentialAction\":[{\"@type\":\"ReadAction\",\"target\":[\"https:\/\/wpsheeteditor.com\/es\/legal\/license\/vegacorp\/\"]}]},{\"@type\":\"BreadcrumbList\",\"@id\":\"https:\/\/wpsheeteditor.com\/es\/legal\/license\/vegacorp\/#breadcrumb\",\"itemListElement\":[{\"@type\":\"ListItem\",\"position\":1,\"name\":\"Home\",\"item\":\"https:\/\/wpsheeteditor.com\/es\/\"},{\"@type\":\"ListItem\",\"position\":2,\"name\":\"Legal\",\"item\":\"https:\/\/wpsheeteditor.com\/es\/legal\/\"},{\"@type\":\"ListItem\",\"position\":3,\"name\":\"Licencia\",\"item\":\"https:\/\/wpsheeteditor.com\/es\/legal\/license\/\"},{\"@type\":\"ListItem\",\"position\":4,\"name\":\"Licencia &#8211; VegaCorp\"}]},{\"@type\":\"WebSite\",\"@id\":\"https:\/\/wpsheeteditor.com\/es\/#website\",\"url\":\"https:\/\/wpsheeteditor.com\/es\/\",\"name\":\"WP Sheet Editor en Espa\u00f1ol\",\"description\":\"Edita miles de posts y p\u00e1ginas r\u00e1pidamente\",\"publisher\":{\"@id\":\"https:\/\/wpsheeteditor.com\/es\/#organization\"},\"potentialAction\":[{\"@type\":\"SearchAction\",\"target\":{\"@type\":\"EntryPoint\",\"urlTemplate\":\"https:\/\/wpsheeteditor.com\/es\/?s={search_term_string}\"},\"query-input\":{\"@type\":\"PropertyValueSpecification\",\"valueRequired\":true,\"valueName\":\"search_term_string\"}}],\"inLanguage\":\"es\"},{\"@type\":\"Organization\",\"@id\":\"https:\/\/wpsheeteditor.com\/es\/#organization\",\"name\":\"WP Sheet Editor\",\"url\":\"https:\/\/wpsheeteditor.com\/es\/\",\"logo\":{\"@type\":\"ImageObject\",\"inLanguage\":\"es\",\"@id\":\"https:\/\/wpsheeteditor.com\/es\/#\/schema\/logo\/image\/\",\"url\":\"https:\/\/media.wpsheeteditor.com\/wp-content\/uploads\/sites\/3\/2016\/06\/26203459\/logo-248x102.png\",\"contentUrl\":\"https:\/\/media.wpsheeteditor.com\/wp-content\/uploads\/sites\/3\/2016\/06\/26203459\/logo-248x102.png\",\"width\":248,\"height\":102,\"caption\":\"WP Sheet Editor\"},\"image\":{\"@id\":\"https:\/\/wpsheeteditor.com\/es\/#\/schema\/logo\/image\/\"}}]}<\/script>\n<!-- \/ Yoast SEO plugin. -->","yoast_head_json":{"title":"Licencia - VegaCorp - WP Sheet Editor en Espa\u00f1ol","robots":{"index":"index","follow":"follow","max-snippet":"max-snippet:-1","max-image-preview":"max-image-preview:large","max-video-preview":"max-video-preview:-1"},"canonical":"https:\/\/wpsheeteditor.com\/es\/legal\/license\/vegacorp\/","og_locale":"es_ES","og_type":"article","og_title":"Licencia - VegaCorp - WP Sheet Editor en Espa\u00f1ol","og_description":"Cuando usted completa una compra a trav\u00e9s de nuestro sitio web obtiene una licencia limitada no exclusiva para utilizar el plugin &#8220;WP Sheet Editor&#8221; y otros productos vendidos a trav\u00e9s de nuestro sitio web (https:\/\/wpsheeteditor.com\/es) por VegaCorp S.A. de C.V.. Todas las referencias a &#8220;nuestro producto&#8221;, &#8220;WP Sheet Editor&#8221;, &#8220;Sheet Editor&#8221;, o &#8220;nuestro art\u00edculo&#8221; a [&hellip;]","og_url":"https:\/\/wpsheeteditor.com\/es\/legal\/license\/vegacorp\/","og_site_name":"WP Sheet Editor en Espa\u00f1ol","article_modified_time":"2021-04-14T00:31:28+00:00","twitter_card":"summary_large_image","twitter_misc":{"Tiempo de lectura":"6 minutos"},"schema":{"@context":"https:\/\/schema.org","@graph":[{"@type":"WebPage","@id":"https:\/\/wpsheeteditor.com\/es\/legal\/license\/vegacorp\/","url":"https:\/\/wpsheeteditor.com\/es\/legal\/license\/vegacorp\/","name":"Licencia - VegaCorp - WP Sheet Editor en Espa\u00f1ol","isPartOf":{"@id":"https:\/\/wpsheeteditor.com\/es\/#website"},"datePublished":"2016-10-25T08:46:53+00:00","dateModified":"2021-04-14T00:31:28+00:00","breadcrumb":{"@id":"https:\/\/wpsheeteditor.com\/es\/legal\/license\/vegacorp\/#breadcrumb"},"inLanguage":"es","potentialAction":[{"@type":"ReadAction","target":["https:\/\/wpsheeteditor.com\/es\/legal\/license\/vegacorp\/"]}]},{"@type":"BreadcrumbList","@id":"https:\/\/wpsheeteditor.com\/es\/legal\/license\/vegacorp\/#breadcrumb","itemListElement":[{"@type":"ListItem","position":1,"name":"Home","item":"https:\/\/wpsheeteditor.com\/es\/"},{"@type":"ListItem","position":2,"name":"Legal","item":"https:\/\/wpsheeteditor.com\/es\/legal\/"},{"@type":"ListItem","position":3,"name":"Licencia","item":"https:\/\/wpsheeteditor.com\/es\/legal\/license\/"},{"@type":"ListItem","position":4,"name":"Licencia &#8211; VegaCorp"}]},{"@type":"WebSite","@id":"https:\/\/wpsheeteditor.com\/es\/#website","url":"https:\/\/wpsheeteditor.com\/es\/","name":"WP Sheet Editor en Espa\u00f1ol","description":"Edita miles de posts y p\u00e1ginas r\u00e1pidamente","publisher":{"@id":"https:\/\/wpsheeteditor.com\/es\/#organization"},"potentialAction":[{"@type":"SearchAction","target":{"@type":"EntryPoint","urlTemplate":"https:\/\/wpsheeteditor.com\/es\/?s={search_term_string}"},"query-input":{"@type":"PropertyValueSpecification","valueRequired":true,"valueName":"search_term_string"}}],"inLanguage":"es"},{"@type":"Organization","@id":"https:\/\/wpsheeteditor.com\/es\/#organization","name":"WP Sheet Editor","url":"https:\/\/wpsheeteditor.com\/es\/","logo":{"@type":"ImageObject","inLanguage":"es","@id":"https:\/\/wpsheeteditor.com\/es\/#\/schema\/logo\/image\/","url":"https:\/\/media.wpsheeteditor.com\/wp-content\/uploads\/sites\/3\/2016\/06\/26203459\/logo-248x102.png","contentUrl":"https:\/\/media.wpsheeteditor.com\/wp-content\/uploads\/sites\/3\/2016\/06\/26203459\/logo-248x102.png","width":248,"height":102,"caption":"WP Sheet Editor"},"image":{"@id":"https:\/\/wpsheeteditor.com\/es\/#\/schema\/logo\/image\/"}}]}},"_links":{"self":[{"href":"https:\/\/wpsheeteditor.com\/es\/wp-json\/wp\/v2\/pages\/387","targetHints":{"allow":["GET"]}}],"collection":[{"href":"https:\/\/wpsheeteditor.com\/es\/wp-json\/wp\/v2\/pages"}],"about":[{"href":"https:\/\/wpsheeteditor.com\/es\/wp-json\/wp\/v2\/types\/page"}],"author":[{"embeddable":true,"href":"https:\/\/wpsheeteditor.com\/es\/wp-json\/wp\/v2\/users\/1"}],"replies":[{"embeddable":true,"href":"https:\/\/wpsheeteditor.com\/es\/wp-json\/wp\/v2\/comments?post=387"}],"version-history":[{"count":3,"href":"https:\/\/wpsheeteditor.com\/es\/wp-json\/wp\/v2\/pages\/387\/revisions"}],"predecessor-version":[{"id":11942,"href":"https:\/\/wpsheeteditor.com\/es\/wp-json\/wp\/v2\/pages\/387\/revisions\/11942"}],"up":[{"embeddable":true,"href":"https:\/\/wpsheeteditor.com\/es\/wp-json\/wp\/v2\/pages\/202"}],"wp:attachment":[{"href":"https:\/\/wpsheeteditor.com\/es\/wp-json\/wp\/v2\/media?parent=387"}],"curies":[{"name":"wp","href":"https:\/\/api.w.org\/{rel}","templated":true}]}}