{"id":515,"date":"2017-05-04T22:22:45","date_gmt":"2017-05-05T04:22:45","guid":{"rendered":"https:\/\/wpsheeteditor.com\/es\/?page_id=515"},"modified":"2021-04-17T13:15:48","modified_gmt":"2021-04-17T19:15:48","slug":"frontend-editor","status":"publish","type":"page","link":"https:\/\/wpsheeteditor.com\/es\/changelog\/frontend-editor\/","title":{"rendered":"Changelog &#8211; Editor Masivo Frontend"},"content":{"rendered":"<p><span>Los elementos con la etiqueta &#8220;GRATIS&#8221; describen los cambios realizados en la versi\u00f3n gratuita del plugin.\u00a0<\/span><span>El resto de las etiquetas (WC, f\u00f3rmulas, filtros, etc.) describen los cambios realizados en la versi\u00f3n premium.<\/span><\/p>\n<pre><span>= V 2.4.4 - 2021-03-12 =<\/span><span><\/span><span>\r\n* Actualizado a CORE v2.24.2<\/span><span><\/span>\r\n<span><\/span>\r\n<span><\/span><span>\r\n= V 2.4.3 - 24\/02\/2021 =<\/span><span><\/span><span>\r\n* Actualizado a CORE v2.24.1<\/span><span><\/span>\r\n<span><\/span>\r\n<span><\/span><span>\r\n= V 2.4.2 - 10\/02\/2021 =<\/span><span><\/span><span>\r\n* CAMBIO - FRONTEND - Evita errores donde algunas columnas desaparecieron<\/span><span><\/span>\r\n<span><\/span>\r\n<span><\/span><span>\r\n= V 2.4.1 - 2020-12-19 =<\/span><span><\/span><span>\r\n* CORRECCI\u00d3N - FRONTEND - Tama\u00f1o de barra de herramientas incorrecto<\/span><span><\/span>\r\n<span><\/span>\r\n<span><\/span><span>\r\n= V 2.4.0 - 21\/11\/2020 =<\/span><span><\/span><span>\r\n* NUEVO - FRONTEND - Mejora la visualizaci\u00f3n de filas<\/span><span><\/span>\r\n<span><\/span>\r\n<span><\/span><span>\r\n= V 2.3.3 - 2020-10-22 =<\/span><span><\/span><span>\r\n* Actualizado a CORE v2.21.3<\/span><span><\/span>\r\n<span><\/span>\r\n<span><\/span><span>\r\n= V 2.3.2 - 2020-10-11 =<\/span><span><\/span><span>\r\n* Actualizado a CORE v2.21.2<\/span><span><\/span>\r\n<span><\/span>\r\n<span><\/span><span>\r\n= V 2.3.1 - 2020-10-07 =<\/span><span><\/span><span>\r\n* Actualizado a CORE v2.21.1<\/span><span><\/span>\r\n<span><\/span>\r\n<span><\/span><span>\r\n= V 2.3.0 - 2020-10-07 =<\/span><span><\/span><span>\r\n* NUEVO - FRONTEND - Previene conflictos CSS<\/span><span><\/span><span>\r\n* CORRECCI\u00d3N - FRONTEND - Algunas hojas no est\u00e1n permitidas cuando deber\u00edan<\/span><span><\/span>\r\n<span><\/span>\r\n<span><\/span><span>\r\n= V 2.2.13 - 2020-09-08 =<\/span><span><\/span><span>\r\n* Actualizado a CORE v2.20.3<\/span><span><\/span>\r\n<span><\/span>\r\n<span><\/span><span>\r\n= V 2.2.12 - 2020-07-22 =<\/span><span><\/span><span>\r\n* CAMBIO - FRONTEND - Mejora el manejo de la importaci\u00f3n<\/span><span><\/span><span>\r\n* CORRECCI\u00d3N - FRONTEND - A veces, el men\u00fa desplegable de edici\u00f3n masiva muestra columnas incorrectas<\/span><span><\/span><span>\r\n* CORRECCI\u00d3N - FRONTEND - Muestra las barras de herramientas incorrectamente<\/span><span><\/span><span>\r\n* CORRECCI\u00d3N - FRONTEND - El formato de la columna no se guarda<\/span><span><\/span>\r\n<span><\/span>\r\n<span><\/span><span>\r\n= V 2.2.11 - 2020-06-26 =<\/span><span><\/span><span>\r\n* Actualizado a CORE v2.20.1<\/span><span><\/span>\r\n<span><\/span>\r\n<span><\/span><span>\r\n= V 2.2.10 - 2020-05-20 =<\/span><span><\/span><span>\r\n* Actualizado a CORE v2.20.0<\/span><span><\/span>\r\n<span><\/span>\r\n<span><\/span><span>\r\n= V 2.2.9 - 2020-04-20 =<\/span><span><\/span><span>\r\n* CORRECCI\u00d3N - FRONTEND - No se pueden habilitar algunas herramientas en la barra de herramientas principal<\/span><span><\/span><span>\r\n* CORRECCI\u00d3N - FRONTEND SHEET - La configuraci\u00f3n aparece duplicada en el backend<\/span><span><\/span>\r\n<span><\/span>\r\n<span><\/span><span>\r\n= V 2.2.8 - 2020-03-17 =<\/span><span><\/span><span>\r\n* Actualizado a CORE v2.18.1<\/span><span><\/span>\r\n<span><\/span>\r\n<span><\/span><span>\r\n= V 2.2.7 - 2020-03-16 =<\/span><span><\/span><span>\r\n* CAMBIO - FRONTEND - Mejora el tama\u00f1o de la mesa<\/span><span><\/span><span>\r\n* CORRECCI\u00d3N - FRONTEND - El desplazamiento infinito no funciona<\/span><span><\/span><span>\r\n* CORRECCI\u00d3N - FRONTEND - Alineaci\u00f3n de celda incorrecta en Firefox cuando no se usa la plantilla incorporada<\/span><span><\/span>\r\n<span><\/span>\r\n<span><\/span><span>\r\n= V 2.2.6 - 2020-02-19 =<\/span><span><\/span><span>\r\n* CAMBIO - FRONTEND - Gratis - Incluye los m\u00f3dulos: visibilidad de columnas, cambio de nombre de columnas y opci\u00f3n para administrar herramientas<\/span><span><\/span><span>\r\n* CAMBIO - FRONTEND: solo muestra las columnas que se habilitaron expl\u00edcitamente en el metabox<\/span><span><\/span><span>\r\n* CAMBIO - FRONTEND - Metabox - Mostrar enlaces para ver y editar la p\u00e1gina que contiene el c\u00f3digo corto<\/span><span><\/span><span>\r\n* CAMBIO - FRONTEND - muestra un c\u00f3digo corto en lugar de generar autom\u00e1ticamente una p\u00e1gina<\/span><span><\/span><span>\r\n* CORRECCI\u00d3N - FRONTEND - Cuando se usa una hoja de c\u00e1lculo backend y una hoja de c\u00e1lculo frontend, el proceso de guardado usa la configuraci\u00f3n de la columna de la hoja de c\u00e1lculo backend, por lo que si la hoja de c\u00e1lculo backend ha deshabilitado una columna, los cambios frontend no se guardan<\/span><span><\/span><span>\r\n* CORRECCI\u00d3N - FRONTEND - Cuando el complemento premium est\u00e1 activado y otro complemento premium que no es la hoja de c\u00e1lculo de publicaciones, todos los tipos de publicaciones est\u00e1n deshabilitados<\/span><span><\/span><span>\r\n* CORRECCI\u00d3N - FRONTEND - VISIBILIDAD DE COLUMNAS - El bot\u00f3n eliminar columna no funciona<\/span><span><\/span><span>\r\n* CORRECCI\u00d3N - FRONTEND - Cuando agregamos el c\u00f3digo corto a una p\u00e1gina con varias l\u00edneas de contenido, la expresi\u00f3n regular no encuentra la ID, lo que hace que use el tipo de publicaci\u00f3n incorrecta en la hoja<\/span><span><\/span><span>\r\n* CORRECCI\u00d3N - FRONTEND - cuando nos desplazamos hacia abajo, los nombres de las columnas se fijan en la posici\u00f3n incorrecta<\/span><span><\/span><span>\r\n* CORRECCI\u00d3N - FRONTEND - VISIBILIDAD DE COLUMNAS - El bot\u00f3n restaurar opciones eliminadas no funciona<\/span><span><\/span>\r\n<span><\/span>\r\n<span><\/span><span>\r\n= V 2.2.5 - 2020-01-13 =<\/span><span><\/span><span>\r\n* CORRECCI\u00d3N - FRONTEND: guarda el tipo de publicaci\u00f3n, pero el metabox aparece ya que no se selecciona ning\u00fan tipo de publicaci\u00f3n siempre<\/span><span><\/span>\r\n<span><\/span>\r\n<span><\/span><span>\r\n= V 2.2.4 - 2019-11-24 =<\/span><span><\/span><span>\r\n* Actualizado a CORE v2.15.4<\/span><span><\/span>\r\n<span><\/span>\r\n<span><\/span><span>\r\n= V 2.2.3 - 2019-11-18 =<\/span><span><\/span><span>\r\n* Actualizado a CORE v2.15.3<\/span><span><\/span>\r\n<span><\/span>\r\n<span><\/span><span>\r\n= V 2.2.1.1 - 2019-10-18 =<\/span><span><\/span><span>\r\n* Actualizado a CORE v2.15.2<\/span><span><\/span>\r\n<span><\/span><span>\r\n= V 2.2.0 - 2019-10-01 =<\/span><span><\/span><span>\r\n* NUEVO - FRONTEND - Integraci\u00f3n agregada con Dokan<\/span><span><\/span><span>\r\n* NUEVO - FRONTEND - Integraci\u00f3n agregada con WC Marketplace<\/span><span><\/span><span>\r\n* Actualizado a CORE v2.15.0<\/span><span><\/span>\r\n<span><\/span>\r\n<span><\/span><span>\r\n------ V 2.1.17 - 2019-09-06 ------<\/span><span><\/span><span>\r\nActualizado a CORE v2.14.0<\/span><span><\/span>\r\n<span><\/span><span>\r\n------ V 2.1.16 - 2019-08-11 ------<\/span><span><\/span><span>\r\nActualizado a CORE v2.13.1<\/span><span><\/span>\r\n<span><\/span><span>\r\n------ V 2.1.15 - 2019-08-08 ------<\/span><span><\/span><span>\r\nActualizado a CORE v2.13.0<\/span><span><\/span>\r\n<span><\/span><span>\r\n------ V 2.1.14 - 2019-07-02 ------<\/span><span><\/span><span>\r\nActualizado a CORE v2.12.0<\/span><span><\/span>\r\n<span><\/span><span>\r\n------ V 2.1.13 - 2019-05-28 ------<\/span><span><\/span><span>\r\nActualizado a CORE v2.11.3<\/span><span><\/span>\r\n<span><\/span><span>\r\n------ V 2.1.12 - 2019-05-27 ------<\/span><span><\/span><span>\r\nCORRECCI\u00d3N- FRONTEND - VISIBILIDAD DE COLUMNAS - Los botones de desactivar \/ activar no funcionan, env\u00edan la p\u00e1gina por error<\/span><span><\/span><span>\r\nCORRECCI\u00d3N - FRONTEND - VISIBILIDAD DE LAS COLUMNAS - Cuando se habilitaron las columnas, rompieron el ahorro<\/span><span><\/span><span>\r\nCORRECCI\u00d3N - FRONTEND - error fatal cuando el n\u00facleo del editor de hojas emite vg_sheet_editor \/ after_init dos veces porque la clase interna ya est\u00e1 definida<\/span><span><\/span><span>\r\nActualizado a CORE v2.11.2<\/span><span><\/span>\r\n<span><\/span><span>\r\n------ V 2.1.11 - 2019-04-23 ------<\/span><span><\/span><span>\r\nActualizado a CORE v2.11.1<\/span><span><\/span>\r\n<span><\/span><span>\r\n------ V 2.1.10 - 2019-04-17 ------<\/span><span><\/span><span>\r\nActualizado a CORE v2.11.0<\/span><span><\/span><span>\r\nNUEVO - FRONTEND - Permitir usar la herramienta de edici\u00f3n masiva<\/span><span><\/span><span>\r\nCAMBIO - FRONTEND - P\u00e1gina de bienvenida - Redirigir a la publicaci\u00f3n de configuraci\u00f3n antes para evitar mostrar contenido innecesario en la p\u00e1gina<\/span><span><\/span><span>\r\nCORRECCI\u00d3N - FRONTEND - No podemos ocultar columnas<\/span><span><\/span>\r\n<span><\/span><span>\r\n------ V 2.1.9 - 2019-03-01 ------<\/span><span><\/span><span>\r\nActualizado a CORE v2.10.0<\/span><span><\/span><span>\r\nActualizado a freemius v2.2.4.<\/span><span><\/span>\r\n<span><\/span><span>\r\n------ V 2.1.8 - 2019-02-14 ------<\/span><span><\/span><span>\r\nActualizado a CORE v2.9.3<\/span><span><\/span><span>\r\nCAMBIO - FRONTEND - L\u00f3gica de inicializaci\u00f3n y arranque refactorizada para evitar la carga duplicada de hojas y la inicializaci\u00f3n duplicada<\/span><span><\/span><span>\r\nCORRECCI\u00d3N - FRONTEND - Error fatal en el metabox - versi\u00f3n premium usando el m\u00e9todo faltante del m\u00f3dulo de visibilidad de columnas<\/span><span><\/span><span>\r\nCORRECCI\u00d3N - FRONTEND - El metabox de configuraci\u00f3n muestra columnas incorrectas cuando se habilita una hoja de tipo de publicaci\u00f3n personalizada<\/span><span><\/span><span>\r\nCORRECCI\u00d3N - FRONTEND: la interfaz no se carga cuando se selecciona un tipo de publicaci\u00f3n personalizada debido a un error de JS<\/span><span><\/span><span>\r\nCORRECCI\u00d3N - FRONTEND - USUARIOS - errores de php porque algunas funciones de wp no exist\u00edan en la interfaz<\/span><span><\/span>\r\n<span><\/span><span>\r\n------ V 2.1.7 - 2019-02-13 ------<\/span><span><\/span><span>\r\nActualizado a CORE v2.9.2<\/span><span><\/span><span>\r\nCORRECCI\u00d3N - FRONTEND - Error fatal en el metabox - versi\u00f3n premium usando el m\u00e9todo faltante del m\u00f3dulo de visibilidad de columnas<\/span><span><\/span>\r\n<span><\/span><span>\r\n------ V 2.1.6 - 2019-02-05 ------<\/span><span><\/span><span>\r\nActualizado a CORE v2.9.0<\/span><span><\/span>\r\n<span><\/span><span>\r\n------ V 2.1.5 - 2019-01-21 ------<\/span><span><\/span><span>\r\nActualizado a CORE v2.8.2<\/span><span><\/span>\r\n<span><\/span><span>\r\n------ V 2.1.4 - 2019-01-18 ------<\/span><span><\/span><span>\r\nActualizado a CORE v2.8.1<\/span><span><\/span>\r\n<span><\/span><span>\r\n------ V 2.1.3 - 2019-01-16 ------<\/span><span><\/span><span>\r\nSoporte agregado para CORE v2.8.0<\/span><span><\/span>\r\n<span><\/span><span>\r\n------ V 2.1.2 - 2018-12-20 ------<\/span><span><\/span><span>\r\nCompatibilidad a\u00f1adida con CORE v2.7.0<\/span><span><\/span>\r\n<span><\/span><span>\r\n------ V 2.1.2 - 2018-12-07 ------<\/span><span><\/span><span>\r\nCompatibilidad a\u00f1adida con CORE v2.6.0<\/span><span><\/span>\r\n<span><\/span><span>\r\n------ V 2.1.0 - 2018-29-10 ------<\/span><span><\/span><span>\r\nNUEVO: usa una plantilla de p\u00e1gina personalizada para evitar problemas de tema y permitir cambiar el logotipo, el men\u00fa y los colores de la p\u00e1gina.<\/span><span><\/span><span>\r\nNUEVO: muestra un mensaje a los usuarios invitados que intentan usar el editor de frontend.<\/span><span><\/span><span>\r\nNUEVO: muestra el formulario de inicio de sesi\u00f3n en l\u00ednea a los usuarios invitados que intentan usar el editor de frontend.<\/span><span><\/span><span>\r\nNUEVO: pruebas gratuitas habilitadas para la versi\u00f3n premium.<\/span><span><\/span><span>\r\nNUEVO: agregue la opci\u00f3n para eliminar la barra de herramientas wp-admin en la interfaz.<\/span><span><\/span><span>\r\nCAMBIO. GRATIS: p\u00e1gina de configuraci\u00f3n simplificada, elimin\u00f3 elementos innecesarios de la p\u00e1gina.<\/span><span><\/span><span>\r\nCAMBIO. Ahora no es necesario instalar el \"editor de hojas de wp\", todas las funciones necesarias vienen en un solo complemento.<\/span><span><\/span><span>\r\nCORRECCI\u00d3N - Frontend - La etiqueta del localizador de celdas no aparece en la metabox del editor (casilla de verificaci\u00f3n sin etiqueta).<\/span><span><\/span><span>\r\nCORRECCI\u00d3N - Frontend - cuando la herramienta de localizaci\u00f3n de celda no est\u00e1 habilitada, obtenemos un error js.<\/span><span><\/span><span>\r\nCORRECCI\u00d3N - Frontend - Error fatal cuando WooCommerce no existe.<\/span><span><\/span><span>\r\nCompatibilidad a\u00f1adida con CORE v2.5.2<\/span><span><\/span>\r\n<span><\/span><span>\r\n------ V 2.0.0 - 2018-04-01 ------<\/span><span><\/span><span>\r\nSe agreg\u00f3 soporte para CORE v2.0.0.<\/span><span><\/span>\r\n<span><\/span><span>\r\n------ V 1.1.0 - 2016-06-17 ------<\/span><span><\/span><span>\r\nSe agreg\u00f3 la funci\u00f3n de configuraci\u00f3n autom\u00e1tica.<\/span><span><\/span><span>\r\nOtros cambios menores.<\/span><span><\/span>\r\n<span><\/span><span>\r\n------ V 1.0.0 - 04-05-2016 ------<\/span><span><\/span><span>\r\n- Versi\u00f3n inicial.<\/span><\/pre>\n","protected":false},"excerpt":{"rendered":"<p>Los elementos con la etiqueta &#8220;GRATIS&#8221; describen los cambios realizados en la versi\u00f3n gratuita del plugin.\u00a0El resto de las etiquetas (WC, f\u00f3rmulas, filtros, etc.) describen los cambios realizados en la versi\u00f3n premium. = V 2.4.4 &#8211; 2021-03-12 = * Actualizado a CORE v2.24.2 = V 2.4.3 &#8211; 24\/02\/2021 = * Actualizado a CORE v2.24.1 = [&hellip;]<\/p>\n","protected":false},"author":1,"featured_media":0,"parent":492,"menu_order":0,"comment_status":"closed","ping_status":"closed","template":"","meta":{"_acf_changed":false,"_custom_body_class":"","_custom_post_class":"","footnotes":"","_links_to":"","_links_to_target":""},"class_list":["post-515","page","type-page","status-publish","hentry","entry"],"acf":[],"yoast_head":"<!-- This site is optimized with the Yoast SEO plugin v26.8 - https:\/\/yoast.com\/product\/yoast-seo-wordpress\/ -->\n<title>Changelog - Editor Masivo Frontend - WP Sheet Editor en Espa\u00f1ol<\/title>\n<meta name=\"robots\" content=\"noindex, follow\" \/>\n<meta property=\"og:locale\" content=\"es_ES\" \/>\n<meta property=\"og:type\" content=\"article\" \/>\n<meta property=\"og:title\" content=\"Changelog - Editor Masivo Frontend - WP Sheet Editor en Espa\u00f1ol\" \/>\n<meta property=\"og:description\" content=\"Los elementos con la etiqueta &#8220;GRATIS&#8221; describen los cambios realizados en la versi\u00f3n gratuita del plugin.\u00a0El resto de las etiquetas (WC, f\u00f3rmulas, filtros, etc.) describen los cambios realizados en la versi\u00f3n premium. = V 2.4.4 - 2021-03-12 = * Actualizado a CORE v2.24.2 = V 2.4.3 - 24\/02\/2021 = * Actualizado a CORE v2.24.1 = [&hellip;]\" \/>\n<meta property=\"og:url\" content=\"https:\/\/wpsheeteditor.com\/es\/changelog\/frontend-editor\/\" \/>\n<meta property=\"og:site_name\" content=\"WP Sheet Editor en Espa\u00f1ol\" \/>\n<meta property=\"article:modified_time\" content=\"2021-04-17T19:15:48+00:00\" \/>\n<meta name=\"twitter:card\" content=\"summary_large_image\" \/>\n<meta name=\"twitter:label1\" content=\"Tiempo de lectura\" \/>\n\t<meta name=\"twitter:data1\" content=\"5 minutos\" \/>\n<script type=\"application\/ld+json\" class=\"yoast-schema-graph\">{\"@context\":\"https:\/\/schema.org\",\"@graph\":[{\"@type\":\"WebPage\",\"@id\":\"https:\/\/wpsheeteditor.com\/es\/changelog\/frontend-editor\/\",\"url\":\"https:\/\/wpsheeteditor.com\/es\/changelog\/frontend-editor\/\",\"name\":\"Changelog - Editor Masivo Frontend - WP Sheet Editor en Espa\u00f1ol\",\"isPartOf\":{\"@id\":\"https:\/\/wpsheeteditor.com\/es\/#website\"},\"datePublished\":\"2017-05-05T04:22:45+00:00\",\"dateModified\":\"2021-04-17T19:15:48+00:00\",\"breadcrumb\":{\"@id\":\"https:\/\/wpsheeteditor.com\/es\/changelog\/frontend-editor\/#breadcrumb\"},\"inLanguage\":\"es\",\"potentialAction\":[{\"@type\":\"ReadAction\",\"target\":[\"https:\/\/wpsheeteditor.com\/es\/changelog\/frontend-editor\/\"]}]},{\"@type\":\"BreadcrumbList\",\"@id\":\"https:\/\/wpsheeteditor.com\/es\/changelog\/frontend-editor\/#breadcrumb\",\"itemListElement\":[{\"@type\":\"ListItem\",\"position\":1,\"name\":\"Home\",\"item\":\"https:\/\/wpsheeteditor.com\/es\/\"},{\"@type\":\"ListItem\",\"position\":2,\"name\":\"Changelog\",\"item\":\"https:\/\/wpsheeteditor.com\/es\/changelog\/\"},{\"@type\":\"ListItem\",\"position\":3,\"name\":\"Changelog &#8211; Editor Masivo Frontend\"}]},{\"@type\":\"WebSite\",\"@id\":\"https:\/\/wpsheeteditor.com\/es\/#website\",\"url\":\"https:\/\/wpsheeteditor.com\/es\/\",\"name\":\"WP Sheet Editor en Espa\u00f1ol\",\"description\":\"Edita miles de posts y p\u00e1ginas r\u00e1pidamente\",\"publisher\":{\"@id\":\"https:\/\/wpsheeteditor.com\/es\/#organization\"},\"potentialAction\":[{\"@type\":\"SearchAction\",\"target\":{\"@type\":\"EntryPoint\",\"urlTemplate\":\"https:\/\/wpsheeteditor.com\/es\/?s={search_term_string}\"},\"query-input\":{\"@type\":\"PropertyValueSpecification\",\"valueRequired\":true,\"valueName\":\"search_term_string\"}}],\"inLanguage\":\"es\"},{\"@type\":\"Organization\",\"@id\":\"https:\/\/wpsheeteditor.com\/es\/#organization\",\"name\":\"WP Sheet Editor\",\"url\":\"https:\/\/wpsheeteditor.com\/es\/\",\"logo\":{\"@type\":\"ImageObject\",\"inLanguage\":\"es\",\"@id\":\"https:\/\/wpsheeteditor.com\/es\/#\/schema\/logo\/image\/\",\"url\":\"https:\/\/media.wpsheeteditor.com\/wp-content\/uploads\/sites\/3\/2016\/06\/26203459\/logo-248x102.png\",\"contentUrl\":\"https:\/\/media.wpsheeteditor.com\/wp-content\/uploads\/sites\/3\/2016\/06\/26203459\/logo-248x102.png\",\"width\":248,\"height\":102,\"caption\":\"WP Sheet Editor\"},\"image\":{\"@id\":\"https:\/\/wpsheeteditor.com\/es\/#\/schema\/logo\/image\/\"}}]}<\/script>\n<!-- \/ Yoast SEO plugin. -->","yoast_head_json":{"title":"Changelog - Editor Masivo Frontend - WP Sheet Editor en Espa\u00f1ol","robots":{"index":"noindex","follow":"follow"},"og_locale":"es_ES","og_type":"article","og_title":"Changelog - Editor Masivo Frontend - WP Sheet Editor en Espa\u00f1ol","og_description":"Los elementos con la etiqueta &#8220;GRATIS&#8221; describen los cambios realizados en la versi\u00f3n gratuita del plugin.\u00a0El resto de las etiquetas (WC, f\u00f3rmulas, filtros, etc.) describen los cambios realizados en la versi\u00f3n premium. = V 2.4.4 - 2021-03-12 = * Actualizado a CORE v2.24.2 = V 2.4.3 - 24\/02\/2021 = * Actualizado a CORE v2.24.1 = [&hellip;]","og_url":"https:\/\/wpsheeteditor.com\/es\/changelog\/frontend-editor\/","og_site_name":"WP Sheet Editor en Espa\u00f1ol","article_modified_time":"2021-04-17T19:15:48+00:00","twitter_card":"summary_large_image","twitter_misc":{"Tiempo de lectura":"5 minutos"},"schema":{"@context":"https:\/\/schema.org","@graph":[{"@type":"WebPage","@id":"https:\/\/wpsheeteditor.com\/es\/changelog\/frontend-editor\/","url":"https:\/\/wpsheeteditor.com\/es\/changelog\/frontend-editor\/","name":"Changelog - Editor Masivo Frontend - WP Sheet Editor en Espa\u00f1ol","isPartOf":{"@id":"https:\/\/wpsheeteditor.com\/es\/#website"},"datePublished":"2017-05-05T04:22:45+00:00","dateModified":"2021-04-17T19:15:48+00:00","breadcrumb":{"@id":"https:\/\/wpsheeteditor.com\/es\/changelog\/frontend-editor\/#breadcrumb"},"inLanguage":"es","potentialAction":[{"@type":"ReadAction","target":["https:\/\/wpsheeteditor.com\/es\/changelog\/frontend-editor\/"]}]},{"@type":"BreadcrumbList","@id":"https:\/\/wpsheeteditor.com\/es\/changelog\/frontend-editor\/#breadcrumb","itemListElement":[{"@type":"ListItem","position":1,"name":"Home","item":"https:\/\/wpsheeteditor.com\/es\/"},{"@type":"ListItem","position":2,"name":"Changelog","item":"https:\/\/wpsheeteditor.com\/es\/changelog\/"},{"@type":"ListItem","position":3,"name":"Changelog &#8211; Editor Masivo Frontend"}]},{"@type":"WebSite","@id":"https:\/\/wpsheeteditor.com\/es\/#website","url":"https:\/\/wpsheeteditor.com\/es\/","name":"WP Sheet Editor en Espa\u00f1ol","description":"Edita miles de posts y p\u00e1ginas r\u00e1pidamente","publisher":{"@id":"https:\/\/wpsheeteditor.com\/es\/#organization"},"potentialAction":[{"@type":"SearchAction","target":{"@type":"EntryPoint","urlTemplate":"https:\/\/wpsheeteditor.com\/es\/?s={search_term_string}"},"query-input":{"@type":"PropertyValueSpecification","valueRequired":true,"valueName":"search_term_string"}}],"inLanguage":"es"},{"@type":"Organization","@id":"https:\/\/wpsheeteditor.com\/es\/#organization","name":"WP Sheet Editor","url":"https:\/\/wpsheeteditor.com\/es\/","logo":{"@type":"ImageObject","inLanguage":"es","@id":"https:\/\/wpsheeteditor.com\/es\/#\/schema\/logo\/image\/","url":"https:\/\/media.wpsheeteditor.com\/wp-content\/uploads\/sites\/3\/2016\/06\/26203459\/logo-248x102.png","contentUrl":"https:\/\/media.wpsheeteditor.com\/wp-content\/uploads\/sites\/3\/2016\/06\/26203459\/logo-248x102.png","width":248,"height":102,"caption":"WP Sheet Editor"},"image":{"@id":"https:\/\/wpsheeteditor.com\/es\/#\/schema\/logo\/image\/"}}]}},"_links":{"self":[{"href":"https:\/\/wpsheeteditor.com\/es\/wp-json\/wp\/v2\/pages\/515","targetHints":{"allow":["GET"]}}],"collection":[{"href":"https:\/\/wpsheeteditor.com\/es\/wp-json\/wp\/v2\/pages"}],"about":[{"href":"https:\/\/wpsheeteditor.com\/es\/wp-json\/wp\/v2\/types\/page"}],"author":[{"embeddable":true,"href":"https:\/\/wpsheeteditor.com\/es\/wp-json\/wp\/v2\/users\/1"}],"replies":[{"embeddable":true,"href":"https:\/\/wpsheeteditor.com\/es\/wp-json\/wp\/v2\/comments?post=515"}],"version-history":[{"count":4,"href":"https:\/\/wpsheeteditor.com\/es\/wp-json\/wp\/v2\/pages\/515\/revisions"}],"predecessor-version":[{"id":12117,"href":"https:\/\/wpsheeteditor.com\/es\/wp-json\/wp\/v2\/pages\/515\/revisions\/12117"}],"up":[{"embeddable":true,"href":"https:\/\/wpsheeteditor.com\/es\/wp-json\/wp\/v2\/pages\/492"}],"wp:attachment":[{"href":"https:\/\/wpsheeteditor.com\/es\/wp-json\/wp\/v2\/media?parent=515"}],"curies":[{"name":"wp","href":"https:\/\/api.w.org\/{rel}","templated":true}]}}