{"id":52,"date":"2016-01-22T02:10:36","date_gmt":"2016-01-22T02:10:36","guid":{"rendered":"https:\/\/wpsheeteditor.com\/es\/?page_id=52"},"modified":"2021-04-13T18:48:27","modified_gmt":"2021-04-14T00:48:27","slug":"contacto","status":"publish","type":"page","link":"https:\/\/wpsheeteditor.com\/es\/empresa\/contacto\/","title":{"rendered":"Contacto"},"content":{"rendered":"<p><strong>Importante.<\/strong><\/p>\n<ol>\n<li>Por favor, lee nuestras <a href=\"https:\/\/wpsheeteditor.com\/es\/ayuda\/preguntas-frecuentes\/\">Preguntas Frecuentes<\/a> y nuestros <a href=\"https:\/\/wpsheeteditor.com\/es\/blog\/\">Tutoriales<\/a> antes de solicitar soporte t\u00e9cnico.<\/li>\n<li>Utiliza nuestro chat en vivo si quieres una respuesta m\u00e1s r\u00e1pida. (Utiliza el chat situado en la esquina inferior derecha de este sitio web).<\/li>\n<\/ol>\n<div class=\"wpforms-container wpforms-container-full\" id=\"wpforms-5175\"><form id=\"wpforms-form-5175\" class=\"wpforms-validate wpforms-form wpforms-ajax-form\" data-formid=\"5175\" method=\"post\" enctype=\"multipart\/form-data\" action=\"\/es\/wp-json\/wp\/v2\/pages\/52\" data-token=\"382a0ee043a1c6bafdb99aa9187f4646\" data-token-time=\"1775269661\"><noscript class=\"wpforms-error-noscript\">Por favor, activa JavaScript en tu navegador para completar este formulario.<\/noscript><div class=\"wpforms-field-container\"><div id=\"wpforms-5175-field_1-container\" class=\"wpforms-field wpforms-field-text\" data-field-id=\"1\"><label class=\"wpforms-field-label\" for=\"wpforms-5175-field_1\">Nombre <span class=\"wpforms-required-label\">*<\/span><\/label><input type=\"text\" id=\"wpforms-5175-field_1\" class=\"wpforms-field-medium wpforms-field-required\" name=\"wpforms[fields][1]\" required><\/div><div id=\"wpforms-5175-field_2-container\" class=\"wpforms-field wpforms-field-email\" data-field-id=\"2\"><label class=\"wpforms-field-label\" for=\"wpforms-5175-field_2\">Email <span class=\"wpforms-required-label\">*<\/span><\/label><input type=\"email\" id=\"wpforms-5175-field_2\" class=\"wpforms-field-medium wpforms-field-required\" name=\"wpforms[fields][2]\" spellcheck=\"false\" required><\/div><div id=\"wpforms-5175-field_7-container\" class=\"wpforms-field wpforms-field-select wpforms-field-select-style-classic\" data-field-id=\"7\"><label class=\"wpforms-field-label\" for=\"wpforms-5175-field_7\">My solicitud es relacionada a esta hoja de c\u00e1lculo<\/label><select id=\"wpforms-5175-field_7\" class=\"wpforms-field-medium\" name=\"wpforms[fields][7]\"><option value=\"19498\"  class=\"choice-0 depth-1\"  >Automatiza la gesti\u00f3n de contenido<\/option><option value=\"1013\"  class=\"choice-1 depth-1\"  >Descarga todos nuestros plugins<\/option><option value=\"778\"  class=\"choice-2 depth-1\"  >Editar Productos WooCommerce en una Tabla u Hoja de C\u00e1lculo<\/option><option value=\"10709\"  class=\"choice-3 depth-1\"  >Editor Masivo de Bases de Datos Personalizadas<\/option><option value=\"3574\"  class=\"choice-4 depth-1\"  >Editor Masivo de Categor\u00edas, Etiquetas, Atributos, y Taxonom\u00edas<\/option><option value=\"881\"  class=\"choice-5 depth-1\"  >Editor Masivo de Clientes WooCommerce<\/option><option value=\"10695\"  class=\"choice-6 depth-1\"  >Editor Masivo de Comentarios y Rese\u00f1as WordPress<\/option><option value=\"978\"  class=\"choice-7 depth-1\"  >Editor Masivo de Cupones WooCommerce<\/option><option value=\"1028\"  class=\"choice-8 depth-1\"  >Editor Masivo de Easy Digital Downloads - WP Sheet Editor<\/option><option value=\"886\"  class=\"choice-9 depth-1\"  >Editor Masivo de Entradas, P\u00e1ginas, y Tipos de Posts Personalizados<\/option><option value=\"10688\"  class=\"choice-10 depth-1\"  >Editor Masivo de Pedidos WooCommerce<\/option><option value=\"780\"  class=\"choice-11 depth-1\"  >Editor Masivo de Usuarios WordPress<\/option><option value=\"779\"  class=\"choice-12 depth-1\"  >Editor Masivo Frontend para Aplicaciones<\/option><option value=\"23570\"  class=\"choice-13 depth-1\"  >Editor Masivo para Cursos, Lecciones, Cuestionarios<\/option><option value=\"19637\"  class=\"choice-14 depth-1\"  >Editor Masivo para GiveWP - Donaciones, Donantes, Formularios<\/option><option value=\"10678\"  class=\"choice-15 depth-1\"  >Editor Masivo para Im\u00e1genes y Galer\u00eda de WordPress<\/option><option value=\"1002\"  class=\"choice-16 depth-1\"  >Editor Masivo para The Events Calendar - WP Sheet Editor<\/option><option value=\"19598\"  class=\"choice-17 depth-1\"  >Sincronizar WordPress con Google Sheets<\/option><\/select><\/div><div id=\"wpforms-5175-field_3-container\" class=\"wpforms-field wpforms-field-text\" data-field-id=\"3\"><label class=\"wpforms-field-label\" for=\"wpforms-5175-field_3\">\u00bfHas comprado el plugin?<\/label><input type=\"text\" id=\"wpforms-5175-field_3\" class=\"wpforms-field-medium\" name=\"wpforms[fields][3]\" ><div class=\"wpforms-field-description\">Dejalo vac\u00edo si no has comprado el plugin, si has comprado ingresa tu ID o key de licencia, sitio web, o ID de transacci\u00f3n<\/div><\/div><div id=\"wpforms-5175-field_4-container\" class=\"wpforms-field wpforms-field-select wpforms-field-select-style-classic\" data-field-id=\"4\"><label class=\"wpforms-field-label\" for=\"wpforms-5175-field_4\">Asunto <span class=\"wpforms-required-label\">*<\/span><\/label><select id=\"wpforms-5175-field_4\" class=\"wpforms-field-medium wpforms-field-required\" name=\"wpforms[fields][4]\" required=\"required\"><option value=\"Pregunta de pre-venta\"  class=\"choice-0 depth-1\"  >Pregunta de pre-venta<\/option><option value=\"Soporte t\u00e9cnico\"  class=\"choice-1 depth-1\"  >Soporte t\u00e9cnico<\/option><option value=\"Sugerir nueva funci\u00f3n\"  class=\"choice-2 depth-1\"  >Sugerir nueva funci\u00f3n<\/option><option value=\"Contratar para desarrollo a la medida\"  class=\"choice-3 depth-1\"  >Contratar para desarrollo a la medida<\/option><option value=\"Usar licencia en segundo sitio web\"  class=\"choice-4 depth-1\"  >Usar licencia en segundo sitio web<\/option><option value=\"Solicitar reeembolso\"  class=\"choice-5 depth-1\"  >Solicitar reeembolso<\/option><option value=\"Otro\"  class=\"choice-6 depth-1\"  >Otro<\/option><\/select><\/div><div id=\"wpforms-5175-field_5-container\" class=\"wpforms-field wpforms-field-textarea\" data-field-id=\"5\"><label class=\"wpforms-field-label\" for=\"wpforms-5175-field_5\">Mensaje <span class=\"wpforms-required-label\">*<\/span><\/label><textarea id=\"wpforms-5175-field_5\" class=\"wpforms-field-medium wpforms-field-required\" name=\"wpforms[fields][5]\" required><\/textarea><\/div><\/div><!-- .wpforms-field-container --><div class=\"wpforms-field wpforms-field-hp\"><label for=\"wpforms-5175-field-hp\" class=\"wpforms-field-label\">Comment<\/label><input type=\"text\" name=\"wpforms[hp]\" id=\"wpforms-5175-field-hp\" class=\"wpforms-field-medium\"><\/div><div class=\"wpforms-recaptcha-container wpforms-is-recaptcha wpforms-is-recaptcha-type-v2\" ><div class=\"g-recaptcha\" data-sitekey=\"6Ld8TrIUAAAAAE4mzSxMTYbHSLwtOvkE9Od2OIoN\"><\/div><input type=\"text\" name=\"g-recaptcha-hidden\" class=\"wpforms-recaptcha-hidden\" style=\"position:absolute!important;clip:rect(0,0,0,0)!important;height:1px!important;width:1px!important;border:0!important;overflow:hidden!important;padding:0!important;margin:0!important;\" data-rule-recaptcha=\"1\"><\/div><div class=\"wpforms-submit-container\" ><input type=\"hidden\" name=\"wpforms[id]\" value=\"5175\"><input type=\"hidden\" name=\"page_title\" value=\"\"><input type=\"hidden\" name=\"page_url\" value=\"https:\/\/wpsheeteditor.com\/es\/wp-json\/wp\/v2\/pages\/52\"><input type=\"hidden\" name=\"url_referer\" value=\"\"><button type=\"submit\" name=\"wpforms[submit]\" id=\"wpforms-submit-5175\" class=\"wpforms-submit\" data-alt-text=\"Enviando\" data-submit-text=\"Enviar\" aria-live=\"assertive\" value=\"wpforms-submit\">Enviar<\/button><img decoding=\"async\" src=\"https:\/\/wpsheeteditor.com\/es\/wp-content\/plugins\/wpforms-lite\/assets\/images\/submit-spin.svg\" class=\"wpforms-submit-spinner\" style=\"display: none;\" width=\"26\" height=\"26\" alt=\"Cargando\"><\/div><\/form><\/div>  <!-- .wpforms-container -->\n","protected":false},"excerpt":{"rendered":"<p>Importante. Por favor, lee nuestras Preguntas Frecuentes y nuestros Tutoriales antes de solicitar soporte t\u00e9cnico. Utiliza nuestro chat en vivo si quieres una respuesta m\u00e1s r\u00e1pida. (Utiliza el chat situado en la esquina inferior derecha de este sitio web).<\/p>\n","protected":false},"author":1,"featured_media":0,"parent":706,"menu_order":0,"comment_status":"closed","ping_status":"closed","template":"","meta":{"_acf_changed":false,"_custom_body_class":"","_custom_post_class":"","footnotes":"","_links_to":"","_links_to_target":""},"class_list":["post-52","page","type-page","status-publish","hentry","entry"],"acf":[],"yoast_head":"<!-- This site is optimized with the Yoast SEO plugin v26.8 - https:\/\/yoast.com\/product\/yoast-seo-wordpress\/ -->\n<title>Contacto - WP Sheet Editor en Espa\u00f1ol<\/title>\n<meta name=\"robots\" content=\"index, follow, max-snippet:-1, max-image-preview:large, max-video-preview:-1\" \/>\n<link rel=\"canonical\" href=\"https:\/\/wpsheeteditor.com\/es\/empresa\/contacto\/\" \/>\n<meta property=\"og:locale\" content=\"es_ES\" \/>\n<meta property=\"og:type\" content=\"article\" \/>\n<meta property=\"og:title\" content=\"Contacto - WP Sheet Editor en Espa\u00f1ol\" \/>\n<meta property=\"og:description\" content=\"Importante. Por favor, lee nuestras Preguntas Frecuentes y nuestros Tutoriales antes de solicitar soporte t\u00e9cnico. Utiliza nuestro chat en vivo si quieres una respuesta m\u00e1s r\u00e1pida. (Utiliza el chat situado en la esquina inferior derecha de este sitio web).\" \/>\n<meta property=\"og:url\" content=\"https:\/\/wpsheeteditor.com\/es\/empresa\/contacto\/\" \/>\n<meta property=\"og:site_name\" content=\"WP Sheet Editor en Espa\u00f1ol\" \/>\n<meta property=\"article:modified_time\" content=\"2021-04-14T00:48:27+00:00\" \/>\n<meta name=\"twitter:card\" content=\"summary_large_image\" \/>\n<meta name=\"twitter:label1\" content=\"Tiempo de lectura\" \/>\n\t<meta name=\"twitter:data1\" content=\"1 minuto\" \/>\n<script type=\"application\/ld+json\" class=\"yoast-schema-graph\">{\"@context\":\"https:\/\/schema.org\",\"@graph\":[{\"@type\":\"WebPage\",\"@id\":\"https:\/\/wpsheeteditor.com\/es\/empresa\/contacto\/\",\"url\":\"https:\/\/wpsheeteditor.com\/es\/empresa\/contacto\/\",\"name\":\"Contacto - WP Sheet Editor en Espa\u00f1ol\",\"isPartOf\":{\"@id\":\"https:\/\/wpsheeteditor.com\/es\/#website\"},\"datePublished\":\"2016-01-22T02:10:36+00:00\",\"dateModified\":\"2021-04-14T00:48:27+00:00\",\"breadcrumb\":{\"@id\":\"https:\/\/wpsheeteditor.com\/es\/empresa\/contacto\/#breadcrumb\"},\"inLanguage\":\"es\",\"potentialAction\":[{\"@type\":\"ReadAction\",\"target\":[\"https:\/\/wpsheeteditor.com\/es\/empresa\/contacto\/\"]}]},{\"@type\":\"BreadcrumbList\",\"@id\":\"https:\/\/wpsheeteditor.com\/es\/empresa\/contacto\/#breadcrumb\",\"itemListElement\":[{\"@type\":\"ListItem\",\"position\":1,\"name\":\"Home\",\"item\":\"https:\/\/wpsheeteditor.com\/es\/\"},{\"@type\":\"ListItem\",\"position\":2,\"name\":\"Empresa\",\"item\":\"https:\/\/wpsheeteditor.com\/es\/empresa\/\"},{\"@type\":\"ListItem\",\"position\":3,\"name\":\"Contacto\"}]},{\"@type\":\"WebSite\",\"@id\":\"https:\/\/wpsheeteditor.com\/es\/#website\",\"url\":\"https:\/\/wpsheeteditor.com\/es\/\",\"name\":\"WP Sheet Editor en Espa\u00f1ol\",\"description\":\"Edita miles de posts y p\u00e1ginas r\u00e1pidamente\",\"publisher\":{\"@id\":\"https:\/\/wpsheeteditor.com\/es\/#organization\"},\"potentialAction\":[{\"@type\":\"SearchAction\",\"target\":{\"@type\":\"EntryPoint\",\"urlTemplate\":\"https:\/\/wpsheeteditor.com\/es\/?s={search_term_string}\"},\"query-input\":{\"@type\":\"PropertyValueSpecification\",\"valueRequired\":true,\"valueName\":\"search_term_string\"}}],\"inLanguage\":\"es\"},{\"@type\":\"Organization\",\"@id\":\"https:\/\/wpsheeteditor.com\/es\/#organization\",\"name\":\"WP Sheet Editor\",\"url\":\"https:\/\/wpsheeteditor.com\/es\/\",\"logo\":{\"@type\":\"ImageObject\",\"inLanguage\":\"es\",\"@id\":\"https:\/\/wpsheeteditor.com\/es\/#\/schema\/logo\/image\/\",\"url\":\"https:\/\/media.wpsheeteditor.com\/wp-content\/uploads\/sites\/3\/2016\/06\/26203459\/logo-248x102.png\",\"contentUrl\":\"https:\/\/media.wpsheeteditor.com\/wp-content\/uploads\/sites\/3\/2016\/06\/26203459\/logo-248x102.png\",\"width\":248,\"height\":102,\"caption\":\"WP Sheet Editor\"},\"image\":{\"@id\":\"https:\/\/wpsheeteditor.com\/es\/#\/schema\/logo\/image\/\"}}]}<\/script>\n<!-- \/ Yoast SEO plugin. -->","yoast_head_json":{"title":"Contacto - WP Sheet Editor en Espa\u00f1ol","robots":{"index":"index","follow":"follow","max-snippet":"max-snippet:-1","max-image-preview":"max-image-preview:large","max-video-preview":"max-video-preview:-1"},"canonical":"https:\/\/wpsheeteditor.com\/es\/empresa\/contacto\/","og_locale":"es_ES","og_type":"article","og_title":"Contacto - WP Sheet Editor en Espa\u00f1ol","og_description":"Importante. Por favor, lee nuestras Preguntas Frecuentes y nuestros Tutoriales antes de solicitar soporte t\u00e9cnico. Utiliza nuestro chat en vivo si quieres una respuesta m\u00e1s r\u00e1pida. (Utiliza el chat situado en la esquina inferior derecha de este sitio web).","og_url":"https:\/\/wpsheeteditor.com\/es\/empresa\/contacto\/","og_site_name":"WP Sheet Editor en Espa\u00f1ol","article_modified_time":"2021-04-14T00:48:27+00:00","twitter_card":"summary_large_image","twitter_misc":{"Tiempo de lectura":"1 minuto"},"schema":{"@context":"https:\/\/schema.org","@graph":[{"@type":"WebPage","@id":"https:\/\/wpsheeteditor.com\/es\/empresa\/contacto\/","url":"https:\/\/wpsheeteditor.com\/es\/empresa\/contacto\/","name":"Contacto - WP Sheet Editor en Espa\u00f1ol","isPartOf":{"@id":"https:\/\/wpsheeteditor.com\/es\/#website"},"datePublished":"2016-01-22T02:10:36+00:00","dateModified":"2021-04-14T00:48:27+00:00","breadcrumb":{"@id":"https:\/\/wpsheeteditor.com\/es\/empresa\/contacto\/#breadcrumb"},"inLanguage":"es","potentialAction":[{"@type":"ReadAction","target":["https:\/\/wpsheeteditor.com\/es\/empresa\/contacto\/"]}]},{"@type":"BreadcrumbList","@id":"https:\/\/wpsheeteditor.com\/es\/empresa\/contacto\/#breadcrumb","itemListElement":[{"@type":"ListItem","position":1,"name":"Home","item":"https:\/\/wpsheeteditor.com\/es\/"},{"@type":"ListItem","position":2,"name":"Empresa","item":"https:\/\/wpsheeteditor.com\/es\/empresa\/"},{"@type":"ListItem","position":3,"name":"Contacto"}]},{"@type":"WebSite","@id":"https:\/\/wpsheeteditor.com\/es\/#website","url":"https:\/\/wpsheeteditor.com\/es\/","name":"WP Sheet Editor en Espa\u00f1ol","description":"Edita miles de posts y p\u00e1ginas r\u00e1pidamente","publisher":{"@id":"https:\/\/wpsheeteditor.com\/es\/#organization"},"potentialAction":[{"@type":"SearchAction","target":{"@type":"EntryPoint","urlTemplate":"https:\/\/wpsheeteditor.com\/es\/?s={search_term_string}"},"query-input":{"@type":"PropertyValueSpecification","valueRequired":true,"valueName":"search_term_string"}}],"inLanguage":"es"},{"@type":"Organization","@id":"https:\/\/wpsheeteditor.com\/es\/#organization","name":"WP Sheet Editor","url":"https:\/\/wpsheeteditor.com\/es\/","logo":{"@type":"ImageObject","inLanguage":"es","@id":"https:\/\/wpsheeteditor.com\/es\/#\/schema\/logo\/image\/","url":"https:\/\/media.wpsheeteditor.com\/wp-content\/uploads\/sites\/3\/2016\/06\/26203459\/logo-248x102.png","contentUrl":"https:\/\/media.wpsheeteditor.com\/wp-content\/uploads\/sites\/3\/2016\/06\/26203459\/logo-248x102.png","width":248,"height":102,"caption":"WP Sheet Editor"},"image":{"@id":"https:\/\/wpsheeteditor.com\/es\/#\/schema\/logo\/image\/"}}]}},"_links":{"self":[{"href":"https:\/\/wpsheeteditor.com\/es\/wp-json\/wp\/v2\/pages\/52","targetHints":{"allow":["GET"]}}],"collection":[{"href":"https:\/\/wpsheeteditor.com\/es\/wp-json\/wp\/v2\/pages"}],"about":[{"href":"https:\/\/wpsheeteditor.com\/es\/wp-json\/wp\/v2\/types\/page"}],"author":[{"embeddable":true,"href":"https:\/\/wpsheeteditor.com\/es\/wp-json\/wp\/v2\/users\/1"}],"replies":[{"embeddable":true,"href":"https:\/\/wpsheeteditor.com\/es\/wp-json\/wp\/v2\/comments?post=52"}],"version-history":[{"count":3,"href":"https:\/\/wpsheeteditor.com\/es\/wp-json\/wp\/v2\/pages\/52\/revisions"}],"predecessor-version":[{"id":11944,"href":"https:\/\/wpsheeteditor.com\/es\/wp-json\/wp\/v2\/pages\/52\/revisions\/11944"}],"up":[{"embeddable":true,"href":"https:\/\/wpsheeteditor.com\/es\/wp-json\/wp\/v2\/pages\/706"}],"wp:attachment":[{"href":"https:\/\/wpsheeteditor.com\/es\/wp-json\/wp\/v2\/media?parent=52"}],"curies":[{"name":"wp","href":"https:\/\/api.w.org\/{rel}","templated":true}]}}