{"id":54,"date":"2016-01-22T02:11:07","date_gmt":"2016-01-22T08:11:07","guid":{"rendered":"https:\/\/wpsheeteditor.com\/es\/?page_id=54"},"modified":"2021-04-13T18:16:57","modified_gmt":"2021-04-14T00:16:57","slug":"terminos-condiciones","status":"publish","type":"page","link":"https:\/\/wpsheeteditor.com\/es\/legal\/terminos-condiciones\/","title":{"rendered":"T\u00e9rminos y Condiciones"},"content":{"rendered":"<p>Nuestro sitio web le da acceso al plugin &#8220;WP Sheet Editor&#8221; de WordPress y le proporciona una licencia limitada no exclusiva para usar el plugin y otros productos vendidos a trav\u00e9s de nuestro sitio web (<a href=\"https:\/\/wpsheeteditor.com\/es\">https:\/\/wpsheeteditor.com\/es<\/a>) por VegaCorp S.A. de C.V..<\/p>\n<p>Todas las referencias a &#8220;nuestro producto&#8221;, &#8220;Editor de Hojas WP&#8221;, &#8220;Editor de Hojas&#8221; o &#8220;nuestro art\u00edculo&#8221; en este documento se refieren al producto &#8220;Editor de Hojas WP&#8221; vendido a trav\u00e9s de este sitio web.<\/p>\n<h3><span class=\"ez-toc-section\" id=\"1_Licencia_de_plugins\"><\/span><strong>1. Licencia de plugins<\/strong><span class=\"ez-toc-section-end\"><\/span><\/h3>\n<p>Puede leer todos los detalles de la licencia en <a href=\"https:\/\/wpsheeteditor.com\/es\/legal\/license\/\">esta p\u00e1gina<\/a>.<\/p>\n<h3><span class=\"ez-toc-section\" id=\"2_Actualizaciones_y_soporte\"><\/span><strong>2. Actualizaciones y soporte<\/strong><span class=\"ez-toc-section-end\"><\/span><\/h3>\n<p>Las actualizaciones de los plugins est\u00e1n disponibles para los clientes que han comprado el producto (y no han sido reembolsados o bloqueados).<\/p>\n<p>Usted no puede compartir o revender el acceso a su c\u00f3digo de compra o archivos del plugin.<\/p>\n<p>El soporte se proporciona de acuerdo con el paquete de soporte adquirido en codecanyon y los t\u00e9rminos y la fecha de caducidad del paquete de soporte pueden cambiar de acuerdo con las pol\u00edticas de codecanyon o la acci\u00f3n del usuario en codecanyon.<\/p>\n<p>El soporte se proporciona en este sitio web a trav\u00e9s de art\u00edculos de ayuda, tutoriales en v\u00eddeo, foro de codecanyon, contacto directo de codecanyon y correo electr\u00f3nico. El medio de soporte puede cambiar en el futuro dependiendo de las pol\u00edticas de c\u00f3decanyon y de nuestra disponibilidad.<\/p>\n<h3><span class=\"ez-toc-section\" id=\"3_Entrega\"><\/span><strong>3. Entrega<\/strong><span class=\"ez-toc-section-end\"><\/span><\/h3>\n<p>Una vez que hayamos recibido su pago, recibir\u00e1 uno o varios correos electr\u00f3nicos con el enlace de descarga. Se le enviar\u00e1 autom\u00e1ticamente a una p\u00e1gina de &#8220;gracias&#8221; donde encontrar\u00e1 el enlace de descarga de los archivos del plugin.<\/p>\n<h3><span class=\"ez-toc-section\" id=\"4_Propiedad_y_responsabilidad\"><\/span><strong>4. Propiedad y responsabilidad<\/strong><span class=\"ez-toc-section-end\"><\/span><\/h3>\n<p>Usted no puede reclamar derechos de propiedad intelectual o exclusiva de ninguno de nuestros productos. Todos los productos son propiedad de VegaCorp S.A. de C.V. y usted debe adherirse a los t\u00e9rminos de la licencia que adquiri\u00f3.<\/p>\n<p>El(los) producto(s) se proporciona(n) &#8220;tal cual&#8221; sin garant\u00eda de ning\u00fan tipo, expresa o impl\u00edcita. No seremos responsables de ning\u00fan da\u00f1o, incluyendo pero no limitado a, da\u00f1os directos, indirectos, especiales, incidentales o consecuentes o p\u00e9rdidas que ocurran por el uso o la incapacidad de usar nuestros productos.<\/p>\n<h3><span class=\"ez-toc-section\" id=\"5_Contenido_del_sitio\"><\/span><strong>5. Contenido del sitio<\/strong><span class=\"ez-toc-section-end\"><\/span><\/h3>\n<p>Todo el contenido del sitio, incluyendo im\u00e1genes y documentaci\u00f3n que se publica en wpsheeteditor.com y todos los sitios web operados por VegaCorp S.A. de C.V. son propiedad de VegaCorp S.A. de C.V.. Cualquier contenido replicado del sitio debe ser autorizado por adelantado. El contenido de este sitio no debe ser usado o explotado para prop\u00f3sitos comerciales o no comerciales sin el consentimiento previo por escrito de VegaCorp S.A. de C.V..<\/p>\n<h3><span class=\"ez-toc-section\" id=\"6_Reembolsos\"><\/span><strong>6. Reembolsos<\/strong><span class=\"ez-toc-section-end\"><\/span><\/h3>\n<p>Estaremos encantados de ofrecerle un reembolso si cumple con estas condiciones:<\/p>\n<ul>\n<li>Usted solicita el reembolso en los 14 d\u00edas despu\u00e9s de la compra, 30 d\u00edas despu\u00e9s de la compra en circunstancias especiales a nuestra discreci\u00f3n.<\/li>\n<li>No puede usar el producto porque no es compatible con su sitio de WordPress<\/li>\n<li>El producto no funciona correctamente y no puede esperar a que encontremos una soluci\u00f3n.<\/li>\n<li>El producto no proporciona las caracter\u00edsticas anunciadas<\/li>\n<\/ul>\n<p>Los reembolsos ser\u00e1n manejados a trav\u00e9s de este sitio web. Puede ponerse en contacto con nosotros utilizando el chat en vivo, la p\u00e1gina de contacto, o respondiendo a cualquiera de nuestros correos electr\u00f3nicos que recibi\u00f3 despu\u00e9s de la compra.<\/p>\n<h3><span class=\"ez-toc-section\" id=\"7_Soporte\"><\/span><strong>7. Soporte<\/strong><span class=\"ez-toc-section-end\"><\/span><\/h3>\n<p>VegaCorp S.A. de C.V. ofrece productos &#8220;tal cual&#8221; y sin ning\u00fan sentido impl\u00edcito de que funcionar\u00e1n exactamente como usted desea o que ser\u00e1n compatibles con todos los componentes y plugins de terceros. No ofrecemos soporte para la plataforma WordPress ni para otros plugins de WordPress que no hayamos desarrollado. S\u00f3lo brindamos soporte para los productos que hemos desarrollado.<\/p>\n<p>Proporcionar nuestros productos como un servicio o como parte de una soluci\u00f3n de alojamiento web no constituye una relaci\u00f3n continua de cliente\/consultor bajo estos t\u00e9rminos.<\/p>\n<p>Los titulares de la licencia no est\u00e1n autorizados a volver a publicar el contenido o la documentaci\u00f3n del foro de soporte en ning\u00fan sitio web externo, medio social, etc. La publicaci\u00f3n de capturas de pantalla de este contenido tambi\u00e9n est\u00e1 prohibida.<\/p>\n<h3><span class=\"ez-toc-section\" id=\"8_Correos_electronicos_transaccionales\"><\/span><strong>8. Correos electr\u00f3nicos transaccionales<\/strong><span class=\"ez-toc-section-end\"><\/span><\/h3>\n<p>VegaCorp S.A. de C.V. puede ocasionalmente enviarle notificaciones por correo electr\u00f3nico relacionadas con su producto y su licencia de producto. Estos correos electr\u00f3nicos transaccionales pueden incluir notificaciones de cambios en las licencias, cambios en nuestros t\u00e9rminos y condiciones, y otros correos electr\u00f3nicos transaccionales relacionados con su compra de los productos. Al comprar nuestros productos, usted acepta recibir estos correos electr\u00f3nicos transaccionales.<\/p>\n<h3><span class=\"ez-toc-section\" id=\"9_PreciosFacturacionPrivacidad\"><\/span><strong>9. Precios\/Facturaci\u00f3n\/Privacidad<\/strong><span class=\"ez-toc-section-end\"><\/span><\/h3>\n<p>Nos reservamos el derecho de cambiar los precios en cualquier momento y por cualquier raz\u00f3n. Nos reservamos el derecho de no aceptar errores tipogr\u00e1ficos que puedan causar precios incorrectos en el sitio web. Absolutamente nunca venderemos o compartiremos sus datos personales con terceros. Todos los datos que recopilamos se utilizar\u00e1n \u00fanicamente para fines internos.<\/p>\n<h3><span class=\"ez-toc-section\" id=\"10_RENUNCIA_DE_GARANTIA\"><\/span><strong>10. RENUNCIA DE GARANT\u00cdA<\/strong><span class=\"ez-toc-section-end\"><\/span><\/h3>\n<p>NO GARANTIZAMOS QUE FUNCIONE CON TODOS LOS PLUGINS, TEMAS O NAVEGADORES DE TERCEROS. NO SOMOS RESPONSABLES DE NING\u00daN CONFLICTO DE COMPATIBILIDAD DE PLUGINS O TEMAS EN QUE PUEDA OCURRIR. NUESTRA POL\u00cdTICA ES DAR SOPORTE A NUESTROS PRODUCTOS LO MEJOR QUE PODAMOS Y PROPORCIONAREMOS SOPORTE PARA CONFLICTOS DE PLUGINS DE TERCEROS A NUESTRA DISCRECI\u00d3N O CUANDO EL TIEMPO LO PERMITA.<\/p>\n<p>TODO EL RIESGO EN CUANTO A LA CALIDAD Y EL RENDIMIENTO DEL SOFTWARE ES ASUMIDO POR EL LICENCIATARIO. EN CASO DE QUE EL SOFTWARE RESULTE DEFECTUOSO EN CUALQUIER ASPECTO, EL LICENCIATARIO Y NO EL LICENCIANTE O SUS PROVEEDORES O REVENDEDORES ASUMIR\u00c1 EL COSTE TOTAL DE CUALQUIER SERVICIO Y REPARACI\u00d3N. ESTA RENUNCIA DE GARANT\u00cdA CONSTITUYE UNA PARTE ESENCIAL DE ESTE ACUERDO. NO SE AUTORIZA EL USO DEL SOFTWARE A CONTINUACI\u00d3N, EXCEPTO EN VIRTUD DE ESTA CL\u00c1USULA DE EXENCI\u00d3N DE RESPONSABILIDAD.<\/p>\n<h3><span class=\"ez-toc-section\" id=\"11_LIMITACION_DE_RESPONSABILIDAD\"><\/span><strong>11. LIMITACI\u00d3N DE RESPONSABILIDAD<\/strong><span class=\"ez-toc-section-end\"><\/span><\/h3>\n<p>EN LA M\u00c1XIMA MEDIDA PERMITIDA POR LA LEY APLICABLE, EN NING\u00daN CASO EL LICENCIANTE, SUS PROVEEDORES O REVENDEDORES SER\u00c1N RESPONSABLES DE NING\u00daN DA\u00d1O INDIRECTO, ESPECIAL, INCIDENTAL O CONSECUENTE QUE SURJA DEL USO O DE LA IMPOSIBILIDAD DE USAR EL SOFTWARE, INCLUIDOS, ENTRE OTROS, LOS DA\u00d1OS POR P\u00c9RDIDA DE BUENA VOLUNTAD, INTERRUPCI\u00d3N DEL TRABAJO, FALLO O MAL FUNCIONAMIENTO DE LA COMPUTADORA, O CUALQUIER OTRO DA\u00d1O O P\u00c9RDIDA COMERCIAL, INCLUSO SI SE AVISA DE LA POSIBILIDAD DE ELLO, Y CON INDEPENDENCIA DE LA TEOR\u00cdA LEGAL O EQUITATIVA (CONTRATO, AGRAVIO O DE CUALQUIER OTRO TIPO) EN LA QUE SE BASE LA RECLAMACI\u00d3N. EN CUALQUIER CASO, LA RESPONSABILIDAD TOTAL DEL LICENCIANTE BAJO CUALQUIER DISPOSICI\u00d3N DE ESTE ACUERDO NO EXCEDER\u00c1 EN TOTAL LA SUMA DE LOS HONORARIOS DEL LICENCIATARIO PAGADOS POR ESTA LICENCIA (SI LOS HUBIERE) Y LOS HONORARIOS POR EL SOPORTE DEL PRODUCTO RECIBIDOS POR `VEGACORP S.A. de C.V.&#8217; BAJO UN ACUERDO DE APOYO SEPARADO (SI ALGUNO), CON LA EXCEPCI\u00d3N DE MUERTE O LESIONES PERSONALES CAUSADAS POR LA NEGLIGENCIA DEL LICENCIATARIO EN LA MEDIDA EN QUE SE APLIQUE LA LEY PROHIBE LA LIMITACI\u00d3N DE DA\u00d1OS EN TALES CASOS. ALGUNAS JURISDICCIONES NO PERMITEN LA EXCLUSI\u00d3N O LIMITACI\u00d3N DE DA\u00d1OS INCIDENTALES O CONSECUENTES, POR LO QUE ESTA EXCLUSI\u00d3N Y LIMITACI\u00d3N PUEDE NO SER APLICABLE. VEGACORP S.A. de C.V.&#8217; NO ES RESPONSABLE DE NINGUNA RESPONSABILIDAD DERIVADA DEL CONTENIDO PROPORCIONADO POR LA LICENCIATARIA O UN TERCERO AL QUE SE ACCEDA A TRAV\u00c9S DEL PRODUCTO Y\/O DE CUALQUIER MATERIAL ENLAZADO A TRAV\u00c9S DE TAL CONTENIDO.<\/p>\n<h3><span class=\"ez-toc-section\" id=\"12_General\"><\/span>12. General<span class=\"ez-toc-section-end\"><\/span><\/h3>\n<p>Los t\u00e9rminos y condiciones anteriores rigen la venta de WP Sheet Editor entre usted, el comprador, y VegaCorp S.A. de C.V. Al hacer un pedido con nosotros usted reconoce que ha le\u00eddo, entendido y est\u00e1 de acuerdo con nuestros t\u00e9rminos y condiciones. Por favor, notif\u00edquenos antes de realizar un pedido si no est\u00e1 de acuerdo con alguno de nuestros t\u00e9rminos y condiciones. Nos reservamos el derecho de modificar estos t\u00e9rminos y condiciones en cualquier momento y por cualquier motivo.<\/p>\n","protected":false},"excerpt":{"rendered":"<p>Nuestro sitio web le da acceso al plugin &#8220;WP Sheet Editor&#8221; de WordPress y le proporciona una licencia limitada no exclusiva para usar el plugin y otros productos vendidos a trav\u00e9s de nuestro sitio web (https:\/\/wpsheeteditor.com\/es) por VegaCorp S.A. de C.V.. Todas las referencias a &#8220;nuestro producto&#8221;, &#8220;Editor de Hojas WP&#8221;, &#8220;Editor de Hojas&#8221; o [&hellip;]<\/p>\n","protected":false},"author":1,"featured_media":0,"parent":719,"menu_order":0,"comment_status":"closed","ping_status":"closed","template":"","meta":{"_acf_changed":false,"_custom_body_class":"","_custom_post_class":"","footnotes":"","_links_to":"","_links_to_target":""},"class_list":["post-54","page","type-page","status-publish","hentry","entry"],"acf":[],"yoast_head":"<!-- This site is optimized with the Yoast SEO plugin v26.8 - https:\/\/yoast.com\/product\/yoast-seo-wordpress\/ -->\n<title>T\u00e9rminos y Condiciones - WP Sheet Editor en Espa\u00f1ol<\/title>\n<meta name=\"robots\" content=\"index, follow, max-snippet:-1, max-image-preview:large, max-video-preview:-1\" \/>\n<link rel=\"canonical\" href=\"https:\/\/wpsheeteditor.com\/es\/legal\/terminos-condiciones\/\" \/>\n<meta property=\"og:locale\" content=\"es_ES\" \/>\n<meta property=\"og:type\" content=\"article\" \/>\n<meta property=\"og:title\" content=\"T\u00e9rminos y Condiciones - WP Sheet Editor en Espa\u00f1ol\" \/>\n<meta property=\"og:description\" content=\"Nuestro sitio web le da acceso al plugin &#8220;WP Sheet Editor&#8221; de WordPress y le proporciona una licencia limitada no exclusiva para usar el plugin y otros productos vendidos a trav\u00e9s de nuestro sitio web (https:\/\/wpsheeteditor.com\/es) por VegaCorp S.A. de C.V.. Todas las referencias a &#8220;nuestro producto&#8221;, &#8220;Editor de Hojas WP&#8221;, &#8220;Editor de Hojas&#8221; o [&hellip;]\" \/>\n<meta property=\"og:url\" content=\"https:\/\/wpsheeteditor.com\/es\/legal\/terminos-condiciones\/\" \/>\n<meta property=\"og:site_name\" content=\"WP Sheet Editor en Espa\u00f1ol\" \/>\n<meta property=\"article:modified_time\" content=\"2021-04-14T00:16:57+00:00\" \/>\n<meta name=\"twitter:card\" content=\"summary_large_image\" \/>\n<meta name=\"twitter:label1\" content=\"Tiempo de lectura\" \/>\n\t<meta name=\"twitter:data1\" content=\"6 minutos\" \/>\n<script type=\"application\/ld+json\" class=\"yoast-schema-graph\">{\"@context\":\"https:\/\/schema.org\",\"@graph\":[{\"@type\":\"WebPage\",\"@id\":\"https:\/\/wpsheeteditor.com\/es\/legal\/terminos-condiciones\/\",\"url\":\"https:\/\/wpsheeteditor.com\/es\/legal\/terminos-condiciones\/\",\"name\":\"T\u00e9rminos y Condiciones - WP Sheet Editor en Espa\u00f1ol\",\"isPartOf\":{\"@id\":\"https:\/\/wpsheeteditor.com\/es\/#website\"},\"datePublished\":\"2016-01-22T08:11:07+00:00\",\"dateModified\":\"2021-04-14T00:16:57+00:00\",\"breadcrumb\":{\"@id\":\"https:\/\/wpsheeteditor.com\/es\/legal\/terminos-condiciones\/#breadcrumb\"},\"inLanguage\":\"es\",\"potentialAction\":[{\"@type\":\"ReadAction\",\"target\":[\"https:\/\/wpsheeteditor.com\/es\/legal\/terminos-condiciones\/\"]}]},{\"@type\":\"BreadcrumbList\",\"@id\":\"https:\/\/wpsheeteditor.com\/es\/legal\/terminos-condiciones\/#breadcrumb\",\"itemListElement\":[{\"@type\":\"ListItem\",\"position\":1,\"name\":\"Home\",\"item\":\"https:\/\/wpsheeteditor.com\/es\/\"},{\"@type\":\"ListItem\",\"position\":2,\"name\":\"Legal\",\"item\":\"https:\/\/wpsheeteditor.com\/es\/legal\/\"},{\"@type\":\"ListItem\",\"position\":3,\"name\":\"T\u00e9rminos y Condiciones\"}]},{\"@type\":\"WebSite\",\"@id\":\"https:\/\/wpsheeteditor.com\/es\/#website\",\"url\":\"https:\/\/wpsheeteditor.com\/es\/\",\"name\":\"WP Sheet Editor en Espa\u00f1ol\",\"description\":\"Edita miles de posts y p\u00e1ginas r\u00e1pidamente\",\"publisher\":{\"@id\":\"https:\/\/wpsheeteditor.com\/es\/#organization\"},\"potentialAction\":[{\"@type\":\"SearchAction\",\"target\":{\"@type\":\"EntryPoint\",\"urlTemplate\":\"https:\/\/wpsheeteditor.com\/es\/?s={search_term_string}\"},\"query-input\":{\"@type\":\"PropertyValueSpecification\",\"valueRequired\":true,\"valueName\":\"search_term_string\"}}],\"inLanguage\":\"es\"},{\"@type\":\"Organization\",\"@id\":\"https:\/\/wpsheeteditor.com\/es\/#organization\",\"name\":\"WP Sheet Editor\",\"url\":\"https:\/\/wpsheeteditor.com\/es\/\",\"logo\":{\"@type\":\"ImageObject\",\"inLanguage\":\"es\",\"@id\":\"https:\/\/wpsheeteditor.com\/es\/#\/schema\/logo\/image\/\",\"url\":\"https:\/\/media.wpsheeteditor.com\/wp-content\/uploads\/sites\/3\/2016\/06\/26203459\/logo-248x102.png\",\"contentUrl\":\"https:\/\/media.wpsheeteditor.com\/wp-content\/uploads\/sites\/3\/2016\/06\/26203459\/logo-248x102.png\",\"width\":248,\"height\":102,\"caption\":\"WP Sheet Editor\"},\"image\":{\"@id\":\"https:\/\/wpsheeteditor.com\/es\/#\/schema\/logo\/image\/\"}}]}<\/script>\n<!-- \/ Yoast SEO plugin. -->","yoast_head_json":{"title":"T\u00e9rminos y Condiciones - WP Sheet Editor en Espa\u00f1ol","robots":{"index":"index","follow":"follow","max-snippet":"max-snippet:-1","max-image-preview":"max-image-preview:large","max-video-preview":"max-video-preview:-1"},"canonical":"https:\/\/wpsheeteditor.com\/es\/legal\/terminos-condiciones\/","og_locale":"es_ES","og_type":"article","og_title":"T\u00e9rminos y Condiciones - WP Sheet Editor en Espa\u00f1ol","og_description":"Nuestro sitio web le da acceso al plugin &#8220;WP Sheet Editor&#8221; de WordPress y le proporciona una licencia limitada no exclusiva para usar el plugin y otros productos vendidos a trav\u00e9s de nuestro sitio web (https:\/\/wpsheeteditor.com\/es) por VegaCorp S.A. de C.V.. Todas las referencias a &#8220;nuestro producto&#8221;, &#8220;Editor de Hojas WP&#8221;, &#8220;Editor de Hojas&#8221; o [&hellip;]","og_url":"https:\/\/wpsheeteditor.com\/es\/legal\/terminos-condiciones\/","og_site_name":"WP Sheet Editor en Espa\u00f1ol","article_modified_time":"2021-04-14T00:16:57+00:00","twitter_card":"summary_large_image","twitter_misc":{"Tiempo de lectura":"6 minutos"},"schema":{"@context":"https:\/\/schema.org","@graph":[{"@type":"WebPage","@id":"https:\/\/wpsheeteditor.com\/es\/legal\/terminos-condiciones\/","url":"https:\/\/wpsheeteditor.com\/es\/legal\/terminos-condiciones\/","name":"T\u00e9rminos y Condiciones - WP Sheet Editor en Espa\u00f1ol","isPartOf":{"@id":"https:\/\/wpsheeteditor.com\/es\/#website"},"datePublished":"2016-01-22T08:11:07+00:00","dateModified":"2021-04-14T00:16:57+00:00","breadcrumb":{"@id":"https:\/\/wpsheeteditor.com\/es\/legal\/terminos-condiciones\/#breadcrumb"},"inLanguage":"es","potentialAction":[{"@type":"ReadAction","target":["https:\/\/wpsheeteditor.com\/es\/legal\/terminos-condiciones\/"]}]},{"@type":"BreadcrumbList","@id":"https:\/\/wpsheeteditor.com\/es\/legal\/terminos-condiciones\/#breadcrumb","itemListElement":[{"@type":"ListItem","position":1,"name":"Home","item":"https:\/\/wpsheeteditor.com\/es\/"},{"@type":"ListItem","position":2,"name":"Legal","item":"https:\/\/wpsheeteditor.com\/es\/legal\/"},{"@type":"ListItem","position":3,"name":"T\u00e9rminos y Condiciones"}]},{"@type":"WebSite","@id":"https:\/\/wpsheeteditor.com\/es\/#website","url":"https:\/\/wpsheeteditor.com\/es\/","name":"WP Sheet Editor en Espa\u00f1ol","description":"Edita miles de posts y p\u00e1ginas r\u00e1pidamente","publisher":{"@id":"https:\/\/wpsheeteditor.com\/es\/#organization"},"potentialAction":[{"@type":"SearchAction","target":{"@type":"EntryPoint","urlTemplate":"https:\/\/wpsheeteditor.com\/es\/?s={search_term_string}"},"query-input":{"@type":"PropertyValueSpecification","valueRequired":true,"valueName":"search_term_string"}}],"inLanguage":"es"},{"@type":"Organization","@id":"https:\/\/wpsheeteditor.com\/es\/#organization","name":"WP Sheet Editor","url":"https:\/\/wpsheeteditor.com\/es\/","logo":{"@type":"ImageObject","inLanguage":"es","@id":"https:\/\/wpsheeteditor.com\/es\/#\/schema\/logo\/image\/","url":"https:\/\/media.wpsheeteditor.com\/wp-content\/uploads\/sites\/3\/2016\/06\/26203459\/logo-248x102.png","contentUrl":"https:\/\/media.wpsheeteditor.com\/wp-content\/uploads\/sites\/3\/2016\/06\/26203459\/logo-248x102.png","width":248,"height":102,"caption":"WP Sheet Editor"},"image":{"@id":"https:\/\/wpsheeteditor.com\/es\/#\/schema\/logo\/image\/"}}]}},"_links":{"self":[{"href":"https:\/\/wpsheeteditor.com\/es\/wp-json\/wp\/v2\/pages\/54","targetHints":{"allow":["GET"]}}],"collection":[{"href":"https:\/\/wpsheeteditor.com\/es\/wp-json\/wp\/v2\/pages"}],"about":[{"href":"https:\/\/wpsheeteditor.com\/es\/wp-json\/wp\/v2\/types\/page"}],"author":[{"embeddable":true,"href":"https:\/\/wpsheeteditor.com\/es\/wp-json\/wp\/v2\/users\/1"}],"replies":[{"embeddable":true,"href":"https:\/\/wpsheeteditor.com\/es\/wp-json\/wp\/v2\/comments?post=54"}],"version-history":[{"count":4,"href":"https:\/\/wpsheeteditor.com\/es\/wp-json\/wp\/v2\/pages\/54\/revisions"}],"predecessor-version":[{"id":11941,"href":"https:\/\/wpsheeteditor.com\/es\/wp-json\/wp\/v2\/pages\/54\/revisions\/11941"}],"up":[{"embeddable":true,"href":"https:\/\/wpsheeteditor.com\/es\/wp-json\/wp\/v2\/pages\/719"}],"wp:attachment":[{"href":"https:\/\/wpsheeteditor.com\/es\/wp-json\/wp\/v2\/media?parent=54"}],"curies":[{"name":"wp","href":"https:\/\/api.w.org\/{rel}","templated":true}]}}