{"id":58,"date":"2016-01-22T02:12:27","date_gmt":"2016-01-22T08:12:27","guid":{"rendered":"https:\/\/wpsheeteditor.com\/es\/?page_id=58"},"modified":"2021-04-16T22:05:25","modified_gmt":"2021-04-17T04:05:25","slug":"politica-privacidad","status":"publish","type":"page","link":"https:\/\/wpsheeteditor.com\/es\/legal\/politica-privacidad\/","title":{"rendered":"Pol\u00edtica de Privacidad"},"content":{"rendered":"<p>Esta Declaraci\u00f3n de Privacidad contiene nuestros puntos de vista y pr\u00e1cticas en relaci\u00f3n con la privacidad, y c\u00f3mo pueden afectarte a ti como usuario de nuestro sitio web.<\/p>\n<p>Tomamos todas las precauciones razonables para asegurar la protecci\u00f3n de toda esa informaci\u00f3n personal. Utilizamos las medidas de seguridad apropiadas para proteger contra la p\u00e9rdida, mal uso y alteraci\u00f3n de los datos utilizados por nuestro sistema.<\/p>\n<p>Toda la informaci\u00f3n transmitida, impresa o enviada a wpsheeteditor.com a trav\u00e9s de este sitio web ser\u00e1 considerada como propiedad de VegaCorp S.A. de C.V. y nuestra compa\u00f1\u00eda ser\u00e1 libre de usar dicha informaci\u00f3n para cualquier prop\u00f3sito legal como se detalla aqu\u00ed.<\/p>\n<p>Este sitio contiene enlaces a otros sitios y no somos responsables de las pr\u00e1cticas de privacidad o el contenido de dichos sitios.<\/p>\n<p>Nos reservamos el derecho de divulgar dicha informaci\u00f3n a las fuerzas del orden u otros funcionarios gubernamentales seg\u00fan lo consideremos necesario, a nuestra entera y absoluta discreci\u00f3n, para cumplir con la ley.<\/p>\n<h3><span class=\"ez-toc-section\" id=\"Informacion_Recopilada\"><\/span><strong>Informaci\u00f3n Recopilada<\/strong><span class=\"ez-toc-section-end\"><\/span><\/h3>\n<p>Autom\u00e1ticamente recogemos y\/o rastreamos lo siguiente:<\/p>\n<ul>\n<li>Cabeceras http de la p\u00e1gina web (nombres de dominio del servidor del hogar, direcci\u00f3n IP, tipo de ordenador cliente\/dispositivo m\u00f3vil y tipo de navegador web),<\/li>\n<li>informaci\u00f3n, espec\u00edfica del usuario o agregada, en qu\u00e9 p\u00e1ginas acceden nuestros visitantes; adem\u00e1s de informaci\u00f3n demogr\u00e1fica y de ubicaci\u00f3n an\u00f3nima<\/li>\n<li>informaci\u00f3n proporcionada por ti a sabiendas a trav\u00e9s de nuestros formularios en l\u00ednea, incluyendo formularios de registro, encuestas y\/u otras entradas<\/li>\n<li>Direcciones de correo electr\u00f3nico de los visitantes que se comunican con wpsheeteditor.com por correo electr\u00f3nico.<\/li>\n<\/ul>\n<h3><span class=\"ez-toc-section\" id=\"Uso_de_los_datos_recopilados\"><\/span><strong>Uso de los datos recopilados<\/strong><span class=\"ez-toc-section-end\"><\/span><\/h3>\n<p>Utilizamos tus datos personales, demogr\u00e1ficos y de perfil para mejorar tu experiencia en nuestro sitio y para permitirnos presentar contenido que creemos que puede ser de tu inter\u00e9s. Utilizamos tu informaci\u00f3n de contacto para enviarte informaci\u00f3n y material promocional sobre nuestra empresa y ofertas de productos.<\/p>\n<p>Tambi\u00e9n podemos utilizar tus datos personales, demogr\u00e1ficos y de perfil para mejorar nuestro sitio, para an\u00e1lisis estad\u00edsticos, para fines de marketing y promoci\u00f3n (tanto por correo electr\u00f3nico como mediante el uso de tu direcci\u00f3n de correo electr\u00f3nico para dirigirnos a sitios como Twitter.com y Facebook.com).<\/p>\n<p>La informaci\u00f3n recopilada por nosotros puede ser agregada a nuestras bases de datos y utilizada para futuras campa\u00f1as de marketing por correo electr\u00f3nico con respecto a actualizaciones del sitio, nuevos productos y servicios, pr\u00f3ximos eventos y\/o estado de los pedidos realizados en l\u00ednea. Al utilizar este sitio, aceptas que podemos ponernos en contacto contigo de cualquier manera contemplada en esta secci\u00f3n.<\/p>\n<h3><span class=\"ez-toc-section\" id=\"Divulgacion_de_datos_a_terceros\"><\/span><strong>Divulgaci\u00f3n de datos a terceros<\/strong><span class=\"ez-toc-section-end\"><\/span><\/h3>\n<p>Nunca compartiremos, venderemos o alquilaremos informaci\u00f3n personal individual con nadie para su uso promocional sin tu permiso previo o a menos que sea ordenado por un tribunal de justicia. La informaci\u00f3n que se nos env\u00eda s\u00f3lo est\u00e1 disponible para los empleados que gestionan esta informaci\u00f3n con el fin de ponerse en contacto contigo o de enviarte correos electr\u00f3nicos basados en tu solicitud de informaci\u00f3n, y para los proveedores de servicios contratados con el fin de prestar servicios relacionados con nuestras comunicaciones contigo.<\/p>\n<h3><span class=\"ez-toc-section\" id=\"Tus_derechos_de_exclusion\"><\/span><strong>Tus derechos de exclusi\u00f3n<\/strong><span class=\"ez-toc-section-end\"><\/span><\/h3>\n<p>Puedes optar por no recibir comunicaciones de marketing de nuestra parte haciendo clic en el enlace de cancelaci\u00f3n de suscripci\u00f3n en el pie de nuestros correos electr\u00f3nicos o enviando tu solicitud, por escrito, por correo electr\u00f3nico a: support@sheeteditor.com<\/p>\n<p>Si eliminas tu informaci\u00f3n de nuestras listas de mercadeo, ya no ser\u00e1 utilizada por nosotros para enviarte correspondencia promocional.<\/p>\n<h3><span class=\"ez-toc-section\" id=\"Nuestro_derecho_a_comunicarnos_contigo\"><\/span><strong>Nuestro derecho a comunicarnos contigo<\/strong><span class=\"ez-toc-section-end\"><\/span><\/h3>\n<p>Nos reservamos el derecho de comunicarnos contigo con respecto al estado de tu cuenta y los cambios en los acuerdos de suscripci\u00f3n, la pol\u00edtica de privacidad o cualquier otra pol\u00edtica o acuerdo relevante para ti.<\/p>\n<h3><span class=\"ez-toc-section\" id=\"Nuestro_derecho_a_cambiar\"><\/span><strong>Nuestro derecho a cambiar<\/strong><span class=\"ez-toc-section-end\"><\/span><\/h3>\n<p>Nos reservamos el derecho de cambiar esta pol\u00edtica en cualquier momento notific\u00e1ndote de la existencia y ubicaci\u00f3n de la pol\u00edtica de privacidad nueva o revisada o publicando los cambios en l\u00ednea en nuestro sitio.<\/p>\n<h3><span class=\"ez-toc-section\" id=\"Politica_antispam_Cumplimiento_de_la_Ley_Can-Spam\"><\/span><strong>Pol\u00edtica antispam. Cumplimiento de la Ley Can-Spam<\/strong><span class=\"ez-toc-section-end\"><\/span><\/h3>\n<p>Nuestra empresa se compromete a garantizar el cumplimiento de la Ley Can-Spam, que entr\u00f3 en vigor el 1 de enero de 2004. Puedes recibir correo electr\u00f3nico de wpsheeteditor.com en las siguientes circunstancias:<\/p>\n<ul>\n<li>Agradeci\u00e9ndote por tu valioso negocio<\/li>\n<li>Anuncios de nuestros productos, servicios, disponibilidad de nuevos productos, pr\u00f3xima capacitaci\u00f3n, recursos gratuitos, cambios en los servicios;<\/li>\n<li>Correspondencia para confirmar una transacci\u00f3n y\/o recordatorios de transacciones pendientes;<\/li>\n<li>Notificaciones sobre el estado de tu membres\u00eda (incluyendo recordatorios sobre vencimientos y renovaciones de productos);<\/li>\n<li>Actualizaciones\/notificaciones generadas por nuestros productos y servicios;<\/li>\n<li>Entrega de incentivos a los suscriptores de boletines informativos por correo electr\u00f3nico, tales como libros electr\u00f3nicos y cupones gratuitos;<\/li>\n<li>Noticias sobre la comunidad\/productos, incluyendo actualizaciones de seguridad, nuevos productos y lanzamientos de funciones, pr\u00f3ximos webinars\/eventos de formaci\u00f3n, recursos gratuitos y cupones\/ventas.<\/li>\n<li>Anuncios de productos y servicios de terceros en los que hemos determinado que dicho producto o servicio puede ser de inter\u00e9s para nuestros clientes.<\/li>\n<\/ul>\n<p>Para garantizar el cumplimiento de la ley Can-Spam Act, nuestra empresa ha implementado las siguientes directrices para el env\u00edo de correo electr\u00f3nico:<\/p>\n<p>Todos los correos electr\u00f3nicos enviados a ti por wpsheeteditor.com identificar\u00e1n claramente a wpsheeteditor.com como el remitente. DE \/ REMITENTE: soporte@wpsheeteditor.com o noticias@wpsheeteditor.com\u00a0(NOTA: El remitente real puede alterar, pero todas las direcciones de origen terminar\u00e1n en @wpsheeteditor.com).<\/p>\n<p>Cualquier correo electr\u00f3nico de marketing\/promoci\u00f3n de wpsheeteditor.com incluir\u00e1 la posibilidad de darse de baja de futuros mensajes de correo electr\u00f3nico.\u00a0La cancelaci\u00f3n de la suscripci\u00f3n asegurar\u00e1 que el cliente sea eliminado de TODAS las listas de mercadeo en wpsheeteditor.com; esto excluye los correos electr\u00f3nicos de servicio al cliente relacionados con el procesamiento y el estado de las transacciones, los productos y la membres\u00eda.<\/p>\n<p>Todos los correos electr\u00f3nicos enviados directamente por wpsheeteditor.com incluyen informaci\u00f3n v\u00e1lida sobre la direcci\u00f3n postal en el pie de p\u00e1gina.\u00a0Los correos electr\u00f3nicos enviados directamente por wpsheeteditor.com incluir\u00e1n una direcci\u00f3n de correo electr\u00f3nico y una direcci\u00f3n f\u00edsica donde podr\u00e1s enviar sugerencias, quejas u otra correspondencia.<\/p>\n<h3><span class=\"ez-toc-section\" id=\"Nuestra_informacion_de_contacto\"><\/span><strong>Nuestra informaci\u00f3n de contacto<\/strong><span class=\"ez-toc-section-end\"><\/span><\/h3>\n<p>Si tienes alguna pregunta sobre esta declaraci\u00f3n de privacidad, las pr\u00e1cticas de este sitio o tus relaciones con este sitio web, puedes ponerte en contacto con nosotros a trav\u00e9s de<\/p>\n<p><strong>Email:<\/strong> <a href=\"mailto:support@wpsheeteditor.com\">support@wpsheeteditor.com<\/a><br \/>\n<a href=\"https:\/\/wpsheeteditor.com\/es\/empresa\/contacto\/\"><strong>P\u00e1gina de contacto<\/strong><\/a><br \/>\n<strong>Direcci\u00f3n:<\/strong>\u00a07a calle ote entre 3a y 5a av sur. #9-B. Santa Ana, Santa Ana, El Salvador<\/p>\n","protected":false},"excerpt":{"rendered":"<p>Esta Declaraci\u00f3n de Privacidad contiene nuestros puntos de vista y pr\u00e1cticas en relaci\u00f3n con la privacidad, y c\u00f3mo pueden afectarte a ti como usuario de nuestro sitio web. Tomamos todas las precauciones razonables para asegurar la protecci\u00f3n de toda esa informaci\u00f3n personal. Utilizamos las medidas de seguridad apropiadas para proteger contra la p\u00e9rdida, mal uso [&hellip;]<\/p>\n","protected":false},"author":1,"featured_media":0,"parent":719,"menu_order":0,"comment_status":"closed","ping_status":"closed","template":"","meta":{"_acf_changed":false,"_custom_body_class":"","_custom_post_class":"","footnotes":"","_links_to":"","_links_to_target":""},"class_list":["post-58","page","type-page","status-publish","hentry","entry"],"acf":[],"yoast_head":"<!-- This site is optimized with the Yoast SEO plugin v26.8 - https:\/\/yoast.com\/product\/yoast-seo-wordpress\/ -->\n<title>Pol\u00edtica de Privacidad - WP Sheet Editor en Espa\u00f1ol<\/title>\n<meta name=\"robots\" content=\"index, follow, max-snippet:-1, max-image-preview:large, max-video-preview:-1\" \/>\n<link rel=\"canonical\" href=\"https:\/\/wpsheeteditor.com\/es\/legal\/politica-privacidad\/\" \/>\n<meta property=\"og:locale\" content=\"es_ES\" \/>\n<meta property=\"og:type\" content=\"article\" \/>\n<meta property=\"og:title\" content=\"Pol\u00edtica de Privacidad - WP Sheet Editor en Espa\u00f1ol\" \/>\n<meta property=\"og:description\" content=\"Esta Declaraci\u00f3n de Privacidad contiene nuestros puntos de vista y pr\u00e1cticas en relaci\u00f3n con la privacidad, y c\u00f3mo pueden afectarte a ti como usuario de nuestro sitio web. Tomamos todas las precauciones razonables para asegurar la protecci\u00f3n de toda esa informaci\u00f3n personal. Utilizamos las medidas de seguridad apropiadas para proteger contra la p\u00e9rdida, mal uso [&hellip;]\" \/>\n<meta property=\"og:url\" content=\"https:\/\/wpsheeteditor.com\/es\/legal\/politica-privacidad\/\" \/>\n<meta property=\"og:site_name\" content=\"WP Sheet Editor en Espa\u00f1ol\" \/>\n<meta property=\"article:modified_time\" content=\"2021-04-17T04:05:25+00:00\" \/>\n<meta name=\"twitter:card\" content=\"summary_large_image\" \/>\n<meta name=\"twitter:label1\" content=\"Tiempo de lectura\" \/>\n\t<meta name=\"twitter:data1\" content=\"5 minutos\" \/>\n<script type=\"application\/ld+json\" class=\"yoast-schema-graph\">{\"@context\":\"https:\/\/schema.org\",\"@graph\":[{\"@type\":\"WebPage\",\"@id\":\"https:\/\/wpsheeteditor.com\/es\/legal\/politica-privacidad\/\",\"url\":\"https:\/\/wpsheeteditor.com\/es\/legal\/politica-privacidad\/\",\"name\":\"Pol\u00edtica de Privacidad - WP Sheet Editor en Espa\u00f1ol\",\"isPartOf\":{\"@id\":\"https:\/\/wpsheeteditor.com\/es\/#website\"},\"datePublished\":\"2016-01-22T08:12:27+00:00\",\"dateModified\":\"2021-04-17T04:05:25+00:00\",\"breadcrumb\":{\"@id\":\"https:\/\/wpsheeteditor.com\/es\/legal\/politica-privacidad\/#breadcrumb\"},\"inLanguage\":\"es\",\"potentialAction\":[{\"@type\":\"ReadAction\",\"target\":[\"https:\/\/wpsheeteditor.com\/es\/legal\/politica-privacidad\/\"]}]},{\"@type\":\"BreadcrumbList\",\"@id\":\"https:\/\/wpsheeteditor.com\/es\/legal\/politica-privacidad\/#breadcrumb\",\"itemListElement\":[{\"@type\":\"ListItem\",\"position\":1,\"name\":\"Home\",\"item\":\"https:\/\/wpsheeteditor.com\/es\/\"},{\"@type\":\"ListItem\",\"position\":2,\"name\":\"Legal\",\"item\":\"https:\/\/wpsheeteditor.com\/es\/legal\/\"},{\"@type\":\"ListItem\",\"position\":3,\"name\":\"Pol\u00edtica de Privacidad\"}]},{\"@type\":\"WebSite\",\"@id\":\"https:\/\/wpsheeteditor.com\/es\/#website\",\"url\":\"https:\/\/wpsheeteditor.com\/es\/\",\"name\":\"WP Sheet Editor en Espa\u00f1ol\",\"description\":\"Edita miles de posts y p\u00e1ginas r\u00e1pidamente\",\"publisher\":{\"@id\":\"https:\/\/wpsheeteditor.com\/es\/#organization\"},\"potentialAction\":[{\"@type\":\"SearchAction\",\"target\":{\"@type\":\"EntryPoint\",\"urlTemplate\":\"https:\/\/wpsheeteditor.com\/es\/?s={search_term_string}\"},\"query-input\":{\"@type\":\"PropertyValueSpecification\",\"valueRequired\":true,\"valueName\":\"search_term_string\"}}],\"inLanguage\":\"es\"},{\"@type\":\"Organization\",\"@id\":\"https:\/\/wpsheeteditor.com\/es\/#organization\",\"name\":\"WP Sheet Editor\",\"url\":\"https:\/\/wpsheeteditor.com\/es\/\",\"logo\":{\"@type\":\"ImageObject\",\"inLanguage\":\"es\",\"@id\":\"https:\/\/wpsheeteditor.com\/es\/#\/schema\/logo\/image\/\",\"url\":\"https:\/\/media.wpsheeteditor.com\/wp-content\/uploads\/sites\/3\/2016\/06\/26203459\/logo-248x102.png\",\"contentUrl\":\"https:\/\/media.wpsheeteditor.com\/wp-content\/uploads\/sites\/3\/2016\/06\/26203459\/logo-248x102.png\",\"width\":248,\"height\":102,\"caption\":\"WP Sheet Editor\"},\"image\":{\"@id\":\"https:\/\/wpsheeteditor.com\/es\/#\/schema\/logo\/image\/\"}}]}<\/script>\n<!-- \/ Yoast SEO plugin. -->","yoast_head_json":{"title":"Pol\u00edtica de Privacidad - WP Sheet Editor en Espa\u00f1ol","robots":{"index":"index","follow":"follow","max-snippet":"max-snippet:-1","max-image-preview":"max-image-preview:large","max-video-preview":"max-video-preview:-1"},"canonical":"https:\/\/wpsheeteditor.com\/es\/legal\/politica-privacidad\/","og_locale":"es_ES","og_type":"article","og_title":"Pol\u00edtica de Privacidad - WP Sheet Editor en Espa\u00f1ol","og_description":"Esta Declaraci\u00f3n de Privacidad contiene nuestros puntos de vista y pr\u00e1cticas en relaci\u00f3n con la privacidad, y c\u00f3mo pueden afectarte a ti como usuario de nuestro sitio web. Tomamos todas las precauciones razonables para asegurar la protecci\u00f3n de toda esa informaci\u00f3n personal. Utilizamos las medidas de seguridad apropiadas para proteger contra la p\u00e9rdida, mal uso [&hellip;]","og_url":"https:\/\/wpsheeteditor.com\/es\/legal\/politica-privacidad\/","og_site_name":"WP Sheet Editor en Espa\u00f1ol","article_modified_time":"2021-04-17T04:05:25+00:00","twitter_card":"summary_large_image","twitter_misc":{"Tiempo de lectura":"5 minutos"},"schema":{"@context":"https:\/\/schema.org","@graph":[{"@type":"WebPage","@id":"https:\/\/wpsheeteditor.com\/es\/legal\/politica-privacidad\/","url":"https:\/\/wpsheeteditor.com\/es\/legal\/politica-privacidad\/","name":"Pol\u00edtica de Privacidad - WP Sheet Editor en Espa\u00f1ol","isPartOf":{"@id":"https:\/\/wpsheeteditor.com\/es\/#website"},"datePublished":"2016-01-22T08:12:27+00:00","dateModified":"2021-04-17T04:05:25+00:00","breadcrumb":{"@id":"https:\/\/wpsheeteditor.com\/es\/legal\/politica-privacidad\/#breadcrumb"},"inLanguage":"es","potentialAction":[{"@type":"ReadAction","target":["https:\/\/wpsheeteditor.com\/es\/legal\/politica-privacidad\/"]}]},{"@type":"BreadcrumbList","@id":"https:\/\/wpsheeteditor.com\/es\/legal\/politica-privacidad\/#breadcrumb","itemListElement":[{"@type":"ListItem","position":1,"name":"Home","item":"https:\/\/wpsheeteditor.com\/es\/"},{"@type":"ListItem","position":2,"name":"Legal","item":"https:\/\/wpsheeteditor.com\/es\/legal\/"},{"@type":"ListItem","position":3,"name":"Pol\u00edtica de Privacidad"}]},{"@type":"WebSite","@id":"https:\/\/wpsheeteditor.com\/es\/#website","url":"https:\/\/wpsheeteditor.com\/es\/","name":"WP Sheet Editor en Espa\u00f1ol","description":"Edita miles de posts y p\u00e1ginas r\u00e1pidamente","publisher":{"@id":"https:\/\/wpsheeteditor.com\/es\/#organization"},"potentialAction":[{"@type":"SearchAction","target":{"@type":"EntryPoint","urlTemplate":"https:\/\/wpsheeteditor.com\/es\/?s={search_term_string}"},"query-input":{"@type":"PropertyValueSpecification","valueRequired":true,"valueName":"search_term_string"}}],"inLanguage":"es"},{"@type":"Organization","@id":"https:\/\/wpsheeteditor.com\/es\/#organization","name":"WP Sheet Editor","url":"https:\/\/wpsheeteditor.com\/es\/","logo":{"@type":"ImageObject","inLanguage":"es","@id":"https:\/\/wpsheeteditor.com\/es\/#\/schema\/logo\/image\/","url":"https:\/\/media.wpsheeteditor.com\/wp-content\/uploads\/sites\/3\/2016\/06\/26203459\/logo-248x102.png","contentUrl":"https:\/\/media.wpsheeteditor.com\/wp-content\/uploads\/sites\/3\/2016\/06\/26203459\/logo-248x102.png","width":248,"height":102,"caption":"WP Sheet Editor"},"image":{"@id":"https:\/\/wpsheeteditor.com\/es\/#\/schema\/logo\/image\/"}}]}},"_links":{"self":[{"href":"https:\/\/wpsheeteditor.com\/es\/wp-json\/wp\/v2\/pages\/58","targetHints":{"allow":["GET"]}}],"collection":[{"href":"https:\/\/wpsheeteditor.com\/es\/wp-json\/wp\/v2\/pages"}],"about":[{"href":"https:\/\/wpsheeteditor.com\/es\/wp-json\/wp\/v2\/types\/page"}],"author":[{"embeddable":true,"href":"https:\/\/wpsheeteditor.com\/es\/wp-json\/wp\/v2\/users\/1"}],"replies":[{"embeddable":true,"href":"https:\/\/wpsheeteditor.com\/es\/wp-json\/wp\/v2\/comments?post=58"}],"version-history":[{"count":4,"href":"https:\/\/wpsheeteditor.com\/es\/wp-json\/wp\/v2\/pages\/58\/revisions"}],"predecessor-version":[{"id":12068,"href":"https:\/\/wpsheeteditor.com\/es\/wp-json\/wp\/v2\/pages\/58\/revisions\/12068"}],"up":[{"embeddable":true,"href":"https:\/\/wpsheeteditor.com\/es\/wp-json\/wp\/v2\/pages\/719"}],"wp:attachment":[{"href":"https:\/\/wpsheeteditor.com\/es\/wp-json\/wp\/v2\/media?parent=58"}],"curies":[{"name":"wp","href":"https:\/\/api.w.org\/{rel}","templated":true}]}}