{"id":706,"date":"2017-11-04T06:45:15","date_gmt":"2017-11-04T12:45:15","guid":{"rendered":"https:\/\/wpsheeteditor.com\/es\/?page_id=706"},"modified":"2022-10-07T13:45:12","modified_gmt":"2022-10-07T19:45:12","slug":"empresa","status":"publish","type":"page","link":"https:\/\/wpsheeteditor.com\/es\/empresa\/","title":{"rendered":"Empresa"},"content":{"rendered":"<p>Somos un equipo de desarrolladores j\u00f3venes y motivados.<\/p>\n<p>Tenemos mucha experiencia en el desarrollo de aplicaciones empresariales y aplicaciones SaaS, utilizando WordPress como marco de trabajo.<\/p>\n<p>Cuando desarrollamos aplicaciones empresariales, a menudo buscamos plugins de WordPress para ahorrarnos tiempo y simplificarnos la vida.<\/p>\n<p>Sin embargo, a veces no encontramos buenos plugins para determinadas tareas, as\u00ed que hacemos todo lo posible para desarrollarlos.<\/p>\n<p>Por tanto, nuestro objetivo es desarrollar productos que te faciliten la vida cuando est\u00e9s creando o administrando un sitio web, tienda o aplicaci\u00f3n usando WordPress.<\/p>\n<h2>Algunos datos interesantes sobre nosotros:<\/h2>\n<ul>\n<li>Estamos ubicados en El Salvador, un peque\u00f1o pa\u00eds ubicado en Centroam\u00e9rica.<\/li>\n<li>M\u00e1s de 10,000 empresas conf\u00edan en nosotros y utilizan WP Sheet Editor para gestionar sus sitios web y tiendas en l\u00ednea.<\/li>\n<li>El cliente promedio ahorra 6 horas de trabajo cuando utiliza WP Sheet Editor.<\/li>\n<li>WP Sheet Editor ha ahorrado m\u00e1s de 150 d\u00edas de trabajo a nuestros clientes en total.<\/li>\n<\/ul>\n","protected":false},"excerpt":{"rendered":"<p>Somos un equipo de desarrolladores j\u00f3venes y motivados. Tenemos mucha experiencia en el desarrollo de aplicaciones empresariales y aplicaciones SaaS, utilizando WordPress como marco de trabajo. Cuando desarrollamos aplicaciones empresariales, a menudo buscamos plugins de WordPress para ahorrarnos tiempo y simplificarnos la vida. Sin embargo, a veces no encontramos buenos plugins para determinadas tareas, as\u00ed [&hellip;]<\/p>\n","protected":false},"author":1,"featured_media":0,"parent":0,"menu_order":0,"comment_status":"closed","ping_status":"closed","template":"","meta":{"_acf_changed":false,"_custom_body_class":"","_custom_post_class":"","footnotes":"","_links_to":"","_links_to_target":""},"class_list":["post-706","page","type-page","status-publish","hentry","entry"],"acf":[],"yoast_head":"<!-- This site is optimized with the Yoast SEO plugin v26.8 - https:\/\/yoast.com\/product\/yoast-seo-wordpress\/ -->\n<title>Empresa - WP Sheet Editor en Espa\u00f1ol<\/title>\n<meta name=\"robots\" content=\"index, follow, max-snippet:-1, max-image-preview:large, max-video-preview:-1\" \/>\n<link rel=\"canonical\" href=\"https:\/\/wpsheeteditor.com\/es\/empresa\/\" \/>\n<meta property=\"og:locale\" content=\"es_ES\" \/>\n<meta property=\"og:type\" content=\"article\" \/>\n<meta property=\"og:title\" content=\"Empresa - WP Sheet Editor en Espa\u00f1ol\" \/>\n<meta property=\"og:description\" content=\"Somos un equipo de desarrolladores j\u00f3venes y motivados. Tenemos mucha experiencia en el desarrollo de aplicaciones empresariales y aplicaciones SaaS, utilizando WordPress como marco de trabajo. Cuando desarrollamos aplicaciones empresariales, a menudo buscamos plugins de WordPress para ahorrarnos tiempo y simplificarnos la vida. Sin embargo, a veces no encontramos buenos plugins para determinadas tareas, as\u00ed [&hellip;]\" \/>\n<meta property=\"og:url\" content=\"https:\/\/wpsheeteditor.com\/es\/empresa\/\" \/>\n<meta property=\"og:site_name\" content=\"WP Sheet Editor en Espa\u00f1ol\" \/>\n<meta property=\"article:modified_time\" content=\"2022-10-07T19:45:12+00:00\" \/>\n<meta name=\"twitter:card\" content=\"summary_large_image\" \/>\n<meta name=\"twitter:label1\" content=\"Tiempo de lectura\" \/>\n\t<meta name=\"twitter:data1\" content=\"1 minuto\" \/>\n<script type=\"application\/ld+json\" class=\"yoast-schema-graph\">{\"@context\":\"https:\/\/schema.org\",\"@graph\":[{\"@type\":\"WebPage\",\"@id\":\"https:\/\/wpsheeteditor.com\/es\/empresa\/\",\"url\":\"https:\/\/wpsheeteditor.com\/es\/empresa\/\",\"name\":\"Empresa - WP Sheet Editor en Espa\u00f1ol\",\"isPartOf\":{\"@id\":\"https:\/\/wpsheeteditor.com\/es\/#website\"},\"datePublished\":\"2017-11-04T12:45:15+00:00\",\"dateModified\":\"2022-10-07T19:45:12+00:00\",\"breadcrumb\":{\"@id\":\"https:\/\/wpsheeteditor.com\/es\/empresa\/#breadcrumb\"},\"inLanguage\":\"es\",\"potentialAction\":[{\"@type\":\"ReadAction\",\"target\":[\"https:\/\/wpsheeteditor.com\/es\/empresa\/\"]}]},{\"@type\":\"BreadcrumbList\",\"@id\":\"https:\/\/wpsheeteditor.com\/es\/empresa\/#breadcrumb\",\"itemListElement\":[{\"@type\":\"ListItem\",\"position\":1,\"name\":\"Home\",\"item\":\"https:\/\/wpsheeteditor.com\/es\/\"},{\"@type\":\"ListItem\",\"position\":2,\"name\":\"Empresa\"}]},{\"@type\":\"WebSite\",\"@id\":\"https:\/\/wpsheeteditor.com\/es\/#website\",\"url\":\"https:\/\/wpsheeteditor.com\/es\/\",\"name\":\"WP Sheet Editor en Espa\u00f1ol\",\"description\":\"Edita miles de posts y p\u00e1ginas r\u00e1pidamente\",\"publisher\":{\"@id\":\"https:\/\/wpsheeteditor.com\/es\/#organization\"},\"potentialAction\":[{\"@type\":\"SearchAction\",\"target\":{\"@type\":\"EntryPoint\",\"urlTemplate\":\"https:\/\/wpsheeteditor.com\/es\/?s={search_term_string}\"},\"query-input\":{\"@type\":\"PropertyValueSpecification\",\"valueRequired\":true,\"valueName\":\"search_term_string\"}}],\"inLanguage\":\"es\"},{\"@type\":\"Organization\",\"@id\":\"https:\/\/wpsheeteditor.com\/es\/#organization\",\"name\":\"WP Sheet Editor\",\"url\":\"https:\/\/wpsheeteditor.com\/es\/\",\"logo\":{\"@type\":\"ImageObject\",\"inLanguage\":\"es\",\"@id\":\"https:\/\/wpsheeteditor.com\/es\/#\/schema\/logo\/image\/\",\"url\":\"https:\/\/media.wpsheeteditor.com\/wp-content\/uploads\/sites\/3\/2016\/06\/26203459\/logo-248x102.png\",\"contentUrl\":\"https:\/\/media.wpsheeteditor.com\/wp-content\/uploads\/sites\/3\/2016\/06\/26203459\/logo-248x102.png\",\"width\":248,\"height\":102,\"caption\":\"WP Sheet Editor\"},\"image\":{\"@id\":\"https:\/\/wpsheeteditor.com\/es\/#\/schema\/logo\/image\/\"}}]}<\/script>\n<!-- \/ Yoast SEO plugin. -->","yoast_head_json":{"title":"Empresa - WP Sheet Editor en Espa\u00f1ol","robots":{"index":"index","follow":"follow","max-snippet":"max-snippet:-1","max-image-preview":"max-image-preview:large","max-video-preview":"max-video-preview:-1"},"canonical":"https:\/\/wpsheeteditor.com\/es\/empresa\/","og_locale":"es_ES","og_type":"article","og_title":"Empresa - WP Sheet Editor en Espa\u00f1ol","og_description":"Somos un equipo de desarrolladores j\u00f3venes y motivados. Tenemos mucha experiencia en el desarrollo de aplicaciones empresariales y aplicaciones SaaS, utilizando WordPress como marco de trabajo. Cuando desarrollamos aplicaciones empresariales, a menudo buscamos plugins de WordPress para ahorrarnos tiempo y simplificarnos la vida. Sin embargo, a veces no encontramos buenos plugins para determinadas tareas, as\u00ed [&hellip;]","og_url":"https:\/\/wpsheeteditor.com\/es\/empresa\/","og_site_name":"WP Sheet Editor en Espa\u00f1ol","article_modified_time":"2022-10-07T19:45:12+00:00","twitter_card":"summary_large_image","twitter_misc":{"Tiempo de lectura":"1 minuto"},"schema":{"@context":"https:\/\/schema.org","@graph":[{"@type":"WebPage","@id":"https:\/\/wpsheeteditor.com\/es\/empresa\/","url":"https:\/\/wpsheeteditor.com\/es\/empresa\/","name":"Empresa - WP Sheet Editor en Espa\u00f1ol","isPartOf":{"@id":"https:\/\/wpsheeteditor.com\/es\/#website"},"datePublished":"2017-11-04T12:45:15+00:00","dateModified":"2022-10-07T19:45:12+00:00","breadcrumb":{"@id":"https:\/\/wpsheeteditor.com\/es\/empresa\/#breadcrumb"},"inLanguage":"es","potentialAction":[{"@type":"ReadAction","target":["https:\/\/wpsheeteditor.com\/es\/empresa\/"]}]},{"@type":"BreadcrumbList","@id":"https:\/\/wpsheeteditor.com\/es\/empresa\/#breadcrumb","itemListElement":[{"@type":"ListItem","position":1,"name":"Home","item":"https:\/\/wpsheeteditor.com\/es\/"},{"@type":"ListItem","position":2,"name":"Empresa"}]},{"@type":"WebSite","@id":"https:\/\/wpsheeteditor.com\/es\/#website","url":"https:\/\/wpsheeteditor.com\/es\/","name":"WP Sheet Editor en Espa\u00f1ol","description":"Edita miles de posts y p\u00e1ginas r\u00e1pidamente","publisher":{"@id":"https:\/\/wpsheeteditor.com\/es\/#organization"},"potentialAction":[{"@type":"SearchAction","target":{"@type":"EntryPoint","urlTemplate":"https:\/\/wpsheeteditor.com\/es\/?s={search_term_string}"},"query-input":{"@type":"PropertyValueSpecification","valueRequired":true,"valueName":"search_term_string"}}],"inLanguage":"es"},{"@type":"Organization","@id":"https:\/\/wpsheeteditor.com\/es\/#organization","name":"WP Sheet Editor","url":"https:\/\/wpsheeteditor.com\/es\/","logo":{"@type":"ImageObject","inLanguage":"es","@id":"https:\/\/wpsheeteditor.com\/es\/#\/schema\/logo\/image\/","url":"https:\/\/media.wpsheeteditor.com\/wp-content\/uploads\/sites\/3\/2016\/06\/26203459\/logo-248x102.png","contentUrl":"https:\/\/media.wpsheeteditor.com\/wp-content\/uploads\/sites\/3\/2016\/06\/26203459\/logo-248x102.png","width":248,"height":102,"caption":"WP Sheet Editor"},"image":{"@id":"https:\/\/wpsheeteditor.com\/es\/#\/schema\/logo\/image\/"}}]}},"_links":{"self":[{"href":"https:\/\/wpsheeteditor.com\/es\/wp-json\/wp\/v2\/pages\/706","targetHints":{"allow":["GET"]}}],"collection":[{"href":"https:\/\/wpsheeteditor.com\/es\/wp-json\/wp\/v2\/pages"}],"about":[{"href":"https:\/\/wpsheeteditor.com\/es\/wp-json\/wp\/v2\/types\/page"}],"author":[{"embeddable":true,"href":"https:\/\/wpsheeteditor.com\/es\/wp-json\/wp\/v2\/users\/1"}],"replies":[{"embeddable":true,"href":"https:\/\/wpsheeteditor.com\/es\/wp-json\/wp\/v2\/comments?post=706"}],"version-history":[{"count":4,"href":"https:\/\/wpsheeteditor.com\/es\/wp-json\/wp\/v2\/pages\/706\/revisions"}],"predecessor-version":[{"id":15546,"href":"https:\/\/wpsheeteditor.com\/es\/wp-json\/wp\/v2\/pages\/706\/revisions\/15546"}],"wp:attachment":[{"href":"https:\/\/wpsheeteditor.com\/es\/wp-json\/wp\/v2\/media?parent=706"}],"curies":[{"name":"wp","href":"https:\/\/api.w.org\/{rel}","templated":true}]}}