{"id":801,"date":"2018-02-27T11:19:15","date_gmt":"2018-02-27T17:19:15","guid":{"rendered":"https:\/\/wpsheeteditor.com\/es\/?page_id=801"},"modified":"2021-04-13T18:58:37","modified_gmt":"2021-04-14T00:58:37","slug":"desactivar-licencia","status":"publish","type":"page","link":"https:\/\/wpsheeteditor.com\/es\/desactivar-licencia\/","title":{"rendered":"Desactivar licencia"},"content":{"rendered":"<p>Si instalaste el plugin en un sitio web, puedes liberar tu licencia para poder activarlo en un segundo sitio web.<\/p>\n<p>Esto es \u00fatil cuando se utiliza el plugin en un entorno de desarrollo y luego se desea utilizar en un sitio en vivo.<\/p>\n<p><strong>Si compraste el plugin en este sitio web o si actualizaste la versi\u00f3n gratuita del plugin:<\/strong><\/p>\n<ol>\n<li>Puedes iniciar sesi\u00f3n en tu sitio de WordPress<\/li>\n<li>En el men\u00fa de la izquierda en wp-admin, ve a <strong>WP Sheet Editor &gt; Mi cuenta<\/strong>.<\/li>\n<li>Ver\u00e1s una p\u00e1gina que muestra tu plan actual y la informaci\u00f3n de tu cuenta. En esa p\u00e1gina hay un bot\u00f3n donde puedes desactivar la licencia.<\/li>\n<\/ol>\n<p><strong>Si compraste el plugin en codecanyon:<\/strong><\/p>\n<p>Ingresa tu c\u00f3digo de licencia a continuaci\u00f3n, haz click en <strong>Submit <\/strong>y la licencia ser\u00e1 liberada:<\/p>\n\t<form class=\"vg-envato-license-release-form\">\r\n\t\t<div class=\"vg-field\"><label>License code<\/label><input type=\"text\" name=\"license_code\" class=\"license-code\" required\/><\/div>\r\n\t\t<div class=\"vg-field\"><input type=\"submit\" name=\"submit\" value=\"Submit\" class=\"submit\" \/><\/div>\r\n\t\t<div class=\"response\"><\/div>\r\n\t<\/form>\r\n\r\n<style>\r\n\t.vg-envato-license-release-form {\r\n\t\tmax-width: 400px;\r\n\t}\r\n\t.vg-envato-license-release-form .vg-field {\r\n\tmargin-bottom: 15px;\r\n\t}<\/style>\r\n\t<script>setTimeout(function () {\r\n\r\n\t\t\tjQuery('.vg-envato-license-release-form').submit(function (e) {\r\n\t\t\t\tvar $form = jQuery(this);\r\n\r\n\t\t\t\tjQuery.post('https:\/\/wpsheeteditor.com\/es\/wp-admin\/admin-ajax.php', {\r\n\t\t\t\t\tlicense: $form.find('.license-code').val(),\r\n\t\t\t\t\tdataType: 'json',\r\n\t\t\t\t\taction: 'vg_envato_release_license',\r\n\t\t\t\t\tnonce: '34139c2866'\r\n\t\t\t\t}, function (response) {\r\n\t\t\t\t\tif (response.success) {\r\n\t\t\t\t\t\t$form.find('.response').css({\r\n\t\t\t\t\t\t\tbackground: 'green',\r\n\t\t\t\t\t\t\tcolor: 'white'\r\n\t\t\t\t\t\t}).text('Done');\r\n\t\t\t\t\t} else {\r\n\t\t\t\t\t\t$form.find('.response').css({\r\n\t\t\t\t\t\t\tbackground: 'red',\r\n\t\t\t\t\t\t\tcolor: 'white'\r\n\t\t\t\t\t\t}).text('Error. Try again later');\r\n\t\t\t\t\t}\r\n\t\t\t\t});\r\n\r\n\t\t\t\treturn false;\r\n\t\t\t});\r\n\r\n\t\t}, 2000);<\/script>\r\n\t\n<p>Si tienes problemas para seguir los pasos anteriores, <a href=\"https:\/\/wpsheeteditor.com\/es\/empresa\/contacto\/\">cont\u00e1ctanos<\/a> y lo haremos por ti.<\/p>\n","protected":false},"excerpt":{"rendered":"<p>Si instalaste el plugin en un sitio web, puedes liberar tu licencia para poder activarlo en un segundo sitio web. Esto es \u00fatil cuando se utiliza el plugin en un entorno de desarrollo y luego se desea utilizar en un sitio en vivo. Si compraste el plugin en este sitio web o si actualizaste la [&hellip;]<\/p>\n","protected":false},"author":1,"featured_media":0,"parent":0,"menu_order":0,"comment_status":"closed","ping_status":"closed","template":"","meta":{"_acf_changed":false,"_custom_body_class":"","_custom_post_class":"","footnotes":"","_links_to":"","_links_to_target":""},"class_list":["post-801","page","type-page","status-publish","hentry","entry"],"acf":[],"yoast_head":"<!-- This site is optimized with the Yoast SEO plugin v26.8 - https:\/\/yoast.com\/product\/yoast-seo-wordpress\/ -->\n<title>Desactivar licencia - WP Sheet Editor en Espa\u00f1ol<\/title>\n<meta name=\"robots\" content=\"index, follow, max-snippet:-1, max-image-preview:large, max-video-preview:-1\" \/>\n<link rel=\"canonical\" href=\"https:\/\/wpsheeteditor.com\/es\/desactivar-licencia\/\" \/>\n<meta property=\"og:locale\" content=\"es_ES\" \/>\n<meta property=\"og:type\" content=\"article\" \/>\n<meta property=\"og:title\" content=\"Desactivar licencia - WP Sheet Editor en Espa\u00f1ol\" \/>\n<meta property=\"og:description\" content=\"Si instalaste el plugin en un sitio web, puedes liberar tu licencia para poder activarlo en un segundo sitio web. Esto es \u00fatil cuando se utiliza el plugin en un entorno de desarrollo y luego se desea utilizar en un sitio en vivo. Si compraste el plugin en este sitio web o si actualizaste la [&hellip;]\" \/>\n<meta property=\"og:url\" content=\"https:\/\/wpsheeteditor.com\/es\/desactivar-licencia\/\" \/>\n<meta property=\"og:site_name\" content=\"WP Sheet Editor en Espa\u00f1ol\" \/>\n<meta property=\"article:modified_time\" content=\"2021-04-14T00:58:37+00:00\" \/>\n<meta name=\"twitter:card\" content=\"summary_large_image\" \/>\n<meta name=\"twitter:label1\" content=\"Tiempo de lectura\" \/>\n\t<meta name=\"twitter:data1\" content=\"1 minuto\" \/>\n<script type=\"application\/ld+json\" class=\"yoast-schema-graph\">{\"@context\":\"https:\/\/schema.org\",\"@graph\":[{\"@type\":\"WebPage\",\"@id\":\"https:\/\/wpsheeteditor.com\/es\/desactivar-licencia\/\",\"url\":\"https:\/\/wpsheeteditor.com\/es\/desactivar-licencia\/\",\"name\":\"Desactivar licencia - WP Sheet Editor en Espa\u00f1ol\",\"isPartOf\":{\"@id\":\"https:\/\/wpsheeteditor.com\/es\/#website\"},\"datePublished\":\"2018-02-27T17:19:15+00:00\",\"dateModified\":\"2021-04-14T00:58:37+00:00\",\"breadcrumb\":{\"@id\":\"https:\/\/wpsheeteditor.com\/es\/desactivar-licencia\/#breadcrumb\"},\"inLanguage\":\"es\",\"potentialAction\":[{\"@type\":\"ReadAction\",\"target\":[\"https:\/\/wpsheeteditor.com\/es\/desactivar-licencia\/\"]}]},{\"@type\":\"BreadcrumbList\",\"@id\":\"https:\/\/wpsheeteditor.com\/es\/desactivar-licencia\/#breadcrumb\",\"itemListElement\":[{\"@type\":\"ListItem\",\"position\":1,\"name\":\"Home\",\"item\":\"https:\/\/wpsheeteditor.com\/es\/\"},{\"@type\":\"ListItem\",\"position\":2,\"name\":\"Desactivar licencia\"}]},{\"@type\":\"WebSite\",\"@id\":\"https:\/\/wpsheeteditor.com\/es\/#website\",\"url\":\"https:\/\/wpsheeteditor.com\/es\/\",\"name\":\"WP Sheet Editor en Espa\u00f1ol\",\"description\":\"Edita miles de posts y p\u00e1ginas r\u00e1pidamente\",\"publisher\":{\"@id\":\"https:\/\/wpsheeteditor.com\/es\/#organization\"},\"potentialAction\":[{\"@type\":\"SearchAction\",\"target\":{\"@type\":\"EntryPoint\",\"urlTemplate\":\"https:\/\/wpsheeteditor.com\/es\/?s={search_term_string}\"},\"query-input\":{\"@type\":\"PropertyValueSpecification\",\"valueRequired\":true,\"valueName\":\"search_term_string\"}}],\"inLanguage\":\"es\"},{\"@type\":\"Organization\",\"@id\":\"https:\/\/wpsheeteditor.com\/es\/#organization\",\"name\":\"WP Sheet Editor\",\"url\":\"https:\/\/wpsheeteditor.com\/es\/\",\"logo\":{\"@type\":\"ImageObject\",\"inLanguage\":\"es\",\"@id\":\"https:\/\/wpsheeteditor.com\/es\/#\/schema\/logo\/image\/\",\"url\":\"https:\/\/media.wpsheeteditor.com\/wp-content\/uploads\/sites\/3\/2016\/06\/26203459\/logo-248x102.png\",\"contentUrl\":\"https:\/\/media.wpsheeteditor.com\/wp-content\/uploads\/sites\/3\/2016\/06\/26203459\/logo-248x102.png\",\"width\":248,\"height\":102,\"caption\":\"WP Sheet Editor\"},\"image\":{\"@id\":\"https:\/\/wpsheeteditor.com\/es\/#\/schema\/logo\/image\/\"}}]}<\/script>\n<!-- \/ Yoast SEO plugin. -->","yoast_head_json":{"title":"Desactivar licencia - WP Sheet Editor en Espa\u00f1ol","robots":{"index":"index","follow":"follow","max-snippet":"max-snippet:-1","max-image-preview":"max-image-preview:large","max-video-preview":"max-video-preview:-1"},"canonical":"https:\/\/wpsheeteditor.com\/es\/desactivar-licencia\/","og_locale":"es_ES","og_type":"article","og_title":"Desactivar licencia - WP Sheet Editor en Espa\u00f1ol","og_description":"Si instalaste el plugin en un sitio web, puedes liberar tu licencia para poder activarlo en un segundo sitio web. Esto es \u00fatil cuando se utiliza el plugin en un entorno de desarrollo y luego se desea utilizar en un sitio en vivo. Si compraste el plugin en este sitio web o si actualizaste la [&hellip;]","og_url":"https:\/\/wpsheeteditor.com\/es\/desactivar-licencia\/","og_site_name":"WP Sheet Editor en Espa\u00f1ol","article_modified_time":"2021-04-14T00:58:37+00:00","twitter_card":"summary_large_image","twitter_misc":{"Tiempo de lectura":"1 minuto"},"schema":{"@context":"https:\/\/schema.org","@graph":[{"@type":"WebPage","@id":"https:\/\/wpsheeteditor.com\/es\/desactivar-licencia\/","url":"https:\/\/wpsheeteditor.com\/es\/desactivar-licencia\/","name":"Desactivar licencia - WP Sheet Editor en Espa\u00f1ol","isPartOf":{"@id":"https:\/\/wpsheeteditor.com\/es\/#website"},"datePublished":"2018-02-27T17:19:15+00:00","dateModified":"2021-04-14T00:58:37+00:00","breadcrumb":{"@id":"https:\/\/wpsheeteditor.com\/es\/desactivar-licencia\/#breadcrumb"},"inLanguage":"es","potentialAction":[{"@type":"ReadAction","target":["https:\/\/wpsheeteditor.com\/es\/desactivar-licencia\/"]}]},{"@type":"BreadcrumbList","@id":"https:\/\/wpsheeteditor.com\/es\/desactivar-licencia\/#breadcrumb","itemListElement":[{"@type":"ListItem","position":1,"name":"Home","item":"https:\/\/wpsheeteditor.com\/es\/"},{"@type":"ListItem","position":2,"name":"Desactivar licencia"}]},{"@type":"WebSite","@id":"https:\/\/wpsheeteditor.com\/es\/#website","url":"https:\/\/wpsheeteditor.com\/es\/","name":"WP Sheet Editor en Espa\u00f1ol","description":"Edita miles de posts y p\u00e1ginas r\u00e1pidamente","publisher":{"@id":"https:\/\/wpsheeteditor.com\/es\/#organization"},"potentialAction":[{"@type":"SearchAction","target":{"@type":"EntryPoint","urlTemplate":"https:\/\/wpsheeteditor.com\/es\/?s={search_term_string}"},"query-input":{"@type":"PropertyValueSpecification","valueRequired":true,"valueName":"search_term_string"}}],"inLanguage":"es"},{"@type":"Organization","@id":"https:\/\/wpsheeteditor.com\/es\/#organization","name":"WP Sheet Editor","url":"https:\/\/wpsheeteditor.com\/es\/","logo":{"@type":"ImageObject","inLanguage":"es","@id":"https:\/\/wpsheeteditor.com\/es\/#\/schema\/logo\/image\/","url":"https:\/\/media.wpsheeteditor.com\/wp-content\/uploads\/sites\/3\/2016\/06\/26203459\/logo-248x102.png","contentUrl":"https:\/\/media.wpsheeteditor.com\/wp-content\/uploads\/sites\/3\/2016\/06\/26203459\/logo-248x102.png","width":248,"height":102,"caption":"WP Sheet Editor"},"image":{"@id":"https:\/\/wpsheeteditor.com\/es\/#\/schema\/logo\/image\/"}}]}},"_links":{"self":[{"href":"https:\/\/wpsheeteditor.com\/es\/wp-json\/wp\/v2\/pages\/801","targetHints":{"allow":["GET"]}}],"collection":[{"href":"https:\/\/wpsheeteditor.com\/es\/wp-json\/wp\/v2\/pages"}],"about":[{"href":"https:\/\/wpsheeteditor.com\/es\/wp-json\/wp\/v2\/types\/page"}],"author":[{"embeddable":true,"href":"https:\/\/wpsheeteditor.com\/es\/wp-json\/wp\/v2\/users\/1"}],"replies":[{"embeddable":true,"href":"https:\/\/wpsheeteditor.com\/es\/wp-json\/wp\/v2\/comments?post=801"}],"version-history":[{"count":4,"href":"https:\/\/wpsheeteditor.com\/es\/wp-json\/wp\/v2\/pages\/801\/revisions"}],"predecessor-version":[{"id":11949,"href":"https:\/\/wpsheeteditor.com\/es\/wp-json\/wp\/v2\/pages\/801\/revisions\/11949"}],"wp:attachment":[{"href":"https:\/\/wpsheeteditor.com\/es\/wp-json\/wp\/v2\/media?parent=801"}],"curies":[{"name":"wp","href":"https:\/\/api.w.org\/{rel}","templated":true}]}}