{"id":867,"date":"2018-08-12T17:33:08","date_gmt":"2018-08-12T23:33:08","guid":{"rendered":"https:\/\/wpsheeteditor.com\/es\/?page_id=867"},"modified":"2021-04-17T13:22:05","modified_gmt":"2021-04-17T19:22:05","slug":"users-spreadsheet","status":"publish","type":"page","link":"https:\/\/wpsheeteditor.com\/es\/changelog\/users-spreadsheet\/","title":{"rendered":"Changelog &#8211; Editor Masivo Usuarios WordPress"},"content":{"rendered":"<pre><span>= V 1.5.2 - 2021-03-12 =<\/span><span><\/span><span>\r\n* CAMBIO - USUARIOS - Mejorar la b\u00fasqueda de clientes<\/span><span><\/span>\r\n<span><\/span>\r\n<span><\/span><span>\r\n= V 1.5.1 - 2021-02-24 =<\/span><span><\/span><span>\r\n* Actualizado a CORE v2.24.1<\/span><span><\/span>\r\n<span><\/span>\r\n<span><\/span><span>\r\n= V 1.5.0 - 2021-02-10 =<\/span><span><\/span><span>\r\n* NUEVO - USUARIOS - M\u00e1s integraciones de WC<\/span><span><\/span><span>\r\n* CAMBIO - USUARIOS - Mejora el soporte para membres\u00edas de wc<\/span><span><\/span>\r\n<span><\/span>\r\n<span><\/span><span>\r\n= V 1.4.1 - 2020-12-19 =<\/span><span><\/span><span>\r\n* Actualizado a CORE v2.23.0<\/span><span><\/span>\r\n<span><\/span>\r\n<span><\/span><span>\r\n= V 1.4.0 - 21\/11\/2020 =<\/span><span><\/span><span>\r\n* NUEVO - USUARIOS - Compatibilidad para EDD<\/span><span><\/span><span>\r\n* NUEVO - USUARIOS - Agregar opciones para filtrar filas globalmente<\/span><span><\/span><span>\r\n* CAMBIO - USUARIOS - Agregar advertencias a la pantalla de importaci\u00f3n<\/span><span><\/span>\r\n<span><\/span>\r\n<span><\/span><span>\r\n= V 1.3.7 - 2020-10-22 =<\/span><span><\/span><span>\r\n* Actualizado a CORE v2.21.3<\/span><span><\/span>\r\n<span><\/span>\r\n<span><\/span><span>\r\n= V 1.3.6 - 2020-10-11 =<\/span><span><\/span><span>\r\n* Actualizado a CORE v2.21.2<\/span><span><\/span>\r\n<span><\/span>\r\n<span><\/span><span>\r\n= V 1.3.5 - 2020-10-07 =<\/span><span><\/span><span>\r\n* Actualizado a CORE v2.21.1<\/span><span><\/span>\r\n<span><\/span>\r\n<span><\/span><span>\r\n= V 1.3.4 - 2020-10-07 =<\/span><span><\/span><span>\r\n* CAMBIO - USUARIOS - Mejora el manejo de clientes de WC<\/span><span><\/span>\r\n<span><\/span>\r\n<span><\/span><span>\r\n= V 1.3.3 - 2020-09-08 =<\/span><span><\/span><span>\r\n* CAMBIO - USUARIOS - Mejora la eliminaci\u00f3n de clientes<\/span><span><\/span>\r\n<span><\/span>\r\n<span><\/span><span>\r\n= V 1.3.2 - 22-07-2020 =<\/span><span><\/span><span>\r\n* CAMBIO - USUARIOS - Permitir ocultar algunas columnas<\/span><span><\/span><span>\r\n* CAMBIO - USUARIOS - Agregar m\u00e1s opciones al proceso de importaci\u00f3n<\/span><span><\/span><span>\r\n* CORRECCI\u00d3N - USUARIOS - Env\u00eda los correos electr\u00f3nicos a la direcci\u00f3n incorrecta<\/span><span><\/span>\r\n<span><\/span>\r\n<span><\/span><span>\r\n= V 1.3.1 - 2020-06-26 =<\/span><span><\/span><span>\r\n* CAMBIO - USUARIOS - Agregar m\u00e1s columnas<\/span><span><\/span>\r\n<span><\/span>\r\n<span><\/span><span>\r\n= V 1.3.0 - 2020-05-20 =<\/span><span><\/span><span>\r\n* NUEVO - USUARIOS - Integrar con membres\u00edas de WC<\/span><span><\/span>\r\n<span><\/span>\r\n<span><\/span><span>\r\n= V 1.2.0 - 2020-04-20 =<\/span><span><\/span><span>\r\n* NUEVO - USUARIOS - Permitir solucionar problemas de b\u00fasqueda de clientes de WC<\/span><span><\/span><span>\r\n* CAMBIO - USUARIOS - Agregar soporte para WooCommerce 4.0<\/span><span><\/span><span>\r\n* CAMBIO - USUARIOS - Mejora la b\u00fasqueda<\/span><span><\/span>\r\n<span><\/span>\r\n<span><\/span><span>\r\n= V 1.1.25 - 2020-03-17 =<\/span><span><\/span><span>\r\n* Actualizado a CORE v2.18.1<\/span><span><\/span>\r\n<span><\/span>\r\n<span><\/span><span>\r\n= V 1.1.24 - 2020-03-16 =<\/span><span><\/span><span>\r\n* CAMBIO - USUARIOS - Escribe con may\u00fascula la opci\u00f3n \"Editar usuarios\" en el men\u00fa desplegable de wp-admin<\/span><span><\/span><span>\r\n* CAMBIO - USUARIOS - La columna de rol debe ser de tipo seleccionar<\/span><span><\/span><span>\r\n* CORRECCI\u00d3N - USUARIOS - Error fatal al guardar una columna de taxonom\u00eda<\/span><span><\/span>\r\n<span><\/span>\r\n<span><\/span><span>\r\n= V 1.1.23 - 2020-02-19 =<\/span><span><\/span><span>\r\n* CAMBIO - USUARIOS - Excluir campos privados de ninjaforms: wpw0_nf_form_preview_tmp-1560123582_actions = tmp-3 = settings = submitter_email<\/span><span><\/span><span>\r\n* CAMBIO - USUARIOS - Excluir campos privados de learndash: _sfwd-course_progress_45 = topics = 74 = 203<\/span><span><\/span><span>\r\n* CAMBIO - USUARIOS - GRATIS - Agregar mensaje arriba indicando las limitaciones similares a la hoja de productos wc<\/span><span><\/span><span>\r\n* CAMBIO - USUARIOS - Permitir desbloquear la columna \"fecha de registro\" para editar<\/span><span><\/span>\r\n<span><\/span>\r\n<span><\/span><span>\r\n= V 1.1.22 - 2020-01-13 =<\/span><span><\/span><span>\r\n* Actualizado a CORE v2.16.0<\/span><span><\/span>\r\n<span><\/span>\r\n<span><\/span><span>\r\n= V 1.1.21 - 2019-11-24 =<\/span><span><\/span><span>\r\n* Actualizado a CORE v2.15.4<\/span><span><\/span>\r\n<span><\/span>\r\n<span><\/span><span>\r\n= V 1.1.20 - 2019-11-18 =<\/span><span><\/span><span>\r\n* Actualizado a CORE v2.15.3<\/span><span><\/span><span>\r\n* CAMBIO - USUARIOS - Realiza la b\u00fasqueda por palabra clave en user_login, nombre para mostrar y nombre agradable<\/span><span><\/span><span>\r\n* CORRECCI\u00d3N - USUARIOS - Elimina los campos internos de learndash que nunca deber\u00edan editarse<\/span><span><\/span>\r\n<span><\/span><span>\r\n= V 1.1.18.1 - 2019-10-18 =<\/span><span><\/span><span>\r\n* Actualizado a CORE v2.15.2<\/span><span><\/span>\r\n<span><\/span><span>\r\n= V 1.1.17 - 2019-10-01 =<\/span><span><\/span><span>\r\n* Actualizado a CORE v2.15.0<\/span><span><\/span>\r\n<span><\/span>\r\n<span><\/span><span>\r\n------ V 1.1.16 - 2019-09-06 ------<\/span><span><\/span><span>\r\nActualizado a CORE v2.14.0<\/span><span><\/span>\r\n<span><\/span><span>\r\n------ V 1.1.15 - 2019-08-11 ------<\/span><span><\/span><span>\r\nActualizado a CORE v2.13.1<\/span><span><\/span>\r\n<span><\/span><span>\r\n------ V 1.1.14 - 2019-08-08 ------<\/span><span><\/span><span>\r\nCORRECCI\u00d3N - USUARIOS - EDITOR MASIVO - el men\u00fa desplegable de estado no tiene los valores correctos<\/span><span><\/span><span>\r\nActualizado a CORE v2.13.0<\/span><span><\/span>\r\n<span><\/span><span>\r\n------ V 1.1.13 - 2019-07-02 ------<\/span><span><\/span><span>\r\nActualizado a CORE v2.12.0<\/span><span><\/span>\r\n<span><\/span><span>\r\n------ V 1.1.12 - 2019-05-27 ------<\/span><span><\/span><span>\r\nNUEVO - USUARIOS - Se agregaron botones de acceso r\u00e1pido encima de las listas de usuarios<\/span><span><\/span><span>\r\nCAMBIO - USUARIOS: si el usuario no puede crear usuarios, no muestre la opci\u00f3n en la barra de herramientas<\/span><span><\/span><span>\r\nCAMBIO - USUARIOS: si el usuario no puede actualizar los roles de usuario, haga que la columna de roles sea de solo lectura<\/span><span><\/span><span>\r\nCORRECCI\u00d3N - USUARIOS - IMPORTAR - Permitir identificar a los usuarios existentes solo por identificaci\u00f3n, correo electr\u00f3nico o nombre de usuario<\/span><span><\/span><span>\r\nREVISI\u00d3N - USUARIOS - Las columnas wpse privadas no se excluyen<\/span><span><\/span><span>\r\nREVISI\u00d3N - USUARIOS - La columna de estado se incluy\u00f3 en la lista negra por error<\/span><span><\/span><span>\r\nActualizado a CORE v2.11.2<\/span><span><\/span>\r\n<span><\/span><span>\r\n------ V 1.1.11 - 2019-04-23 ------<\/span><span><\/span><span>\r\nActualizado a CORE v2.11.1<\/span><span><\/span><span>\r\nCORREGIR - USUARIOS - Filtros avanzados&gt; excluir palabras clave - no arrojaba los resultados correctos<\/span><span><\/span>\r\n<span><\/span><span>\r\n------ V 1.1.10 - 2019-04-17 ------<\/span><span><\/span><span>\r\nActualizado a CORE v2.11.0<\/span><span><\/span><span>\r\nCAMBIO - USUARIOS - Se eliminaron las columnas con prefijos bookmark_id y bpbm-last-seen-thread-<\/span><span><\/span><span>\r\nCAMBIO - USUARIOS - excluir columnas con prefijo de clave meta-box-order_<\/span><span><\/span><span>\r\nREVISI\u00d3N - USUARIOS - Las filas de la hoja estaban vac\u00edas cuando una hoja de tipos de publicaciones estaba activa<\/span><span><\/span><span>\r\nREVISI\u00d3N - USUARIOS - La celda \"Mostrar barra de administraci\u00f3n en la interfaz\" aparece marcada independientemente del valor<\/span><span><\/span>\r\n<span><\/span><span>\r\n------ V 1.1.9 - 2019-03-01 ------<\/span><span><\/span><span>\r\nActualizado a CORE v2.10.0<\/span><span><\/span><span>\r\nActualizado a freemius v2.2.4.<\/span><span><\/span><span>\r\nREVISI\u00d3N - USUARIOS - F\u00d3RMULAS - Deshabilitar f\u00f3rmulas sql para la columna de funci\u00f3n<\/span><span><\/span>\r\n<span><\/span><span>\r\n------ V 1.1.8 - 2019-02-14 ------<\/span><span><\/span><span>\r\nActualizado a CORE v2.9.3<\/span><span><\/span><span>\r\nNUEVO - Se agreg\u00f3 soporte para la extensi\u00f3n de \"hojas de interfaz\" para permitir mostrar la hoja de c\u00e1lculo de los usuarios en la interfaz.<\/span><span><\/span><span>\r\nCORRECCI\u00d3N - USUARIOS - La hoja de c\u00e1lculo apareci\u00f3 dos veces cuando el complemento CORE est\u00e1 activo<\/span><span><\/span>\r\n<span><\/span><span>\r\n------ V 1.1.7 - 2019-02-05 ------<\/span><span><\/span><span>\r\nActualizado a CORE v2.9.0<\/span><span><\/span><span>\r\nCAMBIO - USUARIOS - Mejora los controles de seguridad. Ahora los shop_managers solo pueden ver clientes y shop_managers, no pueden editar usuarios.<\/span><span><\/span><span>\r\nCAMBIO - USUARIOS: no cargue la hoja de c\u00e1lculo de los usuarios innecesariamente si el usuario no puede enumerar a los usuarios<\/span><span><\/span>\r\n<span><\/span><span>\r\n------ V 1.1.6 - 2019-01-21 ------<\/span><span><\/span><span>\r\nNUEVO - B\u00fasqueda - USUARIOS - permite buscar por usuarios con \/ sin pedidos de WooCommerce<\/span><span><\/span><span>\r\nNUEVO - USUARIOS - Permitir eliminar filas individuales<\/span><span><\/span><span>\r\nActualizado a CORE v2.8.2<\/span><span><\/span>\r\n<span><\/span><span>\r\n------ V 1.1.5 - 2019-01-18 ------<\/span><span><\/span><span>\r\nActualizado a CORE v2.8.1<\/span><span><\/span>\r\n<span><\/span><span>\r\n------ V 1.1.4 - 2019-01-16 ------<\/span><span><\/span><span>\r\nSoporte agregado para CORE v2.8.0<\/span><span><\/span>\r\n<span><\/span><span>\r\n------ V 1.1.3 - 2018-12-20 ------<\/span><span><\/span><span>\r\nCompatibilidad a\u00f1adida con CORE v2.7.0<\/span><span><\/span>\r\n<span><\/span><span>\r\n------ V 1.1.2 - 2018-12-07 ------<\/span><span><\/span><span>\r\nCompatibilidad a\u00f1adida con CORE v2.6.0<\/span><span><\/span>\r\n<span><\/span><span>\r\n------ V 1.1.1 - 2018-10-29 ------<\/span><span><\/span><span>\r\nAhora no es necesario instalar el \"editor de hojas de wp\", todas las funciones necesarias vienen en un solo complemento.<\/span><span><\/span><span>\r\nCompatibilidad a\u00f1adida con CORE v2.5.2<\/span><span><\/span>\r\n<span><\/span><span>\r\n------ V 1.1.0 - 12\/08\/2018 ------<\/span><span><\/span><span>\r\nNUEVO - Se agregaron capacidades de b\u00fasqueda b\u00e1sicas.<\/span><span><\/span><span>\r\nCAMBIO - Plugin renombrado a \"Edici\u00f3n masiva y creaci\u00f3n de perfiles de usuario\".<\/span><span><\/span><span>\r\nCAMBIO - Permitir filtrar los roles de usuario permitidos.<\/span><span><\/span><span>\r\nCAMBIO: se mejor\u00f3 el manejo de las dependencias de los complementos.<\/span><span><\/span><span>\r\nCAMBIO: actualiza el texto de la p\u00e1gina de bienvenida y la descripci\u00f3n del complemento en wp.org.<\/span><span><\/span>\r\n<span><\/span><span>\r\n------ V 1.0.0 - 01\/04\/2018 ------<\/span><span><\/span><span>\r\nVersi\u00f3n inicial.<\/span><\/pre>\n","protected":false},"excerpt":{"rendered":"<p>= V 1.5.2 &#8211; 2021-03-12 = * CAMBIO &#8211; USUARIOS &#8211; Mejorar la b\u00fasqueda de clientes = V 1.5.1 &#8211; 2021-02-24 = * Actualizado a CORE v2.24.1 = V 1.5.0 &#8211; 2021-02-10 = * NUEVO &#8211; USUARIOS &#8211; M\u00e1s integraciones de WC * CAMBIO &#8211; USUARIOS &#8211; Mejora el soporte para membres\u00edas de wc = [&hellip;]<\/p>\n","protected":false},"author":1,"featured_media":0,"parent":492,"menu_order":0,"comment_status":"closed","ping_status":"closed","template":"","meta":{"_acf_changed":false,"_custom_body_class":"","_custom_post_class":"","footnotes":"","_links_to":"","_links_to_target":""},"class_list":["post-867","page","type-page","status-publish","hentry","entry"],"acf":[],"yoast_head":"<!-- This site is optimized with the Yoast SEO plugin v26.8 - https:\/\/yoast.com\/product\/yoast-seo-wordpress\/ -->\n<title>Changelog - Editor Masivo Usuarios WordPress - WP Sheet Editor en Espa\u00f1ol<\/title>\n<meta name=\"robots\" content=\"index, follow, max-snippet:-1, max-image-preview:large, max-video-preview:-1\" \/>\n<link rel=\"canonical\" href=\"https:\/\/wpsheeteditor.com\/es\/changelog\/users-spreadsheet\/\" \/>\n<meta property=\"og:locale\" content=\"es_ES\" \/>\n<meta property=\"og:type\" content=\"article\" \/>\n<meta property=\"og:title\" content=\"Changelog - Editor Masivo Usuarios WordPress - WP Sheet Editor en Espa\u00f1ol\" \/>\n<meta property=\"og:description\" content=\"= V 1.5.2 - 2021-03-12 = * CAMBIO - USUARIOS - Mejorar la b\u00fasqueda de clientes = V 1.5.1 - 2021-02-24 = * Actualizado a CORE v2.24.1 = V 1.5.0 - 2021-02-10 = * NUEVO - USUARIOS - M\u00e1s integraciones de WC * CAMBIO - USUARIOS - Mejora el soporte para membres\u00edas de wc = [&hellip;]\" \/>\n<meta property=\"og:url\" content=\"https:\/\/wpsheeteditor.com\/es\/changelog\/users-spreadsheet\/\" \/>\n<meta property=\"og:site_name\" content=\"WP Sheet Editor en Espa\u00f1ol\" \/>\n<meta property=\"article:modified_time\" content=\"2021-04-17T19:22:05+00:00\" \/>\n<meta name=\"twitter:card\" content=\"summary_large_image\" \/>\n<meta name=\"twitter:label1\" content=\"Tiempo de lectura\" \/>\n\t<meta name=\"twitter:data1\" content=\"5 minutos\" \/>\n<script type=\"application\/ld+json\" class=\"yoast-schema-graph\">{\"@context\":\"https:\/\/schema.org\",\"@graph\":[{\"@type\":\"WebPage\",\"@id\":\"https:\/\/wpsheeteditor.com\/es\/changelog\/users-spreadsheet\/\",\"url\":\"https:\/\/wpsheeteditor.com\/es\/changelog\/users-spreadsheet\/\",\"name\":\"Changelog - Editor Masivo Usuarios WordPress - WP Sheet Editor en Espa\u00f1ol\",\"isPartOf\":{\"@id\":\"https:\/\/wpsheeteditor.com\/es\/#website\"},\"datePublished\":\"2018-08-12T23:33:08+00:00\",\"dateModified\":\"2021-04-17T19:22:05+00:00\",\"breadcrumb\":{\"@id\":\"https:\/\/wpsheeteditor.com\/es\/changelog\/users-spreadsheet\/#breadcrumb\"},\"inLanguage\":\"es\",\"potentialAction\":[{\"@type\":\"ReadAction\",\"target\":[\"https:\/\/wpsheeteditor.com\/es\/changelog\/users-spreadsheet\/\"]}]},{\"@type\":\"BreadcrumbList\",\"@id\":\"https:\/\/wpsheeteditor.com\/es\/changelog\/users-spreadsheet\/#breadcrumb\",\"itemListElement\":[{\"@type\":\"ListItem\",\"position\":1,\"name\":\"Home\",\"item\":\"https:\/\/wpsheeteditor.com\/es\/\"},{\"@type\":\"ListItem\",\"position\":2,\"name\":\"Changelog\",\"item\":\"https:\/\/wpsheeteditor.com\/es\/changelog\/\"},{\"@type\":\"ListItem\",\"position\":3,\"name\":\"Changelog &#8211; Editor Masivo Usuarios WordPress\"}]},{\"@type\":\"WebSite\",\"@id\":\"https:\/\/wpsheeteditor.com\/es\/#website\",\"url\":\"https:\/\/wpsheeteditor.com\/es\/\",\"name\":\"WP Sheet Editor en Espa\u00f1ol\",\"description\":\"Edita miles de posts y p\u00e1ginas r\u00e1pidamente\",\"publisher\":{\"@id\":\"https:\/\/wpsheeteditor.com\/es\/#organization\"},\"potentialAction\":[{\"@type\":\"SearchAction\",\"target\":{\"@type\":\"EntryPoint\",\"urlTemplate\":\"https:\/\/wpsheeteditor.com\/es\/?s={search_term_string}\"},\"query-input\":{\"@type\":\"PropertyValueSpecification\",\"valueRequired\":true,\"valueName\":\"search_term_string\"}}],\"inLanguage\":\"es\"},{\"@type\":\"Organization\",\"@id\":\"https:\/\/wpsheeteditor.com\/es\/#organization\",\"name\":\"WP Sheet Editor\",\"url\":\"https:\/\/wpsheeteditor.com\/es\/\",\"logo\":{\"@type\":\"ImageObject\",\"inLanguage\":\"es\",\"@id\":\"https:\/\/wpsheeteditor.com\/es\/#\/schema\/logo\/image\/\",\"url\":\"https:\/\/media.wpsheeteditor.com\/wp-content\/uploads\/sites\/3\/2016\/06\/26203459\/logo-248x102.png\",\"contentUrl\":\"https:\/\/media.wpsheeteditor.com\/wp-content\/uploads\/sites\/3\/2016\/06\/26203459\/logo-248x102.png\",\"width\":248,\"height\":102,\"caption\":\"WP Sheet Editor\"},\"image\":{\"@id\":\"https:\/\/wpsheeteditor.com\/es\/#\/schema\/logo\/image\/\"}}]}<\/script>\n<!-- \/ Yoast SEO plugin. -->","yoast_head_json":{"title":"Changelog - Editor Masivo Usuarios WordPress - WP Sheet Editor en Espa\u00f1ol","robots":{"index":"index","follow":"follow","max-snippet":"max-snippet:-1","max-image-preview":"max-image-preview:large","max-video-preview":"max-video-preview:-1"},"canonical":"https:\/\/wpsheeteditor.com\/es\/changelog\/users-spreadsheet\/","og_locale":"es_ES","og_type":"article","og_title":"Changelog - Editor Masivo Usuarios WordPress - WP Sheet Editor en Espa\u00f1ol","og_description":"= V 1.5.2 - 2021-03-12 = * CAMBIO - USUARIOS - Mejorar la b\u00fasqueda de clientes = V 1.5.1 - 2021-02-24 = * Actualizado a CORE v2.24.1 = V 1.5.0 - 2021-02-10 = * NUEVO - USUARIOS - M\u00e1s integraciones de WC * CAMBIO - USUARIOS - Mejora el soporte para membres\u00edas de wc = [&hellip;]","og_url":"https:\/\/wpsheeteditor.com\/es\/changelog\/users-spreadsheet\/","og_site_name":"WP Sheet Editor en Espa\u00f1ol","article_modified_time":"2021-04-17T19:22:05+00:00","twitter_card":"summary_large_image","twitter_misc":{"Tiempo de lectura":"5 minutos"},"schema":{"@context":"https:\/\/schema.org","@graph":[{"@type":"WebPage","@id":"https:\/\/wpsheeteditor.com\/es\/changelog\/users-spreadsheet\/","url":"https:\/\/wpsheeteditor.com\/es\/changelog\/users-spreadsheet\/","name":"Changelog - Editor Masivo Usuarios WordPress - WP Sheet Editor en Espa\u00f1ol","isPartOf":{"@id":"https:\/\/wpsheeteditor.com\/es\/#website"},"datePublished":"2018-08-12T23:33:08+00:00","dateModified":"2021-04-17T19:22:05+00:00","breadcrumb":{"@id":"https:\/\/wpsheeteditor.com\/es\/changelog\/users-spreadsheet\/#breadcrumb"},"inLanguage":"es","potentialAction":[{"@type":"ReadAction","target":["https:\/\/wpsheeteditor.com\/es\/changelog\/users-spreadsheet\/"]}]},{"@type":"BreadcrumbList","@id":"https:\/\/wpsheeteditor.com\/es\/changelog\/users-spreadsheet\/#breadcrumb","itemListElement":[{"@type":"ListItem","position":1,"name":"Home","item":"https:\/\/wpsheeteditor.com\/es\/"},{"@type":"ListItem","position":2,"name":"Changelog","item":"https:\/\/wpsheeteditor.com\/es\/changelog\/"},{"@type":"ListItem","position":3,"name":"Changelog &#8211; Editor Masivo Usuarios WordPress"}]},{"@type":"WebSite","@id":"https:\/\/wpsheeteditor.com\/es\/#website","url":"https:\/\/wpsheeteditor.com\/es\/","name":"WP Sheet Editor en Espa\u00f1ol","description":"Edita miles de posts y p\u00e1ginas r\u00e1pidamente","publisher":{"@id":"https:\/\/wpsheeteditor.com\/es\/#organization"},"potentialAction":[{"@type":"SearchAction","target":{"@type":"EntryPoint","urlTemplate":"https:\/\/wpsheeteditor.com\/es\/?s={search_term_string}"},"query-input":{"@type":"PropertyValueSpecification","valueRequired":true,"valueName":"search_term_string"}}],"inLanguage":"es"},{"@type":"Organization","@id":"https:\/\/wpsheeteditor.com\/es\/#organization","name":"WP Sheet Editor","url":"https:\/\/wpsheeteditor.com\/es\/","logo":{"@type":"ImageObject","inLanguage":"es","@id":"https:\/\/wpsheeteditor.com\/es\/#\/schema\/logo\/image\/","url":"https:\/\/media.wpsheeteditor.com\/wp-content\/uploads\/sites\/3\/2016\/06\/26203459\/logo-248x102.png","contentUrl":"https:\/\/media.wpsheeteditor.com\/wp-content\/uploads\/sites\/3\/2016\/06\/26203459\/logo-248x102.png","width":248,"height":102,"caption":"WP Sheet Editor"},"image":{"@id":"https:\/\/wpsheeteditor.com\/es\/#\/schema\/logo\/image\/"}}]}},"_links":{"self":[{"href":"https:\/\/wpsheeteditor.com\/es\/wp-json\/wp\/v2\/pages\/867","targetHints":{"allow":["GET"]}}],"collection":[{"href":"https:\/\/wpsheeteditor.com\/es\/wp-json\/wp\/v2\/pages"}],"about":[{"href":"https:\/\/wpsheeteditor.com\/es\/wp-json\/wp\/v2\/types\/page"}],"author":[{"embeddable":true,"href":"https:\/\/wpsheeteditor.com\/es\/wp-json\/wp\/v2\/users\/1"}],"replies":[{"embeddable":true,"href":"https:\/\/wpsheeteditor.com\/es\/wp-json\/wp\/v2\/comments?post=867"}],"version-history":[{"count":3,"href":"https:\/\/wpsheeteditor.com\/es\/wp-json\/wp\/v2\/pages\/867\/revisions"}],"predecessor-version":[{"id":12124,"href":"https:\/\/wpsheeteditor.com\/es\/wp-json\/wp\/v2\/pages\/867\/revisions\/12124"}],"up":[{"embeddable":true,"href":"https:\/\/wpsheeteditor.com\/es\/wp-json\/wp\/v2\/pages\/492"}],"wp:attachment":[{"href":"https:\/\/wpsheeteditor.com\/es\/wp-json\/wp\/v2\/media?parent=867"}],"curies":[{"name":"wp","href":"https:\/\/api.w.org\/{rel}","templated":true}]}}