{"id":904,"date":"2018-08-19T00:34:26","date_gmt":"2018-08-19T06:34:26","guid":{"rendered":"https:\/\/wpsheeteditor.com\/es\/?page_id=904"},"modified":"2023-07-12T21:11:28","modified_gmt":"2023-07-13T03:11:28","slug":"comprar-plugin","status":"publish","type":"page","link":"https:\/\/wpsheeteditor.com\/es\/comprar-plugin\/","title":{"rendered":"Comprar extensi\u00f3n: "},"content":{"rendered":"\t\t<div data-elementor-type=\"wp-page\" data-elementor-id=\"904\" class=\"elementor elementor-904\">\n\t\t\t\t\t\t<section class=\"elementor-section elementor-top-section elementor-element elementor-element-236b8421 elementor-section-boxed elementor-section-height-default elementor-section-height-default\" data-id=\"236b8421\" data-element_type=\"section\" id=\"Buy-plugin\">\n\t\t\t\t\t\t<div class=\"elementor-container elementor-column-gap-custom\">\n\t\t\t\t\t<div class=\"elementor-column elementor-col-50 elementor-top-column elementor-element elementor-element-3ae95e7a\" data-id=\"3ae95e7a\" data-element_type=\"column\">\n\t\t\t<div class=\"elementor-widget-wrap elementor-element-populated\">\n\t\t\t\t\t\t<div class=\"elementor-element elementor-element-4ff06f93 pricing-sites-box elementor-widget elementor-widget-text-editor\" data-id=\"4ff06f93\" data-element_type=\"widget\" data-widget_type=\"text-editor.default\">\n\t\t\t\t<div class=\"elementor-widget-container\">\n\t\t\t\t\t\t\t\t\t<label class=\"sites-number-wrapper\">Select number of sites:\r\n\t<select class=\"sites-number\">\r\n\t\t\t<\/select><\/label>\r\n\t\t\t\t\t\t\t\t\t\t\t\t<\/div>\n\t\t\t\t<\/div>\n\t\t\t\t\t<\/div>\n\t\t<\/div>\n\t\t\t\t<div class=\"elementor-column elementor-col-50 elementor-top-column elementor-element elementor-element-6c76e4b9\" data-id=\"6c76e4b9\" data-element_type=\"column\">\n\t\t\t<div class=\"elementor-widget-wrap elementor-element-populated\">\n\t\t\t\t\t\t\t<\/div>\n\t\t<\/div>\n\t\t\t\t\t<\/div>\n\t\t<\/section>\n\t\t\t\t<section class=\"elementor-section elementor-top-section elementor-element elementor-element-38f15f1d elementor-section-stretched elementor-section-boxed elementor-section-height-default elementor-section-height-default\" data-id=\"38f15f1d\" data-element_type=\"section\" data-settings=\"{&quot;stretch_section&quot;:&quot;section-stretched&quot;,&quot;background_background&quot;:&quot;classic&quot;}\">\n\t\t\t\t\t\t<div class=\"elementor-container elementor-column-gap-default\">\n\t\t\t\t\t<div class=\"elementor-column elementor-col-100 elementor-top-column elementor-element elementor-element-5089e09a\" data-id=\"5089e09a\" data-element_type=\"column\">\n\t\t\t<div class=\"elementor-widget-wrap elementor-element-populated\">\n\t\t\t\t\t\t<div class=\"elementor-element elementor-element-12d6f39d elementor-widget elementor-widget-text-editor\" data-id=\"12d6f39d\" data-element_type=\"widget\" data-widget_type=\"text-editor.default\">\n\t\t\t\t<div class=\"elementor-widget-container\">\n\t\t\t\t\t\t\t\t\t<p><img decoding=\"async\" class=\"alignleft wp-image-20305\" src=\"https:\/\/media.wpsheeteditor.com\/wp-content\/uploads\/2022\/10\/05234305\/money-1-removebg-preview.png\" alt=\"money back guarantee\" width=\"101\" height=\"100\" \/><\/p><h3 style=\"text-align: left;\"><span class=\"ez-toc-section\" id=\"GARANTIA_DE_REEMBOLSO\"><\/span>GARANT\u00cdA DE REEMBOLSO<span class=\"ez-toc-section-end\"><\/span><\/h3><p style=\"text-align: left;\">Compra el plugin hoy y si no te funciona, simplemente cont\u00e1ctanos dentro de los primeros 14 d\u00edas a partir de tu compra, y\u00a0<strong>te reembolsaremos el 100% de tu dinero.<\/strong><\/p>\t\t\t\t\t\t\t\t<\/div>\n\t\t\t\t<\/div>\n\t\t\t\t\t<\/div>\n\t\t<\/div>\n\t\t\t\t\t<\/div>\n\t\t<\/section>\n\t\t\t\t<section class=\"elementor-section elementor-top-section elementor-element elementor-element-2539903f elementor-section-boxed elementor-section-height-default elementor-section-height-default\" data-id=\"2539903f\" data-element_type=\"section\">\n\t\t\t\t\t\t<div class=\"elementor-container elementor-column-gap-default\">\n\t\t\t\t\t<div class=\"elementor-column elementor-col-100 elementor-top-column elementor-element elementor-element-5dd2f4ce\" data-id=\"5dd2f4ce\" data-element_type=\"column\">\n\t\t\t<div class=\"elementor-widget-wrap elementor-element-populated\">\n\t\t\t\t\t\t<div class=\"elementor-element elementor-element-7d09b568 elementor-widget elementor-widget-text-editor\" data-id=\"7d09b568\" data-element_type=\"widget\" data-widget_type=\"text-editor.default\">\n\t\t\t\t<div class=\"elementor-widget-container\">\n\t\t\t\t\t\t\t\t\t<h2 style=\"text-align: center;\"><span class=\"ez-toc-section\" id=\"Preguntas\"><\/span>Preguntas<span class=\"ez-toc-section-end\"><\/span><\/h2>\t\t\t\t\t\t\t\t<\/div>\n\t\t\t\t<\/div>\n\t\t\t\t<div class=\"elementor-element elementor-element-77d002b elementor-widget elementor-widget-shortcode\" data-id=\"77d002b\" data-element_type=\"widget\" data-widget_type=\"shortcode.default\">\n\t\t\t\t<div class=\"elementor-widget-container\">\n\t\t\t\t\t\t\t<div class=\"elementor-shortcode\"><\/div>\n\t\t\t\t\t\t<\/div>\n\t\t\t\t<\/div>\n\t\t\t\t\t<\/div>\n\t\t<\/div>\n\t\t\t\t\t<\/div>\n\t\t<\/section>\n\t\t\t\t<section class=\"elementor-section elementor-top-section elementor-element elementor-element-dcb20f4 elementor-section-boxed elementor-section-height-default elementor-section-height-default\" data-id=\"dcb20f4\" data-element_type=\"section\">\n\t\t\t\t\t\t<div class=\"elementor-container elementor-column-gap-default\">\n\t\t\t\t\t<div class=\"elementor-column elementor-col-100 elementor-top-column elementor-element elementor-element-6f98505e\" data-id=\"6f98505e\" data-element_type=\"column\">\n\t\t\t<div class=\"elementor-widget-wrap elementor-element-populated\">\n\t\t\t\t\t\t<div class=\"elementor-element elementor-element-7a740287 elementor-widget elementor-widget-text-editor\" data-id=\"7a740287\" data-element_type=\"widget\" data-widget_type=\"text-editor.default\">\n\t\t\t\t<div class=\"elementor-widget-container\">\n\t\t\t\t\t\t\t\t\t<h2 style=\"text-align: center;\"><span class=\"ez-toc-section\" id=\"Tenemos_la_confianza_de_mas_de_10059_negocios_y_tiendas\"><\/span><i class=\"fa fa-thumbs-up\"><\/i> Tenemos la confianza de m\u00e1s de 10059 negocios y tiendas<span class=\"ez-toc-section-end\"><\/span><\/h2><p>\u00a0<\/p>\t\t\t\t\t\t\t\t<\/div>\n\t\t\t\t<\/div>\n\t\t\t\t<div class=\"elementor-element elementor-element-238703e4 elementor-align-center elementor-widget elementor-widget-button\" data-id=\"238703e4\" data-element_type=\"widget\" data-widget_type=\"button.default\">\n\t\t\t\t<div class=\"elementor-widget-container\">\n\t\t\t\t\t\t\t\t\t<div class=\"elementor-button-wrapper\">\n\t\t\t\t\t<a class=\"elementor-button elementor-button-link elementor-size-lg\" href=\"#Buy-plugin\">\n\t\t\t\t\t\t<span class=\"elementor-button-content-wrapper\">\n\t\t\t\t\t\t<span class=\"elementor-button-icon\">\n\t\t\t\t<svg aria-hidden=\"true\" class=\"e-font-icon-svg e-fas-download\" viewBox=\"0 0 512 512\" xmlns=\"http:\/\/www.w3.org\/2000\/svg\"><path d=\"M216 0h80c13.3 0 24 10.7 24 24v168h87.7c17.8 0 26.7 21.5 14.1 34.1L269.7 378.3c-7.5 7.5-19.8 7.5-27.3 0L90.1 226.1c-12.6-12.6-3.7-34.1 14.1-34.1H192V24c0-13.3 10.7-24 24-24zm296 376v112c0 13.3-10.7 24-24 24H24c-13.3 0-24-10.7-24-24V376c0-13.3 10.7-24 24-24h146.7l49 49c20.1 20.1 52.5 20.1 72.6 0l49-49H488c13.3 0 24 10.7 24 24zm-124 88c0-11-9-20-20-20s-20 9-20 20 9 20 20 20 20-9 20-20zm64 0c0-11-9-20-20-20s-20 9-20 20 9 20 20 20 20-9 20-20z\"><\/path><\/svg>\t\t\t<\/span>\n\t\t\t\t\t\t\t\t\t<span class=\"elementor-button-text\">Comprar plugin para WordPress<\/span>\n\t\t\t\t\t<\/span>\n\t\t\t\t\t<\/a>\n\t\t\t\t<\/div>\n\t\t\t\t\t\t\t\t<\/div>\n\t\t\t\t<\/div>\n\t\t\t\t\t<\/div>\n\t\t<\/div>\n\t\t\t\t\t<\/div>\n\t\t<\/section>\n\t\t\t\t<\/div>\n\t\t","protected":false},"excerpt":{"rendered":"<p>GARANT\u00cdA DE REEMBOLSO Compra el plugin hoy y si no te funciona, simplemente cont\u00e1ctanos dentro de los primeros 14 d\u00edas a partir de tu compra, y\u00a0te reembolsaremos el 100% de tu dinero. Preguntas Tenemos la confianza de m\u00e1s de 10059 negocios y tiendas \u00a0 Comprar plugin para WordPress<\/p>\n","protected":false},"author":1,"featured_media":0,"parent":0,"menu_order":0,"comment_status":"closed","ping_status":"closed","template":"","meta":{"_acf_changed":false,"_custom_body_class":"all-plans elementor-pricing-page","_custom_post_class":"","footnotes":"","_links_to":"","_links_to_target":""},"class_list":["post-904","page","type-page","status-publish","hentry","entry"],"acf":[],"yoast_head":"<!-- This site is optimized with the Yoast SEO plugin v26.8 - https:\/\/yoast.com\/product\/yoast-seo-wordpress\/ -->\n<title>Comprar el plugin<\/title>\n<meta name=\"robots\" content=\"noindex, follow\" \/>\n<meta property=\"og:locale\" content=\"es_ES\" \/>\n<meta property=\"og:type\" content=\"article\" \/>\n<meta property=\"og:title\" content=\"Comprar el plugin\" \/>\n<meta property=\"og:description\" content=\"GARANT\u00cdA DE REEMBOLSO Compra el plugin hoy y si no te funciona, simplemente cont\u00e1ctanos dentro de los primeros 14 d\u00edas a partir de tu compra, y\u00a0te reembolsaremos el 100% de tu dinero. Preguntas Tenemos la confianza de m\u00e1s de 10059 negocios y tiendas \u00a0 Comprar plugin para WordPress\" \/>\n<meta property=\"og:url\" content=\"https:\/\/wpsheeteditor.com\/es\/comprar-plugin\/\" \/>\n<meta property=\"og:site_name\" content=\"WP Sheet Editor en Espa\u00f1ol\" \/>\n<meta property=\"article:modified_time\" content=\"2023-07-13T03:11:28+00:00\" \/>\n<meta property=\"og:image\" content=\"https:\/\/media.wpsheeteditor.com\/wp-content\/uploads\/2022\/10\/05234305\/money-1-removebg-preview.png\" \/>\n<meta name=\"twitter:card\" content=\"summary_large_image\" \/>\n<meta name=\"twitter:label1\" content=\"Tiempo de lectura\" \/>\n\t<meta name=\"twitter:data1\" content=\"1 minuto\" \/>\n<script type=\"application\/ld+json\" class=\"yoast-schema-graph\">{\"@context\":\"https:\/\/schema.org\",\"@graph\":[{\"@type\":\"WebPage\",\"@id\":\"https:\/\/wpsheeteditor.com\/es\/comprar-plugin\/\",\"url\":\"https:\/\/wpsheeteditor.com\/es\/comprar-plugin\/\",\"name\":\"Comprar el plugin\",\"isPartOf\":{\"@id\":\"https:\/\/wpsheeteditor.com\/es\/#website\"},\"primaryImageOfPage\":{\"@id\":\"https:\/\/wpsheeteditor.com\/es\/comprar-plugin\/#primaryimage\"},\"image\":{\"@id\":\"https:\/\/wpsheeteditor.com\/es\/comprar-plugin\/#primaryimage\"},\"thumbnailUrl\":\"https:\/\/media.wpsheeteditor.com\/wp-content\/uploads\/2022\/10\/05234305\/money-1-removebg-preview.png\",\"datePublished\":\"2018-08-19T06:34:26+00:00\",\"dateModified\":\"2023-07-13T03:11:28+00:00\",\"breadcrumb\":{\"@id\":\"https:\/\/wpsheeteditor.com\/es\/comprar-plugin\/#breadcrumb\"},\"inLanguage\":\"es\",\"potentialAction\":[{\"@type\":\"ReadAction\",\"target\":[\"https:\/\/wpsheeteditor.com\/es\/comprar-plugin\/\"]}]},{\"@type\":\"ImageObject\",\"inLanguage\":\"es\",\"@id\":\"https:\/\/wpsheeteditor.com\/es\/comprar-plugin\/#primaryimage\",\"url\":\"https:\/\/media.wpsheeteditor.com\/wp-content\/uploads\/2022\/10\/05234305\/money-1-removebg-preview.png\",\"contentUrl\":\"https:\/\/media.wpsheeteditor.com\/wp-content\/uploads\/2022\/10\/05234305\/money-1-removebg-preview.png\"},{\"@type\":\"BreadcrumbList\",\"@id\":\"https:\/\/wpsheeteditor.com\/es\/comprar-plugin\/#breadcrumb\",\"itemListElement\":[{\"@type\":\"ListItem\",\"position\":1,\"name\":\"Home\",\"item\":\"https:\/\/wpsheeteditor.com\/es\/\"},{\"@type\":\"ListItem\",\"position\":2,\"name\":\"Comprar extensi\u00f3n: [vg_display_data object_id_type=\\\"query_string\\\" object_id=\\\"extension_id\\\" key=\\\"post_title\\\" data_source=\\\"post_data\\\"]\"}]},{\"@type\":\"WebSite\",\"@id\":\"https:\/\/wpsheeteditor.com\/es\/#website\",\"url\":\"https:\/\/wpsheeteditor.com\/es\/\",\"name\":\"WP Sheet Editor en Espa\u00f1ol\",\"description\":\"Edita miles de posts y p\u00e1ginas r\u00e1pidamente\",\"publisher\":{\"@id\":\"https:\/\/wpsheeteditor.com\/es\/#organization\"},\"potentialAction\":[{\"@type\":\"SearchAction\",\"target\":{\"@type\":\"EntryPoint\",\"urlTemplate\":\"https:\/\/wpsheeteditor.com\/es\/?s={search_term_string}\"},\"query-input\":{\"@type\":\"PropertyValueSpecification\",\"valueRequired\":true,\"valueName\":\"search_term_string\"}}],\"inLanguage\":\"es\"},{\"@type\":\"Organization\",\"@id\":\"https:\/\/wpsheeteditor.com\/es\/#organization\",\"name\":\"WP Sheet Editor\",\"url\":\"https:\/\/wpsheeteditor.com\/es\/\",\"logo\":{\"@type\":\"ImageObject\",\"inLanguage\":\"es\",\"@id\":\"https:\/\/wpsheeteditor.com\/es\/#\/schema\/logo\/image\/\",\"url\":\"https:\/\/media.wpsheeteditor.com\/wp-content\/uploads\/sites\/3\/2016\/06\/26203459\/logo-248x102.png\",\"contentUrl\":\"https:\/\/media.wpsheeteditor.com\/wp-content\/uploads\/sites\/3\/2016\/06\/26203459\/logo-248x102.png\",\"width\":248,\"height\":102,\"caption\":\"WP Sheet Editor\"},\"image\":{\"@id\":\"https:\/\/wpsheeteditor.com\/es\/#\/schema\/logo\/image\/\"}}]}<\/script>\n<!-- \/ Yoast SEO plugin. -->","yoast_head_json":{"title":"Comprar el plugin","robots":{"index":"noindex","follow":"follow"},"og_locale":"es_ES","og_type":"article","og_title":"Comprar el plugin","og_description":"GARANT\u00cdA DE REEMBOLSO Compra el plugin hoy y si no te funciona, simplemente cont\u00e1ctanos dentro de los primeros 14 d\u00edas a partir de tu compra, y\u00a0te reembolsaremos el 100% de tu dinero. Preguntas Tenemos la confianza de m\u00e1s de 10059 negocios y tiendas \u00a0 Comprar plugin para WordPress","og_url":"https:\/\/wpsheeteditor.com\/es\/comprar-plugin\/","og_site_name":"WP Sheet Editor en Espa\u00f1ol","article_modified_time":"2023-07-13T03:11:28+00:00","og_image":[{"url":"https:\/\/media.wpsheeteditor.com\/wp-content\/uploads\/2022\/10\/05234305\/money-1-removebg-preview.png","type":"","width":"","height":""}],"twitter_card":"summary_large_image","twitter_misc":{"Tiempo de lectura":"1 minuto"},"schema":{"@context":"https:\/\/schema.org","@graph":[{"@type":"WebPage","@id":"https:\/\/wpsheeteditor.com\/es\/comprar-plugin\/","url":"https:\/\/wpsheeteditor.com\/es\/comprar-plugin\/","name":"Comprar el plugin","isPartOf":{"@id":"https:\/\/wpsheeteditor.com\/es\/#website"},"primaryImageOfPage":{"@id":"https:\/\/wpsheeteditor.com\/es\/comprar-plugin\/#primaryimage"},"image":{"@id":"https:\/\/wpsheeteditor.com\/es\/comprar-plugin\/#primaryimage"},"thumbnailUrl":"https:\/\/media.wpsheeteditor.com\/wp-content\/uploads\/2022\/10\/05234305\/money-1-removebg-preview.png","datePublished":"2018-08-19T06:34:26+00:00","dateModified":"2023-07-13T03:11:28+00:00","breadcrumb":{"@id":"https:\/\/wpsheeteditor.com\/es\/comprar-plugin\/#breadcrumb"},"inLanguage":"es","potentialAction":[{"@type":"ReadAction","target":["https:\/\/wpsheeteditor.com\/es\/comprar-plugin\/"]}]},{"@type":"ImageObject","inLanguage":"es","@id":"https:\/\/wpsheeteditor.com\/es\/comprar-plugin\/#primaryimage","url":"https:\/\/media.wpsheeteditor.com\/wp-content\/uploads\/2022\/10\/05234305\/money-1-removebg-preview.png","contentUrl":"https:\/\/media.wpsheeteditor.com\/wp-content\/uploads\/2022\/10\/05234305\/money-1-removebg-preview.png"},{"@type":"BreadcrumbList","@id":"https:\/\/wpsheeteditor.com\/es\/comprar-plugin\/#breadcrumb","itemListElement":[{"@type":"ListItem","position":1,"name":"Home","item":"https:\/\/wpsheeteditor.com\/es\/"},{"@type":"ListItem","position":2,"name":"Comprar extensi\u00f3n: [vg_display_data object_id_type=\"query_string\" object_id=\"extension_id\" key=\"post_title\" data_source=\"post_data\"]"}]},{"@type":"WebSite","@id":"https:\/\/wpsheeteditor.com\/es\/#website","url":"https:\/\/wpsheeteditor.com\/es\/","name":"WP Sheet Editor en Espa\u00f1ol","description":"Edita miles de posts y p\u00e1ginas r\u00e1pidamente","publisher":{"@id":"https:\/\/wpsheeteditor.com\/es\/#organization"},"potentialAction":[{"@type":"SearchAction","target":{"@type":"EntryPoint","urlTemplate":"https:\/\/wpsheeteditor.com\/es\/?s={search_term_string}"},"query-input":{"@type":"PropertyValueSpecification","valueRequired":true,"valueName":"search_term_string"}}],"inLanguage":"es"},{"@type":"Organization","@id":"https:\/\/wpsheeteditor.com\/es\/#organization","name":"WP Sheet Editor","url":"https:\/\/wpsheeteditor.com\/es\/","logo":{"@type":"ImageObject","inLanguage":"es","@id":"https:\/\/wpsheeteditor.com\/es\/#\/schema\/logo\/image\/","url":"https:\/\/media.wpsheeteditor.com\/wp-content\/uploads\/sites\/3\/2016\/06\/26203459\/logo-248x102.png","contentUrl":"https:\/\/media.wpsheeteditor.com\/wp-content\/uploads\/sites\/3\/2016\/06\/26203459\/logo-248x102.png","width":248,"height":102,"caption":"WP Sheet Editor"},"image":{"@id":"https:\/\/wpsheeteditor.com\/es\/#\/schema\/logo\/image\/"}}]}},"_links":{"self":[{"href":"https:\/\/wpsheeteditor.com\/es\/wp-json\/wp\/v2\/pages\/904","targetHints":{"allow":["GET"]}}],"collection":[{"href":"https:\/\/wpsheeteditor.com\/es\/wp-json\/wp\/v2\/pages"}],"about":[{"href":"https:\/\/wpsheeteditor.com\/es\/wp-json\/wp\/v2\/types\/page"}],"author":[{"embeddable":true,"href":"https:\/\/wpsheeteditor.com\/es\/wp-json\/wp\/v2\/users\/1"}],"replies":[{"embeddable":true,"href":"https:\/\/wpsheeteditor.com\/es\/wp-json\/wp\/v2\/comments?post=904"}],"version-history":[{"count":3,"href":"https:\/\/wpsheeteditor.com\/es\/wp-json\/wp\/v2\/pages\/904\/revisions"}],"predecessor-version":[{"id":19476,"href":"https:\/\/wpsheeteditor.com\/es\/wp-json\/wp\/v2\/pages\/904\/revisions\/19476"}],"wp:attachment":[{"href":"https:\/\/wpsheeteditor.com\/es\/wp-json\/wp\/v2\/media?parent=904"}],"curies":[{"name":"wp","href":"https:\/\/api.w.org\/{rel}","templated":true}]}}