{"id":979,"date":"2018-11-05T21:06:01","date_gmt":"2018-11-06T03:06:01","guid":{"rendered":"https:\/\/wpsheeteditor.com\/es\/?page_id=979"},"modified":"2021-04-17T13:21:01","modified_gmt":"2021-04-17T19:21:01","slug":"woocommerce-coupons-spreadsheet","status":"publish","type":"page","link":"https:\/\/wpsheeteditor.com\/es\/changelog\/woocommerce-coupons-spreadsheet\/","title":{"rendered":"Changelog &#8211; Editor Masivo de Cupones WooCommerce"},"content":{"rendered":"<pre><span>= V 1.3.17 - 2021-03-12 =<\/span><span><\/span><span>\r\n* Actualizado a CORE v2.24.2<\/span><span><\/span>\r\n<span><\/span>\r\n<span><\/span><span>\r\n= V 1.3.16 - 2021-02-24 =<\/span><span><\/span><span>\r\n* Actualizado a CORE v2.24.1<\/span><span><\/span>\r\n<span><\/span>\r\n<span><\/span><span>\r\n= V 1.3.15 - 10\/02\/2021 =<\/span><span><\/span><span>\r\n* CAMBIO - CUPONES - Mejora el proceso duplicado<\/span><span><\/span>\r\n<span><\/span>\r\n<span><\/span><span>\r\n= V 1.3.14 - 2020-12-19 =<\/span><span><\/span><span>\r\n* Actualizado a CORE v2.23.0<\/span><span><\/span>\r\n<span><\/span>\r\n<span><\/span><span>\r\n= V 1.3.13 - 21\/11\/2020 =<\/span><span><\/span><span>\r\n* Actualizado a CORE v2.22.0<\/span><span><\/span>\r\n<span><\/span>\r\n<span><\/span><span>\r\n= V 1.3.12 - 2020-10-22 =<\/span><span><\/span><span>\r\n* Actualizado a CORE v2.21.3<\/span><span><\/span>\r\n<span><\/span>\r\n<span><\/span><span>\r\n= V 1.3.11 - 2020-10-11 =<\/span><span><\/span><span>\r\n* Actualizado a CORE v2.21.2<\/span><span><\/span>\r\n<span><\/span>\r\n<span><\/span><span>\r\n= V 1.3.10 - 2020-10-07 =<\/span><span><\/span><span>\r\n* Actualizado a CORE v2.21.1<\/span><span><\/span>\r\n<span><\/span>\r\n<span><\/span><span>\r\n= V 1.3.9 - 07-10-2020 =<\/span><span><\/span><span>\r\n* Actualizado a CORE v2.21.0<\/span><span><\/span>\r\n<span><\/span>\r\n<span><\/span><span>\r\n= V 1.3.8 - 2020-09-08 =<\/span><span><\/span><span>\r\n* Actualizado a CORE v2.20.3<\/span><span><\/span>\r\n<span><\/span>\r\n<span><\/span><span>\r\n= V 1.3.7 - 22-07-2020 =<\/span><span><\/span><span>\r\n* Actualizado a CORE v2.20.2<\/span><span><\/span>\r\n<span><\/span>\r\n<span><\/span><span>\r\n= V 1.3.6 - 2020-06-26 =<\/span><span><\/span><span>\r\n* Actualizado a CORE v2.20.1<\/span><span><\/span>\r\n<span><\/span>\r\n<span><\/span><span>\r\n= V 1.3.5 - 2020-05-20 =<\/span><span><\/span><span>\r\n* Actualizado a CORE v2.20.0<\/span><span><\/span>\r\n<span><\/span>\r\n<span><\/span><span>\r\n= V 1.3.4 - 2020-04-20 =<\/span><span><\/span><span>\r\n* Actualizado a CORE v2.19.0<\/span><span><\/span>\r\n<span><\/span>\r\n<span><\/span><span>\r\n= V 1.3.3 - 2020-03-17 =<\/span><span><\/span><span>\r\n* Actualizado a CORE v2.18.1<\/span><span><\/span>\r\n<span><\/span>\r\n<span><\/span><span>\r\n= V 1.3.2 - 2020-03-16 =<\/span><span><\/span><span>\r\n* Actualizado a CORE v2.18.0<\/span><span><\/span>\r\n<span><\/span>\r\n<span><\/span><span>\r\n= V 1.3.1 - 2020-02-19 =<\/span><span><\/span><span>\r\n* Actualizado a CORE v2.17.0<\/span><span><\/span>\r\n<span><\/span>\r\n<span><\/span><span>\r\n= V 1.3.0 - 2020-01-13 =<\/span><span><\/span><span>\r\n* NUEVO - CUPONES - Agregar el men\u00fa desplegable de autocompletar a la columna \"Producto excluido\"<\/span><span><\/span><span>\r\n* CAMBIO - CUPONES - Agregar men\u00fa desplegable de autocompletar a la columna \"Producto incluido\"<\/span><span><\/span>\r\n<span><\/span>\r\n<span><\/span><span>\r\n= V 1.2.4 - 2019-11-24 =<\/span><span><\/span><span>\r\n* Actualizado a CORE v2.15.4<\/span><span><\/span>\r\n<span><\/span>\r\n<span><\/span><span>\r\n= V 1.2.3 - 2019-11-18 =<\/span><span><\/span><span>\r\n* Actualizado a CORE v2.15.3<\/span><span><\/span><span>\r\n* CORRECCI\u00d3NES - CUPONES - La columna de fecha de vencimiento no mostraba ni guardaba el valor<\/span><span><\/span>\r\n<span><\/span>\r\n<span><\/span><span>\r\n= V 1.2.1 - 2019-10-18 =<\/span><span><\/span><span>\r\n* Actualizado a CORE v2.15.2<\/span><span><\/span>\r\n<span><\/span><span>\r\n= V 1.2.0 - 2019-10-01 =<\/span><span><\/span><span>\r\n* NUEVO - CUPONES - Agregar opci\u00f3n para establecer el prefijo para nuevos cupones<\/span><span><\/span><span>\r\n* CAMBIO - CUPONES - Cuando duplicamos cupones, establece un nuevo c\u00f3digo como si fuera nuevo<\/span><span><\/span><span>\r\n* CAMBIO - CUPONES - Duplicar - Agregue instrucciones sobre c\u00f3mo cambiar el prefijo y qu\u00e9 informaci\u00f3n se copiar\u00e1, para que puedan hacerlo antes de la copia y evitar editar cupones despu\u00e9s de la copia.<\/span><span><\/span><span>\r\n* CORRECCI\u00d3N - CUPONES - advertencia de php al importar la columna customer_email<\/span><span><\/span><span>\r\n Actualizado a CORE v2.15.0<\/span><span><\/span>\r\n<span><\/span>\r\n<span><\/span><span>\r\n------ V 1.1.0 - 2019-09-06 ------<\/span><span><\/span><span>\r\nNUEVO - CUPONES - Agregar opci\u00f3n para establecer el prefijo para nuevos cupones<\/span><span><\/span><span>\r\nCAMBIO - CUPONES - Cuando duplicamos cupones, establece un nuevo c\u00f3digo como si fuera nuevo<\/span><span><\/span><span>\r\nCAMBIO - CUPONES - Duplicar - Agregue instrucciones sobre c\u00f3mo cambiar el prefijo y qu\u00e9 informaci\u00f3n se copiar\u00e1, para que puedan hacerlo antes de la copia y evitar editar cupones despu\u00e9s de la copia.<\/span><span><\/span><span>\r\nCORRECCI\u00d3N - CUPONES - advertencia de php al importar la columna customer_email<\/span><span><\/span><span>\r\nActualizado a CORE v2.14.0<\/span><span><\/span>\r\n<span><\/span><span>\r\n------ V 1.0.14 - 2019-08-11 ------<\/span><span><\/span><span>\r\nActualizado a CORE v2.13.1<\/span><span><\/span>\r\n<span><\/span><span>\r\n------ V 1.0.13 - 2019-08-08 ------<\/span><span><\/span><span>\r\nActualizado a CORE v2.13.0<\/span><span><\/span>\r\n<span><\/span><span>\r\n------ V 1.0.12 - 2019-07-02 ------<\/span><span><\/span><span>\r\nActualizado a CORE v2.12.0<\/span><span><\/span>\r\n<span><\/span><span>\r\n------ V 1.0.11 - 2019-05-28 ------<\/span><span><\/span><span>\r\nActualizado a CORE v2.11.3<\/span><span><\/span>\r\n<span><\/span><span>\r\n------ V 1.0.10 - 2019-05-27 ------<\/span><span><\/span><span>\r\nNUEVO - CUPONES - Agregar columna \"ventas\"<\/span><span><\/span><span>\r\nActualizado a CORE v2.11.2<\/span><span><\/span>\r\n<span><\/span><span>\r\n------ V 1.0.9 - 2019-04-23 ------<\/span><span><\/span><span>\r\nActualizado a CORE v2.11.1<\/span><span><\/span>\r\n<span><\/span><span>\r\n------ V 1.0.8 - 2019-04-17 ------<\/span><span><\/span><span>\r\nActualizado a CORE v2.11.0<\/span><span><\/span><span>\r\nCORRECCI\u00d3N - CUPONES - F\u00d3RMULAS - Cuando guardamos la fecha de vencimiento usando f\u00f3rmulas SQL, la guarda en formato incorrecto<\/span><span><\/span>\r\n<span><\/span><span>\r\n------ V 1.0.7 - 2019-03-01 ------<\/span><span><\/span><span>\r\nActualizado a CORE v2.10.0<\/span><span><\/span><span>\r\nActualizado a freemius v2.2.4.<\/span><span><\/span>\r\n<span><\/span><span>\r\n------ V 1.0.6 - 2019-02-13 ------<\/span><span><\/span><span>\r\nActualizado a CORE v2.9.2<\/span><span><\/span>\r\n<span><\/span><span>\r\n------ V 1.0.5 - 2019-02-05 ------<\/span><span><\/span><span>\r\nActualizado a CORE v2.9.0<\/span><span><\/span>\r\n<span><\/span><span>\r\n------ V 1.0.4 - 2019-01-21 ------<\/span><span><\/span><span>\r\nActualizado a CORE v2.8.2<\/span><span><\/span>\r\n<span><\/span><span>\r\n------ V 1.0.3 - 2019-01-18 ------<\/span><span><\/span><span>\r\nActualizado a CORE v2.8.1<\/span><span><\/span>\r\n<span><\/span><span>\r\n------ V 1.0.2 - 2019-01-16 ------<\/span><span><\/span><span>\r\nSoporte agregado para CORE v2.8.0<\/span><span><\/span>\r\n<span><\/span><span>\r\n------ V 1.0.1 - 2018-12-20 ------<\/span><span><\/span><span>\r\nCompatibilidad a\u00f1adida con CORE v2.7.0<\/span><span><\/span>\r\n<span><\/span><span>\r\n------ V 1.0.0 - 2018-11-05 ------<\/span><span><\/span><span>\r\nVersi\u00f3n inicial.<\/span><\/pre>\n","protected":false},"excerpt":{"rendered":"<p>= V 1.3.17 &#8211; 2021-03-12 = * Actualizado a CORE v2.24.2 = V 1.3.16 &#8211; 2021-02-24 = * Actualizado a CORE v2.24.1 = V 1.3.15 &#8211; 10\/02\/2021 = * CAMBIO &#8211; CUPONES &#8211; Mejora el proceso duplicado = V 1.3.14 &#8211; 2020-12-19 = * Actualizado a CORE v2.23.0 = V 1.3.13 &#8211; 21\/11\/2020 = * [&hellip;]<\/p>\n","protected":false},"author":1,"featured_media":0,"parent":492,"menu_order":0,"comment_status":"closed","ping_status":"closed","template":"","meta":{"_acf_changed":false,"_custom_body_class":"","_custom_post_class":"","footnotes":"","_links_to":"","_links_to_target":""},"class_list":["post-979","page","type-page","status-publish","hentry","entry"],"acf":[],"yoast_head":"<!-- This site is optimized with the Yoast SEO plugin v26.8 - https:\/\/yoast.com\/product\/yoast-seo-wordpress\/ -->\n<title>Changelog - Editor Masivo de Cupones WooCommerce - WP Sheet Editor en Espa\u00f1ol<\/title>\n<meta name=\"robots\" content=\"index, follow, max-snippet:-1, max-image-preview:large, max-video-preview:-1\" \/>\n<link rel=\"canonical\" href=\"https:\/\/wpsheeteditor.com\/es\/changelog\/woocommerce-coupons-spreadsheet\/\" \/>\n<meta property=\"og:locale\" content=\"es_ES\" \/>\n<meta property=\"og:type\" content=\"article\" \/>\n<meta property=\"og:title\" content=\"Changelog - Editor Masivo de Cupones WooCommerce - WP Sheet Editor en Espa\u00f1ol\" \/>\n<meta property=\"og:description\" content=\"= V 1.3.17 - 2021-03-12 = * Actualizado a CORE v2.24.2 = V 1.3.16 - 2021-02-24 = * Actualizado a CORE v2.24.1 = V 1.3.15 - 10\/02\/2021 = * CAMBIO - CUPONES - Mejora el proceso duplicado = V 1.3.14 - 2020-12-19 = * Actualizado a CORE v2.23.0 = V 1.3.13 - 21\/11\/2020 = * [&hellip;]\" \/>\n<meta property=\"og:url\" content=\"https:\/\/wpsheeteditor.com\/es\/changelog\/woocommerce-coupons-spreadsheet\/\" \/>\n<meta property=\"og:site_name\" content=\"WP Sheet Editor en Espa\u00f1ol\" \/>\n<meta property=\"article:modified_time\" content=\"2021-04-17T19:21:01+00:00\" \/>\n<meta name=\"twitter:card\" content=\"summary_large_image\" \/>\n<meta name=\"twitter:label1\" content=\"Tiempo de lectura\" \/>\n\t<meta name=\"twitter:data1\" content=\"3 minutos\" \/>\n<script type=\"application\/ld+json\" class=\"yoast-schema-graph\">{\"@context\":\"https:\/\/schema.org\",\"@graph\":[{\"@type\":\"WebPage\",\"@id\":\"https:\/\/wpsheeteditor.com\/es\/changelog\/woocommerce-coupons-spreadsheet\/\",\"url\":\"https:\/\/wpsheeteditor.com\/es\/changelog\/woocommerce-coupons-spreadsheet\/\",\"name\":\"Changelog - Editor Masivo de Cupones WooCommerce - WP Sheet Editor en Espa\u00f1ol\",\"isPartOf\":{\"@id\":\"https:\/\/wpsheeteditor.com\/es\/#website\"},\"datePublished\":\"2018-11-06T03:06:01+00:00\",\"dateModified\":\"2021-04-17T19:21:01+00:00\",\"breadcrumb\":{\"@id\":\"https:\/\/wpsheeteditor.com\/es\/changelog\/woocommerce-coupons-spreadsheet\/#breadcrumb\"},\"inLanguage\":\"es\",\"potentialAction\":[{\"@type\":\"ReadAction\",\"target\":[\"https:\/\/wpsheeteditor.com\/es\/changelog\/woocommerce-coupons-spreadsheet\/\"]}]},{\"@type\":\"BreadcrumbList\",\"@id\":\"https:\/\/wpsheeteditor.com\/es\/changelog\/woocommerce-coupons-spreadsheet\/#breadcrumb\",\"itemListElement\":[{\"@type\":\"ListItem\",\"position\":1,\"name\":\"Home\",\"item\":\"https:\/\/wpsheeteditor.com\/es\/\"},{\"@type\":\"ListItem\",\"position\":2,\"name\":\"Changelog\",\"item\":\"https:\/\/wpsheeteditor.com\/es\/changelog\/\"},{\"@type\":\"ListItem\",\"position\":3,\"name\":\"Changelog &#8211; Editor Masivo de Cupones WooCommerce\"}]},{\"@type\":\"WebSite\",\"@id\":\"https:\/\/wpsheeteditor.com\/es\/#website\",\"url\":\"https:\/\/wpsheeteditor.com\/es\/\",\"name\":\"WP Sheet Editor en Espa\u00f1ol\",\"description\":\"Edita miles de posts y p\u00e1ginas r\u00e1pidamente\",\"publisher\":{\"@id\":\"https:\/\/wpsheeteditor.com\/es\/#organization\"},\"potentialAction\":[{\"@type\":\"SearchAction\",\"target\":{\"@type\":\"EntryPoint\",\"urlTemplate\":\"https:\/\/wpsheeteditor.com\/es\/?s={search_term_string}\"},\"query-input\":{\"@type\":\"PropertyValueSpecification\",\"valueRequired\":true,\"valueName\":\"search_term_string\"}}],\"inLanguage\":\"es\"},{\"@type\":\"Organization\",\"@id\":\"https:\/\/wpsheeteditor.com\/es\/#organization\",\"name\":\"WP Sheet Editor\",\"url\":\"https:\/\/wpsheeteditor.com\/es\/\",\"logo\":{\"@type\":\"ImageObject\",\"inLanguage\":\"es\",\"@id\":\"https:\/\/wpsheeteditor.com\/es\/#\/schema\/logo\/image\/\",\"url\":\"https:\/\/media.wpsheeteditor.com\/wp-content\/uploads\/sites\/3\/2016\/06\/26203459\/logo-248x102.png\",\"contentUrl\":\"https:\/\/media.wpsheeteditor.com\/wp-content\/uploads\/sites\/3\/2016\/06\/26203459\/logo-248x102.png\",\"width\":248,\"height\":102,\"caption\":\"WP Sheet Editor\"},\"image\":{\"@id\":\"https:\/\/wpsheeteditor.com\/es\/#\/schema\/logo\/image\/\"}}]}<\/script>\n<!-- \/ Yoast SEO plugin. -->","yoast_head_json":{"title":"Changelog - Editor Masivo de Cupones WooCommerce - WP Sheet Editor en Espa\u00f1ol","robots":{"index":"index","follow":"follow","max-snippet":"max-snippet:-1","max-image-preview":"max-image-preview:large","max-video-preview":"max-video-preview:-1"},"canonical":"https:\/\/wpsheeteditor.com\/es\/changelog\/woocommerce-coupons-spreadsheet\/","og_locale":"es_ES","og_type":"article","og_title":"Changelog - Editor Masivo de Cupones WooCommerce - WP Sheet Editor en Espa\u00f1ol","og_description":"= V 1.3.17 - 2021-03-12 = * Actualizado a CORE v2.24.2 = V 1.3.16 - 2021-02-24 = * Actualizado a CORE v2.24.1 = V 1.3.15 - 10\/02\/2021 = * CAMBIO - CUPONES - Mejora el proceso duplicado = V 1.3.14 - 2020-12-19 = * Actualizado a CORE v2.23.0 = V 1.3.13 - 21\/11\/2020 = * [&hellip;]","og_url":"https:\/\/wpsheeteditor.com\/es\/changelog\/woocommerce-coupons-spreadsheet\/","og_site_name":"WP Sheet Editor en Espa\u00f1ol","article_modified_time":"2021-04-17T19:21:01+00:00","twitter_card":"summary_large_image","twitter_misc":{"Tiempo de lectura":"3 minutos"},"schema":{"@context":"https:\/\/schema.org","@graph":[{"@type":"WebPage","@id":"https:\/\/wpsheeteditor.com\/es\/changelog\/woocommerce-coupons-spreadsheet\/","url":"https:\/\/wpsheeteditor.com\/es\/changelog\/woocommerce-coupons-spreadsheet\/","name":"Changelog - Editor Masivo de Cupones WooCommerce - WP Sheet Editor en Espa\u00f1ol","isPartOf":{"@id":"https:\/\/wpsheeteditor.com\/es\/#website"},"datePublished":"2018-11-06T03:06:01+00:00","dateModified":"2021-04-17T19:21:01+00:00","breadcrumb":{"@id":"https:\/\/wpsheeteditor.com\/es\/changelog\/woocommerce-coupons-spreadsheet\/#breadcrumb"},"inLanguage":"es","potentialAction":[{"@type":"ReadAction","target":["https:\/\/wpsheeteditor.com\/es\/changelog\/woocommerce-coupons-spreadsheet\/"]}]},{"@type":"BreadcrumbList","@id":"https:\/\/wpsheeteditor.com\/es\/changelog\/woocommerce-coupons-spreadsheet\/#breadcrumb","itemListElement":[{"@type":"ListItem","position":1,"name":"Home","item":"https:\/\/wpsheeteditor.com\/es\/"},{"@type":"ListItem","position":2,"name":"Changelog","item":"https:\/\/wpsheeteditor.com\/es\/changelog\/"},{"@type":"ListItem","position":3,"name":"Changelog &#8211; Editor Masivo de Cupones WooCommerce"}]},{"@type":"WebSite","@id":"https:\/\/wpsheeteditor.com\/es\/#website","url":"https:\/\/wpsheeteditor.com\/es\/","name":"WP Sheet Editor en Espa\u00f1ol","description":"Edita miles de posts y p\u00e1ginas r\u00e1pidamente","publisher":{"@id":"https:\/\/wpsheeteditor.com\/es\/#organization"},"potentialAction":[{"@type":"SearchAction","target":{"@type":"EntryPoint","urlTemplate":"https:\/\/wpsheeteditor.com\/es\/?s={search_term_string}"},"query-input":{"@type":"PropertyValueSpecification","valueRequired":true,"valueName":"search_term_string"}}],"inLanguage":"es"},{"@type":"Organization","@id":"https:\/\/wpsheeteditor.com\/es\/#organization","name":"WP Sheet Editor","url":"https:\/\/wpsheeteditor.com\/es\/","logo":{"@type":"ImageObject","inLanguage":"es","@id":"https:\/\/wpsheeteditor.com\/es\/#\/schema\/logo\/image\/","url":"https:\/\/media.wpsheeteditor.com\/wp-content\/uploads\/sites\/3\/2016\/06\/26203459\/logo-248x102.png","contentUrl":"https:\/\/media.wpsheeteditor.com\/wp-content\/uploads\/sites\/3\/2016\/06\/26203459\/logo-248x102.png","width":248,"height":102,"caption":"WP Sheet Editor"},"image":{"@id":"https:\/\/wpsheeteditor.com\/es\/#\/schema\/logo\/image\/"}}]}},"_links":{"self":[{"href":"https:\/\/wpsheeteditor.com\/es\/wp-json\/wp\/v2\/pages\/979","targetHints":{"allow":["GET"]}}],"collection":[{"href":"https:\/\/wpsheeteditor.com\/es\/wp-json\/wp\/v2\/pages"}],"about":[{"href":"https:\/\/wpsheeteditor.com\/es\/wp-json\/wp\/v2\/types\/page"}],"author":[{"embeddable":true,"href":"https:\/\/wpsheeteditor.com\/es\/wp-json\/wp\/v2\/users\/1"}],"replies":[{"embeddable":true,"href":"https:\/\/wpsheeteditor.com\/es\/wp-json\/wp\/v2\/comments?post=979"}],"version-history":[{"count":3,"href":"https:\/\/wpsheeteditor.com\/es\/wp-json\/wp\/v2\/pages\/979\/revisions"}],"predecessor-version":[{"id":12123,"href":"https:\/\/wpsheeteditor.com\/es\/wp-json\/wp\/v2\/pages\/979\/revisions\/12123"}],"up":[{"embeddable":true,"href":"https:\/\/wpsheeteditor.com\/es\/wp-json\/wp\/v2\/pages\/492"}],"wp:attachment":[{"href":"https:\/\/wpsheeteditor.com\/es\/wp-json\/wp\/v2\/media?parent=979"}],"curies":[{"name":"wp","href":"https:\/\/api.w.org\/{rel}","templated":true}]}}